{"id":10489,"date":"2023-05-16T08:55:00","date_gmt":"2023-05-16T08:55:00","guid":{"rendered":"https:\/\/csgoradar.com\/rollbit-promo-code\/"},"modified":"2023-10-18T17:18:11","modified_gmt":"2023-10-18T17:18:11","slug":"rollbit-promo-code","status":"publish","type":"page","link":"https:\/\/cs2surge.com\/de\/rollbit-promo-code\/","title":{"rendered":"Rollbit Promo-Code"},"content":{"rendered":"\n<p>Rollbit bietet den Nutzern ein echtes Online-Gl\u00fccksspielerlebnis, das sie dazu anregt, weiter auf einen gro\u00dfen Gewinn zu warten. Wenn Sie dem Rollbit-Gewinnerclub beitreten m\u00f6chten, verwenden Sie den <strong>Promo-Code &#8222;CSGORadar&#8220;<\/strong>, um einen sch\u00f6nen Bonus zu erhalten.<\/p>\n\n\n\n<h2 class=\"wp-block-heading\"><span class=\"ez-toc-section\" id=\"Rollbit_Codes_Sonderangebote\"><\/span>Rollbit Codes &amp; Sonderangebote<span class=\"ez-toc-section-end\"><\/span><\/h2>\n\n\n\n<p>Rollbit konzentriert sich in erster Linie auf Esports und gilt als eine der besten CS:GO-Wettplattformen, die es derzeit gibt. Der erste Vorteil, den Sie beim Spielen bei Rollbit genie\u00dfen k\u00f6nnen, ist die Inanspruchnahme des Bonusangebots, indem Sie den Code <strong>&#8222;CSGORadar&#8220;<\/strong> bei der Anmeldung eingeben.<\/p>\n\n\n\n<p>Mit Rollbit k\u00f6nnen Sie exklusive Belohnungen freischalten, indem Sie einfach ein Konto erstellen. Sobald Sie sich auf der Plattform registriert haben, k\u00f6nnen Sie 20% Rakeback plus 20% Rakeboost beanspruchen, um Ihre Gewinnchancen zu erh\u00f6hen.  <\/p>\n\n\n\n<p>Rollbit hat eine gesunde Gewinnquote im Vergleich zu anderen \u00e4hnlichen Plattformen und erm\u00f6glicht es den Spielern, den Vorteil der unbegrenzten monatlichen Auszahlungen zu nutzen. Rollbit ist eine reine Krypto-Casino-Website, Sie k\u00f6nnen also keine Fiat-W\u00e4hrung zur Einzahlung auf Ihr Konto verwenden.<\/p>\n\n\n\n<p>F\u00fcr Einzahlungen haben Sie zwei M\u00f6glichkeiten &#8211; Sie k\u00f6nnen ganz einfach Bitcoin (BTC), Ethereum (ETH) oder Litecoin (LTC) einzahlen oder den erforderlichen Mindestbetrag einer dieser drei Optionen kaufen, um mit dem Gl\u00fccksspiel zu beginnen, was Rollbit zu einem fantastischen <a href=\"https:\/\/cs2surge.com\/bitcoin-casinos\/\" data-type=\"page\" data-id=\"7986\">Bitcoin-Krypto-Casino<\/a> macht, das wir ausf\u00fchrlich getestet haben.<\/p>\n\n\n\n<p>Rollbit ist eine Partnerschaft mit MoonPay eingegangen, um die Benutzerfreundlichkeit zu erh\u00f6hen. Mit dieser Funktion k\u00f6nnen Sie BTC, ETH oder LTC mit Visa, MasterCard, Google Pay oder Apple Pay kaufen &#8211; und das alles bemerkenswert schnell, ohne die Website zu verlassen.<\/p>\n\n\n\n<p>Was die Auszahlungen betrifft, so gibt es keine Auszahlungsm\u00f6glichkeiten \u00fcber herk\u00f6mmliche Zahlungsmethoden. Sie m\u00fcssen zun\u00e4chst Ihre BTC-, ETH- oder LTC-Gelder auszahlen lassen und sie nur gegen die von Ihnen bevorzugte Fiat-W\u00e4hrung verkaufen. Es ist erw\u00e4hnenswert, dass Rollbit Abhebungen recht schnell bearbeitet als andere \u00e4hnliche Online-Casinos.<\/p>\n\n\n\n<h2 class=\"wp-block-heading\"><span class=\"ez-toc-section\" id=\"Rollbit_Promo_Code_DE\"><\/span>Rollbit Promo Code (DE)<span class=\"ez-toc-section-end\"><\/span><\/h2>\n\n\n\n<p>Die beliebteste Aktion bei Rollbit ist die Rakeback-Aktion. Die Website bietet den Spielern ein Rakeback von 10% des Hausvorteils auf jede Wette. Nehmen wir zum Beispiel an, dass der Hausvorteil bei einem bestimmten Spiel etwa 5 % betr\u00e4gt.  <\/p>\n\n\n\n<p>Wenn Sie $100 bei einem Hausvorteil von 5 % auf dieses Spiel setzen, erhalten Sie von Rollbit 10 % Ihrer Einzahlung zur\u00fcck. Auch wenn es sich nach einem kleinen Betrag anh\u00f6rt, bietet die Website den Spielern die M\u00f6glichkeit, ihr Geld bei jedem Spiel zur\u00fcckzubekommen.<\/p>\n\n\n\n<p>Ein exklusives Angebot im Rollbit-Katalog ist der &#8222;Rollbit Boss&#8220;. Die Aktion belohnt den Spieler, der t\u00e4glich bis 000:00 UTC die meisten Eins\u00e4tze get\u00e4tigt hat, mit $5.000.<\/p>\n\n\n\n<p>Da es kein Kleingedrucktes oder Schemata gibt, k\u00f6nnen Heavy Roller ihre Gewinne abheben oder sie nutzen, um ihr Gl\u00fcck am Blackjack-Tisch zu testen &#8211; und das alles ohne Einsatzanforderungen. Wenn Sie von diesen Vorteilen profitieren m\u00f6chten, melden Sie sich bei Rollbit an und verwenden Sie den <strong>Promo-Code &#8222;CR100&#8220;<\/strong>, um Ihre ersten Eins\u00e4tze zu erh\u00f6hen.<\/p>\n\n\n\n<h2 class=\"wp-block-heading\"><span class=\"ez-toc-section\" id=\"VIP-Promotion_Belohnungen_fuer_Spielermuenzen\"><\/span>VIP-Promotion &amp; Belohnungen f\u00fcr Spielerm\u00fcnzen<span class=\"ez-toc-section-end\"><\/span><\/h2>\n\n\n\n<figure class=\"wp-block-image size-large\"><img loading=\"lazy\" decoding=\"async\" width=\"1024\" height=\"499\" src=\"https:\/\/cs2surge.com\/wp-content\/uploads\/2021\/07\/rollbit-csgo-promo-code-1024x499.png\" alt=\"\" class=\"wp-image-1157\"\/><\/figure>\n\n\n\n<p>Rollbit hat ein einzigartiges System, um Spieler zu belohnen, die auf ihrer Plattform ausharren. Dieses Stufensystem hat mehrere Unterteilungen: Bronze, Silber, Gold, Platin, Diamant, Blutdiamant und Vibranium.<\/p>\n\n\n\n<p>Je mehr du bei Rollbit spielst, desto weiter kannst du dich durch die verschiedenen Stufen bis zur h\u00f6chsten Klasse hocharbeiten. Sobald Sie die n\u00e4chste Stufe erreichen, haben Sie Anspruch auf etwa 12,5 % des Hausvorteils f\u00fcr die Einsatzanforderungen dieser Stufe.<\/p>\n\n\n\n<p>Au\u00dferdem erhalten die Spieler jedes Mal, wenn sie eine weitere Stufe erreichen, exklusive Belohnungen. F\u00fcr jeden Stufenaufstieg gibt es eine Belohnung, die genau auf sie zugeschnitten ist. Rollbit kontaktiert VIP-Spieler pers\u00f6nlich, sobald sie einen hohen Rang erreicht haben.<\/p>\n\n\n\n<p>Auf der Website gibt es eine Rangliste mit den bestplatzierten Spielern, basierend auf dem Gesamteinsatz der einzelnen Spieler. Derzeit gibt es zwei Bestenlisten &#8211; eine All-Time-Bestenliste und eine t\u00e4gliche Bestenliste.<\/p>\n\n\n\n<p>Wenn Sie es schaffen, sich in der t\u00e4glichen Rangliste hervorzuheben, k\u00f6nnen Sie Preise im Wert von bis zu 2.500 $ gewinnen. Wenn Sie die Nummer eins in der Rangliste sind, k\u00f6nnen Sie sich jeden Tag 1.000 Dollar auszahlen lassen.<\/p>\n\n\n\n<h2 class=\"wp-block-heading\"><span class=\"ez-toc-section\" id=\"Wie_serioes_sind_die_Rollbit_Promo-Codes\"><\/span>Wie seri\u00f6s sind die Rollbit Promo-Codes?<span class=\"ez-toc-section-end\"><\/span><\/h2>\n\n\n\n<p>Rollbit ist der Markenname der Bull Gaming N.V. Company, einem Gl\u00fccksspielunternehmen mit Sitz in Cura\u00e7ao. Alle Zahlungen, die \u00fcber Rollbit get\u00e4tigt werden, werden in Zypern registriert und abgewickelt.<\/p>\n\n\n\n<p>Bitte beachten Sie, dass die Rollbit-MoonPay-Partnerschaft ausschlie\u00dflich f\u00fcr den Krypto-Handel gilt, der nicht durch Gl\u00fccksspiellizenzen abgedeckt ist. Rollbit ist lizenziert und genie\u00dft sowohl bei Online-Spielern als auch bei Experten einen guten Ruf.  <\/p>\n\n\n\n<p>Rollbit hat eine starke Pr\u00e4senz in den sozialen Medien und kann sich sogar \u00fcber Sponsoring mit einigen der prominentesten Youtubern wie Sparkles, ChaBoy und Prodigy freuen. Die Website ist au\u00dferdem durch eine SSL-Verschl\u00fcsselung gesch\u00fctzt.<\/p>\n\n\n\n<h2 class=\"wp-block-heading\"><span class=\"ez-toc-section\" id=\"Eingabe_Ihres_Rollbit_Promo-Codes\"><\/span>Eingabe Ihres Rollbit Promo-Codes<span class=\"ez-toc-section-end\"><\/span><\/h2>\n\n\n\n<p>Seit den Anf\u00e4ngen von Bitcoin hat die zunehmende Popularit\u00e4t von Kryptow\u00e4hrungen in den sozialen und den Mainstream-Medien einen enormen Rummel um Krypto-Gl\u00fccksspiele ausgel\u00f6st. Derzeit sehen immer mehr Menschen Kryptow\u00e4hrungen als wertvolle Verm\u00f6genswerte an, was den Trend zu Krypto-Gl\u00fccksspielen immens f\u00f6rdert.<\/p>\n\n\n\n<p>Alles, was Sie tun m\u00fcssen, um den <strong>&#8222;CSGORadar&#8220;<\/strong> -Bonus zu erhalten, ist, Rollbit.com \u00fcber unseren einzigartigen Link zu besuchen und den Schritten zu folgen, um Ihre Registrierung abzuschlie\u00dfen. Sie k\u00f6nnen den Promo-Code &#8222;CR100&#8220; w\u00e4hrend der Registrierung eingeben, um einen Bonus zu erhalten.<\/p>\n\n\n\n<h2 class=\"wp-block-heading\"><span class=\"ez-toc-section\" id=\"Rollbit_Free_Code_Zusammenfassung\"><\/span>Rollbit Free Code Zusammenfassung<span class=\"ez-toc-section-end\"><\/span><\/h2>\n\n\n\n<p>Insgesamt ist Rollbit eine der besten Wettplattformen f\u00fcr Online-Gl\u00fccksspieler. Ob Sie nun <a href=\"https:\/\/cs2surge.com\/csgo-slots-sites\/\" data-type=\"page\" data-id=\"286\">CS:GO-Slots<\/a>, Tischspiele, virtuelle Sportarten oder Live-Dealer-Spiele m\u00f6gen, die Website bietet Optionen, die auch den anspruchsvollsten Spieler zufriedenstellen.  <\/p>\n\n\n\n<p>Rollbit hat einen hohen Umsatz, was bedeutet, dass es keine Probleme mit der Auszahlung gro\u00dfer Gewinne hat. Die Plattform ist zwar nicht besonders werbeorientiert, bietet aber dennoch lukrative Angebote und ein Level-Up-Programm zur Belohnung von VIP-Spielern.<\/p>\n\n\n\n<p>Am Ende des Tages bietet Rollbit ein gut gestaltetes Layout, eine gro\u00dfartige Benutzeroberfl\u00e4che, einen reaktionsschnellen Kundendienst und nette Werbeaktionen, um Spieler zum Bleiben zu animieren. Wenn Sie sich jetzt anmelden m\u00f6chten, sollten Sie sich einen Bonus sichern, indem Sie den Code <strong>&#8222;CSGORadar&#8220;<\/strong> eingeben.<\/p>\n\n\n\n<h2 class=\"wp-block-heading\"><span class=\"ez-toc-section\" id=\"Haeufig_gestellte_Fragen\"><\/span>H\u00e4ufig gestellte Fragen<span class=\"ez-toc-section-end\"><\/span><\/h2>\n\n\n<div id=\"rank-math-faq\" class=\"rank-math-block\">\n<div class=\"rank-math-list \">\n<div id=\"faq-question-1654979179632\" class=\"rank-math-list-item\">\n<h3 class=\"rank-math-question \"><strong>Ist Rollbit sicher?<\/strong><\/h3>\n<div class=\"rank-math-answer \">\n\n<p>Cyberkriminalit\u00e4t und Bedrohungen sind im digitalen Raum ein weit verbreitetes Problem. Gl\u00fccklicherweise ist Rollbit eine sichere Gl\u00fccksspielplattform, die einen luftdichten Schutz vor Online-Haien bietet. Dar\u00fcber hinaus ist das Unternehmen bei der Cura\u00e7ao Gaming Commission registriert &#8211; einer angesehenen Gerichtsbarkeit mit strengen Vorschriften. Um Sie zu beruhigen, verwendet die Website modernste Sicherheitssysteme.<\/p>\n\n<\/div>\n<\/div>\n<div id=\"faq-question-1654979206974\" class=\"rank-math-list-item\">\n<h3 class=\"rank-math-question \"><strong>Gibt es bei Rollbit Promo-Codes?<\/strong><\/h3>\n<div class=\"rank-math-answer \">\n\n<p>Typisch f\u00fcr die besten CSGO Skins Gaming-Seiten, hat Rollbit ein paar Promo-Codes, um die Vielzahl von Boni im Angebot auszul\u00f6sen. Hier sind die wichtigsten Promo-Codes, CSGORadar, ES100, Top100list<\/p>\n\n<\/div>\n<\/div>\n<div id=\"faq-question-1654979221926\" class=\"rank-math-list-item\">\n<h3 class=\"rank-math-question \"><strong>Wie kann ich mein Geld bei Rollbit einzahlen und abheben?<\/strong><\/h3>\n<div class=\"rank-math-answer \">\n\n<p>Die Abwicklung von Transaktionen bei Rollbit ist ziemlich einfach und bequem. Derzeit unterst\u00fctzt das Unternehmen die folgenden Kryptow\u00e4hrungs-Zahlungsgateways: Litecoin, Bitcoin und Ethereum.<\/p>\n\n<\/div>\n<\/div>\n<div id=\"faq-question-1654984576113\" class=\"rank-math-list-item\">\n<h3 class=\"rank-math-question \">Was ist der Rollbit Promo-Code?<\/h3>\n<div class=\"rank-math-answer \">\n\n<p>Der Promo-Code Rollbit in [m] [y] ist<strong>&#8222;CSGORadar<\/strong>&#8220; &#8211; Sie erhalten bis zu $10 gratis!  <\/p>\n\n<\/div>\n<\/div>\n<\/div>\n<\/div>","protected":false},"excerpt":{"rendered":"<p>Rollbit bietet den Nutzern ein echtes Online-Gl\u00fccksspielerlebnis, das sie dazu anregt, weiter auf einen gro\u00dfen Gewinn zu warten. Wenn Sie dem Rollbit-Gewinnerclub beitreten m\u00f6chten, verwenden Sie den Promo-Code &#8222;CSGORadar&#8220;, um einen sch\u00f6nen Bonus zu erhalten. Rollbit Codes &amp; Sonderangebote Rollbit konzentriert sich in erster Linie auf Esports und gilt als eine der besten CS:GO-Wettplattformen, die &#8230; <a title=\"Rollbit Promo-Code\" class=\"read-more\" href=\"https:\/\/cs2surge.com\/de\/rollbit-promo-code\/\" aria-label=\"Mehr Informationen \u00fcber Rollbit Promo-Code\">Weiterlesen<\/a><\/p>\n","protected":false},"author":36,"featured_media":5413,"parent":0,"menu_order":0,"comment_status":"closed","ping_status":"closed","template":"","meta":{"inline_featured_image":false,"two_page_speed":[],"footnotes":""},"categories":[58],"tags":[],"class_list":{"0":"post-10489","1":"page","2":"type-page","3":"status-publish","4":"has-post-thumbnail","6":"category-csgo-codes-de"},"acf":[],"_links":{"self":[{"href":"https:\/\/cs2surge.com\/de\/wp-json\/wp\/v2\/pages\/10489","targetHints":{"allow":["GET"]}}],"collection":[{"href":"https:\/\/cs2surge.com\/de\/wp-json\/wp\/v2\/pages"}],"about":[{"href":"https:\/\/cs2surge.com\/de\/wp-json\/wp\/v2\/types\/page"}],"author":[{"embeddable":true,"href":"https:\/\/cs2surge.com\/de\/wp-json\/wp\/v2\/users\/36"}],"replies":[{"embeddable":true,"href":"https:\/\/cs2surge.com\/de\/wp-json\/wp\/v2\/comments?post=10489"}],"version-history":[{"count":12,"href":"https:\/\/cs2surge.com\/de\/wp-json\/wp\/v2\/pages\/10489\/revisions"}],"predecessor-version":[{"id":24034,"href":"https:\/\/cs2surge.com\/de\/wp-json\/wp\/v2\/pages\/10489\/revisions\/24034"}],"wp:featuredmedia":[{"embeddable":true,"href":"https:\/\/cs2surge.com\/de\/wp-json\/wp\/v2\/media\/5413"}],"wp:attachment":[{"href":"https:\/\/cs2surge.com\/de\/wp-json\/wp\/v2\/media?parent=10489"}],"wp:term":[{"taxonomy":"category","embeddable":true,"href":"https:\/\/cs2surge.com\/de\/wp-json\/wp\/v2\/categories?post=10489"},{"taxonomy":"post_tag","embeddable":true,"href":"https:\/\/cs2surge.com\/de\/wp-json\/wp\/v2\/tags?post=10489"}],"curies":[{"name":"wp","href":"https:\/\/api.w.org\/{rel}","templated":true}]}}