{"id":10641,"date":"2023-05-04T09:16:00","date_gmt":"2023-05-04T09:16:00","guid":{"rendered":"https:\/\/csgoradar.com\/hellcase-promo-code\/"},"modified":"2022-07-23T10:10:08","modified_gmt":"2022-07-23T10:10:08","slug":"hellcase-promo-code","status":"publish","type":"page","link":"https:\/\/cs2surge.com\/de\/hellcase-promo-code\/","title":{"rendered":"Hellcase Promo-Code"},"content":{"rendered":"\n<p>Trotz des enormen Besucheraufkommens auf der Website ist das Netz nie &#8222;verstopft&#8220;, und die Benutzeroberfl\u00e4che ist immer sauber und l\u00e4uft reibungslos und ohne Verz\u00f6gerungen. Derzeit bietet Hellcase zwei iGaming-Optionen &#8211; CS:GO und Dota 2.  <\/p>\n\n\n\n<p>Nichtsdestotrotz ist es klar, dass CS:GO das Herzst\u00fcck der Website ist. Ein kurzer Vergleich zwischen der Anzahl der Nutzer, die nach CS:GO-Skins und Dota-Skins suchen, gen\u00fcgt, um dies zu erkennen. Wenn Sie dieser einzigartigen Plattform beitreten m\u00f6chten, sichern Sie sich einen Bonus mit dem Promo-Code <strong>&#8222;CR100&#8220;<\/strong>.<\/p>\n\n\n\n<h2 class=\"wp-block-heading\"><span class=\"ez-toc-section\" id=\"Hellcase_Codes_Werbeaktionen_2022\"><\/span>Hellcase Codes &amp; Werbeaktionen 2022<span class=\"ez-toc-section-end\"><\/span><\/h2>\n\n\n\n<p>Im Gegensatz zu vielen CS:GO-Gl\u00fccksspiel-Websites, die mehrere Funktionalit\u00e4ten kombinieren, konzentriert sich Hellcase ausschlie\u00dflich auf CSGO-Faller\u00f6ffnungen. Daher gibt es neben CS:GO keine Casinospiele, Sportwetten oder andere Gl\u00fccksspieloptionen.<\/p>\n\n\n\n<p>Wenn Sie mit <a href=\"https:\/\/cs2surge.com\/de\/\" data-type=\"page\" data-id=\"8\">CSGO Skin-Wettseiten<\/a> vertraut sind, sind offene F\u00e4lle und Tauschgesch\u00e4fte keine Neuheit. Neben dem <strong>&#8222;CR100&#8220;<\/strong> -Code stehen den Nutzern spannende Promotionen und Boni zur Verf\u00fcgung, die das ganze Erlebnis noch steigern.<\/p>\n\n\n\n<p>Im Vergleich zu anderen \u00e4hnlichen CS:GO-Websites bietet Hellcase einen gut durchdachten Prozess zum \u00d6ffnen des Koffers. Spieler, die an einem bestimmten Skin nicht interessiert sind, k\u00f6nnen ihn gegen Geld eintauschen und mit dem Geld neue Kisten \u00f6ffnen.<\/p>\n\n\n\n<p>Wenn man bedenkt, dass der einzige Verm\u00f6genswert, den man auszahlen kann, CS:GO- oder Dota-Skins sind, bietet es den Spielern eine breite Palette von M\u00f6glichkeiten. Bevor du einen Skin verkaufst, kannst du auf verschiedenen Marktpl\u00e4tzen im Spiel nach besseren Preisen suchen. Manchmal aktualisiert Hellcase die Preise f\u00fcr seltene H\u00e4ute nicht.<\/p>\n\n\n\n<p>Den Nutzern steht eine Vielzahl von Zahlungsmethoden f\u00fcr Ein- und Auszahlungen zur Verf\u00fcgung. Zu den Einzahlungsmethoden geh\u00f6ren:<\/p>\n\n\n\n<ul class=\"wp-block-list\"><li>Visum<\/li><li>MasterCard<\/li><li>Bitcoin<\/li><li>Ethereum<\/li><li>Litecoin<\/li><li><a href=\"https:\/\/cs2surge.com\/best-dogecoin-casinos\/\" data-type=\"page\" data-id=\"7981\">Dogecoin<\/a><\/li><li>Apple Pay<\/li><li>Google Pay<\/li><li>Schattenlohn<\/li><li>PayPal<\/li><li>CSGO Skins<\/li><li>Dota 2 Gegenst\u00e4nde<\/li><\/ul>\n\n\n\n<p>F\u00fcr die R\u00fccknahme von Skins k\u00f6nnen die Nutzer auf CSGO Skins, CSGO P2P, Dota 2 Items und Game Keys zur\u00fcckgreifen.<\/p>\n\n\n\n<h2 class=\"wp-block-heading\"><span class=\"ez-toc-section\" id=\"Wie_Sie_Ihren_Hellcase_Promo-Code_eingeben\"><\/span>Wie Sie Ihren Hellcase Promo-Code eingeben<span class=\"ez-toc-section-end\"><\/span><\/h2>\n\n\n\n<figure class=\"wp-block-image size-large\"><img loading=\"lazy\" decoding=\"async\" width=\"1024\" height=\"239\" src=\"https:\/\/cs2surge.com\/wp-content\/uploads\/2021\/07\/hellcase-promo-code-wallet-code-1024x239.png\" alt=\"\" class=\"wp-image-1051\" srcset=\"https:\/\/cs2surge.com\/wp-content\/uploads\/2021\/07\/hellcase-promo-code-wallet-code-1024x239.png 1024w, https:\/\/cs2surge.com\/wp-content\/uploads\/2021\/07\/hellcase-promo-code-wallet-code-300x70.png 300w, https:\/\/cs2surge.com\/wp-content\/uploads\/2021\/07\/hellcase-promo-code-wallet-code-768x179.png 768w, https:\/\/cs2surge.com\/wp-content\/uploads\/2021\/07\/hellcase-promo-code-wallet-code-1536x358.png 1536w, https:\/\/cs2surge.com\/wp-content\/uploads\/2021\/07\/hellcase-promo-code-wallet-code-2048x478.png 2048w\" sizes=\"auto, (max-width: 1024px) 100vw, 1024px\" \/><\/figure>\n\n\n\n<p>Wenn Sie den &#8222;CR100&#8220; oder einen anderen Promo-Code auf der Hellcase-Website einl\u00f6sen m\u00f6chten, lesen Sie bitte hier, wie Sie das machen:<\/p>\n\n\n\n<ol class=\"wp-block-list\"><li>\u00d6ffnen Sie Ihr Hellcase-Konto \u00fcber Steam<\/li><li>T\u00e4tigen Sie Ihre erste Einzahlung, indem Sie auf die Schaltfl\u00e4che &#8222;Geld hinzuf\u00fcgen&#8220; klicken.<\/li><li>Klicken Sie auf &#8222;Aktionscode oder Brieftaschencode verwenden&#8220;.<\/li><li>Geben Sie Ihren Sondercode &#8222;CR100&#8220; ein.<\/li><\/ol>\n\n\n\n<p>Nachdem Sie diese Option ausgew\u00e4hlt haben, finden Sie leicht das Feld, das speziell f\u00fcr Promo-Codes gekennzeichnet ist. Geben Sie den Code {CODE HERE} oder einen anderen Promo-Code ein und best\u00e4tigen Sie ihn mit einem Klick auf &#8222;Anwenden&#8220;.<\/p>\n\n\n\n<h2 class=\"wp-block-heading\"><span class=\"ez-toc-section\" id=\"Laufende_Gratis-Fall-Aktionen\"><\/span>Laufende Gratis-Fall-Aktionen<span class=\"ez-toc-section-end\"><\/span><\/h2>\n\n\n\n<p>Im Vergleich zu anderen CS:GO-Gl\u00fccksspiel-Websites bietet Hellcase bessere Quoten als der Durchschnitt. In Verbindung mit einem effizienten Auszahlungssystem ist dies ein gro\u00dfer Vorteil f\u00fcr die Spieler. Die beiden wichtigsten Arten von laufenden Aktionen bei Hellcase sind t\u00e4gliche Boni und Werbegeschenke, aber hier haben Sie alle gro\u00dfen Vorteile, die Sie genie\u00dfen k\u00f6nnen, wenn Sie Mitglied bei Hellcase werden!<\/p>\n\n\n\n<h3 class=\"wp-block-heading\">T\u00e4gliche Boni bei Hellcase<\/h3>\n\n\n\n<p>Die Funktion &#8222;T\u00e4glicher Bonus&#8220; wurde entwickelt, um die aktivsten Nutzer der Plattform zu belohnen. Wenn Sie Hellcase jeden Tag besuchen, haben Sie Anspruch auf Sonderposten und zus\u00e4tzliches Guthaben auf Ihrem Konto.<\/p>\n\n\n\n<h3 class=\"wp-block-heading\">Werbegeschenke nach Losen<\/h3>\n\n\n\n<p>Die &#8222;Giveaway&#8220;-Funktion hat bestimmte Anforderungen, die Spieler erf\u00fcllen m\u00fcssen, um teilnehmen zu k\u00f6nnen. Wenn Sie &#8222;Giveaway&#8220;-Aufgaben erf\u00fcllen, erhalten Sie Eintr\u00e4ge f\u00fcr verschiedene Werbeaktionen. Jeder Eintrag erh\u00f6ht die Gewinnchancen des Spielers, so dass das Hauptziel darin besteht, die maximale Anzahl von Eintr\u00e4gen zu sammeln.<\/p>\n\n\n\n<h3 class=\"wp-block-heading\">Spielen Sie den Mixxer f\u00fcr zus\u00e4tzliche Promos und Boni<\/h3>\n\n\n\n<p>Die Plattform bietet zwar keine Spielautomaten oder \u00e4hnliche Spiele, daf\u00fcr aber exklusive Minigames, die f\u00fcr alle Nutzer zug\u00e4nglich sind. Das erste Minispiel ist der &#8222;Mixxer&#8220;, ein russisches Roulettespiel, bei dem du deine Lieblingskoffer kombinieren kannst, um eine Chance auf einen Gratisgewinn zu haben.<\/p>\n\n\n\n<h3 class=\"wp-block-heading\">Kampf um die F\u00e4lle, um gro\u00dfe Preise zu gewinnen<\/h3>\n\n\n\n<p>Eine der aufregendsten Erfahrungen bei Hellcase sind die<a href=\"https:\/\/cs2surge.com\/csgo-case-battle-sites\/\" data-type=\"page\" data-id=\"8726\">&#8222;Case Battles<\/a>&#8222;. Diese Funktion erm\u00f6glicht es mehreren Spielern, dieselben F\u00e4lle gleichzeitig zu \u00f6ffnen. Sobald alle Kisten ge\u00f6ffnet sind, gewinnt der Spieler mit der wertvollsten Kiste alle Felle.<\/p>\n\n\n\n<p>Wenn ihr noch nicht an den K\u00e4mpfen teilnehmen wollt, k\u00f6nnt ihr sie trotzdem genie\u00dfen, indem ihr zuseht, wie Spieler gegeneinander um die besten Skins k\u00e4mpfen.<\/p>\n\n\n\n<h3 class=\"wp-block-heading\">Aktualisieren Sie Ihre Skins auf unterhaltsame und einfache Weise<\/h3>\n\n\n\n<p>Mit der Funktion &#8222;Upgrade&#8220; k\u00f6nnen Sie Skins ausw\u00e4hlen, die Sie upgraden m\u00f6chten, und auch Top-Tier Hellcase Skins ausw\u00e4hlen, die Sie gewinnen m\u00f6chten. Wenn das Upgrade erfolgreich ist, k\u00f6nnen Sie den gew\u00fcnschten Skin gewinnen. Wenn die Dinge nicht so laufen wie erwartet, verlieren Sie die ausgew\u00e4hlten Felle aus Ihrem Inventar.<\/p>\n\n\n\n<h2 class=\"wp-block-heading\"><span class=\"ez-toc-section\" id=\"VIP-Promotion_Belohnungen_fuer_Spielermuenzen\"><\/span>VIP-Promotion &amp; Belohnungen f\u00fcr Spielerm\u00fcnzen<span class=\"ez-toc-section-end\"><\/span><\/h2>\n\n\n\n<p>Es gibt keine VIP-F\u00f6rderung oder einen Treueclub, der auf Stufen oder Ranglisten basiert. Stattdessen k\u00f6nnen die Spieler sofort Teil eines exklusiven Teams werden, indem sie ein Premium-Abonnement bezahlen. Mit dem Premium-Abonnement haben Sie Zugang zu einer einzigartigen Benutzererfahrung.<\/p>\n\n\n\n<p>Zu den Vorteilen geh\u00f6ren exklusiver Zugang zu einzigartigen CS:GO-F\u00e4llen, Werbegeschenke und ein Gesamterlebnis \u00fcber dem Standardniveau. Premium-Nutzer erhalten jeden Monat kostenlose Token. Au\u00dferdem haben sie Anspruch auf einen speziellen Support-Mitarbeiter, der sich auf die Bearbeitung von Support-Tickets mit 24\/7 Priorit\u00e4t konzentriert.<\/p>\n\n\n\n<p>Wenn Sie Teil des Premium-Teams sind, erhalten Sie fr\u00fchzeitigen Zugang zu allen k\u00fcrzlich ver\u00f6ffentlichten Funktionen auf der Website von Hellcase. Es gibt drei Optionen f\u00fcr kostenpflichtige Pl\u00e4ne, n\u00e4mlich Silber, Gold und Diamant. Sie kosten 5 $, 15 $ bzw. 25 $ pro Monat.<\/p>\n\n\n\n<p><em>Wir h\u00e4tten uns stattdessen ein normales V.I.P.-Programm gew\u00fcnscht, aber es ist immer noch eine gute Option, vor allem, wenn Sie Hellcase als Ihre Haupt-CSGO-Gl\u00fccksspielseite nutzen m\u00f6chten.<\/em><\/p>\n\n\n\n<h2 class=\"wp-block-heading\"><span class=\"ez-toc-section\" id=\"Wie_serioes_sind_Hellcase_Promo-Codes\"><\/span>Wie seri\u00f6s sind Hellcase Promo-Codes?<span class=\"ez-toc-section-end\"><\/span><\/h2>\n\n\n\n<figure class=\"wp-block-image size-large\"><img loading=\"lazy\" decoding=\"async\" width=\"1024\" height=\"306\" src=\"https:\/\/cs2surge.com\/wp-content\/uploads\/2021\/07\/hellcase-case-opening-bonus-promo-codes-1024x306.png\" alt=\"\" class=\"wp-image-1044\" srcset=\"https:\/\/cs2surge.com\/wp-content\/uploads\/2021\/07\/hellcase-case-opening-bonus-promo-codes-1024x306.png 1024w, https:\/\/cs2surge.com\/wp-content\/uploads\/2021\/07\/hellcase-case-opening-bonus-promo-codes-300x90.png 300w, https:\/\/cs2surge.com\/wp-content\/uploads\/2021\/07\/hellcase-case-opening-bonus-promo-codes-768x229.png 768w, https:\/\/cs2surge.com\/wp-content\/uploads\/2021\/07\/hellcase-case-opening-bonus-promo-codes-1536x459.png 1536w, https:\/\/cs2surge.com\/wp-content\/uploads\/2021\/07\/hellcase-case-opening-bonus-promo-codes-2048x612.png 2048w\" sizes=\"auto, (max-width: 1024px) 100vw, 1024px\" \/><\/figure>\n\n\n\n<p>Es ist ein vollst\u00e4ndig registriertes Unternehmen mit Sitz in Singapur, einem ber\u00fchmten Tech-Hub f\u00fcr Start-ups auf der ganzen Welt, das seit seiner Gr\u00fcndung ohne Unterbrechung arbeitet. Alle CSGO Faller\u00f6ffnungen, K\u00e4mpfe und Wettbewerbe werden durch ein nachweislich faires System unterst\u00fctzt.<\/p>\n\n\n\n<p>Was die digitale Sicherheit angeht, so l\u00e4uft die Website \u00fcber eine abgeschirmte, SSL-verschl\u00fcsselte Verbindung. Deshalb nehmen sie Ihre Online-Sicherheit sehr ernst, zumal sie noch keine Datenschutzverletzungen erlebt haben.<\/p>\n\n\n\n<p>Der einzige Nachteil ist das Support-Ticket-System. Obwohl es rund um die Uhr verf\u00fcgbar ist, ist die L\u00f6sung ziemlich veraltet und k\u00f6nnte durch ein Live-Chat-System ersetzt werden.  <\/p>\n\n\n\n<h2 class=\"wp-block-heading\"><span class=\"ez-toc-section\" id=\"Hellcase_Free_Code_Zusammenfassung\"><\/span>Hellcase Free Code Zusammenfassung<span class=\"ez-toc-section-end\"><\/span><\/h2>\n\n\n\n<p>Insgesamt bietet Hellcase ein hervorragendes Erlebnis in Bezug auf das \u00d6ffnen von Koffern und einzigartige CS:GO-Gaming-Funktionen. Funktionen wie &#8222;Case Battles&#8220; und &#8222;Mixxer&#8220; steigern das Spielerlebnis und verhindern Monotonie, was f\u00fcr fortgeschrittene Skin-Spieler sehr wichtig ist.<\/p>\n\n\n\n<p>Die Website ist vollst\u00e4ndig lizenziert und reguliert und bietet Unterst\u00fctzung f\u00fcr die meisten L\u00e4nder. Sowohl die Ein- als auch die Auszahlungsoptionen entt\u00e4uschen die Spieler nicht, zumal die Auszahlungen besonders schnell und effizient sind.<\/p>\n\n\n\n<p>Zu den laufenden Aktionen geh\u00f6ren der Code {CODE HERE}, t\u00e4gliche kostenlose Boni und Werbegeschenke. Wenn Sie ein noch exklusiveres Nutzererlebnis w\u00fcnschen, k\u00f6nnen Sie sich f\u00fcr ein Premium-Abonnement entscheiden und die Tarife Silber, Gold oder Diamant nutzen.<\/p>\n\n\n\n<h2 class=\"wp-block-heading\"><span class=\"ez-toc-section\" id=\"Haeufig_gestellte_Fragen_zum_Hellcase_Promo_Code\"><\/span>H\u00e4ufig gestellte Fragen zum Hellcase Promo Code<span class=\"ez-toc-section-end\"><\/span><\/h2>\n\n\n\n<p>Wenn Sie immer noch Zweifel \u00fcber die Hellcase Promo-Code haben, dann wird dieser Abschnitt in handliches kommen. Wenn Sie weitere Unterst\u00fctzung ben\u00f6tigen, k\u00f6nnen Sie uns gerne kontaktieren.<\/p>\n\n\n<div id=\"rank-math-faq\" class=\"rank-math-block\">\n<div class=\"rank-math-list \">\n<div id=\"faq-question-1655750238282\" class=\"rank-math-list-item\">\n<h3 class=\"rank-math-question \"><strong>Kann ich Felle von Hellcase zur\u00fcckziehen?<\/strong><\/h3>\n<div class=\"rank-math-answer \">\n\n<p>Ja, das k\u00f6nnen Sie. Hellcase unterst\u00fctzt voll und ganz die Entnahme von CSGO-Skins, so dass Sie sie jederzeit direkt in Ihr Inventar aufnehmen k\u00f6nnen, wenn Sie es w\u00fcnschen.<\/p>\n\n<\/div>\n<\/div>\n<div id=\"faq-question-1655750268567\" class=\"rank-math-list-item\">\n<h3 class=\"rank-math-question \"><strong>K\u00f6nnen Sie bei Hellcase F\u00e4lle \u00f6ffnen?<\/strong><\/h3>\n<div class=\"rank-math-answer \">\n\n<p>Ja, Hellcase ist auch ein CSGO Fall \u00d6ffnung Website, und es hat viele Optionen. Sie k\u00f6nnen zum Beispiel Hochrisikokoffer \u00f6ffnen, die auch sehr wertvolle Felle und Gegenst\u00e4nde enthalten, oder Sie k\u00f6nnen sich f\u00fcr billigere und sicherere Koffer entscheiden. Es gibt viele CSGO-Benutzer jeder Art.<\/p>\n\n<\/div>\n<\/div>\n<div id=\"faq-question-1655750286634\" class=\"rank-math-list-item\">\n<h3 class=\"rank-math-question \"><strong>Warum funktioniert der Hellcase Promo-Code nicht?<\/strong><\/h3>\n<div class=\"rank-math-answer \">\n\n<p>Es kann sein, dass der Hellcase Promo-Code nicht funktioniert, wenn Sie ihn bereits verwendet haben, oder wenn Sie ihn nicht richtig eingegeben haben, oder wenn Ihre Konten oder Ihre Artikel nicht f\u00fcr den gew\u00e4hlten Promo-Code geeignet sind.<\/p>\n\n<\/div>\n<\/div>\n<\/div>\n<\/div>","protected":false},"excerpt":{"rendered":"<p>Trotz des enormen Besucheraufkommens auf der Website ist das Netz nie &#8222;verstopft&#8220;, und die Benutzeroberfl\u00e4che ist immer sauber und l\u00e4uft reibungslos und ohne Verz\u00f6gerungen. Derzeit bietet Hellcase zwei iGaming-Optionen &#8211; CS:GO und Dota 2. Nichtsdestotrotz ist es klar, dass CS:GO das Herzst\u00fcck der Website ist. Ein kurzer Vergleich zwischen der Anzahl der Nutzer, die nach &#8230; <a title=\"Hellcase Promo-Code\" class=\"read-more\" href=\"https:\/\/cs2surge.com\/de\/hellcase-promo-code\/\" aria-label=\"Mehr Informationen \u00fcber Hellcase Promo-Code\">Weiterlesen<\/a><\/p>\n","protected":false},"author":36,"featured_media":4531,"parent":0,"menu_order":0,"comment_status":"closed","ping_status":"closed","template":"","meta":{"inline_featured_image":false,"two_page_speed":[],"footnotes":""},"categories":[58],"tags":[],"class_list":{"0":"post-10641","1":"page","2":"type-page","3":"status-publish","4":"has-post-thumbnail","6":"category-csgo-codes-de"},"acf":[],"_links":{"self":[{"href":"https:\/\/cs2surge.com\/de\/wp-json\/wp\/v2\/pages\/10641","targetHints":{"allow":["GET"]}}],"collection":[{"href":"https:\/\/cs2surge.com\/de\/wp-json\/wp\/v2\/pages"}],"about":[{"href":"https:\/\/cs2surge.com\/de\/wp-json\/wp\/v2\/types\/page"}],"author":[{"embeddable":true,"href":"https:\/\/cs2surge.com\/de\/wp-json\/wp\/v2\/users\/36"}],"replies":[{"embeddable":true,"href":"https:\/\/cs2surge.com\/de\/wp-json\/wp\/v2\/comments?post=10641"}],"version-history":[{"count":7,"href":"https:\/\/cs2surge.com\/de\/wp-json\/wp\/v2\/pages\/10641\/revisions"}],"predecessor-version":[{"id":10667,"href":"https:\/\/cs2surge.com\/de\/wp-json\/wp\/v2\/pages\/10641\/revisions\/10667"}],"wp:featuredmedia":[{"embeddable":true,"href":"https:\/\/cs2surge.com\/de\/wp-json\/wp\/v2\/media\/4531"}],"wp:attachment":[{"href":"https:\/\/cs2surge.com\/de\/wp-json\/wp\/v2\/media?parent=10641"}],"wp:term":[{"taxonomy":"category","embeddable":true,"href":"https:\/\/cs2surge.com\/de\/wp-json\/wp\/v2\/categories?post=10641"},{"taxonomy":"post_tag","embeddable":true,"href":"https:\/\/cs2surge.com\/de\/wp-json\/wp\/v2\/tags?post=10641"}],"curies":[{"name":"wp","href":"https:\/\/api.w.org\/{rel}","templated":true}]}}