{"id":11073,"date":"2024-01-01T08:25:00","date_gmt":"2024-01-01T08:25:00","guid":{"rendered":"https:\/\/csgoradar.com\/csgo-roulette-seiten\/"},"modified":"2022-11-07T11:28:37","modified_gmt":"2022-11-07T11:28:37","slug":"csgo-roulette-seiten","status":"publish","type":"page","link":"https:\/\/cs2surge.com\/de\/csgo-roulette-seiten\/","title":{"rendered":"CSGO Roulette Seiten"},"content":{"rendered":"\n<h2 class=\"wp-block-heading\"><span class=\"ez-toc-section\" id=\"Was_macht_diese_Seiten_zu_den_besten_CSGO_Roulette_Seiten\"><\/span>Was macht diese Seiten zu den besten CSGO Roulette Seiten?<span class=\"ez-toc-section-end\"><\/span><\/h2>\n\n\n\n<p>Sie haben sich vielleicht gefragt, wie wir unsere Liste der besten CSGO-Roulette-Seiten erstellt haben. Hier sind unsere Kriterien f\u00fcr die Bewertung.  <\/p>\n\n\n\n<ul class=\"wp-block-list\"><li><strong>Fantastischer Willkommensbonus &#8211; <\/strong>Wer liebt nicht einen Bonus? Es ist unwahrscheinlich, dass eine CSGO-Gl\u00fccksspielplattform an Zugkraft gewinnt, wenn sie nicht \u00fcber eine solche verf\u00fcgt. Nat\u00fcrlich f\u00fchren die besten Promotionscodes oft zu fantastischem Gameplay und erm\u00f6glichen es Ihnen, die Plattform zu testen, und das ist der Grund, warum sie ein Kriterium auf unserer Liste ist.<\/li><li><strong>Kundensupport<\/strong> &#8211; F\u00fcr diejenigen, die neu im CSGO-Gl\u00fccksspiel oder in bestimmten Spielen wie Roulette sind. Wir alle wissen, wie frustrierend es ist, Hilfe zu ben\u00f6tigen, und deshalb ist der Kundensupport ein so wichtiger Faktor bei unseren besten CSGO-Roulette-Seiten.<\/li><li><strong>Sicheres und zuverl\u00e4ssiges Wetten<\/strong> &#8211; Die meisten CSGO Buchmacher haben Wettanforderungen, um sich f\u00fcr ihre Boni zu qualifizieren. Damit wird festgelegt, wie viel Sie setzen m\u00fcssen, bevor Sie den Bonus erhalten. Unsere Analyse pr\u00fcft, ob diese Anforderungen angemessen sind.  <\/li><li><strong>Gro\u00dfe Spielerbasis<\/strong> &#8211; Je gr\u00f6\u00dfer die Spielerbasis ist, desto wahrscheinlicher ist es, dass die gesamte Plattform sicher, zuverl\u00e4ssig und von hoher Qualit\u00e4t ist. Mit einer gro\u00dfen Anzahl von Bewertungen und Spielern rangieren Websites in unserer Liste weiter oben.<\/li><li><strong>Zahlungsmethoden<\/strong> &#8211; Wir k\u00f6nnen uns sicher f\u00fchlen, wenn wir mit elektronischen Geldb\u00f6rsen wie PayPal einzahlen. Manche Spieler w\u00fcnschen sich jedoch eine gr\u00f6\u00dfere Auswahl an Einzahlungs- und Auszahlungsm\u00f6glichkeiten. Es ist \u00fcblich, die meisten Arten von E-Wallet auf diesen CSGO-Plattformen zu sehen, da sie oft in Kryptow\u00e4hrungen oder vor allem CSGO Skins sind, so dass, wenn sie verschiedene Formen von E-Wallet haben, das ist in der Regel ein gutes Zeichen.<\/li><li><strong>Alternative Spiele<\/strong> &#8211; Eine breite Palette alternativer Casinospiele, wie Coinflip, Black Jack oder sogar Jackpotspiele, bieten fantastische M\u00f6glichkeiten f\u00fcr weiteres Spielen und mehr Gewinne.<\/li><\/ul>\n\n\n\n<h2 class=\"wp-block-heading\"><span class=\"ez-toc-section\" id=\"Wie_funktioniert_CSGO_Roulette\"><\/span>Wie funktioniert CSGO Roulette?  <span class=\"ez-toc-section-end\"><\/span><\/h2>\n\n\n\n<p>Genau wie das traditionelle Roulette ist auch das CSGO-Roulette ziemlich einfach. Es ist ganz einfach: Registrieren Sie sich, holen Sie sich Ihren Bonus und platzieren Sie einen Einsatz von entweder 2,5x, 14x oder sogar 50x, wobei der Multiplikator nat\u00fcrlich immer riskanter wird.  <\/p>\n\n\n\n<p>CS:GO-Roulettespiele sind dasselbe wie normale Roulettespiele in Online-Casinos. Der einzige Unterschied besteht darin, dass Sie mit M\u00fcnzen oder Token wetten, die Sie durch Einzahlung von CSGO-Skins erhalten.  <\/p>\n\n\n\n<p>Ansonsten m\u00fcssen Sie nur noch ein Roulettespiel ausw\u00e4hlen, Ihre Eins\u00e4tze t\u00e4tigen und auf die Endergebnisse jeder Runde warten. Wenn Sie gewinnen, wird Ihnen der entsprechende Gewinn automatisch gutgeschrieben.<\/p>\n\n\n\n<h2 class=\"wp-block-heading\"><span class=\"ez-toc-section\" id=\"Arten_von_CS_GO-Roulettespielen\"><\/span>Arten von CS:GO-Roulettespielen<span class=\"ez-toc-section-end\"><\/span><\/h2>\n\n\n\n<p>CSGO-Roulette-Seiten bieten Ihnen eine gro\u00dfe Auswahl an Spielen, so dass Sie Ihren Spielsitzungen eine Menge Spa\u00df und Neuartigkeit hinzuf\u00fcgen k\u00f6nnen. Das werden Sie finden:<\/p>\n\n\n\n<h3 class=\"wp-block-heading\">Klassische Roulette Spiele<\/h3>\n\n\n\n<p>Hier finden Sie die Standard-Roulettespiele, die Sie in jedem Online-Casino der Welt spielen k\u00f6nnen, wie z. B.:<\/p>\n\n\n\n<ul class=\"wp-block-list\"><li>Amerikanisches Roulette<\/li><li>Franz\u00f6sisches Roulette<\/li><li>Europ\u00e4isches Roulette<\/li><li>Doppelnull-Roulette<\/li><li>Geschwindigkeitsroulette<\/li><li>Jackpot-Roulette<\/li><li>Doppelter Kessel Roulette<\/li><\/ul>\n\n\n\n<p>Wenn Sie also bereits eine funktionierende Strategie f\u00fcr eines dieser klassischen Roulettespiele haben, dann wird es Sie freuen zu erfahren, dass Sie diese auf unseren empfohlenen CS:GO-Wettseiten finden k\u00f6nnen.<\/p>\n\n\n\n<p>Der einzige Unterschied besteht darin, dass Sie Skins einzahlen, um M\u00fcnzen und Token zu erhalten, mit denen Sie auf Roulettespiele setzen k\u00f6nnen. Wenn Sie sich auf den von uns empfohlenen Seiten anmelden, k\u00f6nnen Sie Ihre M\u00fcnzen oder Token gegen hochwertige CSGO-Skins eintauschen.<\/p>\n\n\n\n<h3 class=\"wp-block-heading\">CS:GO Roulette Schieberegler<\/h3>\n\n\n\n<p>Dies ist ein Klassiker unter den CS:GO-Rouletteseiten und unterscheidet sich von den klassischen Roulettespielen. Hier haben Sie eine Reihe von 15 farbigen Quadraten, die sich bewegen, bis der Schieberegler bei einer Farbe stehen bleibt. Die Auszahlung f\u00fcr Rot oder Schwarz betr\u00e4gt x2, w\u00e4hrend Sie f\u00fcr das gr\u00fcne Quadrat das 14-fache Ihres urspr\u00fcnglichen Einsatzes erhalten.<\/p>\n\n\n\n<h3 class=\"wp-block-heading\">X-Roulette<\/h3>\n\n\n\n<p>Wenn Sie <a href=\"https:\/\/cs2surge.com\/de\/csgo-absturzstellen\/\" data-type=\"page\" data-id=\"263\">CS:GO Crash-Spiele<\/a> m\u00f6gen, dann werden Sie diese spezielle Roulette-Version lieben. Es kombiniert das Konzept des Crashs mit dem des Roulettes. Sie m\u00fcssen also auf den Multiplikator setzen, von dem Sie glauben, dass der Schieberegler bei ihm stehen bleiben wird. Wenn Sie richtig liegen, k\u00f6nnen Sie Ihren Einsatz mit etwas Gl\u00fcck tausendfach vervielfachen.<\/p>\n\n\n\n<h3 class=\"wp-block-heading\">50x Roulette<\/h3>\n\n\n\n<p>Dieses Spiel \u00e4hnelt dem CS:GO-Roulette-Schieberegler, aber anstelle von 15 farbigen Quadraten spielen Sie mit 50. Je nach Ihrem Einsatz und der Farbe, bei der der Schieber anh\u00e4lt, k\u00f6nnen Sie das 2-, 3-, 5- oder 50-fache Ihres urspr\u00fcnglichen Einsatzes gewinnen.<\/p>\n\n\n\n<p>Bei einer so gro\u00dfen Auswahl an Roulette-Spielen k\u00f6nnen Sie hervorragende Strategien entwickeln, die auf Bankroll-Management sowie auf numerischen Sequenzen basieren, wenn Sie diese m\u00f6gen, wie Fibonacci oder Martingale.  <\/p>\n\n\n\n<p>Denken Sie auch daran, dass unsere empfohlenen Seiten auch andere Arten von CS:GO-Gl\u00fccksspielen und Casinospielen anbieten, damit Sie noch mehr Abwechslung in Ihre Spielsessions bringen k\u00f6nnen. Von Crash und Spielautomaten bis hin zu Poker und Blackjack wartet ein gro\u00dfer Katalog an Spielen auf Sie.<\/p>\n\n\n\n<h2 class=\"wp-block-heading\"><span class=\"ez-toc-section\" id=\"Vorteile_des_Spielens_auf_CS_GO_Roulette-Seiten\"><\/span>Vorteile des Spielens auf CS:GO Roulette-Seiten?<span class=\"ez-toc-section-end\"><\/span><\/h2>\n\n\n\n<p>CS:GO Roulette-Spiele bringen Ihnen wichtige Vorteile, die Ihnen helfen, in der gleichen, und wenn Sie m\u00f6chten, Geld zu gewinnen als Folge der immer exotische Skins. Hier ist alles, was Sie wissen m\u00fcssen.<\/p>\n\n\n\n<h3 class=\"wp-block-heading\">Eine unterhaltsame Art, wertvolle Skins zu verdienen<\/h3>\n\n\n\n<p>Da die von uns empfohlenen Websites Ihnen Zugang zu Marktpl\u00e4tzen mit einer Vielzahl von Skins verschaffen, k\u00f6nnen Sie auf diese Weise Ihren Bestand aufstocken. Sei es, dass du deine CS:GO-Erfahrung aufleveln oder wertvolle Skins sammeln willst, die du f\u00fcr viel Geld verkaufen kannst, unsere empfohlenen Seiten werden dir helfen, deine Ziele zu erreichen.<\/p>\n\n\n\n<h3 class=\"wp-block-heading\">Riesige Vielfalt an Spielen<\/h3>\n\n\n\n<p>Wenn du gerne Online-Roulette spielst, dann wird es dich freuen zu h\u00f6ren, dass CS:GO-Gl\u00fccksspielseiten dir eine gro\u00dfe Auswahl an Roulettespielen bieten. Ob klassische Versionen wie Europ\u00e4isches, Franz\u00f6sisches und Amerikanisches Roulette oder exotische Varianten wie x50 Roulette und X-Roulette, Sie haben die Qual der Wahl.<\/p>\n\n\n\n<h3 class=\"wp-block-heading\">Zugang zu exotischen CS:GO-Skins<\/h3>\n\n\n\n<p>Es gibt einen Grund, warum CSGO-Roulette-Seiten im Moment so angesagt sind, und zwar, weil sie viele exotische, hochwertige und wertvolle Skins haben. Wenn Sie Ihr Inventar auf die n\u00e4chste Stufe heben wollen, dann melden Sie sich bei einer der von uns empfohlenen Websites an.<\/p>\n\n\n\n<h2 class=\"wp-block-heading\"><span class=\"ez-toc-section\" id=\"CSGO_Roulette-Strategien\"><\/span>CSGO Roulette-Strategien<strong> <\/strong><span class=\"ez-toc-section-end\"><\/span><\/h2>\n\n\n\n<h3 class=\"wp-block-heading\">Martingal<\/h3>\n\n\n\n<p>Diese Strategie besteht darin, einen Einsatz auf eine Farbe zu platzieren, die das Doppelte des vorherigen Einsatzes auf dieselbe Farbe bringt, wenn sie verliert. Machen Sie so weiter, bis Sie gewinnen und alle Verluste zur\u00fcckgewinnen.  <\/p>\n\n\n\n<h3 class=\"wp-block-heading\">Umgekehrtes Martingal<\/h3>\n\n\n\n<p>\u00c4hnlich wie das Standard-Martingale, aber mit umgekehrter Strategie. Setzen Sie auf eine Farbe Ihrer Wahl und verdoppeln Sie den Einsatz, wenn Sie gewinnen. Machen Sie so weiter, bis Sie zufrieden sind, und wenn Sie verlieren, kehren Sie zum urspr\u00fcnglichen Einsatz zur\u00fcck.<\/p>\n\n\n\n<h3 class=\"wp-block-heading\">Wie kann man bei CSGO-Roulette-Spielen gewinnen?<\/h3>\n\n\n\n<p>Unser wichtigster Tipp ist, sich auf das Bankroll-Management zu konzentrieren, um zu entscheiden, wie viel Risiko Sie akzeptieren k\u00f6nnen, wie hoch Ihre Eins\u00e4tze sind und wann Sie Verluste begrenzen oder Gewinne abheben. Informieren Sie sich au\u00dferdem \u00fcber die Quoten der einzelnen Roulettespiele, bevor Sie Wetten abschlie\u00dfen, damit Sie wissen, wie hoch Ihre Gewinnchancen wirklich sind.<\/p>\n\n\n\n<h2 class=\"wp-block-heading\"><span class=\"ez-toc-section\" id=\"Wie_man_CS_GO_Roulette_online_spielt\"><\/span>Wie man CS:GO Roulette online spielt<span class=\"ez-toc-section-end\"><\/span><\/h2>\n\n\n\n<p>Wenn Sie neu im CSGO Roulette Spiel sind, dann lassen Sie uns Ihnen zeigen, wie Sie in 6 einfachen Schritten spielen k\u00f6nnen:<\/p>\n\n\n\n<ol class=\"wp-block-list\"><li>Melden Sie sich bei einer unserer empfohlenen CS.GO-Rouletteseiten an<\/li><li>Aktivieren Sie Ihr Konto und t\u00e4tigen Sie Ihre erste Skin-Einzahlung (Sie k\u00f6nnen auch Kryptow\u00e4hrungen oder FIAT-Geld einzahlen)<\/li><li>W\u00e4hlen Sie Ihr bevorzugtes CS:GO-Roulettespiel wie den klassischen Slider, 50x Roulette oder X-Roulette<\/li><li>Machen Sie Ihre Wetten auf der Grundlage Ihrer Bankroll-Management-Strategie (und der Strategie der numerischen Reihenfolge, falls Sie sie anwenden m\u00f6chten)<\/li><li>Warten Sie darauf, dass das Spiel die Gewinnwetten bekannt gibt<\/li><li>Wenn Ihre Wette einen Preis gewonnen hat, wird dieser automatisch Ihrem Kontostand gutgeschrieben.<\/li><\/ol>\n\n\n\n<p><em>Denken Sie daran, die Regeln jedes CS:GO-Roulettespiels zu lesen, wie auch bei anderen Spielen, wie z. B. <a href=\"https:\/\/cs2surge.com\/csgo-jackpot-sites\/\" data-type=\"page\" data-id=\"125\">CSGO Jackpot<\/a>, damit Sie die Quoten, Wettoptionen, Preise und mehr kennen, bevor Sie Ihre M\u00fcnzen oder Jetons setzen.  <\/em><\/p>\n","protected":false},"excerpt":{"rendered":"<p>Was macht diese Seiten zu den besten CSGO Roulette Seiten? Sie haben sich vielleicht gefragt, wie wir unsere Liste der besten CSGO-Roulette-Seiten erstellt haben. Hier sind unsere Kriterien f\u00fcr die Bewertung. Fantastischer Willkommensbonus &#8211; Wer liebt nicht einen Bonus? Es ist unwahrscheinlich, dass eine CSGO-Gl\u00fccksspielplattform an Zugkraft gewinnt, wenn sie nicht \u00fcber eine solche verf\u00fcgt. &#8230; <a title=\"CSGO Roulette Seiten\" class=\"read-more\" href=\"https:\/\/cs2surge.com\/de\/csgo-roulette-seiten\/\" aria-label=\"Mehr Informationen \u00fcber CSGO Roulette Seiten\">Weiterlesen<\/a><\/p>\n","protected":false},"author":36,"featured_media":14166,"parent":0,"menu_order":0,"comment_status":"closed","ping_status":"closed","template":"","meta":{"inline_featured_image":false,"two_page_speed":[],"footnotes":""},"categories":[15],"tags":[],"class_list":{"0":"post-11073","1":"page","2":"type-page","3":"status-publish","4":"has-post-thumbnail","6":"category-unkategorisiert"},"acf":[],"_links":{"self":[{"href":"https:\/\/cs2surge.com\/de\/wp-json\/wp\/v2\/pages\/11073","targetHints":{"allow":["GET"]}}],"collection":[{"href":"https:\/\/cs2surge.com\/de\/wp-json\/wp\/v2\/pages"}],"about":[{"href":"https:\/\/cs2surge.com\/de\/wp-json\/wp\/v2\/types\/page"}],"author":[{"embeddable":true,"href":"https:\/\/cs2surge.com\/de\/wp-json\/wp\/v2\/users\/36"}],"replies":[{"embeddable":true,"href":"https:\/\/cs2surge.com\/de\/wp-json\/wp\/v2\/comments?post=11073"}],"version-history":[{"count":8,"href":"https:\/\/cs2surge.com\/de\/wp-json\/wp\/v2\/pages\/11073\/revisions"}],"predecessor-version":[{"id":13593,"href":"https:\/\/cs2surge.com\/de\/wp-json\/wp\/v2\/pages\/11073\/revisions\/13593"}],"wp:featuredmedia":[{"embeddable":true,"href":"https:\/\/cs2surge.com\/de\/wp-json\/wp\/v2\/media\/14166"}],"wp:attachment":[{"href":"https:\/\/cs2surge.com\/de\/wp-json\/wp\/v2\/media?parent=11073"}],"wp:term":[{"taxonomy":"category","embeddable":true,"href":"https:\/\/cs2surge.com\/de\/wp-json\/wp\/v2\/categories?post=11073"},{"taxonomy":"post_tag","embeddable":true,"href":"https:\/\/cs2surge.com\/de\/wp-json\/wp\/v2\/tags?post=11073"}],"curies":[{"name":"wp","href":"https:\/\/api.w.org\/{rel}","templated":true}]}}