{"id":11094,"date":"2023-05-23T06:53:00","date_gmt":"2023-05-23T06:53:00","guid":{"rendered":"https:\/\/csgoradar.com\/csgo-coinflip-seiten\/"},"modified":"2022-11-08T09:13:43","modified_gmt":"2022-11-08T09:13:43","slug":"csgo-coinflip-seiten","status":"publish","type":"page","link":"https:\/\/cs2surge.com\/de\/csgo-coinflip-seiten\/","title":{"rendered":"CSGO Coinflip-Seiten"},"content":{"rendered":"\n<p>Jede dieser Seiten wurde sorgf\u00e4ltig ausgew\u00e4hlt, um sicherzustellen, dass sie Ihnen viele zuf\u00e4llige und faire Spiele, Top-Willkommensbonusse, exotische Skins und einen erstklassigen Kundendienst bieten.<\/p>\n\n\n\n<p><strong><em>Willst du mehr \u00fcber CS:GO Coinflip erfahren?  <\/em><\/strong><em>Dann lesen Sie weiter, denn wir haben einen Leitfaden f\u00fcr Sie vorbereitet.<\/em><\/p>\n\n\n\n<h2 class=\"wp-block-heading\"><span class=\"ez-toc-section\" id=\"Wie_ueberpruefen_wir_CSGO_Coinflip_Seiten\"><\/span>Wie \u00fcberpr\u00fcfen wir CSGO Coinflip Seiten?<span class=\"ez-toc-section-end\"><\/span><\/h2>\n\n\n\n<p>Wie wir bereits erw\u00e4hnt haben, w\u00e4hlen wir die besten CS:GO-Coinflip-Seiten sorgf\u00e4ltig aus, indem wir einem Pr\u00fcfprozess folgen, der viele Qualit\u00e4tsfilter und -kontrollen verwendet. Hier finden Sie die vollst\u00e4ndige Erkl\u00e4rung unserer Auswahlmethode, damit Sie sehen k\u00f6nnen, warum Sie unserem Ranking vertrauen sollten.<\/p>\n\n\n\n<h3 class=\"wp-block-heading\">Fairness, Zuf\u00e4lligkeit und Transparenz<\/h3>\n\n\n\n<p>Alle von uns empfohlenen CSGO Coinflip-Seiten sind zuf\u00e4llig, fair und transparent, zumal sie Systeme wie Provably Fair verwenden. Auf diese Weise sind alle Coinflip-Spiele zu 100 % zuf\u00e4llig, um sicherzustellen, dass alle Teilnehmer eine 50 %ige Chance auf den Gewinn des Loses haben.  <\/p>\n\n\n\n<h3 class=\"wp-block-heading\">Willkommensbonusse, Angebote &amp; V.I.P.-Programme<\/h3>\n\n\n\n<p>Um mit dem Spielen von Coinflip-Spielen richtig zu beginnen, brauchen Sie einen richtigen Willkommensbonus. Die von uns empfohlenen CSGO-Seiten bieten Ihnen die besten Willkommensboni der Branche sowie st\u00e4ndige Angebote und ein gro\u00dfz\u00fcgiges V.I.P.-Programm, das Ihre Treue belohnt. Je mehr Sie Coin-Flip-Spiele spielen, desto mehr Vorteile erhalten Sie.<\/p>\n\n\n\n<h3 class=\"wp-block-heading\">Marktplatz f\u00fcr Skins<\/h3>\n\n\n\n<p>Der Hauptgrund, warum Menschen M\u00fcnzwurfspiele spielen, ist, dass sie wertvolle CS:GO-Skins gewinnen wollen. Deshalb w\u00e4hlen wir nur Seiten mit <a href=\"https:\/\/cs2surge.com\/best-csgo-skin-marketplaces\/\" data-type=\"page\" data-id=\"496\">CSGO-Skin-Marktpl\u00e4tzen<\/a> aus, damit du deine M\u00fcnzen gegen hervorragende Skins eintauschen kannst, die du gegen echtes Geld tauschen kannst. Dar\u00fcber hinaus stellen wir sicher, dass unsere CSGO Coinflip-Seiten Ihnen das beste Umtauschverh\u00e4ltnis f\u00fcr Skins\/M\u00fcnzen bieten, so dass Sie eine faire Menge an M\u00fcnzen f\u00fcr jede Einzahlung von Skins erhalten k\u00f6nnen.<\/p>\n\n\n\n<h3 class=\"wp-block-heading\">Zahlungsarten<\/h3>\n\n\n\n<p>Ob auf dein Steam-Konto, dein eWallet oder dein Krypto-Wallet, unsere empfohlenen CS:GO Coinflip-Seiten bieten dir eine gro\u00dfe Auswahl an Ein- und Auszahlungsmethoden. Au\u00dferdem werden alle Einzahlungen und Abhebungen schnell und mit minimalen Geb\u00fchren bearbeitet.<\/p>\n\n\n\n<h3 class=\"wp-block-heading\">Online-Sicherheit<\/h3>\n\n\n\n<p>Da CSGO-Skins sehr wertvoll sind und viele CSGO-Spieler dazu neigen, viel Geld in FIAT oder Krypto einzuzahlen, ist es f\u00fcr CSGO-Gl\u00fccksspielseiten unerl\u00e4sslich, Ihre finanziellen Informationen und Verm\u00f6genswerte zu sch\u00fctzen. Alle Websites, die wir hier empfehlen, setzen fortschrittliche Online-Sicherheitsma\u00dfnahmen wie SSL-Zertifikate, DDoS-Schutz, \u00fcberwachte Server und ein engagiertes Team von Sicherheitsexperten ein, die bereit sind, jedes Problem zu l\u00f6sen.<\/p>\n\n\n\n<h3 class=\"wp-block-heading\">Mobile Erfahrung<\/h3>\n\n\n\n<p>Unsere CSGO-Seiten bieten Ihnen das beste mobile Erlebnis, damit Sie Ihre Lieblings-Coinflip-Spiele spielen k\u00f6nnen, wann und wo immer Sie wollen. Ob \u00fcber die mobile App oder die mobile Website, du kannst gegen andere CSGO-Spieler wetten, um eine Chance auf wertvolle Lose voller Skins, M\u00fcnzen und Token zu haben.<\/p>\n\n\n\n<h3 class=\"wp-block-heading\">Kundenbetreuung<\/h3>\n\n\n\n<p>Auch wenn CSGO Coinflip-Spiele einfach sind, ist es wichtig, einen Kundendienst zu haben, der immer bereit ist, Ihnen zu helfen. Deshalb haben wir Websites ausgew\u00e4hlt, die sich in diesem Bereich auszeichnen, um Ihnen per Telefon, E-Mail oder Live-Chat die Antworten und L\u00f6sungen zu liefern, die Sie ben\u00f6tigen.<\/p>\n\n\n\n<h2 class=\"wp-block-heading\"><span class=\"ez-toc-section\" id=\"Was_ist_CS_GO_Coinflip_und_wie_funktioniert_es\"><\/span>Was ist CS:GO Coinflip und wie funktioniert es?<span class=\"ez-toc-section-end\"><\/span><\/h2>\n\n\n\n<figure class=\"wp-block-image size-large\"><img loading=\"lazy\" decoding=\"async\" width=\"1024\" height=\"374\" src=\"https:\/\/cs2surge.com\/wp-content\/uploads\/2021\/12\/list-of-csgo-coinflip-sites-1024x374.png\" alt=\"\" class=\"wp-image-2404\" srcset=\"https:\/\/cs2surge.com\/wp-content\/uploads\/2021\/12\/list-of-csgo-coinflip-sites-1024x374.png 1024w, https:\/\/cs2surge.com\/wp-content\/uploads\/2021\/12\/list-of-csgo-coinflip-sites-300x110.png 300w, https:\/\/cs2surge.com\/wp-content\/uploads\/2021\/12\/list-of-csgo-coinflip-sites-768x280.png 768w, https:\/\/cs2surge.com\/wp-content\/uploads\/2021\/12\/list-of-csgo-coinflip-sites-1536x561.png 1536w, https:\/\/cs2surge.com\/wp-content\/uploads\/2021\/12\/list-of-csgo-coinflip-sites-2048x748.png 2048w\" sizes=\"auto, (max-width: 1024px) 100vw, 1024px\" \/><\/figure>\n\n\n\n<p>Wenn dir das Konzept des CSGO Coinflips und des Gl\u00fccksspiels v\u00f6llig neu ist, dann zeigen wir dir, worum es dabei geht und wie es dir helfen kann, dein Inventar mit vielen wertvollen Skins aufzuf\u00fcllen, um mehr Geld zu verdienen und dein Spielerlebnis auf ein neues Level zu bringen.<\/p>\n\n\n\n<h3 class=\"wp-block-heading\">Das Konzept hinter CS:GO Coinflip<\/h3>\n\n\n\n<p>Diese Spiele bringen das alte Konzept des M\u00fcnzwurfs in die Online-Welt, um Ihnen die Chance zu geben, exklusive Skins, Boxen, M\u00fcnzen und\/oder Token zu gewinnen. Sobald die M\u00fcnze auf die Seite f\u00e4llt, zeigt das Spiel den Gewinner an und bringt ihm den Gesamtgewinn. Denken Sie daran, dass dieses Spiel v\u00f6llig zuf\u00e4llig ist (dank Provably Fair und \u00e4hnlicher Systeme) und daher nur das Gl\u00fcck \u00fcber Ihr Schicksal entscheiden wird.  <\/p>\n\n\n\n<h3 class=\"wp-block-heading\">1 VS. 1 CSGO Gl\u00fccksspiel<\/h3>\n\n\n\n<p>Im Gegensatz zu anderen CS:GO-Gl\u00fccksspielen, bei denen Sie gegen das Haus oder mehrere andere Spieler antreten, m\u00fcssen Sie hier nur gegen einen Spieler wetten. Bei einigen Spielen wird Ihnen automatisch ein Rivale zugewiesen, bei anderen k\u00f6nnen Sie ihn in der Lobby ausw\u00e4hlen. Sobald Sie es ausgew\u00e4hlt haben und Sie beide den Lottogewinn einsetzen, beginnt das Spiel und der Gewinner nimmt alles mit nach Hause.<\/p>\n\n\n\n<p>Wie Sie sehen werden, sind die Chancen gro\u00df, aber denken Sie daran, dass Sie eine ebenso gro\u00dfe Chance haben, zu verlieren. Spielen Sie daher verantwortungsbewusst und setzen Sie nur so viel, wie Sie sich leisten k\u00f6nnen, zu verlieren.<\/p>\n\n\n\n<h3 class=\"wp-block-heading\">Die Quoten der CS:GO Coinflip-Spiele<\/h3>\n\n\n\n<p>Da es sich um ein 1 gegen 1 Gl\u00fccksspiel handelt, stehen die Chancen f\u00fcr jeden Teilnehmer bei 50%. Es ist sogar besser als Farbwetten beim Roulette, da es keinen Hausvorteil gibt. Daher ist es ein Spiel, das Ihnen best\u00e4ndige Gewinne bringen kann, solange Sie Ihre Gewinne und Verluste verantwortungsvoll verwalten.<\/p>\n\n\n\n<p>Die h\u00f6heren Gewinnchancen gehen mit durchschnittlichen Preisen einher, da es nur 2 Teilnehmer gibt. Nichtsdestotrotz gibt es einige Coin-Flip-Spieler, die mit teuren Skins oder vielen M\u00fcnzen viel Geld setzen k\u00f6nnen, aber der Gro\u00dfteil der Spieler setzt nur eine bescheidene Menge an M\u00fcnzen oder gleich teure Skins.  <\/p>\n\n\n\n<p>Wenn Sie bereit sind, mehr zu riskieren, um gr\u00f6\u00dfere und profitablere Preise zu gewinnen, dann ist es die beste Wahl, <a href=\"https:\/\/cs2surge.com\/de\/csgo-absturzstellen\/\" data-type=\"page\" data-id=\"263\">auf CSGO-Absturzseiten zu spielen<\/a>. Mit mehr Spielern und damit mehr Skins und M\u00fcnzen k\u00f6nnen Sie der gl\u00fcckliche Gewinner eines riesigen Preises sein, wenn die Chancen zu Ihren Gunsten stehen.<\/p>\n\n\n\n<h2 class=\"wp-block-heading\"><span class=\"ez-toc-section\" id=\"Welche_Arten_von_CSGO_Coinflip-Seiten_kann_ich_finden\"><\/span>Welche Arten von CSGO Coinflip-Seiten kann ich finden?<span class=\"ez-toc-section-end\"><\/span><\/h2>\n\n\n\n<p>Unsere Rangliste enth\u00e4lt verschiedene Arten von CS:GO-Coinflip-Seiten, und um diejenige auszuw\u00e4hlen, die Ihren Zielen, Erwartungen und Bed\u00fcrfnissen am besten entspricht, sehen wir uns die verschiedenen Arten von Gl\u00fccksspielseiten an, die Sie finden k\u00f6nnen. Wenn Sie Hilfe bei der Auswahl einer CSGO Coinflip-Seite ben\u00f6tigen, dann kontaktieren Sie uns jetzt.<\/p>\n\n\n\n<h3 class=\"wp-block-heading\">CSGO Gl\u00fccksspielseiten mit Coinflip-Spielen<\/h3>\n\n\n\n<p>In dieser Kategorie finden Sie Namen wie CSGOEmpire, CSGORoll und Duelbits, die sich ganz dem CSGO-Gl\u00fccksspiel verschrieben haben, und somit auch den Coinflip-Spielen, die zu den beliebtesten Entscheidungen der Spieler geh\u00f6ren. Wenn Sie also die besten Boni und die gr\u00f6\u00dfte Auswahl an Coinflip- und CSGO-Spielen suchen, dann sind diese Seiten Ihre beste Wahl.<\/p>\n\n\n\n<p>Au\u00dferdem verf\u00fcgen diese Websites \u00fcber die gr\u00f6\u00dften Marktpl\u00e4tze, was bedeutet, dass Sie einen besseren Wert f\u00fcr Ihre Gesch\u00e4fte finden k\u00f6nnen. Es ist leicht, sehr wertvolle Felle zu finden, mit denen Sie viel Geld verdienen k\u00f6nnen. Au\u00dferdem wird der Preis f\u00fcr Ihre Skins bei der Einzahlung genau berechnet, so dass Sie jedes Mal eine angemessene Menge an M\u00fcnzen erhalten k\u00f6nnen.<\/p>\n\n\n\n<h3 class=\"wp-block-heading\">Krypto-Casinos mit CSGO Coinflip-Spielen<\/h3>\n\n\n\n<p>Einige Krypto-Casinos, die haupts\u00e4chlich auf Krypto-Einzahlungen wie BTC, LTC, USDT usw. abzielen, bieten bestimmte CS:GO Coinflip-Spiele an. Allerdings ist die Auswahl an Spielen begrenzt, ebenso wie die Skins auf dem Marktplatz (sofern vorhanden). Wenn Sie CSGO nur selten spielen und sich auf andere Gl\u00fccksspiele konzentrieren m\u00f6chten, um Kryptow\u00e4hrungen zu verdienen, dann sind diese vielleicht die bessere Wahl f\u00fcr Sie.<\/p>\n\n\n\n<h3 class=\"wp-block-heading\">Welche Art von CSGO Coinflip Site sollten Sie w\u00e4hlen?<\/h3>\n\n\n\n<p>Zweifellos sollten Sie sich f\u00fcr <a href=\"https:\/\/cs2surge.com\/de\/\">exklusive CS GO-Gl\u00fccksspielseiten<\/a> entscheiden. Sie haben die besten Marktpl\u00e4tze, die gro\u00dfz\u00fcgigsten Boni, den fairsten Umtauschkurs f\u00fcr Skins, die gr\u00f6\u00dfte Auswahl an Coinflip-Spielen und ein insgesamt besseres Spielerlebnis. Warten Sie also nicht l\u00e4nger und melden Sie sich jetzt auf den von uns empfohlenen Websites an!<\/p>\n\n\n\n<h2 class=\"wp-block-heading\"><span class=\"ez-toc-section\" id=\"Vor-_und_Nachteile_von_CSGO_Coinflip-Seiten\"><\/span>Vor- und Nachteile von CSGO Coinflip-Seiten<span class=\"ez-toc-section-end\"><\/span><\/h2>\n\n\n\n<p>Wenn Sie sehen wollen, ob CSGO Coinflip das Richtige f\u00fcr Sie ist, dann wird Ihnen diese Vergleichstabelle helfen, schnell zu entscheiden. Vor allem, wenn man es mit anderen Formen des Gl\u00fccksspiels wie Jackpots, Roulette, Crash usw. vergleichen will.  <\/p>\n\n\n\n<figure class=\"wp-block-table is-style-stripes\"><table><tbody><tr><td><strong>Profis<\/strong><\/td><td><strong>Nachteile<\/strong><\/td><\/tr><tr><td>Leicht zu spielen<\/td><td>Die Preise sind kleiner im Vergleich zu CSGO-Jackpots oder CSGO-Crash-Sites<\/td><\/tr><tr><td>50 % Gewinnchancen auf den Hauptpreis<\/td><td>Keine praktikable Strategie, um dauerhaft zu gewinnen<\/td><\/tr><tr><td>Zahlreiche Nutzer k\u00f6nnen 24\/7 M\u00fcnzwurfspiele spielen<\/td><td><\/td><\/tr><tr><td>Riesige Willkommensboni (Skins, FIAT und Krypto)<\/td><td><\/td><\/tr><tr><td>Ausgezeichnete laufende Werbeaktionen und V.I.P.-Programme<\/td><td><\/td><\/tr><\/tbody><\/table><\/figure>\n\n\n\n<p>Genau wie CSGO Jackpot oder Roulette ist CSGO Coinflip ein Spiel, das zu 100% vom Gl\u00fcck abh\u00e4ngt. Daher besteht die beste Strategie darin, Verluste fr\u00fchzeitig zu begrenzen und Gewinne zu verbuchen, wann immer Sie sie haben, indem Sie strenge Verlust- und Gewinngrenzen f\u00fcr Ihre Bankroll festlegen.<\/p>\n\n\n\n<p>Die Vorteile \u00fcberwiegen jedoch deutlich die wenigen Nachteile und machen es zu einer gro\u00dfartigen M\u00f6glichkeit, exotische H\u00e4ute zu gewinnen, die leicht mehrere tausend Dollar wert sein k\u00f6nnen.<\/p>\n","protected":false},"excerpt":{"rendered":"<p>Jede dieser Seiten wurde sorgf\u00e4ltig ausgew\u00e4hlt, um sicherzustellen, dass sie Ihnen viele zuf\u00e4llige und faire Spiele, Top-Willkommensbonusse, exotische Skins und einen erstklassigen Kundendienst bieten. Willst du mehr \u00fcber CS:GO Coinflip erfahren? Dann lesen Sie weiter, denn wir haben einen Leitfaden f\u00fcr Sie vorbereitet. Wie \u00fcberpr\u00fcfen wir CSGO Coinflip Seiten? Wie wir bereits erw\u00e4hnt haben, w\u00e4hlen &#8230; <a title=\"CSGO Coinflip-Seiten\" class=\"read-more\" href=\"https:\/\/cs2surge.com\/de\/csgo-coinflip-seiten\/\" aria-label=\"Mehr Informationen \u00fcber CSGO Coinflip-Seiten\">Weiterlesen<\/a><\/p>\n","protected":false},"author":36,"featured_media":13063,"parent":0,"menu_order":0,"comment_status":"closed","ping_status":"closed","template":"","meta":{"inline_featured_image":false,"two_page_speed":[],"footnotes":""},"categories":[15],"tags":[],"class_list":{"0":"post-11094","1":"page","2":"type-page","3":"status-publish","4":"has-post-thumbnail","6":"category-unkategorisiert"},"acf":[],"_links":{"self":[{"href":"https:\/\/cs2surge.com\/de\/wp-json\/wp\/v2\/pages\/11094","targetHints":{"allow":["GET"]}}],"collection":[{"href":"https:\/\/cs2surge.com\/de\/wp-json\/wp\/v2\/pages"}],"about":[{"href":"https:\/\/cs2surge.com\/de\/wp-json\/wp\/v2\/types\/page"}],"author":[{"embeddable":true,"href":"https:\/\/cs2surge.com\/de\/wp-json\/wp\/v2\/users\/36"}],"replies":[{"embeddable":true,"href":"https:\/\/cs2surge.com\/de\/wp-json\/wp\/v2\/comments?post=11094"}],"version-history":[{"count":4,"href":"https:\/\/cs2surge.com\/de\/wp-json\/wp\/v2\/pages\/11094\/revisions"}],"predecessor-version":[{"id":13649,"href":"https:\/\/cs2surge.com\/de\/wp-json\/wp\/v2\/pages\/11094\/revisions\/13649"}],"wp:featuredmedia":[{"embeddable":true,"href":"https:\/\/cs2surge.com\/de\/wp-json\/wp\/v2\/media\/13063"}],"wp:attachment":[{"href":"https:\/\/cs2surge.com\/de\/wp-json\/wp\/v2\/media?parent=11094"}],"wp:term":[{"taxonomy":"category","embeddable":true,"href":"https:\/\/cs2surge.com\/de\/wp-json\/wp\/v2\/categories?post=11094"},{"taxonomy":"post_tag","embeddable":true,"href":"https:\/\/cs2surge.com\/de\/wp-json\/wp\/v2\/tags?post=11094"}],"curies":[{"name":"wp","href":"https:\/\/api.w.org\/{rel}","templated":true}]}}