{"id":11171,"date":"2023-05-08T08:08:00","date_gmt":"2023-05-08T08:08:00","guid":{"rendered":"https:\/\/csgoradar.com\/falleroeffnungsseiten\/"},"modified":"2022-11-01T19:15:17","modified_gmt":"2022-11-01T19:15:17","slug":"falleroeffnungsseiten","status":"publish","type":"page","link":"https:\/\/cs2surge.com\/de\/falleroeffnungsseiten\/","title":{"rendered":"Faller\u00f6ffnungsseiten"},"content":{"rendered":"\n<h2 class=\"wp-block-heading\"><span class=\"ez-toc-section\" id=\"Warum_sind_CS_GO_Falleroeffnungsseiten_so_beliebt_%E2%80%93_Vorteile_und_Fakten\"><\/span>Warum sind CS:GO Faller\u00f6ffnungsseiten so beliebt? &#8211; Vorteile und Fakten<span class=\"ez-toc-section-end\"><\/span><\/h2>\n\n\n\n<p>CSGO-Koffer-\u00d6ffnungsseiten erfreuen sich gro\u00dfer Beliebtheit, da sie eine einfache, unterhaltsame und billige M\u00f6glichkeit bieten, erstaunliche und wertvolle Skins und Gegenst\u00e4nde sowie M\u00fcnzen und Token zu sammeln, die Sie bei <a href=\"https:\/\/cs2surge.com\/de\/\">CSGO-Gl\u00fccksspielen<\/a> wie Roulette, Poker, Jackpots, W\u00fcrfeln und Minesweeper einsetzen k\u00f6nnen.  <\/p>\n\n\n\n<p>Valve f\u00fchrte das Konzept der Case Opening Sites zum ersten Mal ein, aber wie die ersten CSGO-Spieler wissen, war der Preis pro Schl\u00fcssel zu hoch. Die von uns empfohlenen Seiten zum \u00d6ffnen von Kisten reduzieren die Kosten betr\u00e4chtlich, so dass Sie Kisten \u00f6ffnen k\u00f6nnen, um die Chancen zu erh\u00f6hen, exotische, wertvolle H\u00e4ute f\u00fcr das Spiel zu erhalten oder um sie mit gro\u00dfem Gewinn zu verkaufen.<\/p>\n\n\n\n<p>Skins sind zu einer Art virtueller W\u00e4hrung geworden, und daher ist die Zahl der Seiten, auf denen F\u00e4lle er\u00f6ffnet werden, durch die Decke gegangen, da eine hohe Nachfrage besteht. Unsere Rangliste wird Ihnen helfen, die besten Angebote zu finden, indem Sie sich den Top-Websites f\u00fcr die Faller\u00f6ffnung anschlie\u00dfen.<\/p>\n\n\n\n<h2 class=\"wp-block-heading\"><span class=\"ez-toc-section\" id=\"Wie_waehlen_wir_die_besten_CSGO_Case_Opening_Sites\"><\/span>Wie w\u00e4hlen wir die besten CSGO Case Opening Sites?<span class=\"ez-toc-section-end\"><\/span><\/h2>\n\n\n\n<p>Da gibt es jetzt eine riesige Anzahl von neuen CSGO Fall Er\u00f6ffnung Websites, m\u00fcssen Sie vorsichtig sein, in der Stunde der Auswahl eines. Um Betrug vorzubeugen und Ihnen die beste Erfahrung zu bieten, haben wir das folgende Auswahlverfahren angewandt:<\/p>\n\n\n\n<ol class=\"wp-block-list\"><li>Wir beginnen mit einer Analyse der Geschichte, der Aufzeichnungen und des Online-Rufs der CS GO-Faller\u00f6ffnungsseite. Wenn es gute und authentische Rezensionen, hohe Bewertungen und eine Geschichte frei von Betrug oder Skandalen hat, dann fahren wir mit den restlichen Schritten fort<\/li><li>Dann analysieren wir die Qualit\u00e4t ihrer Angebote zur Faller\u00f6ffnung. Wir stellen sicher, dass Sie sowohl g\u00fcnstige als auch teure H\u00fcllen finden k\u00f6nnen, so dass Sie die Chance haben, tolle Skins zu bekommen, die Sie mit gutem Gewinn verkaufen k\u00f6nnen.<\/li><li>Danach stellen wir sicher, dass die Website Ihnen gute Willkommensboni und regelm\u00e4\u00dfige kostenlose Werbegeschenke bietet, so dass Sie die bestm\u00f6gliche Rendite f\u00fcr jeden Skin, Token oder Geld, das Sie auf der Website einzahlen, erhalten k\u00f6nnen<\/li><li>Anschlie\u00dfend analysieren wir die Qualit\u00e4t der zus\u00e4tzlichen Spiele auf der Plattform, wie Minenr\u00e4umer, CSGO Blackjack, Poker, Roulette, Crash, usw. Sie k\u00f6nnen also zus\u00e4tzliche M\u00f6glichkeiten haben, gute Skins zu verdienen, indem Sie die Gewinne aus den von Ihnen ge\u00f6ffneten Kisten verwenden<\/li><li>Schlie\u00dflich stellen wir sicher, dass die CSGO Fall Er\u00f6ffnung Website bringt Ihnen schnelle und effektive Kunden-Support-Service 24\/7 per Telefon, E-Mail oder Live-Chat.<\/li><\/ol>\n\n\n\n<p>In der Theorie ist jeder Schritt einfach, aber die Analyse jeder einzelnen Website nimmt mehrere Stunden Arbeit in Anspruch. Ersparen Sie sich den Kampf &#8211; melden Sie sich noch heute auf einer der von uns empfohlenen Seiten an und sichern Sie sich einen riesigen Willkommensbonus, um die ersten F\u00e4lle zu \u00f6ffnen und tolle Skins und Gegenst\u00e4nde zu gewinnen!<\/p>\n\n\n\n<h2 class=\"wp-block-heading\"><span class=\"ez-toc-section\" id=\"Valve_vs_Third_Party_CSGO_Case_Opening_Sites_%E2%80%93_Was_ist_besser\"><\/span>Valve vs. Third Party CSGO Case Opening Sites &#8211; Was ist besser?<span class=\"ez-toc-section-end\"><\/span><\/h2>\n\n\n\n<p>Valve hat den Ansturm von Case-Opening-Angeboten f\u00fcr CS:GO gestartet, da sie den gro\u00dfen Erfolg dieses Modells in Spielen wie Dota2 gesehen haben. Bei einem Preis von \u00fcber 2 US-Dollar pro Schl\u00fcssel zum \u00d6ffnen einer Kiste war das zwar f\u00fcr Valve profitabel, aber nicht so sehr f\u00fcr uns, die Gamer.<\/p>\n\n\n\n<p>So entstanden die Seiten von Drittanbietern, die den CSGO-Koffer \u00f6ffnen (und die wir empfehlen), um das Gleiche wie Valve anzubieten, aber zu einem viel niedrigeren Preis, zus\u00e4tzlich zu einer Menge Gl\u00fccksspiele, um mehr Skins f\u00fcr einen minimalen Einsatz zu gewinnen.  <\/p>\n\n\n\n<p>Daher sind die von uns empfohlenen Seiten zur \u00d6ffnung von CSGO-Geh\u00e4usen immer die beste Wahl, denn neben den niedrigeren Preisen haben Sie zus\u00e4tzliche M\u00f6glichkeiten, au\u00dfergew\u00f6hnliche Skins zu gewinnen, die Sie beim Kauf von Schl\u00fcsseln bei Valve viel mehr Geld kosten w\u00fcrden.  <\/p>\n\n\n\n<p>Die Wahl ist klar, so verbinden Sie eine unserer empfohlenen CSGO Fall Er\u00f6ffnung Websites heute, weil es gro\u00dfe Angebote, F\u00e4lle und legend\u00e4re Skins warten auf Sie!<\/p>\n\n\n\n<h2 class=\"wp-block-heading\"><span class=\"ez-toc-section\" id=\"Haeufig_gestellte_Fragen_zu_CSGO_Case_Opening_Sites\"><\/span>H\u00e4ufig gestellte Fragen zu CSGO Case Opening Sites<span class=\"ez-toc-section-end\"><\/span><\/h2>\n\n\n\n<p>Wenn Sie Fragen zu CSGO Case Opening Sites haben, dann ist dieser Abschnitt, was Sie brauchen. Wir werden alle Ihre Zweifel mit pr\u00e4zisen, direkten Antworten ausr\u00e4umen. Wenn Sie zus\u00e4tzliche Hilfe ben\u00f6tigen, ist unser Team nur eine Nachricht entfernt &#8211; kontaktieren Sie uns, um Ihnen zu helfen!<\/p>\n\n\n<div id=\"rank-math-faq\" class=\"rank-math-block\">\n<div class=\"rank-math-list \">\n<div id=\"faq-question-1653632908903\" class=\"rank-math-list-item\">\n<h3 class=\"rank-math-question \">Sind CS:GO Faller\u00f6ffnungsseiten legal?<\/h3>\n<div class=\"rank-math-answer \">\n\n<p>Unsere empfohlenen CSGO-Case-\u00d6ffnungsseiten sind zu 100% legitim, da sie lizenziert, gepr\u00fcft und von der Community unterst\u00fctzt werden, da wir nur Seiten ausw\u00e4hlen, f\u00fcr deren Cases sich die Nutzer verb\u00fcrgen k\u00f6nnen, die die Plattform bringt.  <\/p>\n\n<\/div>\n<\/div>\n<div id=\"faq-question-1653632914435\" class=\"rank-math-list-item\">\n<h3 class=\"rank-math-question \">Kann ich echtes Geld gewinnen, indem ich CSGO-F\u00e4lle \u00f6ffne?<\/h3>\n<div class=\"rank-math-answer \">\n\n<p>Ja, CSGO Skins sind echtes Geld wert, und daher k\u00f6nnen Sie echtes Geld gewinnen, indem Sie in die Er\u00f6ffnung von CSGO F\u00e4llen auf unseren empfohlenen Seiten investieren. Da sie billiger sind als die von Valve, k\u00f6nnen Sie mit einem h\u00f6heren ROI rechnen.<\/p>\n\n<\/div>\n<\/div>\n<div id=\"faq-question-1653632915224\" class=\"rank-math-list-item\">\n<h3 class=\"rank-math-question \">Lohnen sich CSGO-Faller\u00f6ffnungsseiten?<\/h3>\n<div class=\"rank-math-answer \">\n\n<p>Den Statistiken zufolge k\u00f6nnen Sie damit rechnen, 60 % f\u00fcr alle von Ihnen ge\u00f6ffneten CSGO-Koffer zur\u00fcckzubekommen. Das hei\u00dft, wenn Sie 1000 Dollar investieren, dann stehen die Chancen gut, dass Sie 600 Dollar zur\u00fcckbekommen, aber das ist eine allgemeine Statistik, die alle Benutzer ber\u00fccksichtigt, die F\u00e4lle er\u00f6ffnen.  <\/p>\n<p>Es handelt sich um ein Gl\u00fccksspiel, d. h. Sie k\u00f6nnen sowohl eine durchschnittliche oder gew\u00f6hnliche Haut als auch eine exotische Haut wie eine Drachenhaut erhalten, die Sie f\u00fcr Tausende von Dollar verkaufen k\u00f6nnen, und das alles mit einer minimalen Investition.  <\/p>\n\n<\/div>\n<\/div>\n<\/div>\n<\/div>","protected":false},"excerpt":{"rendered":"<p>Warum sind CS:GO Faller\u00f6ffnungsseiten so beliebt? &#8211; Vorteile und Fakten CSGO-Koffer-\u00d6ffnungsseiten erfreuen sich gro\u00dfer Beliebtheit, da sie eine einfache, unterhaltsame und billige M\u00f6glichkeit bieten, erstaunliche und wertvolle Skins und Gegenst\u00e4nde sowie M\u00fcnzen und Token zu sammeln, die Sie bei CSGO-Gl\u00fccksspielen wie Roulette, Poker, Jackpots, W\u00fcrfeln und Minesweeper einsetzen k\u00f6nnen. Valve f\u00fchrte das Konzept der Case &#8230; <a title=\"Faller\u00f6ffnungsseiten\" class=\"read-more\" href=\"https:\/\/cs2surge.com\/de\/falleroeffnungsseiten\/\" aria-label=\"Mehr Informationen \u00fcber Faller\u00f6ffnungsseiten\">Weiterlesen<\/a><\/p>\n","protected":false},"author":36,"featured_media":9516,"parent":0,"menu_order":0,"comment_status":"closed","ping_status":"closed","template":"","meta":{"inline_featured_image":false,"two_page_speed":[],"footnotes":""},"categories":[15],"tags":[],"class_list":{"0":"post-11171","1":"page","2":"type-page","3":"status-publish","4":"has-post-thumbnail","6":"category-unkategorisiert"},"acf":[],"_links":{"self":[{"href":"https:\/\/cs2surge.com\/de\/wp-json\/wp\/v2\/pages\/11171","targetHints":{"allow":["GET"]}}],"collection":[{"href":"https:\/\/cs2surge.com\/de\/wp-json\/wp\/v2\/pages"}],"about":[{"href":"https:\/\/cs2surge.com\/de\/wp-json\/wp\/v2\/types\/page"}],"author":[{"embeddable":true,"href":"https:\/\/cs2surge.com\/de\/wp-json\/wp\/v2\/users\/36"}],"replies":[{"embeddable":true,"href":"https:\/\/cs2surge.com\/de\/wp-json\/wp\/v2\/comments?post=11171"}],"version-history":[{"count":5,"href":"https:\/\/cs2surge.com\/de\/wp-json\/wp\/v2\/pages\/11171\/revisions"}],"predecessor-version":[{"id":13334,"href":"https:\/\/cs2surge.com\/de\/wp-json\/wp\/v2\/pages\/11171\/revisions\/13334"}],"wp:featuredmedia":[{"embeddable":true,"href":"https:\/\/cs2surge.com\/de\/wp-json\/wp\/v2\/media\/9516"}],"wp:attachment":[{"href":"https:\/\/cs2surge.com\/de\/wp-json\/wp\/v2\/media?parent=11171"}],"wp:term":[{"taxonomy":"category","embeddable":true,"href":"https:\/\/cs2surge.com\/de\/wp-json\/wp\/v2\/categories?post=11171"},{"taxonomy":"post_tag","embeddable":true,"href":"https:\/\/cs2surge.com\/de\/wp-json\/wp\/v2\/tags?post=11171"}],"curies":[{"name":"wp","href":"https:\/\/api.w.org\/{rel}","templated":true}]}}