{"id":13365,"date":"2023-05-07T06:12:00","date_gmt":"2023-05-07T06:12:00","guid":{"rendered":"https:\/\/csgoradar.com\/rost-gluecksspiel-seiten\/"},"modified":"2022-11-02T19:53:22","modified_gmt":"2022-11-02T19:53:22","slug":"rust-gluecksspiel-seiten","status":"publish","type":"page","link":"https:\/\/cs2surge.com\/de\/rust-gluecksspiel-seiten\/","title":{"rendered":"Rust-Gl\u00fccksspiel-Seiten"},"content":{"rendered":"\n<p>Dank dieser Rangliste k\u00f6nnen Sie exklusive Willkommensboni (kostenlose Skins und Kisten!) in Anspruch nehmen, kostenlose M\u00fcnzen erhalten, Hunderte von Gl\u00fccksspielen spielen, Belohnungen f\u00fcr Ihre Treue erhalten und sich mit anderen Spielern aus Rust messen.<\/p>\n\n\n\n<p><strong>Worauf warten Sie noch?<\/strong>  Melden Sie sich jetzt bei einer der von uns empfohlenen Rust-Skin-Gl\u00fccksspielseiten an!<\/p>\n\n\n\n<p>Wenn Sie mehr erfahren wollen, dann seien Sie unser Gast. Wir haben einen exklusiven Leitfaden f\u00fcr Sie vorbereitet. Wir zeigen Ihnen alles \u00fcber die Spiele, die Sie spielen k\u00f6nnen, die Bonusse, die Sie beanspruchen k\u00f6nnen, unser Auswahlverfahren und viele andere wichtige Details.<\/p>\n\n\n\n<h2 class=\"wp-block-heading\"><span class=\"ez-toc-section\" id=\"Wie_ueberpruefen_wir_Rust_Skin_Gambling_Sites\"><\/span>Wie \u00fcberpr\u00fcfen wir Rust Skin Gambling Sites?<span class=\"ez-toc-section-end\"><\/span><\/h2>\n\n\n\n<figure class=\"wp-block-image size-large\"><img loading=\"lazy\" decoding=\"async\" width=\"1024\" height=\"330\" src=\"https:\/\/cs2surge.com\/wp-content\/uploads\/2021\/07\/What-is-rust-skin-gambling-1024x330.png\" alt=\"\" class=\"wp-image-1440\" srcset=\"https:\/\/cs2surge.com\/wp-content\/uploads\/2021\/07\/What-is-rust-skin-gambling-1024x330.png 1024w, https:\/\/cs2surge.com\/wp-content\/uploads\/2021\/07\/What-is-rust-skin-gambling-300x97.png 300w, https:\/\/cs2surge.com\/wp-content\/uploads\/2021\/07\/What-is-rust-skin-gambling-768x248.png 768w, https:\/\/cs2surge.com\/wp-content\/uploads\/2021\/07\/What-is-rust-skin-gambling-1536x495.png 1536w, https:\/\/cs2surge.com\/wp-content\/uploads\/2021\/07\/What-is-rust-skin-gambling-2048x660.png 2048w\" sizes=\"auto, (max-width: 1024px) 100vw, 1024px\" \/><\/figure>\n\n\n\n<p>Mit der steigenden Popularit\u00e4t von Rust-Gl\u00fccksspielen ist es heute normal, Hunderte von Gl\u00fccksspielseiten zu finden. Nicht alle sind gut, und deshalb haben wir dieses Auswahlverfahren angewandt, um nur die Besten aus dem Regal auszuw\u00e4hlen:<\/p>\n\n\n\n<ol class=\"wp-block-list\"><li><strong>Vertrauensw\u00fcrdig:<\/strong> Der erste Schritt besteht darin, den Online-Ruf, die Geschichte, die Lizenzen und die Audits der Rust-Gl\u00fccksspielseite zu \u00fcberpr\u00fcfen. Wenn alles sauber aussieht, und vor allem, wenn sie nachweislich fair sind, dann fahren wir mit der Analyse der anderen Bereiche fort, sobald wir uns vergewissert haben, dass die Website vertrauensw\u00fcrdig, transparent und ehrlich ist<\/li><li><strong>Marktplatz: <\/strong>Der Hauptgrund, warum Spieler wie Sie Rust-Skin-Gl\u00fccksspielseiten beitreten, ist, um unglaubliche Skins zu gewinnen. Deshalb stellen wir sicher, dass die Marktpl\u00e4tze der von uns empfohlenen Websites voll von wertvollen Skins sind, und das zu einem fairen Preis<\/li><li><strong>Online-Sicherheit:<\/strong> Niemand m\u00f6chte seine Haut durch eine Datenverletzung oder einen Hackerangriff verlieren, und deshalb nehmen unsere Rust-Gl\u00fccksspielseiten Ihre Online-Sicherheit ernst. Mit Funktionen wie SSL-Zertifikaten, CDNs, gesicherten und \u00fcberwachten Servern sowie einem engagierten Team k\u00f6nnen Sie Ihre Skins ohne Probleme einsetzen<\/li><li><strong>Spiele:<\/strong> Um Ihre Gl\u00fccksspielsessions so richtig genie\u00dfen zu k\u00f6nnen, brauchen Sie eine Vielzahl von Rust-Spielen. Auf den von uns empfohlenen Seiten finden Sie eine gro\u00dfe Auswahl an Optionen wie Spielautomaten, Blackjack, Rust Crash, Jackpot, Coinflip, Poker und viele andere, so dass Sie Ihre Gl\u00fccksspielsessions unglaublich gestalten k\u00f6nnen<\/li><li><strong>Boni:<\/strong> Sie finden eine gro\u00dfe Auswahl an Rust-Gl\u00fccksspiel-Boni, wie kostenlose Skins und M\u00fcnzen, Freispiele, Match-up-Boni und vieles mehr. Sie finden auch Angebote f\u00fcr bestehende Benutzer wie w\u00f6chentliche Boni und ein tolles V.I.P.-Programm, bei dem Sie Skins, M\u00fcnzen und sogar echtes Geld gewinnen k\u00f6nnen.<\/li><li><strong>Mobile Erfahrung: <\/strong>Eine Rust-Gl\u00fccksspielseite muss Ihnen eine gro\u00dfartige mobile App und eine mobile Website bieten, damit Sie jederzeit von einem beliebigen Ger\u00e4t wie einem Smartphone oder Tablet spielen k\u00f6nnen. Wir haben die mobilen Funktionen jeder Website in diesem Ranking getestet, um sicherzustellen, dass sie nur schnelle mobile Websites und Apps anbieten<\/li><li>Kundenbetreuung: Auf den von uns empfohlenen Rust-Gl\u00fccksspielseiten finden Sie immer Antworten und L\u00f6sungen f\u00fcr Ihre Probleme, denn sie verf\u00fcgen \u00fcber Kan\u00e4le &#8211; Telefon, E-Mail und Live-Chat &#8211; die rund um die Uhr und 365 Tage die Woche laufen. Wir haben jede einzelne dieser Seiten in dieser Abteilung getestet und nur diejenigen ausgew\u00e4hlt, die schnelle und n\u00fctzliche Antworten liefern.<\/li><\/ol>\n\n\n\n<p>Sch\u00fctzen Sie Ihre kostbaren H\u00e4ute und Ihr Geld. Melden Sie sich nur bei vertrauensw\u00fcrdigen und transparenten <a href=\"https:\/\/cs2surge.com\/de\/\">Skin-Gl\u00fccksspielseiten<\/a> an, wie die, die Sie in dieser Rangliste finden k\u00f6nnen.  <\/p>\n\n\n\n<h2 class=\"wp-block-heading\"><span class=\"ez-toc-section\" id=\"Beste_Rust_Gambling_Spiele\"><\/span>Beste Rust Gambling Spiele<span class=\"ez-toc-section-end\"><\/span><\/h2>\n\n\n\n<p>Wenn Sie neu in der Rust-Skin-Gl\u00fccksspielszene sind (oder in jeder anderen Form von Gl\u00fccksspiel oder iGaming), dann seien Sie unser Gast. Dies sind die besten Spiele, die Sie spielen k\u00f6nnen:<\/p>\n\n\n\n<ul class=\"wp-block-list\"><li>Rostschlitze<\/li><li>Rost Jackpot<\/li><li>Rost Blackjack<\/li><li>Rost-Roulette<\/li><li>Rust-Poker<\/li><li>Rost W\u00fcrfel<\/li><li>Rost-Crash<\/li><li>Rost Coinflip<\/li><\/ul>\n\n\n\n<p>Bei jedem dieser Spiele gibt es unz\u00e4hlige Varianten, nehmen wir zum Beispiel Poker. Sie k\u00f6nnen Texas Hold&#8217;em, Omaha, 7-Card Stud, Caribbean Stud, Horse und viele andere spielen. Das Gleiche gilt f\u00fcr Roulette, Blackjack, W\u00fcrfelspiele, Spielautomaten und mehr.<\/p>\n\n\n\n<p>Wir empfehlen Ihnen, Rust-Slots mit einem RTP von 96 % oder mehr zu spielen, sowie Spiele wie Blackjack und Poker, da Sie hier Strategien anwenden k\u00f6nnen, die das Risiko verringern. Spiele mit hohem Risiko und hohen Gewinnen wie Crash und Rust Jackpot sollten auch in Ihren Spielrunden vorkommen, aber mit kleineren Eins\u00e4tzen.<\/p>\n\n\n\n<h2 class=\"wp-block-heading\"><span class=\"ez-toc-section\" id=\"Top_Boni_Angebote_auf_diesen_Seiten\"><\/span>Top Boni &amp; Angebote auf diesen Seiten<span class=\"ez-toc-section-end\"><\/span><\/h2>\n\n\n\n<figure class=\"wp-block-image size-large is-resized\"><img loading=\"lazy\" decoding=\"async\" src=\"https:\/\/cs2surge.com\/wp-content\/uploads\/2022\/10\/rust-gambling-bonuses-1024x538.png\" alt=\"Rust Gl\u00fccksspielseiten Boni\" class=\"wp-image-12586\" width=\"1203\" height=\"632\" srcset=\"https:\/\/cs2surge.com\/wp-content\/uploads\/2022\/10\/rust-gambling-bonuses-1024x538.png 1024w, https:\/\/cs2surge.com\/wp-content\/uploads\/2022\/10\/rust-gambling-bonuses-300x158.png 300w, https:\/\/cs2surge.com\/wp-content\/uploads\/2022\/10\/rust-gambling-bonuses-768x404.png 768w, https:\/\/cs2surge.com\/wp-content\/uploads\/2022\/10\/rust-gambling-bonuses.png 1151w\" sizes=\"auto, (max-width: 1203px) 100vw, 1203px\" \/><\/figure>\n\n\n\n<p>Eines der wichtigsten Merkmale jeder Rust-Gl\u00fccksspielseite ist ein guter Willkommensbonus. Hier zeigen wir Ihnen alle Angebote, die Sie bei der Anmeldung und der ersten Einzahlung in Anspruch nehmen k\u00f6nnen:<\/p>\n\n\n\n<ul class=\"wp-block-list\"><li><strong>Ersteinzahlungsbonus<\/strong>: Dieser Bonus vervielfacht Ihre erste Einzahlung, sei es in Form von Skins, M\u00fcnzen, Token, Krypto oder echtem Geld. Sie k\u00f6nnen leicht 2x, 3x oder sogar 5x+ Ihre Bankroll, um die Gr\u00f6\u00dfe Ihrer Wetten zu erh\u00f6hen, und daher, sammeln mehr Gewinn<\/li><li><strong>Rust Free Spins Bonus:<\/strong> Wie Sie gesehen haben, sind Rust Slots eines der beliebtesten Spiele in Rust Gl\u00fccksspielseiten, und daher ist es normal, Boni zu finden, die Ihnen Freispiele im Austausch f\u00fcr Ihre erste Einzahlung bringen. Wenn Sie Spielautomaten lieben und gerne gewinnen, dann ist dieses Angebot genau das Richtige f\u00fcr Sie<\/li><li><strong>Bonus ohne Einzahlung:<\/strong> Wenn Sie das Wasser ohne Risiko testen m\u00f6chten, ist ein Bonus ohne Einzahlung genau das Richtige f\u00fcr Sie. Sie erhalten kostenlose Rust-Skins oder M\u00fcnzen, die Sie zum Spielen Ihrer Lieblingsspiele verwenden k\u00f6nnen. Sie k\u00f6nnen echte Gewinne sammeln, die Sie sich sp\u00e4ter auszahlen lassen k\u00f6nnen, sobald Sie die Umsatzbedingungen erf\u00fcllt haben.<\/li><li><strong>Free Rust Skins Bonus:<\/strong> Wenn Sie nur zus\u00e4tzliche Rust Skins wollen, dann ist dieser Bonus die offensichtliche Wahl. Die von uns empfohlenen Websites bringen diese Boni mit sich, und das sogar laufend, dank der Angebote f\u00fcr bestehende Nutzer.<\/li><\/ul>\n\n\n\n<p>Um diese Boni zu aktivieren, m\u00fcssen Sie unsere Promo-Codes verwenden. Mit tonnenweise kostenlosen Promo-Codes, die f\u00fcr jede von uns empfohlene Rust-Gl\u00fccksspielseite verf\u00fcgbar sind, haben Sie mehr als genug, um jede Menge kostenlose Skins, M\u00fcnzen und Token zu erhalten.<\/p>\n\n\n\n<p>Bei so vielen unglaublichen Rust-Boni, die auf Sie warten, macht es Sinn, sich noch heute bei einer der von uns empfohlenen Seiten anzumelden, damit Sie diese Angebote in Anspruch nehmen und damit tolle Rust-Skins gewinnen k\u00f6nnen. Warten Sie nicht l\u00e4nger und melden Sie sich jetzt an!<\/p>\n\n\n\n<h2 class=\"wp-block-heading\"><span class=\"ez-toc-section\" id=\"Was_ist_Rust_Skin_Gambling\"><\/span>Was ist Rust Skin Gambling?<span class=\"ez-toc-section-end\"><\/span><\/h2>\n\n\n\n<p>\u00c4hnlich wie beim CSGO-Skin-Gl\u00fccksspiel ist das Rust-Gl\u00fccksspiel entstanden, nachdem die handelbaren Gegenst\u00e4nde immer begehrter wurden. Diese Skins werden f\u00fcr eine Reihe von verschiedenen Zwecken verwendet, aber haupts\u00e4chlich f\u00fcr Spieler, um &#8222;Macht zu zeigen&#8220;, da diese Skins sehr selten sind. Im Jahr 2021 ist Rust unglaublich popul\u00e4r geworden und hat die Rekorde des letzten Jahres, 2020, gebrochen.<\/p>\n\n\n\n<p>Unmittelbar nach Rust eingef\u00fchrt Skins \u00e4hnlich wie CSGO, verschiedene Rust-Skin-Gl\u00fccksspiel-Sites entstanden mit fantastischen Angeboten und hat offensichtlich einige verschiedene Plattformen, die nicht vertrauensw\u00fcrdig sind, und seine&#8216;, warum diese Liste ist perfekt f\u00fcr Sie.<\/p>\n\n\n\n<p>Sie k\u00f6nnen Wetten auf Casinospiele wie Jackpot oder Coinflip platzieren, die beide auf CSGO-Gl\u00fccksspielseiten zu finden sind, und Gewinne gegen Skins eintauschen.<\/p>\n\n\n\n<h2 class=\"wp-block-heading\"><span class=\"ez-toc-section\" id=\"Haeufig_gestellte_Fragen\"><\/span>H\u00e4ufig gestellte Fragen<span class=\"ez-toc-section-end\"><\/span><\/h2>\n\n\n\n<p>Obwohl wir unser Bestes getan haben, um alle Bereiche der Rust-Skin-Gl\u00fccksspielseiten abzudecken, die von Bedeutung sind, haben wir diesen Abschnitt erstellt, um jede L\u00fccke zu f\u00fcllen. Wenn Sie weitere Unterst\u00fctzung ben\u00f6tigen, z\u00f6gern Sie nicht, uns zu kontaktieren.<\/p>\n\n\n<div id=\"rank-math-faq\" class=\"rank-math-block\">\n<div class=\"rank-math-list \">\n<div id=\"faq-question-1653978284640\" class=\"rank-math-list-item\">\n<h3 class=\"rank-math-question \">Was ist eine gute Rust-Gl\u00fccksspielseite?<\/h3>\n<div class=\"rank-math-answer \">\n\n<p>Eine gute Rust-Gl\u00fccksspiel-Website muss viele Spiele, gute Boni, Tonnen von Skins auf dem Marktplatz, Provably Fair, und ausgezeichnete Kunden-Support-Service haben. Unsere empfohlenen Rust-Gaming-Websites bieten Ihnen diese Vorteile, so dass Sie unglaubliche Skins gewinnen, echtes Geld erhalten und einen Riesenspa\u00df haben k\u00f6nnen, w\u00e4hrend Sie Ihre Lieblingsspiele spielen.<\/p>\n\n<\/div>\n<\/div>\n<div id=\"faq-question-1653978289191\" class=\"rank-math-list-item\">\n<h3 class=\"rank-math-question \">Wie bekommt man kostenlose Skins auf Rust-Gl\u00fccksspielseiten?<\/h3>\n<div class=\"rank-math-answer \">\n\n<p>Sie k\u00f6nnen kostenlose Skins erhalten, indem Sie die Boni ohne Einzahlung in Anspruch nehmen, die unsere Rust-Gl\u00fccksspielseiten Ihnen anbieten. Mit den kostenlosen Skins k\u00f6nnen Sie eine Vielzahl von Gl\u00fccksspielen spielen und so M\u00fcnzen verdienen, die Sie gegen wertvollere Skins eintauschen k\u00f6nnen.  <\/p>\n\n<\/div>\n<\/div>\n<div id=\"faq-question-1653978290123\" class=\"rank-math-list-item\">\n<h3 class=\"rank-math-question \">Kann ich auf Rust-Skin-Gl\u00fccksspiel-Websites echtes Geld verdienen?<\/h3>\n<div class=\"rank-math-answer \">\n\n<p>Da Rust-Skins echtes Geld wert sind, k\u00f6nnen Sie sie jederzeit gegen Bargeld oder Kryptow\u00e4hrungen eintauschen. Daher k\u00f6nnen Sie auf unseren Rust-Skin-Gl\u00fccksspiel-Websites spielen und echtes Geld verdienen. Denken Sie nur daran, dass Sie nie mehr setzen sollten, als Sie sich leisten k\u00f6nnen zu verlieren.<\/p>\n\n<\/div>\n<\/div>\n<\/div>\n<\/div>","protected":false},"excerpt":{"rendered":"<p>Dank dieser Rangliste k\u00f6nnen Sie exklusive Willkommensboni (kostenlose Skins und Kisten!) in Anspruch nehmen, kostenlose M\u00fcnzen erhalten, Hunderte von Gl\u00fccksspielen spielen, Belohnungen f\u00fcr Ihre Treue erhalten und sich mit anderen Spielern aus Rust messen. Worauf warten Sie noch? Melden Sie sich jetzt bei einer der von uns empfohlenen Rust-Skin-Gl\u00fccksspielseiten an! Wenn Sie mehr erfahren wollen, &#8230; <a title=\"Rust-Gl\u00fccksspiel-Seiten\" class=\"read-more\" href=\"https:\/\/cs2surge.com\/de\/rust-gluecksspiel-seiten\/\" aria-label=\"Mehr Informationen \u00fcber Rust-Gl\u00fccksspiel-Seiten\">Weiterlesen<\/a><\/p>\n","protected":false},"author":36,"featured_media":9494,"parent":0,"menu_order":0,"comment_status":"closed","ping_status":"closed","template":"","meta":{"inline_featured_image":false,"two_page_speed":[],"footnotes":""},"categories":[103],"tags":[],"class_list":{"0":"post-13365","1":"page","2":"type-page","3":"status-publish","4":"has-post-thumbnail","6":"category-rust-gambling-sites-online-de"},"acf":[],"_links":{"self":[{"href":"https:\/\/cs2surge.com\/de\/wp-json\/wp\/v2\/pages\/13365","targetHints":{"allow":["GET"]}}],"collection":[{"href":"https:\/\/cs2surge.com\/de\/wp-json\/wp\/v2\/pages"}],"about":[{"href":"https:\/\/cs2surge.com\/de\/wp-json\/wp\/v2\/types\/page"}],"author":[{"embeddable":true,"href":"https:\/\/cs2surge.com\/de\/wp-json\/wp\/v2\/users\/36"}],"replies":[{"embeddable":true,"href":"https:\/\/cs2surge.com\/de\/wp-json\/wp\/v2\/comments?post=13365"}],"version-history":[{"count":8,"href":"https:\/\/cs2surge.com\/de\/wp-json\/wp\/v2\/pages\/13365\/revisions"}],"predecessor-version":[{"id":13388,"href":"https:\/\/cs2surge.com\/de\/wp-json\/wp\/v2\/pages\/13365\/revisions\/13388"}],"wp:featuredmedia":[{"embeddable":true,"href":"https:\/\/cs2surge.com\/de\/wp-json\/wp\/v2\/media\/9494"}],"wp:attachment":[{"href":"https:\/\/cs2surge.com\/de\/wp-json\/wp\/v2\/media?parent=13365"}],"wp:term":[{"taxonomy":"category","embeddable":true,"href":"https:\/\/cs2surge.com\/de\/wp-json\/wp\/v2\/categories?post=13365"},{"taxonomy":"post_tag","embeddable":true,"href":"https:\/\/cs2surge.com\/de\/wp-json\/wp\/v2\/tags?post=13365"}],"curies":[{"name":"wp","href":"https:\/\/api.w.org\/{rel}","templated":true}]}}