{"id":6759,"date":"2023-05-27T03:59:00","date_gmt":"2023-05-27T03:59:00","guid":{"rendered":"https:\/\/csgoradar.com\/mehr-csgoroll-promo-codes\/"},"modified":"2023-10-11T13:36:06","modified_gmt":"2023-10-11T13:36:06","slug":"mehr-csgoroll-promo-codes","status":"publish","type":"page","link":"https:\/\/cs2surge.com\/de\/mehr-csgoroll-promo-codes\/","title":{"rendered":"CSGORoll-Promo-Code"},"content":{"rendered":"\n<p>CSGORoll ist eine der beliebtesten Plattformen f\u00fcr CSGO Spieler und Zocker da drau\u00dfen, und das ist der Grund, warum wir Ihnen die besten CSGORoll Promo-Code in [y] gebracht haben, und hier haben Sie es: <strong>&#8222;CR100<\/strong>&#8222;.<\/p>\n\n\n\n<p>Wenn Sie lernen wollen, wie man sie benutzt, zus\u00e4tzlich zu den anderen Promo-Codes, Boni und Angebote, die Sie beanspruchen, wenn Sie CSGORoll beitreten, dann seien Sie unser Gast.<\/p>\n\n\n\n<h2 class=\"wp-block-heading\"><span class=\"ez-toc-section\" id=\"CSGORoll_Codes_Sonderangebote_im_Jahr_y\"><\/span>CSGORoll Codes &amp; Sonderangebote im Jahr [y]<span class=\"ez-toc-section-end\"><\/span><\/h2>\n\n\n\n<p>Wenn unsere wichtigsten CSGORoll Promo-Code nicht genug f\u00fcr Sie ist, dann machen Sie sich keine Sorgen, weil wir eine vollst\u00e4ndige Reihe von anderen kostenlosen Codes f\u00fcr Sie zur Verf\u00fcgung haben:<\/p>\n\n\n\n<ul class=\"wp-block-list\"><li><strong>CR100<\/strong> (3+ Gratis-F\u00e4lle + 5% Einzahlungsbonus)<\/li><li><strong>CR30<\/strong>(3+ Gratis-F\u00e4lle + 5% Einzahlungsbonus)<\/li><li><strong>CSGORDR<\/strong> (1 kostenloser Fall)<\/li><li><strong>RADR5<\/strong> (Gratis $0,50 M\u00fcnze)<\/li><li><strong>UKCSGO<\/strong> (T\u00e4gliche Freispiele &amp; Einzahlungsbonus)<\/li><\/ul>\n\n\n\n<p>Mit den vielen kostenlosen M\u00fcnzen, Skins und Cases, die dir zur Verf\u00fcgung stehen, hast du jetzt eine ganze Reihe von Gr\u00fcnden, CSGORoll treu zu bleiben.<\/p>\n\n\n\n<h2 class=\"wp-block-heading\"><span class=\"ez-toc-section\" id=\"Wie_Sie_unseren_CSGORoll_Promo-Code_eingeben_und_beanspruchen\"><\/span>Wie Sie unseren CSGORoll Promo-Code eingeben und beanspruchen<span class=\"ez-toc-section-end\"><\/span><\/h2>\n\n\n\n<figure class=\"wp-block-image size-large\"><img loading=\"lazy\" decoding=\"async\" width=\"1024\" height=\"327\" src=\"https:\/\/cs2surge.com\/wp-content\/uploads\/2021\/12\/csgoroll-enter-your-promo-code-1024x327.png\" alt=\"CSGORoll-Code\" class=\"wp-image-2401\" srcset=\"https:\/\/cs2surge.com\/wp-content\/uploads\/2021\/12\/csgoroll-enter-your-promo-code-1024x327.png 1024w, https:\/\/cs2surge.com\/wp-content\/uploads\/2021\/12\/csgoroll-enter-your-promo-code-300x96.png 300w, https:\/\/cs2surge.com\/wp-content\/uploads\/2021\/12\/csgoroll-enter-your-promo-code-768x245.png 768w, https:\/\/cs2surge.com\/wp-content\/uploads\/2021\/12\/csgoroll-enter-your-promo-code-1536x491.png 1536w, https:\/\/cs2surge.com\/wp-content\/uploads\/2021\/12\/csgoroll-enter-your-promo-code-2048x654.png 2048w\" sizes=\"auto, (max-width: 1024px) 100vw, 1024px\" \/><\/figure>\n\n\n\n<p>Das Verfahren ist ziemlich einfach und kann in nur 5 Schritten durchgef\u00fchrt werden &#8211; so geht&#8217;s:<\/p>\n\n\n\n<ol class=\"wp-block-list\"><li>Erstellen und aktivieren Sie Ihr Konto auf der CSGORoll-Website<\/li><li>Klicken Sie auf die Registerkarte &#8222;Belohnungen&#8220;.<\/li><li>Geben Sie den Promo-Code <strong>&#8222;CR100&#8220;<\/strong> in das Pop-up-Feld ein.<\/li><li>Klicken Sie auf &#8222;Claim&#8220;, um das gew\u00fcnschte Angebot oder den Bonus zu erhalten<\/li><li>Genie\u00dfen Sie Ihren exklusiven Bonus!<\/li><\/ol>\n\n\n\n<p>Dies ist der gleiche Prozess f\u00fcr alle Promo-Codes, die Sie auf unserer Website finden k\u00f6nnen. Sollten Sie weitere Unterst\u00fctzung ben\u00f6tigen, z\u00f6gern Sie nicht, uns zu kontaktieren.<\/p>\n\n\n\n<h2 class=\"wp-block-heading\"><span class=\"ez-toc-section\" id=\"VIP-Aktionen_Spieler-Muenzen-Belohnungen\"><\/span>VIP-Aktionen &amp; Spieler-M\u00fcnzen-Belohnungen  <span class=\"ez-toc-section-end\"><\/span><\/h2>\n\n\n\n<p>CSGORoll verf\u00fcgt nicht \u00fcber ein kasino\u00e4hnliches VIP-System. Stattdessen werden best\u00e4ndige Spieler auf der Grundlage der auf der Plattform verbrachten Zeit belohnt. Je mehr Sie spielen, desto mehr k\u00f6nnen Sie aufsteigen, um in den Genuss t\u00e4glicher Freispiel-Aktionen zu kommen.<\/p>\n\n\n\n<p>Vielmehr bietet die Website ein Affiliate-System, bei dem die Nutzer einen eindeutigen Empfehlungscode an andere Personen weitergeben k\u00f6nnen. Jeder Code belohnt neue Nutzer mit der Chance, drei Kisten kostenlos zu \u00f6ffnen. Der Provisionssatz betr\u00e4gt bis zu 50 %.  <\/p>\n\n\n\n<p>Die aktivsten Spieler werden auch mit Edelsteinen belohnt, der besonderen Form der W\u00e4hrung, die bei CSGORoll verf\u00fcgbar ist. Mit Edelsteinen k\u00f6nnen Sie spezielle Kisten \u00f6ffnen, um hochwertige CS:GO-Skins zu gewinnen. Um Edelsteine zu gewinnen, m\u00fcssen Sie eine bestimmte Anzahl von M\u00fcnzen wie folgt setzen:<\/p>\n\n\n\n<ul class=\"wp-block-list\"><li>0,05% Chance auf 1 Edelstein, wenn Sie 0,01 M\u00fcnzen setzen<\/li><li>5% Chance, 1 Edelstein zu gewinnen, wenn Sie 1 M\u00fcnze setzen<\/li><li>50% Gewinnchance auf 1 Edelstein, wenn Sie 10 M\u00fcnzen setzen<\/li><li>50% Chance auf 2 Edelsteine, wenn Sie 20 M\u00fcnzen setzen<\/li><li>50% Chance auf 1000 Edelsteine, wenn Sie 1000 M\u00fcnzen setzen<\/li><\/ul>\n\n\n\n<p>Bitte beachten Sie, dass Edelsteine nicht fraktioniert werden k\u00f6nnen. Wenn Sie sich also entscheiden, nur 19 M\u00fcnzen zu setzen, haben Sie eine 50%ige Chance, 1 Edelstein zu erhalten. Das System rundet die Anzahl der Edelsteine immer ab, d.h. die Spieler k\u00f6nnen z.B. nicht 1,5 Edelsteine erhalten.<\/p>\n\n\n\n<h2 class=\"wp-block-heading\"><span class=\"ez-toc-section\" id=\"Kostenlose_Muenzen_und_Skins_auf_CSGORoll_verwenden\"><\/span>Kostenlose M\u00fcnzen und Skins auf CSGORoll verwenden<span class=\"ez-toc-section-end\"><\/span><\/h2>\n\n\n\n<p>Sie k\u00f6nnen die f\u00fcr <a href=\"https:\/\/cs2surge.com\/de\/\" data-type=\"page\" data-id=\"8\">CS:GO-Gl\u00fccksspielseiten<\/a> typische Standardfunktion zur Faller\u00f6ffnung verwenden, aber der Katalog der Website bietet auch:<\/p>\n\n\n\n<ul class=\"wp-block-list\"><li>CS:GO Roulette (Rolle)<\/li><li>CS:GO-Absturz<\/li><li>Plinko<\/li><li>W\u00fcrfel (plus die speziellen &#8222;W\u00fcrfelduelle&#8220;)<\/li><\/ul>\n\n\n\n<p>Die Spieler k\u00f6nnen sich mit der Funktion &#8222;Case Battles&#8220; duellieren, um gro\u00dfe Gewinne zu erzielen, die auch Coinflip-Matches beinhalten. Der Mindesteinzahlungsbetrag betr\u00e4gt $5, den die Spieler in M\u00fcnzen umtauschen k\u00f6nnen.<\/p>\n\n\n\n<p>Das M\u00fcnztauschsystem der Website ist nicht das beste der Welt, wenn man bedenkt, dass eine einzelne M\u00fcnze $0,7 kostet. Idealerweise w\u00e4re das Verh\u00e4ltnis zwischen M\u00fcnzen und Fonds 1:1, wobei eine M\u00fcnze 1 $ entspricht. Andernfalls ist es m\u00f6glicherweise nicht gut f\u00fcr ein gesundes Gl\u00fccksspiel.<\/p>\n\n\n\n<h2 class=\"wp-block-heading\"><span class=\"ez-toc-section\" id=\"Ziehen_Sie_Ihre_Gewinne_mit_dem_CSGORoll_Promo_Code_ab\"><\/span>Ziehen Sie Ihre Gewinne mit dem CSGORoll Promo Code ab<span class=\"ez-toc-section-end\"><\/span><\/h2>\n\n\n\n<p>Hier finden Sie die verf\u00fcgbaren Ein- und Auszahlungsmethoden, damit Sie alle Gewinne, die Sie dank des CSGORoll-Gratiscodes gewonnen haben, auszahlen k\u00f6nnen:<\/p>\n\n\n\n<ul class=\"wp-block-list\"><li>Kreditkarten (Visa, Mastercard)<\/li><li>CSGO Skins (Steam)<\/li><li>Vertrauensvoll<\/li><li>Kryptow\u00e4hrung (BTC, ETH, LTC, BCH, DOGE, USDT, XRP)  <\/li><li>PayPal  <\/li><li>Skrill<\/li><li>Neteller<\/li><\/ul>\n\n\n\n<p>F\u00fcr den Entzug der Haut kann man sich auf Steam verlassen. Derzeit gilt auf der Website ein t\u00e4gliches Limit von 1000 M\u00fcnzen \u00fcber dem Wert der t\u00e4glichen Einzahlung des Spielers f\u00fcr Auszahlungen.<\/p>\n\n\n\n<h2 class=\"wp-block-heading\"><span class=\"ez-toc-section\" id=\"Laufende_Gratis-Fall-Aktionen\"><\/span>Laufende Gratis-Fall-Aktionen<span class=\"ez-toc-section-end\"><\/span><\/h2>\n\n\n\n<p>CSGORoll bietet kostenlose Fallpromotions in zwei verschiedenen Szenarien an:<\/p>\n\n\n\n<ul class=\"wp-block-list\"><li>bei Werbeaktionen von Sponsoren, oder<\/li><li>Belohnung von Kunden f\u00fcr die Einzahlung von Geldern auf der Plattform<\/li><\/ul>\n\n\n\n<p>\u00c4hnlich wie andere <a href=\"https:\/\/cs2surge.com\/csgo-roulette-sites\/\" data-type=\"page\" data-id=\"39\">CS:GO-Rouletteseiten<\/a> nutzen sie ihre Social-Media-Kan\u00e4le, um die Benutzer \u00fcber Werbeaktionen und Bonus-Updates zu informieren. Wenn Sie auf dem Laufenden bleiben wollen, sollten Sie dem Twitter-Profil von CSGORoll folgen.<\/p>\n\n\n\n<p>Die Website hat eine strikte Politik gegen die Frage nach Promo-Codes im Chat. Wenn ein Benutzer versehentlich im Chat der Community nach einem kostenlosen Code fragt, wird die Chat-Erlaubnis dieses Benutzers durch die CSGORoll-Richtlinie vor\u00fcbergehend aufgehoben.<\/p>\n\n\n\n<h3 class=\"wp-block-heading\">H\u00e4ufig beanspruchte freie F\u00e4lle<\/h3>\n\n\n\n<p>Sobald Sie sich ordnungsgem\u00e4\u00df registriert haben, k\u00f6nnen Sie t\u00e4glich Freispiele in Anspruch nehmen, wenn Sie regelm\u00e4\u00dfig spielen. Ihre Stufe steigt, je l\u00e4nger Sie spielen. Je mehr Sie Ihr Konto aufstocken, desto mehr Chancen haben Sie, Pr\u00e4mien zu erhalten.<\/p>\n\n\n\n<h3 class=\"wp-block-heading\">W\u00f6chentliche Giveaways<\/h3>\n\n\n\n<p>Ein weiteres exklusives Feature ist die M\u00f6glichkeit, w\u00f6chentlich 10.000 $ zu gewinnen, indem man t\u00e4glich F\u00e4lle \u00f6ffnet, die spezielle Jackpot-Tickets gew\u00e4hren. Jedes Mal, wenn Sie eine Kiste \u00f6ffnen, haben Sie die Chance, 5 bis 10 Lose zu gewinnen (wenn Sie innerhalb der letzten Woche Geld auf der Plattform eingezahlt haben).<\/p>\n\n\n\n<p>Wenn Sie innerhalb der letzten Woche kein Geld auf die Plattform eingezahlt haben, haben Sie bei der t\u00e4glichen Faller\u00f6ffnung eine 10%ige Chance, ein einziges Tageslos zu erhalten. Je mehr Lose Sie sammeln, desto gr\u00f6\u00dfer sind Ihre Chancen auf einen Gewinn von 10.000 Dollar.<\/p>\n\n\n\n<h2 class=\"wp-block-heading\"><span class=\"ez-toc-section\" id=\"Wie_serioes_sind_CSGORoll_Promo-Codes\"><\/span>Wie seri\u00f6s sind CSGORoll Promo-Codes?<span class=\"ez-toc-section-end\"><\/span><\/h2>\n\n\n\n<p>CSGORoll ist Eigentum von Feral Entertainment Limited, einer ordnungsgem\u00e4\u00df registrierten Gesellschaft mit Sitz in Zypern. Die Website verf\u00fcgt \u00fcber eine aktive Gl\u00fccksspiellizenz, die ihre Legitimit\u00e4t seit Jahren beweist.<\/p>\n\n\n\n<p>Alle Spiele sind nachweislich fair, so dass es den Spielern freisteht, die Echtheit der Ergebnisse zu \u00fcberpr\u00fcfen. Mit einem nachweislich fairen Hash-System werden alle Wetten nicht durch Eingriffe der Website, Dritter oder anderer Personen beeinflusst, was die Zuf\u00e4lligkeit der Ergebnisse garantiert.<\/p>\n\n\n\n<p>K\u00fcrzlich hat sich CSGORoll mit einflussreichen CS:GO-Pers\u00f6nlichkeiten wie Mrtweeday und juicyCSGO zusammengetan. Es steht Ihnen frei, mit dem Team von CSGORoll \u00fcber seine Social-Media-Kan\u00e4le zu kommunizieren, insbesondere \u00fcber Twitter.<\/p>\n\n\n\n<h2 class=\"wp-block-heading\"><span class=\"ez-toc-section\" id=\"CSGORoll_Free_Code_Zusammenfassung\"><\/span>CSGORoll Free Code Zusammenfassung<span class=\"ez-toc-section-end\"><\/span><\/h2>\n\n\n\n<p>Der CSGORoll-Gratiscode ist sehr wertvoll, vor allem, weil er es Ihnen erm\u00f6glicht, kostenlos und somit ohne Risiko zu starten. Ob kostenlose M\u00fcnzen, Cases oder Skins, der CSGO Promotion Code \u00f6ffnet Ihnen die T\u00fcren zu diesen unglaublichen Aktionen.<\/p>\n\n\n\n<p>Dar\u00fcber hinaus, wenn man bedenkt, wie einfach es ist, den Promo-Code zu behaupten, auch wenn Sie ein totaler Neuling in CSGO Gl\u00fccksspiel sind, werden Sie in der Lage sein, es in nur 5 Schritten zu tun, wie wir es oben gezeigt haben.<\/p>\n\n\n\n<h2 class=\"wp-block-heading\"><span class=\"ez-toc-section\" id=\"Haeufig_Gestellte_Fragen\"><\/span>H\u00e4ufig Gestellte Fragen<span class=\"ez-toc-section-end\"><\/span><\/h2>\n\n\n\n<p>Wenn Sie noch Fragen \u00fcber den CSGORoll Promo-Code haben, dann ist dieser Abschnitt f\u00fcr Sie geeignet. Wenn Sie weitere Unterst\u00fctzung ben\u00f6tigen, ist unser Team nur eine E-Mail entfernt &#8211; kontaktieren Sie uns und wir helfen Ihnen gerne weiter.<\/p>\n\n\n<div id=\"rank-math-faq\" class=\"rank-math-block\">\n<div class=\"rank-math-list \">\n<div id=\"faq-question-1655747326160\" class=\"rank-math-list-item\">\n<h3 class=\"rank-math-question \">Ist der CSGORoll Promo-Code echt?<\/h3>\n<div class=\"rank-math-answer \">\n\n<p>Ja, unsere CSGORoll Promo-Codes sind echt, weil sie getestet wurden, um zu funktionieren. Au\u00dferdem ist CSGORoll als Website nachweislich fair und lizenziert, was bedeutet, dass die Plattform auch vertrauensw\u00fcrdig ist.  <\/p>\n\n<\/div>\n<\/div>\n<div id=\"faq-question-1655747330767\" class=\"rank-math-list-item\">\n<h3 class=\"rank-math-question \">K\u00f6nnen Sie den CSGORoll Promo-Code f\u00fcr alle Gl\u00fccksspiele verwenden?<\/h3>\n<div class=\"rank-math-answer \">\n\n<p>Nein, mit dem CSGORoll Promo-Code k\u00f6nnen Sie ihn nur f\u00fcr bestimmte Spiele wie CSGO Crash, CSGO Roulette und <a href=\"https:\/\/cs2surge.com\/de\/csgo-wuerfeln\/\">CSGO Dice<\/a> verwenden. Spiele wie M\u00fcnzwerfen und \u00c4hnliches sind m\u00f6glicherweise nicht verf\u00fcgbar.<\/p>\n\n<\/div>\n<\/div>\n<div id=\"faq-question-1655747341888\" class=\"rank-math-list-item\">\n<h3 class=\"rank-math-question \">Wie oft k\u00f6nnen Sie den CSGORoll Gutscheincode verwenden?<\/h3>\n<div class=\"rank-math-answer \">\n\n<p>Sie k\u00f6nnen unseren empfohlenen CSGORoll-Gratiscode einmal pro Woche einl\u00f6sen, so dass Sie sich regelm\u00e4\u00dfig mit kostenlosen M\u00fcnzen, Koffern und Skins eindecken k\u00f6nnen.<\/p>\n\n<\/div>\n<\/div>\n<div id=\"faq-question-1657889524627\" class=\"rank-math-list-item\">\n<h3 class=\"rank-math-question \">Was ist der CSGORoll Promo-Code?<\/h3>\n<div class=\"rank-math-answer \">\n\n<p>Der CSGORoll Promo-Code f\u00fcr [m] [y] lautet &#8222;CR100&#8220; &#8211; und bringt Ihnen 3 Freikoffer + einen 5% Einzahlungsbonus gratis!  <\/p>\n\n<\/div>\n<\/div>\n<\/div>\n<\/div>","protected":false},"excerpt":{"rendered":"<p>CSGORoll ist eine der beliebtesten Plattformen f\u00fcr CSGO Spieler und Zocker da drau\u00dfen, und das ist der Grund, warum wir Ihnen die besten CSGORoll Promo-Code in [y] gebracht haben, und hier haben Sie es: &#8222;CR100&#8222;. Wenn Sie lernen wollen, wie man sie benutzt, zus\u00e4tzlich zu den anderen Promo-Codes, Boni und Angebote, die Sie beanspruchen, wenn &#8230; <a title=\"CSGORoll-Promo-Code\" class=\"read-more\" href=\"https:\/\/cs2surge.com\/de\/mehr-csgoroll-promo-codes\/\" aria-label=\"Mehr Informationen \u00fcber CSGORoll-Promo-Code\">Weiterlesen<\/a><\/p>\n","protected":false},"author":36,"featured_media":5433,"parent":0,"menu_order":0,"comment_status":"closed","ping_status":"closed","template":"","meta":{"inline_featured_image":false,"two_page_speed":[],"footnotes":""},"categories":[],"tags":[],"class_list":["post-6759","page","type-page","status-publish","has-post-thumbnail"],"acf":[],"_links":{"self":[{"href":"https:\/\/cs2surge.com\/de\/wp-json\/wp\/v2\/pages\/6759","targetHints":{"allow":["GET"]}}],"collection":[{"href":"https:\/\/cs2surge.com\/de\/wp-json\/wp\/v2\/pages"}],"about":[{"href":"https:\/\/cs2surge.com\/de\/wp-json\/wp\/v2\/types\/page"}],"author":[{"embeddable":true,"href":"https:\/\/cs2surge.com\/de\/wp-json\/wp\/v2\/users\/36"}],"replies":[{"embeddable":true,"href":"https:\/\/cs2surge.com\/de\/wp-json\/wp\/v2\/comments?post=6759"}],"version-history":[{"count":12,"href":"https:\/\/cs2surge.com\/de\/wp-json\/wp\/v2\/pages\/6759\/revisions"}],"predecessor-version":[{"id":23932,"href":"https:\/\/cs2surge.com\/de\/wp-json\/wp\/v2\/pages\/6759\/revisions\/23932"}],"wp:featuredmedia":[{"embeddable":true,"href":"https:\/\/cs2surge.com\/de\/wp-json\/wp\/v2\/media\/5433"}],"wp:attachment":[{"href":"https:\/\/cs2surge.com\/de\/wp-json\/wp\/v2\/media?parent=6759"}],"wp:term":[{"taxonomy":"category","embeddable":true,"href":"https:\/\/cs2surge.com\/de\/wp-json\/wp\/v2\/categories?post=6759"},{"taxonomy":"post_tag","embeddable":true,"href":"https:\/\/cs2surge.com\/de\/wp-json\/wp\/v2\/tags?post=6759"}],"curies":[{"name":"wp","href":"https:\/\/api.w.org\/{rel}","templated":true}]}}