{"id":6786,"date":"2023-05-22T06:52:00","date_gmt":"2023-05-22T06:52:00","guid":{"rendered":"https:\/\/csgoradar.com\/csgoempire-neueste-und-beste-codes\/"},"modified":"2023-10-11T13:32:51","modified_gmt":"2023-10-11T13:32:51","slug":"csgoempire-codes","status":"publish","type":"page","link":"https:\/\/cs2surge.com\/de\/csgoempire-codes\/","title":{"rendered":"CSGOEmpire Neueste und beste Codes"},"content":{"rendered":"\n<p>Es gibt im Moment eine begrenzte Anzahl wertvoller Codes bei CSGOEmpire, wir haben ein paar Codes zusammengestellt, die wir f\u00fcr CSGOEmpire gefunden haben, damit Sie es nicht tun m\u00fcssen. Schauen Sie unten nach, um alle Codes zu durchsuchen. <\/p>\n\n\n\n<ul class=\"wp-block-list\"><li>ES100<\/li><li>Top100-Liste<\/li><li>CR10<\/li><li>TOPSGOe<\/li><\/ul>\n\n\n\n<p>Alle oben genannten Punkte funktionieren derzeit auf CSGOEmpire und Sie k\u00f6nnen CSGO-Skins und Auszeichnungen im Wert von 0,40 $ bis 1447 $ auf CSGOEmpire gewinnen. <\/p>\n\n\n\n<h2 class=\"wp-block-heading\"><span class=\"ez-toc-section\" id=\"CSGOEmpire-Aktionen_fuer_bestehende_Spieler\"><\/span>CSGOEmpire-Aktionen f\u00fcr bestehende Spieler <span class=\"ez-toc-section-end\"><\/span><\/h2>\n\n\n\n<p>Jeder liebt Boni und CSGOEmpire bietet verschiedene laufende Aktionen f\u00fcr Interessierte an. Sie k\u00f6nnen t\u00e4glich kostenlose Cases von CSGOEmpire einsacken und kostenlose Cases im Wert von weit \u00fcber 1.000 $ gewinnen, die Sie verwenden k\u00f6nnen, um Wetten zu platzieren oder alternativ sofort auf Ihr Steam-Konto abzuheben. <\/p>\n\n\n\n<p>F\u00fcr viele bestehende Kunden k\u00f6nnen Sie auch einige fantastische Codes von der Twitter-Seite von CSGOEmpire abrufen, die Ihnen t\u00e4glich einige kostenlose F\u00e4lle und auch Auszahlungs-Boosts einbringen k\u00f6nnen. <\/p>\n\n\n\n<div class=\"wp-block-image\"><figure class=\"aligncenter size-large is-resized\"><img loading=\"lazy\" decoding=\"async\" src=\"https:\/\/cs2surge.com\/wp-content\/uploads\/2021\/07\/CSGOEmpire-ongoing-promotion-free-case-1024x289.png\" alt=\"\" class=\"wp-image-1214\" width=\"1021\" height=\"287\" srcset=\"https:\/\/cs2surge.com\/wp-content\/uploads\/2021\/07\/CSGOEmpire-ongoing-promotion-free-case-1024x289.png 1024w, https:\/\/cs2surge.com\/wp-content\/uploads\/2021\/07\/CSGOEmpire-ongoing-promotion-free-case-300x85.png 300w, https:\/\/cs2surge.com\/wp-content\/uploads\/2021\/07\/CSGOEmpire-ongoing-promotion-free-case-768x217.png 768w, https:\/\/cs2surge.com\/wp-content\/uploads\/2021\/07\/CSGOEmpire-ongoing-promotion-free-case-1536x434.png 1536w, https:\/\/cs2surge.com\/wp-content\/uploads\/2021\/07\/CSGOEmpire-ongoing-promotion-free-case-2048x578.png 2048w\" sizes=\"auto, (max-width: 1021px) 100vw, 1021px\" \/><\/figure><\/div>\n\n\n\n<p>Wir empfehlen au\u00dferdem, f\u00fcr alle Bestandskunden nach t\u00e4glichen, w\u00f6chentlichen und monatlichen Werbeaktionen zu suchen, die von fortlaufenden Boosts bis hin zu aktualisierten kostenlosen F\u00e4llen reichen k\u00f6nnen. <\/p>\n\n\n\n<h2 class=\"wp-block-heading\"><span class=\"ez-toc-section\" id=\"Sind_die_Codes_und_Faelle_von_CSGOEmpire_legitim\"><\/span>Sind die Codes und F\u00e4lle von CSGOEmpire legitim?<span class=\"ez-toc-section-end\"><\/span><\/h2>\n\n\n\n<p>Viele sehen die csgo-Gl\u00fccksspielszene als einen zwielichtigen und unregulierten Ort und sind skeptisch, aber wir haben auf Reddit und in popul\u00e4ren Foren nach Betr\u00fcgereien oder irgendetwas gesucht, das darauf hindeuten w\u00fcrde, dass CSGOEmpire zwielichtig oder nicht vertrauensw\u00fcrdig ist. <\/p>\n\n\n\n<p>Wir haben auch ein paar negative Bewertungen bemerkt, aber CSGOEmpire hat diese eindeutig behoben. Alles in allem haben wir CSGOEmpire anhand unserer strengen Forschungskriterien als v\u00f6llig legitim befunden. <\/p>\n\n\n\n<h2 class=\"wp-block-heading\"><span class=\"ez-toc-section\" id=\"Wie_oft_koennen_Sie_den_kostenlosen_CSGOEmpire-Code_beanspruchen\"><\/span>Wie oft k\u00f6nnen Sie den kostenlosen CSGOEmpire-Code beanspruchen?<span class=\"ez-toc-section-end\"><\/span><\/h2>\n\n\n\n<p>CSGOEmpire bietet Spielern an, unseren Code einmal alle 24 Stunden zu verwenden, stellen Sie jedoch sicher, dass Sie ihn t\u00e4glich verwenden, um das Beste aus dem Code herauszuholen, und kann f\u00fcr alle ihre Spiele wie Coinflip oder sogar Match-Wetten verwendet werden. Wir empfehlen, CSGOEmpire mit anderen zu vergleichen <a href=\"https:\/\/cs2surge.com\/de\/csgo-coinflip-seiten\/\" data-type=\"page\">Empfohlene CSGO-Coinflip-Sites<\/a> , auf denen sich CSGOEmpire befindet. <\/p>\n\n\n\n<p>Wie Sie unten sehen k\u00f6nnen, ist die Aktivierung des Codes einfach, gehen Sie einfach zum Abschnitt \u201eFree Case\u201c und geben Sie \u201eES100\u201c ein. Sie k\u00f6nnen immer noch einen Fall beanspruchen, ohne an diesem Tag spielen zu m\u00fcssen, also stellen Sie sicher, dass Sie ihn beanspruchen, auch wenn Sie nicht spielen. <\/p>\n\n\n\n<p>Wie Sie wissen, ist dies eine fantastische M\u00f6glichkeit, neue Skins zu erhalten, ohne in Ihr Portemonnaie einzahlen zu m\u00fcssen. Nutzen Sie diese Aktion jetzt! <\/p>\n\n\n\n<h2 class=\"wp-block-heading\"><span class=\"ez-toc-section\" id=\"Aktivierung_des_CSGOEmpire-Codes\"><\/span>Aktivierung des CSGOEmpire-Codes<span class=\"ez-toc-section-end\"><\/span><\/h2>\n\n\n\n<div class=\"wp-block-image\"><figure class=\"aligncenter size-large\"><img loading=\"lazy\" decoding=\"async\" width=\"1024\" height=\"267\" src=\"https:\/\/cs2surge.com\/wp-content\/uploads\/2021\/05\/csgoradar-free-code-case-1024x267.png\" alt=\"Kostenloser CSGOEmpire-Code und Promo-Code\n\" class=\"wp-image-222\" srcset=\"https:\/\/cs2surge.com\/wp-content\/uploads\/2021\/05\/csgoradar-free-code-case-1024x267.png 1024w, https:\/\/cs2surge.com\/wp-content\/uploads\/2021\/05\/csgoradar-free-code-case-300x78.png 300w, https:\/\/cs2surge.com\/wp-content\/uploads\/2021\/05\/csgoradar-free-code-case-768x201.png 768w, https:\/\/cs2surge.com\/wp-content\/uploads\/2021\/05\/csgoradar-free-code-case-1536x401.png 1536w, https:\/\/cs2surge.com\/wp-content\/uploads\/2021\/05\/csgoradar-free-code-case-2048x535.png 2048w, https:\/\/cs2surge.com\/wp-content\/uploads\/2021\/05\/csgoradar-free-code-case-1200x313.png 1200w, https:\/\/cs2surge.com\/wp-content\/uploads\/2021\/05\/csgoradar-free-code-case-1980x517.png 1980w\" sizes=\"auto, (max-width: 1024px) 100vw, 1024px\" \/><\/figure><\/div>\n\n\n\n<p>Wir haben oben kurz erw\u00e4hnt, wie Sie den CSGOEmpire-Code aktivieren, es ist ziemlich einfach, dies zu tun. Alles, was Sie tun m\u00fcssen, ist zum Abschnitt \u201eFree Case\u201c oben auf der Website zu gehen, den <strong>kostenlosen Code \u201eES100\u201c einzugeben<\/strong> und auf \u201eBest\u00e4tigen\u201c zu klicken, dann zu drehen und Sie k\u00f6nnen alles zwischen 0,40 $ und 1447 $ gewinnen.<\/p>\n\n\n\n<p>Scrollen Sie nach oben und werfen Sie einen Blick auf unseren Code und die Codes, die auf CSGOEmpire verwendet werden k\u00f6nnen. <\/p>\n\n\n\n<h2 class=\"wp-block-heading\"><span class=\"ez-toc-section\" id=\"CSGOEmpire-Code-Alternativen\"><\/span>CSGOEmpire-Code-Alternativen<span class=\"ez-toc-section-end\"><\/span><\/h2>\n\n\n\n<p>CSGOEmpire ist eine der besten csgo-Gl\u00fccksspielseiten, die es gibt, mit fantastischen Aktionscodes, einer gro\u00dfen Auswahl an Spielen, gro\u00dfartigem Support, allen Spielen im Spielwettenbereich und vielen anderen Funktionen, aber der gr\u00f6\u00dfte Vorteil ist ihr kostenloser Code, der v\u00f6llig kostenlos ist und einfach zu bedienen. <\/p>\n\n\n\n<p>CSGOFast, Gamdom, WtfSkins und CSGO500 sind alles gro\u00dfartige Codes, die Sie verwenden k\u00f6nnen, und haben \u00e4hnliche Funktionen wie den t\u00e4glichen Gebrauch, wie CSGOEmpire. <\/p>\n\n\n\n<h2 class=\"wp-block-heading\"><span class=\"ez-toc-section\" id=\"Finale_Gedanken_zu_den_kostenlosen_Codes_von_CSGOEmpire\"><\/span>Finale Gedanken zu den kostenlosen Codes von CSGOEmpire<span class=\"ez-toc-section-end\"><\/span><\/h2>\n\n\n\n<p>M\u00f6chten Sie einen kostenlosen Fall, um sich einen Vorsprung bei CSGOEmpire zu verschaffen? Dann k\u00f6nnen Sie mit unserem Code CSGO-Skins oder -M\u00fcnzen im Wert von $0,40 bis $1447 v\u00f6llig kostenlos erhalten und von Ihrem Konto abgehoben oder einfach zum Platzieren von Wetten verwendet werden.<\/p>\n\n\n\n<p>Wie wir schon oft erw\u00e4hnt haben, ist die Beanspruchung dieses Codes einfach und f\u00fcr Ihr CSGO-Punting-Erlebnis von gro\u00dfem Vorteil, und Sie k\u00f6nnen leicht davon profitieren, wenn Sie Spiele wie Spielautomaten oder klassisches Blackjack spielen. <\/p>\n\n\n\n<h3 class=\"wp-block-heading\">H\u00e4ufig gestellte Fragen zu CSGOEmpire-Codes<\/h3>\n\n\n<div id=\"rank-math-faq\" class=\"rank-math-block\">\n<div class=\"rank-math-list \">\n<div id=\"faq-question-1650898595877\" class=\"rank-math-list-item\">\n<h3 class=\"rank-math-question \"><strong>Hat CSGOEmpire kostenlose Promo-Codes?<\/strong><\/h3>\n<div class=\"rank-math-answer \">\n\n<p><em>Ja! Alle CSGOEmpire, sowohl neue als auch bestehende Kunden, k\u00f6nnen den Code <strong>\u201eES100\u201c<\/strong> verwenden, um eine kostenlose H\u00fclle im Wert von 0,40 $ bis 1447 $ zu erhalten. Es gibt keine allgemeinen Gesch\u00e4ftsbedingungen f\u00fcr diesen Code, also gehen Sie einfach zum Abschnitt \u201eKostenloser Fall\u201c.<\/em><\/p>\n\n<\/div>\n<\/div>\n<div id=\"faq-question-1650898623046\" class=\"rank-math-list-item\">\n<h3 class=\"rank-math-question \"><strong>Welche Zahlungsmethoden unterst\u00fctzt CSGOEmpire?<\/strong><\/h3>\n<div class=\"rank-math-answer \">\n\n<p><em>Die meisten CSGO-Gl\u00fccksspielplattformen verwenden Kryptow\u00e4hrungen anstelle der am h\u00e4ufigsten verwendeten eWallets wie PayPal. Hier geht es oft um Sicherheit und darum, einige der Vorschriften rund um das Gl\u00fccksspiel zu umgehen. Wir haben diese Zahlungsmethoden ausprobiert und sie funktionieren perfekt. <\/em><\/p>\n\n<\/div>\n<\/div>\n<div id=\"faq-question-1650898623905\" class=\"rank-math-list-item\">\n<h3 class=\"rank-math-question \"><strong>Was ist der Bonuscode f\u00fcr CSGOEmpire? <\/strong><\/h3>\n<div class=\"rank-math-answer \">\n\n<p><em>Der exklusive Bonuscode f\u00fcr CSGOEmpire lautet \u201eES100\u201c und gibt Ihnen t\u00e4glich Skins im Wert von $0,40 bis $1447. Fordern Sie diesen fantastischen Code unbedingt an, damit Sie ihn problemlos verwenden und nutzen k\u00f6nnen. <\/em><\/p>\n\n<\/div>\n<\/div>\n<div id=\"faq-question-1650898624949\" class=\"rank-math-list-item\">\n<h3 class=\"rank-math-question \"><strong>Geld verdienen mit CSGOEmpire<\/strong><\/h3>\n<div class=\"rank-math-answer \">\n\n<p><em>Offensichtlich gibt es beim Gl\u00fccksspiel keine solide Strategie, um ein solides Einkommen zu erzielen, aber es gibt viele Strategien, um dem nahe zu kommen. Es gibt diese Strategien online auf Plattformen wie YouTube. <\/em><\/p>\n\n<\/div>\n<\/div>\n<\/div>\n<\/div>","protected":false},"excerpt":{"rendered":"<p>Es gibt im Moment eine begrenzte Anzahl wertvoller Codes bei CSGOEmpire, wir haben ein paar Codes zusammengestellt, die wir f\u00fcr CSGOEmpire gefunden haben, damit Sie es nicht tun m\u00fcssen. Schauen Sie unten nach, um alle Codes zu durchsuchen. ES100 Top100-Liste CR10 TOPSGOe Alle oben genannten Punkte funktionieren derzeit auf CSGOEmpire und Sie k\u00f6nnen CSGO-Skins und &#8230; <a title=\"CSGOEmpire Neueste und beste Codes\" class=\"read-more\" href=\"https:\/\/cs2surge.com\/de\/csgoempire-codes\/\" aria-label=\"Mehr Informationen \u00fcber CSGOEmpire Neueste und beste Codes\">Weiterlesen<\/a><\/p>\n","protected":false},"author":36,"featured_media":5873,"parent":0,"menu_order":0,"comment_status":"closed","ping_status":"closed","template":"","meta":{"inline_featured_image":false,"two_page_speed":[],"footnotes":""},"categories":[],"tags":[],"class_list":["post-6786","page","type-page","status-publish","has-post-thumbnail"],"acf":[],"_links":{"self":[{"href":"https:\/\/cs2surge.com\/de\/wp-json\/wp\/v2\/pages\/6786","targetHints":{"allow":["GET"]}}],"collection":[{"href":"https:\/\/cs2surge.com\/de\/wp-json\/wp\/v2\/pages"}],"about":[{"href":"https:\/\/cs2surge.com\/de\/wp-json\/wp\/v2\/types\/page"}],"author":[{"embeddable":true,"href":"https:\/\/cs2surge.com\/de\/wp-json\/wp\/v2\/users\/36"}],"replies":[{"embeddable":true,"href":"https:\/\/cs2surge.com\/de\/wp-json\/wp\/v2\/comments?post=6786"}],"version-history":[{"count":9,"href":"https:\/\/cs2surge.com\/de\/wp-json\/wp\/v2\/pages\/6786\/revisions"}],"predecessor-version":[{"id":23930,"href":"https:\/\/cs2surge.com\/de\/wp-json\/wp\/v2\/pages\/6786\/revisions\/23930"}],"wp:featuredmedia":[{"embeddable":true,"href":"https:\/\/cs2surge.com\/de\/wp-json\/wp\/v2\/media\/5873"}],"wp:attachment":[{"href":"https:\/\/cs2surge.com\/de\/wp-json\/wp\/v2\/media?parent=6786"}],"wp:term":[{"taxonomy":"category","embeddable":true,"href":"https:\/\/cs2surge.com\/de\/wp-json\/wp\/v2\/categories?post=6786"},{"taxonomy":"post_tag","embeddable":true,"href":"https:\/\/cs2surge.com\/de\/wp-json\/wp\/v2\/tags?post=6786"}],"curies":[{"name":"wp","href":"https:\/\/api.w.org\/{rel}","templated":true}]}}