{"id":6805,"date":"2021-05-21T07:34:32","date_gmt":"2021-05-21T07:34:32","guid":{"rendered":"https:\/\/csgoradar.com\/beste-csgo-wuerfelseiten-worauf-sie-achten-sollten\/"},"modified":"2023-02-17T14:12:22","modified_gmt":"2023-02-17T14:12:22","slug":"csgo-wuerfeln","status":"publish","type":"page","link":"https:\/\/cs2surge.com\/de\/csgo-wuerfeln\/","title":{"rendered":"Beste CSGO-W\u00fcrfelseiten, worauf Sie achten sollten"},"content":{"rendered":"\n<p>Wenn Sie mehr \u00fcber die von uns empfohlenen CSGO-W\u00fcrfelseiten und die Art der angebotenen Gl\u00fccksspiele (sowie ihre Werbeaktionen und Boni) erfahren m\u00f6chten, laden wir Sie ein, diesen Leitfaden weiter zu lesen.<\/p>\n\n\n\n<h2 class=\"wp-block-heading\"><span class=\"ez-toc-section\" id=\"Wie_wir_die_besten_CSGO-Wuerfelseiten_ueberpruefen_und_auswaehlen\"><\/span>Wie wir die besten CSGO-W\u00fcrfelseiten \u00fcberpr\u00fcfen und ausw\u00e4hlen<span class=\"ez-toc-section-end\"><\/span><\/h2>\n\n\n\n<p>Hier bei <strong>cs2surge.com<\/strong> implementieren wir verschiedene Filter zur Stunde der Auswahl von Gl\u00fccksspielseiten, und wir haben dasselbe f\u00fcr CSGO-W\u00fcrfelseiten getan. So machen wir es:<\/p>\n\n\n\n<ol class=\"wp-block-list\"><li>Wir \u00fcberpr\u00fcfen den Verlauf, die Aufzeichnungen, den Online-Ruf und die Lizenzen der CSGO-W\u00fcrfelseite, um festzustellen, ob sie legal, vertrauensw\u00fcrdig und transparent ist<\/li><li>Danach \u00fcberpr\u00fcfen wir, ob sie von einer Firma wie PWC, iTech Labs oder eCOGRA gepr\u00fcft wurden und ein System wie Provably Fair verwenden, um sicherzustellen, dass alle W\u00fcrfelspiele zu 100 % zuf\u00e4llig sind. Dar\u00fcber hinaus stellen wir sicher, dass die Website tats\u00e4chlich sicher ist, indem wir ein geeignetes SSL-Zertifikat, CDN und gesch\u00fctzte Server verwenden<\/li><li>Dann \u00fcberpr\u00fcfen wir die W\u00fcrfelspiele, um sicherzustellen, dass es genug Abwechslung gibt, sowie andere CSGO-Spiele wie Roulette, Jackpots, Blackjack, Poker usw.<\/li><li>Sobald wir uns vergewissert haben, dass die Seite eine ausgezeichnete Auswahl an Spielen hat, \u00fcberpr\u00fcfen wir, ob sie Ihnen gro\u00dfartige Willkommensboni mit minimalen Wettanforderungen sowie Boni ohne Einzahlung, kostenlose Promo-Codes und ein gutes VIP-Programm bringen<\/li><li>Schlie\u00dflich stellen wir sicher, dass die CSGO-W\u00fcrfelseite Ihnen einen hervorragenden Kundendienst per Telefon, E-Mail und Live-Chat bietet.<\/li><\/ol>\n\n\n\n<p>Auch wenn es oberfl\u00e4chlich betrachtet einfach aussieht, erfordert jeder Schritt mehrere Stunden Recherche und Arbeit, aber wir haben die harte Arbeit geleistet, damit Sie einfach eine gro\u00dfartige CSGO-W\u00fcrfelseite ausw\u00e4hlen, sich anmelden, Ihren Bonus beanspruchen und Bonusspiele und legend\u00e4re Gewinne genie\u00dfen k\u00f6nnen Skins und jede Menge M\u00fcnzen!<\/p>\n\n\n\n<h2 class=\"wp-block-heading\"><span class=\"ez-toc-section\" id=\"Was_ist_CSGO_Dice_Gambling\"><\/span>Was ist CSGO Dice Gambling?<span class=\"ez-toc-section-end\"><\/span><\/h2>\n\n\n\n<figure class=\"wp-block-image size-large\"><img loading=\"lazy\" decoding=\"async\" width=\"1024\" height=\"364\" src=\"https:\/\/cs2surge.com\/wp-content\/uploads\/2021\/06\/best-csgo-dice-sites-selecting-1024x364.png\" alt=\"\" class=\"wp-image-716\" srcset=\"https:\/\/cs2surge.com\/wp-content\/uploads\/2021\/06\/best-csgo-dice-sites-selecting-1024x364.png 1024w, https:\/\/cs2surge.com\/wp-content\/uploads\/2021\/06\/best-csgo-dice-sites-selecting-300x107.png 300w, https:\/\/cs2surge.com\/wp-content\/uploads\/2021\/06\/best-csgo-dice-sites-selecting-768x273.png 768w, https:\/\/cs2surge.com\/wp-content\/uploads\/2021\/06\/best-csgo-dice-sites-selecting-1536x546.png 1536w, https:\/\/cs2surge.com\/wp-content\/uploads\/2021\/06\/best-csgo-dice-sites-selecting-2048x728.png 2048w\" sizes=\"auto, (max-width: 1024px) 100vw, 1024px\" \/><\/figure>\n\n\n\n<p>Wenn Sie neu bei CSGO-W\u00fcrfelspielen sind, dann seien Sie unser Gast. Wir zeigen Ihnen die Regeln und Konzepte, die diese aufregende, einfache und einfache Art des Gl\u00fccksspiels regeln, mit der Sie erstaunliche Preise in Form von M\u00fcnzen, Skins und Jetons gewinnen k\u00f6nnen.<\/p>\n\n\n\n<p>F\u00fcr die meisten CSGO-W\u00fcrfelspiele verwenden Sie einen W\u00fcrfel mit 6 Seiten, die geworfen werden, und basierend auf der Zahl, die er zeigt, wenn er stoppt, gewinnen oder verlieren Sie Ihre Wette.<\/p>\n\n\n\n<p>Die Regeln variieren je nach Spiel. Zum Beispiel folgt das klassischste CSGO-W\u00fcrfelspiel diesen Regeln:<\/p>\n\n\n\n<ul class=\"wp-block-list\"><li><em>Eine 7 oder 11 gewinnt die Wette sofort<\/em><\/li><li><em>Bei einer 2, 3 oder 12 verlieren Sie die Wette<\/em><\/li><li><em>Mit einer 4, 5, 6, 9 oder 10 k\u00f6nnen Sie einen Punkt machen und das Spiel fortsetzen (langes Spiel).<\/em><\/li><\/ul>\n\n\n\n<p>Im Grunde m\u00fcssen Sie nur eine Wette abschlie\u00dfen, w\u00fcrfeln und darauf warten, dass das Gl\u00fcck zu Ihren Gunsten ist.<\/p>\n\n\n\n<h2 class=\"wp-block-heading\"><span class=\"ez-toc-section\" id=\"Wie_man_CSGO-Wuerfelspiele_in_5_Schritten_spielt\"><\/span>Wie man CSGO-W\u00fcrfelspiele in 5 Schritten spielt<span class=\"ez-toc-section-end\"><\/span><\/h2>\n\n\n\n<p>Wie wir bereits gesagt haben, sind CSGO-W\u00fcrfelseiten sehr gefragt, weil ihre Spiele einfach und unterhaltsam sind und Sie sie in nur 5 Schritten spielen k\u00f6nnen. Hier haben Sie die vollst\u00e4ndige Liste:<\/p>\n\n\n\n<ol class=\"wp-block-list\"><li><em>W\u00e4hlen Sie Ihr Lieblings-CSGO-W\u00fcrfelspiel<\/em><\/li><li><em>Machen Sie Ihre Wetten<\/em><\/li><li><em>W\u00fcrfeln<\/em><\/li><li><em>Warten Sie auf die Ergebnisse<\/em><\/li><li><em>Erhalten Sie einen Preis, wenn Ihre Wette richtig war.<\/em><\/li><\/ol>\n\n\n\n<p><em>Es gibt verschiedene Wetten bei CSGO-W\u00fcrfelspielen \u2013 sowohl im kurzen Spiel als auch im langen Spiel \u2013 es lohnt sich also, vorher die Regeln zu lesen, um zu entscheiden, welche Wettoptionen am besten zu Ihnen passen.<\/em><\/p>\n\n\n\n<p>Denken Sie daran, dass W\u00fcrfelspiele v\u00f6llig zuf\u00e4llig sind, und daher ist es wichtig, Ihre Bankroll zu sch\u00fctzen, indem Sie konsequent Gewinne sammeln und schlechte Streaks fr\u00fchzeitig unterbinden. <\/p>\n\n\n\n<h2 class=\"wp-block-heading\"><span class=\"ez-toc-section\" id=\"Top-Strategien_fuer_CSGO-Wuerfelseiten\"><\/span>Top-Strategien f\u00fcr CSGO-W\u00fcrfelseiten<span class=\"ez-toc-section-end\"><\/span><\/h2>\n\n\n\n<p>Jetzt, da Sie wissen, wie man CSGO-W\u00fcrfelspiele spielt, ist es an der Zeit, Ihnen die besten Strategien zu zeigen, damit Sie diese Art des Gl\u00fccksspiels nutzen k\u00f6nnen, um legend\u00e4re Skins und jede Menge M\u00fcnzen zu gewinnen:<\/p>\n\n\n\n<ul class=\"wp-block-list\"><li>Martingal<\/li><li>Break-Even-Martingale<\/li><li>Paroli-Strategie<\/li><li>D\u2019Alembert<\/li><\/ul>\n\n\n\n<p>Denken Sie daran, nur das zu spielen, was Sie sich leisten k\u00f6nnen zu verlieren, damit Sie sich von der emotionalen und mentalen Anspannung befreien k\u00f6nnen, mehr als n\u00f6tig zu riskieren. <\/p>\n\n\n\n<h2 class=\"wp-block-heading\"><span class=\"ez-toc-section\" id=\"Zusammenfassung_der_besten_CSGO-Wuerfelseiten\"><\/span>Zusammenfassung der besten CSGO-W\u00fcrfelseiten<span class=\"ez-toc-section-end\"><\/span><\/h2>\n\n\n\n<p>CSGO Dice ist eine der neuesten Formen des CSGO-Gl\u00fccksspiels, und wir sind hier, um alle Websites zu \u00fcberpr\u00fcfen, die W\u00fcrfel anbieten, und bestehende csgo-Gl\u00fccksspielplattformen zu \u00fcberpr\u00fcfen, die das Spiel k\u00fcrzlich eingef\u00fchrt haben. <\/p>\n\n\n\n<p>Wie Sie sehen k\u00f6nnen, geht unser \u00dcberpr\u00fcfungsprozess gr\u00fcndlich durch jede der csgo-W\u00fcrfelwettseiten und geht in die Tiefe, um sicherzustellen, dass nichts unversucht bleibt, und es gibt viel zu beachten. <\/p>\n\n\n\n<h2 class=\"wp-block-heading\"><span class=\"ez-toc-section\" id=\"Haeufig_gestellte_Fragen_zu_CS_GO-Wuerfelseiten\"><\/span>H\u00e4ufig gestellte Fragen zu CS:GO-W\u00fcrfelseiten<span class=\"ez-toc-section-end\"><\/span><\/h2>\n\n\n\n<p>Um diese Rangliste abzuschlie\u00dfen und den richtigen Weg zu weisen, haben wir die am h\u00e4ufigsten gestellten Fragen zu CSGO-W\u00fcrfelseiten und ihren Spielen gesammelt. F\u00fcr weitere Unterst\u00fctzung z\u00f6gern Sie nicht, uns zu kontaktieren, denn wir sind immer bereit, Ihnen zu helfen!<\/p>\n\n\n<div id=\"rank-math-faq\" class=\"rank-math-block\">\n<div class=\"rank-math-list \">\n<div id=\"faq-question-1653460141145\" class=\"rank-math-list-item\">\n<h3 class=\"rank-math-question \">Ist W\u00fcrfeln die beste Form des Gl\u00fccksspiels f\u00fcr CS:GO?<\/h3>\n<div class=\"rank-math-answer \">\n\n<p>W\u00fcrfelspiele sind eine der besten Formen des CS:GO-Gl\u00fccksspiels, weil die Spiele einfach zu spielen sind, die Preise gro\u00df sind und das Konzept unterhaltsam ist. Alles in allem hat es alle Faktoren, um Ihre Gaming-Sessions spannend und unterhaltsam zu gestalten.<\/p>\n\n<\/div>\n<\/div>\n<div id=\"faq-question-1653460144679\" class=\"rank-math-list-item\">\n<h3 class=\"rank-math-question \">Kann ich einen Willkommensbonus f\u00fcr CS:GO-W\u00fcrfelspiele erhalten?<\/h3>\n<div class=\"rank-math-answer \">\n\n<p>Ja, unsere empfohlenen CSGO-W\u00fcrfelseiten bieten Ihnen eine Vielzahl von Willkommensboni wie Ersteinzahlungsboni, Boni ohne Einzahlung, Gratiswetten-Boni usw. Stellen Sie sicher, dass Sie Ihr Lieblingsangebot in Anspruch nehmen, indem Sie unsere Links und speziellen Promo-Codes verwenden.<\/p>\n\n<\/div>\n<\/div>\n<div id=\"faq-question-1653460145533\" class=\"rank-math-list-item\">\n<h3 class=\"rank-math-question \">Werden CS:GO W\u00fcrfelspielseiten manipuliert?<\/h3>\n<div class=\"rank-math-answer \">\n\n<p>Nein, unsere empfohlenen CS:GO-W\u00fcrfelseiten sind nicht manipuliert, da sie lizenziert und gepr\u00fcft sind und Blockchain-Technologie wie Provably Fair verwenden, die sicherstellt, dass alle Spiele zu 100 % zuf\u00e4llig und somit fair sind. <\/p>\n\n<\/div>\n<\/div>\n<\/div>\n<\/div>","protected":false},"excerpt":{"rendered":"<p>Wenn Sie mehr \u00fcber die von uns empfohlenen CSGO-W\u00fcrfelseiten und die Art der angebotenen Gl\u00fccksspiele (sowie ihre Werbeaktionen und Boni) erfahren m\u00f6chten, laden wir Sie ein, diesen Leitfaden weiter zu lesen. Wie wir die besten CSGO-W\u00fcrfelseiten \u00fcberpr\u00fcfen und ausw\u00e4hlen Hier bei cs2surge.com implementieren wir verschiedene Filter zur Stunde der Auswahl von Gl\u00fccksspielseiten, und wir haben &#8230; <a title=\"Beste CSGO-W\u00fcrfelseiten, worauf Sie achten sollten\" class=\"read-more\" href=\"https:\/\/cs2surge.com\/de\/csgo-wuerfeln\/\" aria-label=\"Mehr Informationen \u00fcber Beste CSGO-W\u00fcrfelseiten, worauf Sie achten sollten\">Weiterlesen<\/a><\/p>\n","protected":false},"author":36,"featured_media":5183,"parent":0,"menu_order":0,"comment_status":"closed","ping_status":"closed","template":"","meta":{"inline_featured_image":false,"two_page_speed":[],"footnotes":""},"categories":[15],"tags":[],"class_list":{"0":"post-6805","1":"page","2":"type-page","3":"status-publish","4":"has-post-thumbnail","6":"category-unkategorisiert"},"acf":[],"_links":{"self":[{"href":"https:\/\/cs2surge.com\/de\/wp-json\/wp\/v2\/pages\/6805","targetHints":{"allow":["GET"]}}],"collection":[{"href":"https:\/\/cs2surge.com\/de\/wp-json\/wp\/v2\/pages"}],"about":[{"href":"https:\/\/cs2surge.com\/de\/wp-json\/wp\/v2\/types\/page"}],"author":[{"embeddable":true,"href":"https:\/\/cs2surge.com\/de\/wp-json\/wp\/v2\/users\/36"}],"replies":[{"embeddable":true,"href":"https:\/\/cs2surge.com\/de\/wp-json\/wp\/v2\/comments?post=6805"}],"version-history":[{"count":11,"href":"https:\/\/cs2surge.com\/de\/wp-json\/wp\/v2\/pages\/6805\/revisions"}],"predecessor-version":[{"id":17344,"href":"https:\/\/cs2surge.com\/de\/wp-json\/wp\/v2\/pages\/6805\/revisions\/17344"}],"wp:featuredmedia":[{"embeddable":true,"href":"https:\/\/cs2surge.com\/de\/wp-json\/wp\/v2\/media\/5183"}],"wp:attachment":[{"href":"https:\/\/cs2surge.com\/de\/wp-json\/wp\/v2\/media?parent=6805"}],"wp:term":[{"taxonomy":"category","embeddable":true,"href":"https:\/\/cs2surge.com\/de\/wp-json\/wp\/v2\/categories?post=6805"},{"taxonomy":"post_tag","embeddable":true,"href":"https:\/\/cs2surge.com\/de\/wp-json\/wp\/v2\/tags?post=6805"}],"curies":[{"name":"wp","href":"https:\/\/api.w.org\/{rel}","templated":true}]}}