{"id":6809,"date":"2023-05-06T00:50:00","date_gmt":"2023-05-06T00:50:00","guid":{"rendered":"https:\/\/csgoradar.com\/fordern-sie-hier-den-duelbits-code-an\/"},"modified":"2024-04-24T12:28:52","modified_gmt":"2024-04-24T12:28:52","slug":"duelbits-promo-code","status":"publish","type":"page","link":"https:\/\/cs2surge.com\/de\/duelbits-promo-code\/","title":{"rendered":"Duelbits Promo Code"},"content":{"rendered":"\n<p>If you want a full gambling experience with <a href=\"https:\/\/cs2surge.com\/\">CS:GO gambling<\/a>, a great sportsbook, over 50 live dealer game shows, and thousands of casino games, DuelBits is a good choice for your case. Sign up now and claim a nice bonus with the exclusive promo code <strong>&#8222;Radar100&#8220;<\/strong>.<\/p>\n\n\n\n<h2 class=\"wp-block-heading\"><span class=\"ez-toc-section\" id=\"Duelbits_Freies_Geld_Code_Promotionen\"><\/span>Duelbits Freies Geld Code &amp; Promotionen<span class=\"ez-toc-section-end\"><\/span><\/h2>\n\n\n\n<figure class=\"wp-block-image size-large\"><img loading=\"lazy\" decoding=\"async\" width=\"1024\" height=\"576\" src=\"https:\/\/cs2surge.com\/wp-content\/uploads\/2022\/07\/Duelbits-promo-code-promotion-1024x576.jpg\" alt=\"Duelbits Promo Code\" class=\"wp-image-10729\" srcset=\"https:\/\/cs2surge.com\/wp-content\/uploads\/2022\/07\/Duelbits-promo-code-promotion-1024x576.jpg 1024w, https:\/\/cs2surge.com\/wp-content\/uploads\/2022\/07\/Duelbits-promo-code-promotion-300x169.jpg 300w, https:\/\/cs2surge.com\/wp-content\/uploads\/2022\/07\/Duelbits-promo-code-promotion-768x432.jpg 768w, https:\/\/cs2surge.com\/wp-content\/uploads\/2022\/07\/Duelbits-promo-code-promotion.jpg 1280w\" sizes=\"auto, (max-width: 1024px) 100vw, 1024px\" \/><\/figure>\n\n\n\n<p>Zus\u00e4tzlich zum <strong>&#8222;Radar100&#8220;<\/strong> -Code bietet DuelBits verschiedene Aktionen und Angebote, um die Spieler zu unterhalten. Es ist nicht \u00fcblich, eine Online-Gl\u00fccksspiel-Website zu finden, die keinen Willkommensbonus anbietet, was bei DuelBits der Fall ist.  <\/p>\n\n\n\n<p>Many players may be frustrated, as generous welcome bonuses always boost one&#8217;s gambling experience as a whole, like with <a href=\"https:\/\/cs2surge.com\/wtfskins-referral-code\/\" data-type=\"page\" data-id=\"772\">WTFSkin&#8217;s promo code<\/a>. However, the website compensates for other aspects.<\/p>\n\n\n\n<h2 class=\"wp-block-heading\"><span class=\"ez-toc-section\" id=\"DE_Duelbits_Promo_Code_fuer_Vorteile\"><\/span>DE: Duelbits Promo Code f\u00fcr Vorteile<span class=\"ez-toc-section-end\"><\/span><\/h2>\n\n\n\n<p>Auf den ersten Blick fehlen auf der Startseite der Website ausreichende Informationen \u00fcber die laufenden Aktionen und Angebote. Man k\u00f6nnte meinen, dass DuelBits keine laufenden Aktionen hat, aber die Plattform nutzt verschiedene Social-Media-Kan\u00e4le, um ihre Aktionen zu bewerben.<\/p>\n\n\n\n<p>If you do not follow DuelBits on social media, it is hard to stay updated on the platform&#8217;s ongoing promotions. The best promotions include daily challenges, competitions, <a href=\"https:\/\/cs2surge.com\/giveaway\/\" data-type=\"page\" data-id=\"7636\">skin giveaways<\/a>, bonus codes, and multipliers.&nbsp;<\/p>\n\n\n\n<p>DuelBits regt den Wettbewerb zwischen den Nutzern an. Sie k\u00f6nnen zum Beispiel an der &#8222;Halloween Challenge&#8220; Ende Oktober teilnehmen, indem Sie ein Kunstwerk zum Thema Halloween einreichen.  <\/p>\n\n\n\n<p>Wenn du ein Kunstwerk schaffst, das gut genug ist, um den ersten Platz in der Rangliste zu belegen, kannst du einen Preis in H\u00f6he von 100 Dollar beanspruchen und auszahlen lassen. DuelBits veranstaltet auf seinem Twitch-Kanal auch regelm\u00e4\u00dfig Trivia-Wettbewerbe, bei denen es Preise im Wert von \u00fcber 500 Dollar zu gewinnen gibt.<\/p>\n\n\n\n<h2 class=\"wp-block-heading\"><span class=\"ez-toc-section\" id=\"VIP-Promotion_Belohnungen_fuer_Spielermuenzen\"><\/span>VIP-Promotion &amp; Belohnungen f\u00fcr Spielerm\u00fcnzen<span class=\"ez-toc-section-end\"><\/span><\/h2>\n\n\n\n<p>DuelBits rewards loyal players with the exclusive <a href=\"https:\/\/cs2surge.com\/duelbits-ace-rewards-guide\/\" data-type=\"post\" data-id=\"11006\">Ace&#8217;s VIP reward program<\/a>. According to the website&#8217;s team, the program was designed to allow players to get the most out of their gambling.<\/p>\n\n\n\n<p>Je mehr Sie spielen, desto mehr Punkte erhalten Sie, um in den VIP-Levels aufzusteigen, die von klassischen Kartenspielen inspiriert sind &#8211; Joker, Club, Herz, Karo, Pik, Flush, Bube, Dame, K\u00f6nig und Ass.<\/p>\n\n\n\n<p>Setzen Sie $10.000, um die erste VIP-Stufe zu erreichen. Wie zu erwarten, sind die Anforderungen in den einzelnen Stufen h\u00f6her. Die Stufe Ace erfordert 15 Millionen Dollar.<\/p>\n\n\n\n<p>Jeder Stufenaufstieg gew\u00e4hrt einen Geldbonus. Bonus der ersten Stufe: $5. Der Ace VIP-Bonus betr\u00e4gt 7.500 $. H\u00f6here R\u00e4nge erhalten sofortige, w\u00f6chentliche und monatliche Bef\u00f6rderungen.<\/p>\n\n\n\n<h2 class=\"wp-block-heading\"><span class=\"ez-toc-section\" id=\"Redeem_DuelBits_Code_y\"><\/span>Redeem DuelBits Code [y]<span class=\"ez-toc-section-end\"><\/span><\/h2>\n\n\n\n<figure class=\"wp-block-image size-large is-resized\"><img loading=\"lazy\" decoding=\"async\" src=\"https:\/\/cs2surge.com\/wp-content\/uploads\/2021\/08\/duelbits-promo-codes-ongoing-promotions-1024x332.png\" alt=\"\" class=\"wp-image-1594\" width=\"1168\" height=\"379\" srcset=\"https:\/\/cs2surge.com\/wp-content\/uploads\/2021\/08\/duelbits-promo-codes-ongoing-promotions-1024x332.png 1024w, https:\/\/cs2surge.com\/wp-content\/uploads\/2021\/08\/duelbits-promo-codes-ongoing-promotions-300x97.png 300w, https:\/\/cs2surge.com\/wp-content\/uploads\/2021\/08\/duelbits-promo-codes-ongoing-promotions-768x249.png 768w, https:\/\/cs2surge.com\/wp-content\/uploads\/2021\/08\/duelbits-promo-codes-ongoing-promotions-1536x498.png 1536w, https:\/\/cs2surge.com\/wp-content\/uploads\/2021\/08\/duelbits-promo-codes-ongoing-promotions-2048x664.png 2048w\" sizes=\"auto, (max-width: 1168px) 100vw, 1168px\" \/><\/figure>\n\n\n\n<p>Sie haben zwei M\u00f6glichkeiten, sich f\u00fcr DuelBits zu registrieren und anzumelden &#8211; Sie k\u00f6nnen die offizielle Website besuchen oder sich in den sozialen Medien anmelden. Eine KYC-Pr\u00fcfung ist nicht erforderlich, es sei denn, es liegt ein verd\u00e4chtiges Verhalten im Zusammenhang mit Geldw\u00e4sche vor.<\/p>\n\n\n\n<p>Die Nutzer k\u00f6nnen sich kostenlos \u00fcber Steam oder Google Plus anmelden. Die Verwendung des<strong>&#8222;Radar100<\/strong>&#8220; Promo-Codes ist \u00fcberhaupt nicht schwer. Wenn Sie ein neuer Spieler sind, m\u00fcssen Sie nur auf der Homepage der Website navigieren und die Option &#8222;Registrieren&#8220; ausw\u00e4hlen.<\/p>\n\n\n\n<p>Nachdem Sie die von Ihnen bevorzugte Anmeldemethode ausgew\u00e4hlt haben, k\u00f6nnen Sie die folgenden Schritte ausf\u00fchren und den <strong>&#8222;Radar100&#8220; <\/strong>verwenden, um einen ordentlichen Bonus zu erhalten.<\/p>\n\n\n\n<p>Once you&#8217;ve claimed your DuelBits promo code, you can easily wager on games such as Dice, Plinko, Roulette, Crash and even a Duelbits unique <a href=\"https:\/\/cs2surge.com\/csgo-coinflip-sites\/\" data-type=\"page\" data-id=\"98\">CSGO Coinflip<\/a> game.<\/p>\n\n\n\n<h2 class=\"wp-block-heading\"><span class=\"ez-toc-section\" id=\"How_Legit_Are_DuelBits_Bonus_Codes\"><\/span>How Legit Are DuelBits Bonus Codes?<span class=\"ez-toc-section-end\"><\/span><\/h2>\n\n\n\n<p>DuelBits ist ein Markenname von Liquid Gaming N.V., einem vollst\u00e4ndig registrierten und von der Regierung von Cura\u00e7ao lizenzierten Unternehmen. Die Website hat hohe Standards in Bezug auf Sicherheit und Datenschutz.<\/p>\n\n\n\n<p>Sie haben eine exklusive Politik, die Spieler dazu anreizt, Probleme zu melden, die die Sicherheitsstandards der Website betreffen. Wenn Sie mit Problemen konfrontiert sind, die Ihre Sicherheit oder Privatsph\u00e4re betreffen, k\u00f6nnen Sie eine Anfrage \u00fcber die Bugcrowd-Taxonomie zur Bewertung von Schwachstellen stellen.<\/p>\n\n\n\n<p>Wenn Sie die erste Person sind, die das Sicherheitsteam auf ein unbekanntes Sicherheitsproblem aufmerksam macht, k\u00f6nnen Sie mit exklusiven Preisen belohnt werden.  <\/p>\n\n\n\n<h2 class=\"wp-block-heading\"><span class=\"ez-toc-section\" id=\"Final_Thoughts\"><\/span>Final Thoughts<span class=\"ez-toc-section-end\"><\/span><\/h2>\n\n\n\n<p>DuelBits ist eine kryptofreundliche CS:GO Gl\u00fccksspiel-Website mit vielen Optionen. CS:GO Skins k\u00f6nnen sofort und ohne Bots gehandelt werden, was eine schnelle Ein- und Auszahlung erm\u00f6glicht.<\/p>\n\n\n\n<p>DuelBits bietet keinen Willkommensbonus, integriert aber CS:GO, Steam und Google Plus. Obwohl es keinen Willkommensbonus gibt, bietet die Plattform exklusive Herausforderungen, Werbegeschenke, Bonuscodes und Multiplikatoren.<\/p>\n\n\n\n<p>Mit dem Promo-Code &#8222;Radar100&#8220; k\u00f6nnen Sie bei DuelBits mehr gewinnen.<\/p>\n\n\n\n<h2 class=\"wp-block-heading\"><span class=\"ez-toc-section\" id=\"Haeufig_gestellte_Fragen\"><\/span>H\u00e4ufig gestellte Fragen<span class=\"ez-toc-section-end\"><\/span><\/h2>\n\n\n<div id=\"rank-math-faq\" class=\"rank-math-block\">\n<div class=\"rank-math-list \">\n<div id=\"faq-question-1654983631653\" class=\"rank-math-list-item\">\n<h3 class=\"rank-math-question \"><strong>Welche Support-Optionen gibt es bei Duelbits?<\/strong><\/h3>\n<div class=\"rank-math-answer \">\n\n<p>Wenn Sie nach den lukrativsten Duelbits-Promo-Codes suchen, dann sind Sie hier genau richtig. Wenn Sie sich auf der Duelbits-Website registrieren, k\u00f6nnen Sie den Bonuscode <strong>\u201eCR100\u201c verwenden<\/strong> , um 0,50 M\u00fcnzen KOSTENLOS auf uns zu bekommen! Alternative Promo-Codes f\u00fcr Duelbits sind ES100 und Top100List. <\/p>\n\n<\/div>\n<\/div>\n<div id=\"faq-question-1654983664419\" class=\"rank-math-list-item\">\n<h3 class=\"rank-math-question \"><strong>Welche Zahlungsm\u00f6glichkeiten gibt es bei Duelbits?<\/strong><\/h3>\n<div class=\"rank-math-answer \">\n\n<p>Players can make quick and easy deposits and <a href=\"https:\/\/cs2surge.com\/withdraw-on-duelbits\/\" data-type=\"post\" data-id=\"10797\">withdrawals at Duelbits<\/a> using CSGO skins and Ethereum. Simply link your Steam profile by making your account public and pasting your trade URL. You can then fund your account by clicking on the skins you want to wager. The cashout process is quite similar.<\/p>\n\n<\/div>\n<\/div>\n<div id=\"faq-question-1654983668654\" class=\"rank-math-list-item\">\n<h3 class=\"rank-math-question \"><strong>Welche Support-Optionen gibt es bei Duelbits?<\/strong><\/h3>\n<div class=\"rank-math-answer \">\n\n<p>Wenn Sie jemals bei Duelbits stecken bleiben, sollte Ihre erste Anlaufstelle der FAQ-Bereich sein. Wenn diese Option keine Abhilfe schafft, k\u00f6nnen Sie eine E-Mail an support@duelbits.com senden. Die Antwort ist ziemlich schnell und das Kundensupport-Team ist professionell und hilfreich. Es ist auch ein Chatroom verf\u00fcgbar, in dem Sie mit Supportmitarbeitern und anderen Spielern interagieren k\u00f6nnen, um Antworten zu erhalten.<\/p>\n\n<\/div>\n<\/div>\n<\/div>\n<\/div>","protected":false},"excerpt":{"rendered":"<p>If you want a full gambling experience with CS:GO gambling, a great sportsbook, over 50 live dealer game shows, and thousands of casino games, DuelBits is a good choice for your case. Sign up now and claim a nice bonus with the exclusive promo code &#8222;Radar100&#8220;. Duelbits Freies Geld Code &amp; Promotionen Zus\u00e4tzlich zum &#8222;Radar100&#8220; &#8230; <a title=\"Duelbits Promo Code\" class=\"read-more\" href=\"https:\/\/cs2surge.com\/de\/duelbits-promo-code\/\" aria-label=\"Mehr Informationen \u00fcber Duelbits Promo Code\">Weiterlesen<\/a><\/p>\n","protected":false},"author":36,"featured_media":7407,"parent":0,"menu_order":0,"comment_status":"closed","ping_status":"closed","template":"","meta":{"inline_featured_image":false,"two_page_speed":[],"footnotes":""},"categories":[100],"tags":[],"class_list":{"0":"post-6809","1":"page","2":"type-page","3":"status-publish","4":"has-post-thumbnail","6":"category-duelbits-de"},"acf":[],"_links":{"self":[{"href":"https:\/\/cs2surge.com\/de\/wp-json\/wp\/v2\/pages\/6809","targetHints":{"allow":["GET"]}}],"collection":[{"href":"https:\/\/cs2surge.com\/de\/wp-json\/wp\/v2\/pages"}],"about":[{"href":"https:\/\/cs2surge.com\/de\/wp-json\/wp\/v2\/types\/page"}],"author":[{"embeddable":true,"href":"https:\/\/cs2surge.com\/de\/wp-json\/wp\/v2\/users\/36"}],"replies":[{"embeddable":true,"href":"https:\/\/cs2surge.com\/de\/wp-json\/wp\/v2\/comments?post=6809"}],"version-history":[{"count":20,"href":"https:\/\/cs2surge.com\/de\/wp-json\/wp\/v2\/pages\/6809\/revisions"}],"predecessor-version":[{"id":23983,"href":"https:\/\/cs2surge.com\/de\/wp-json\/wp\/v2\/pages\/6809\/revisions\/23983"}],"wp:featuredmedia":[{"embeddable":true,"href":"https:\/\/cs2surge.com\/de\/wp-json\/wp\/v2\/media\/7407"}],"wp:attachment":[{"href":"https:\/\/cs2surge.com\/de\/wp-json\/wp\/v2\/media?parent=6809"}],"wp:term":[{"taxonomy":"category","embeddable":true,"href":"https:\/\/cs2surge.com\/de\/wp-json\/wp\/v2\/categories?post=6809"},{"taxonomy":"post_tag","embeddable":true,"href":"https:\/\/cs2surge.com\/de\/wp-json\/wp\/v2\/tags?post=6809"}],"curies":[{"name":"wp","href":"https:\/\/api.w.org\/{rel}","templated":true}]}}