{"id":6969,"date":"2024-01-14T00:03:00","date_gmt":"2024-01-14T00:03:00","guid":{"rendered":"https:\/\/csgoradar.com\/fordern-sie-hier-den-roobet-code-an\/"},"modified":"2024-09-09T16:32:15","modified_gmt":"2024-09-09T16:32:15","slug":"roobet-gutscheincode","status":"publish","type":"page","link":"https:\/\/cs2surge.com\/de\/roobet-gutscheincode\/","title":{"rendered":"Roobet Promo Code"},"content":{"rendered":"\n<p>Level 1 auf Roowards schaltet eine Reihe von t\u00e4glichen, w\u00f6chentlichen und monatlichen Werbegeschenken wie Tombola-Tickets und Cashbacks frei. Roobet bietet eine hochwertige Spielumgebung mit vielen regelm\u00e4\u00dfigen Vorteilen. Lassen Sie uns tiefer graben und sehen, was wir sonst noch herausfinden k\u00f6nnen.<\/p>\n\n\n\n<h2 class=\"wp-block-heading\"><span class=\"ez-toc-section\" id=\"Roobet-Codes_aufgelistet\"><\/span>Roobet-Codes aufgelistet<span class=\"ez-toc-section-end\"><\/span><\/h2>\n\n\n\n<p>Innovation ist die ultimative Strategie von Roobet und ihre Werbeseite erz\u00e4hlt diese Geschichte. Der <strong>\u201eCR30\u201c<\/strong> -Code ist nur ein Appetithappen, der den Weg f\u00fcr noch Gr\u00f6\u00dferes ebnet. Sie br\u00e4uchten also offensichtlich mehr Promo-Codes, um noch mehr unglaubliche Geschenke zu erhalten. Im Gegensatz zu den meisten <a href=\"https:\/\/cs2surge.com\/de\/csgo-roulette-seiten\/\" target=\"_blank\" rel=\"noreferrer noopener\">gelisteten CSGO-Rouletteseiten<\/a> , die alle Boni auf der Zielseite anzeigen, verwendet Roobet Social-Media-Plattformen. Auf ihrer Facebook-Seite, ihrem Telegrammkanal und ihren Twitter-Handles finden Sie verschiedene Arten von Promo-Codes. Wir empfehlen auch die folgenden Codes f\u00fcr eine Reihe von Roobet-Sondergeschenken.<\/p>\n\n\n\n<ul class=\"wp-block-list\">\n<li>CR30 \u2013 Machen Sie mit und erhalten Sie jede Menge \u201eRoowards\u201c auf Roobet.com<\/li>\n\n\n\n<li>GABRIELCSGORA &#8211; Machen Sie mit und erhalten Sie jede Menge &#8222;Roowards&#8220; auf Roobet.com<\/li>\n\n\n\n<li>BETROO1 &#8211; Machen Sie mit und erhalten Sie jede Menge &#8222;Roowards&#8220; auf Roobet.com<\/li>\n<\/ul>\n\n\n\n<h2 class=\"wp-block-heading\"><span class=\"ez-toc-section\" id=\"Roobet_Gutscheincode_DE\"><\/span>Roobet Gutscheincode (DE)<span class=\"ez-toc-section-end\"><\/span><\/h2>\n\n\n\n<p>Casinos ermutigen die Spieler, weiterzuspielen, indem sie eine Auswahl an aufregenden Boni und Promo-Codes anbieten, die sie regelm\u00e4\u00dfig ver\u00f6ffentlichen. Bei Roobet halten sie es super spannend, indem sie f\u00fcr Abwechslung sorgen. Von Tombola-Tickets bis hin zu Wettbewerben versucht das Casino, auf der Spa\u00dfseite zu bleiben. Einige Sonderangebote bringen den Spielern zus\u00e4tzliches Geld ein. F\u00fcr CSGO-Spieler sind kostenlose Case-Aktionen der H\u00f6hepunkt des Spielerlebnisses. Viele \u00e4hnliche Casinos bieten solche Aktionen an und Roobet versucht mitzuhalten. Sie sollten regelm\u00e4\u00dfig auf Social-Media-Plattformen nach den neuesten Promo-Codes f\u00fcr kostenlose H\u00fcllen suchen. Roobet-Aktionen sind m\u00f6glicherweise nicht so lukrativ wie andere eSports-Aktionscodes wie der CSGOLive-Aktionscode , aber sie sind unverwechselbar und unersch\u00fctterlich.<\/p>\n\n\n\n<h2 class=\"wp-block-heading\"><span class=\"ez-toc-section\" id=\"VIP-Promotion_Belohnungen_fuer_Spielermuenzen\"><\/span>VIP-Promotion &amp; Belohnungen f\u00fcr Spielerm\u00fcnzen<span class=\"ez-toc-section-end\"><\/span><\/h2>\n\n\n\n<figure class=\"wp-block-image size-large\"><img loading=\"lazy\" decoding=\"async\" width=\"1024\" height=\"405\" src=\"https:\/\/cs2surge.com\/wp-content\/uploads\/2022\/04\/roobet-promotions-rewards-roorewards-1024x405.png\" alt=\"\" class=\"wp-image-4016\" srcset=\"https:\/\/cs2surge.com\/wp-content\/uploads\/2022\/04\/roobet-promotions-rewards-roorewards-1024x405.png 1024w, https:\/\/cs2surge.com\/wp-content\/uploads\/2022\/04\/roobet-promotions-rewards-roorewards-300x119.png 300w, https:\/\/cs2surge.com\/wp-content\/uploads\/2022\/04\/roobet-promotions-rewards-roorewards-768x304.png 768w, https:\/\/cs2surge.com\/wp-content\/uploads\/2022\/04\/roobet-promotions-rewards-roorewards-1536x608.png 1536w, https:\/\/cs2surge.com\/wp-content\/uploads\/2022\/04\/roobet-promotions-rewards-roorewards-2048x811.png 2048w, https:\/\/cs2surge.com\/wp-content\/uploads\/2022\/04\/roobet-promotions-rewards-roorewards-190x74.png 190w\" sizes=\"auto, (max-width: 1024px) 100vw, 1024px\" \/><\/figure>\n\n\n\n<p>Ihr erster Schritt besteht darin, sich f\u00fcr ein Konto anzumelden, aber die treuesten Mitglieder werden eingeladen, am VIP-Programm teilzunehmen, das eine Reihe exklusiver Vorteile freischaltet. Exklusive Vorteile, Einladungen zu Veranstaltungen und Preise warten auf VIP-Roobetter. Das Kundenbetreuungsteam w\u00e4hlt ausgezeichnete Roobetter f\u00fcr dieses Programm nur auf Einladung aus. Schaffst du den Schnitt nicht? Sie k\u00f6nnen immer noch Spa\u00df mit Ihren Roowards haben. Diese Spieler steigen basierend auf dem Wert ihrer Wetten auf der Plattform auf. Die Stufen sind 0-10. Durch das Upgrade erhalten Sie Zugriff auf weitere Boni und Werbeaktionen.<\/p>\n\n\n\n<h2 class=\"wp-block-heading\"><span class=\"ez-toc-section\" id=\"Wie_legitim_sind_die_Promo-Codes_von_Roobet\"><\/span>Wie legitim sind die Promo-Codes von Roobet?<span class=\"ez-toc-section-end\"><\/span><\/h2>\n\n\n\n<p>Neulinge in der Welt des Gl\u00fccksspiels haben nat\u00fcrlich viele Zweifel an diesen Promo-Codes, aber das Lesen einiger Benutzerbewertungen kann sehr hilfreich sein. Die Bewertungen von Roobet sind im Allgemeinen gut. Wie bei vielen Online-Casinos und eSports-Websites hat Roobet jedoch einen fairen Anteil an negativen Benutzerbewertungen. Einige der Beschwerden sind darauf zur\u00fcckzuf\u00fchren, dass der Kunde die Allgemeinen Gesch\u00e4ftsbedingungen nicht gelesen hat. Deshalb fordern wir unsere Leser immer auf, das Kleingedruckte sorgf\u00e4ltig zu lesen, bevor sie das K\u00e4stchen ankreuzen. Nach unserer eigenen Einsch\u00e4tzung konnten wir an den Promo-Codes von Roobet nichts Unheimliches finden. Die Website ist Eigentum und wird betrieben von Raw Entertainment, einem renommierten Betreiber mit einer Lizenz von Curacao. Die Aktionsbedingungen sind alle standardisiert und fair, was bedeutet, dass die Spieler einen echten Mehrwert genie\u00dfen k\u00f6nnen. <\/p>\n\n\n\n<h2 class=\"wp-block-heading\"><span class=\"ez-toc-section\" id=\"So_aktivieren_Sie_den_Roobet-Code\"><\/span>So aktivieren Sie den Roobet-Code<span class=\"ez-toc-section-end\"><\/span><\/h2>\n\n\n\n<p>Die Roobet-Website wurde entwickelt, um alles f\u00fcr die Spieler zu vereinfachen. Die Beanspruchung des Promo-Codes ist ein ziemlich einfacher Vorgang. Alles, was Sie tun m\u00fcssen, ist sich mit Ihrem Steam-Konto anzumelden oder anzumelden. Kehren Sie als N\u00e4chstes zur Homepage zur\u00fcck und suchen Sie die Registerkarte \u201eAktion\u201c in der oberen linken Ecke der Homepage, gehen Sie zum Abschnitt \u201eAktionscode\u201c und geben Sie den Code <strong>\u201eCR30\u201c ein<\/strong> . Tippen Sie auf die Schaltfl\u00e4che \u201eCode einl\u00f6sen\u201c und schon sind Sie auf Roowards Level 1. Sie k\u00f6nnen dann Ihre Einzahlung mit den verf\u00fcgbaren Optionen der Kryptow\u00e4hrungs-Website vornehmen und auf CSGO-Spiele, Wettquoten sowie t\u00e4gliche, w\u00f6chentliche und monatliche Werbegeschenke zugreifen, die auf der Website angeboten werden.<\/p>\n\n\n\n<h2 class=\"wp-block-heading\"><span class=\"ez-toc-section\" id=\"Kostenlose_Roobet-Code-Zusammenfassung\"><\/span>Kostenlose Roobet-Code-Zusammenfassung<span class=\"ez-toc-section-end\"><\/span><\/h2>\n\n\n\n<p>Roobet ist eine anst\u00e4ndige Spieleseite, die verschiedene Casinospiele und eSports-Spiele wie CSGO anbietet. Der Promo-Code <strong>CR30<\/strong> verschafft neuen Spielern einen Vorsprung im Roowards-Programm, wobei ausger\u00fcstete Spieler ihre Reise auf Level 1 beginnen. Die exklusive VIP-Mitgliedschaft ist ein Schl\u00fcssel zum besten Spielerlebnis im Online-Casino mit mehr Boni und besonderen Privilegien f\u00fcr die au\u00dfergew\u00f6hnlichen Roobetter.<\/p>\n\n\n\n<h2 class=\"wp-block-heading\"><span class=\"ez-toc-section\" id=\"Haeufig_gestellte_Fragen_zu_Roobet-Codes\"><\/span>H\u00e4ufig gestellte Fragen zu Roobet-Codes<span class=\"ez-toc-section-end\"><\/span><\/h2>\n\n\n<div id=\"rank-math-faq\" class=\"rank-math-block\">\n<div class=\"rank-math-list \">\n<div id=\"faq-question-1650983983298\" class=\"rank-math-list-item\">\n<h3 class=\"rank-math-question \"><strong>Wie qualifiziere ich mich als Roobet VIP-Mitglied?<\/strong><\/h3>\n<div class=\"rank-math-answer \">\n\n<p>Roobet l\u00e4dt nach eigenem Ermessen ausgew\u00e4hlte Roobetter zur Teilnahme am VIP-Programm ein. Das Team wertet alle Ihre Aktivit\u00e4ten auf der Website aus, einschlie\u00dflich der Anzahl der Spiele, die Sie spielen, und wie viel Sie f\u00fcr Ihre Wetten ausgeben. Es ist eine Frage der Loyalit\u00e4t.<\/p>\n\n<\/div>\n<\/div>\n<div id=\"faq-question-1650983987829\" class=\"rank-math-list-item\">\n<h3 class=\"rank-math-question \"><strong>Was sind Roowards?<\/strong><\/h3>\n<div class=\"rank-math-answer \">\n\n<p>Roowards ist ein Pr\u00e4mienprogramm, bei dem Spieler auf h\u00f6here Level upgraden, je nachdem, wie viel sie an der Website teilnehmen. Je h\u00f6her Ihr Level ist, desto mehr Boni k\u00f6nnen Sie erhalten. Neue Spieler beginnen bei Level 0, aber mit einem Promo-Code werden sie auf Level 1 gesto\u00dfen.<\/p>\n\n<\/div>\n<\/div>\n<div id=\"faq-question-1650983988535\" class=\"rank-math-list-item\">\n<h3 class=\"rank-math-question \"><strong>Welche Bankoptionen stehen bei Roobet zur Verf\u00fcgung?<\/strong><\/h3>\n<div class=\"rank-math-answer \">\n\n<p>Roobet ist ein Krypto- und CSGO-Skin-Casino. Es stehen mehrere Kryptow\u00e4hrungsplattformen f\u00fcr Einzahlungen und Auszahlungen zur Verf\u00fcgung. Sie k\u00f6nnen Bitcoin, Ethereum, CSGO-Skins und mehr verwenden. Es gibt jedoch keine Fiat-Zahlungsplattformen, was f\u00fcr einige Spieler ein bisschen ein Deal-Breaker sein k\u00f6nnte.<\/p>\n\n<\/div>\n<\/div>\n<\/div>\n<\/div>\n\n\n<p><\/p>\n","protected":false},"excerpt":{"rendered":"<p>Level 1 auf Roowards schaltet eine Reihe von t\u00e4glichen, w\u00f6chentlichen und monatlichen Werbegeschenken wie Tombola-Tickets und Cashbacks frei. Roobet bietet eine hochwertige Spielumgebung mit vielen regelm\u00e4\u00dfigen Vorteilen. Lassen Sie uns tiefer graben und sehen, was wir sonst noch herausfinden k\u00f6nnen. Roobet-Codes aufgelistet Innovation ist die ultimative Strategie von Roobet und ihre Werbeseite erz\u00e4hlt diese Geschichte. &#8230; <a title=\"Roobet Promo Code\" class=\"read-more\" href=\"https:\/\/cs2surge.com\/de\/roobet-gutscheincode\/\" aria-label=\"Mehr Informationen \u00fcber Roobet Promo Code\">Weiterlesen<\/a><\/p>\n","protected":false},"author":36,"featured_media":5453,"parent":0,"menu_order":0,"comment_status":"closed","ping_status":"closed","template":"","meta":{"inline_featured_image":false,"two_page_speed":[],"footnotes":""},"categories":[],"tags":[],"class_list":["post-6969","page","type-page","status-publish","has-post-thumbnail"],"acf":[],"_links":{"self":[{"href":"https:\/\/cs2surge.com\/de\/wp-json\/wp\/v2\/pages\/6969","targetHints":{"allow":["GET"]}}],"collection":[{"href":"https:\/\/cs2surge.com\/de\/wp-json\/wp\/v2\/pages"}],"about":[{"href":"https:\/\/cs2surge.com\/de\/wp-json\/wp\/v2\/types\/page"}],"author":[{"embeddable":true,"href":"https:\/\/cs2surge.com\/de\/wp-json\/wp\/v2\/users\/36"}],"replies":[{"embeddable":true,"href":"https:\/\/cs2surge.com\/de\/wp-json\/wp\/v2\/comments?post=6969"}],"version-history":[{"count":19,"href":"https:\/\/cs2surge.com\/de\/wp-json\/wp\/v2\/pages\/6969\/revisions"}],"predecessor-version":[{"id":25884,"href":"https:\/\/cs2surge.com\/de\/wp-json\/wp\/v2\/pages\/6969\/revisions\/25884"}],"wp:featuredmedia":[{"embeddable":true,"href":"https:\/\/cs2surge.com\/de\/wp-json\/wp\/v2\/media\/5453"}],"wp:attachment":[{"href":"https:\/\/cs2surge.com\/de\/wp-json\/wp\/v2\/media?parent=6969"}],"wp:term":[{"taxonomy":"category","embeddable":true,"href":"https:\/\/cs2surge.com\/de\/wp-json\/wp\/v2\/categories?post=6969"},{"taxonomy":"post_tag","embeddable":true,"href":"https:\/\/cs2surge.com\/de\/wp-json\/wp\/v2\/tags?post=6969"}],"curies":[{"name":"wp","href":"https:\/\/api.w.org\/{rel}","templated":true}]}}