{"id":6992,"date":"2023-05-07T08:28:00","date_gmt":"2023-05-07T08:28:00","guid":{"rendered":"https:\/\/csgoradar.com\/andere-gamdom-codes-aufgelistet\/"},"modified":"2024-09-08T20:02:32","modified_gmt":"2024-09-08T20:02:32","slug":"gamdom-promo-code","status":"publish","type":"page","link":"https:\/\/cs2surge.com\/de\/gamdom-promo-code\/","title":{"rendered":"Gamdom-Promo-Code"},"content":{"rendered":"\n<p>Wir haben in den letzten zehn Jahren einen Anstieg der Aktivit\u00e4ten auf dem CSGO-Casinomarkt erlebt. Gamdom pr\u00e4sentiert verlockende Promo-Codes, mit denen sich nur eine Handvoll seiner Konkurrenten messen kann, um sich \u00fcber Wasser zu halten. Verwenden Sie den Bonuscode \u201eRAD100\u201c, um bei der Anmeldung kostenlose Coins im Wert von 0,50 $ zu erhalten. Um weitere Freebies zu beanspruchen, tippen Sie auf das Symbol \u201eKostenlose Pr\u00e4mie beanspruchen\u201c unter dem Abschnitt \u201ePartnerschaften\u201c und geben Sie den Code <strong>RAD100 ein<\/strong> . Wenn Sie an dem unterhaltsamen Erlebnis teilnehmen m\u00f6chten, finden Sie unten eine Liste der lukrativsten Gamdom-Promo-Codes.<\/p>\n\n\n\n<ul class=\"wp-block-list\">\n<li>RAD100<\/li>\n\n\n\n<li>ES100<\/li>\n\n\n\n<li>Top100-Liste<\/li>\n<\/ul>\n\n\n\n<p>Gamdom regnet Skins, Bargeld und M\u00fcnzen \u00fcber seine Social-Media-Plattformen, darunter Facebook, Twitter, Instagram und VK. Wenn diese Codes nicht ausreichen, um Ihr Herz h\u00f6her schlagen zu lassen, erhalten Sie noch mehr M\u00fcnzen, Skins und Codes \u00fcber das Rainbot- und Daily Reward-System. Nicht zu vergessen die t\u00e4glichen Pr\u00e4mien, die verifizierten Kunden angeboten werden.<\/p>\n\n\n\n<h2 class=\"wp-block-heading\"><span class=\"ez-toc-section\" id=\"Laufende_Werbeaktionen_fuer_kostenlose_Codes\"><\/span>Laufende Werbeaktionen f\u00fcr kostenlose Codes<span class=\"ez-toc-section-end\"><\/span><\/h2>\n\n\n\n<p>Was die neuen CSGO-Gl\u00fccksspielseiten betrifft, so hat Gamdom die Branche erheblich beeinflusst. Das Unternehmen hat in seiner kurzen Existenz erfahrene B\u00f6rsenspekulanten von seiner Seriosit\u00e4t und Gro\u00dfz\u00fcgigkeit \u00fcberzeugt. Daher wurde es zu einer der <a href=\"https:\/\/cs2surge.com\/csgo-roulette-sites\/\">besten CSGO-Roulette-Websites<\/a> im modernen Gl\u00fccksspiel gekr\u00f6nt.<\/p>\n\n\n\n<p>Bei Gamdom haben verifizierte Benutzer Anspruch auf t\u00e4gliche Gratism\u00fcnzen, die mit jedem Level steigen. Dar\u00fcber hinaus gibt es kostenlose Social-Promo-Codes, die \u00fcber die Social-Media-Plattformen des Unternehmens verteilt werden. Rainbot ist jedoch der Star all dieser bezaubernden Funktionen auf der Website. Es gibt 3 Kategorien \u2013 Free Rain, Normal Rain, Tsunami\/Tornado\/Vulcanic Rains.<\/p>\n\n\n\n<figure class=\"wp-block-image size-large is-resized\"><img loading=\"lazy\" decoding=\"async\" width=\"1024\" height=\"343\" src=\"https:\/\/cs2surge.com\/wp-content\/uploads\/2021\/07\/gamdom-promotions-promo-codes-1024x343.png\" alt=\"Gamdom Promo-Code und Angebote \n\" class=\"wp-image-1133\" style=\"width:1060px;height:354px\" srcset=\"https:\/\/cs2surge.com\/wp-content\/uploads\/2021\/07\/gamdom-promotions-promo-codes-1024x343.png 1024w, https:\/\/cs2surge.com\/wp-content\/uploads\/2021\/07\/gamdom-promotions-promo-codes-300x101.png 300w, https:\/\/cs2surge.com\/wp-content\/uploads\/2021\/07\/gamdom-promotions-promo-codes-768x258.png 768w, https:\/\/cs2surge.com\/wp-content\/uploads\/2021\/07\/gamdom-promotions-promo-codes.png 1300w\" sizes=\"auto, (max-width: 1024px) 100vw, 1024px\" \/><\/figure>\n\n\n\n<p>Rainbot \u00fcbersch\u00fcttet seine Benutzer mit massiven Geldpr\u00e4mien aus seinen einzigartigen Themen, wie Sie wahrscheinlich erraten haben. Sehen wir uns diese Optionen im Detail an.<\/p>\n\n\n\n<ul class=\"wp-block-list\">\n<li>Free Rain: Vergibt M\u00fcnzen ohne Wettanforderungen.<\/li>\n\n\n\n<li>Normaler Regen: M\u00fcnzen werden vergeben, nachdem die angegebenen Wettanforderungen erf\u00fcllt wurden.<\/li>\n\n\n\n<li>Tsunami\/Tornado\/Vulkanregen: Bietet einen enormen Gutschein, der aus kostenlosen Banknoten besteht.<\/li>\n<\/ul>\n\n\n\n<h2 class=\"wp-block-heading\"><span class=\"ez-toc-section\" id=\"Gamdom_Promo_Code_Unlock_Exclusive_Benefits\"><\/span>Gamdom Promo Code: Unlock Exclusive Benefits<span class=\"ez-toc-section-end\"><\/span><\/h2>\n\n\n\n<p>Wenn es um VIP-Aktionen und Belohnungen geht, kocht die Gamdom-Community einen Sturm auf. Beim Erreichen des VIP-Status werden begeisterte Spieler mit Belohnungen und Boni verw\u00f6hnt. Als Mitglied der k\u00f6niglichen Familie erhalten Sie Ihren k\u00f6niglichen Assistenten, dessen Aufgabe es ist, direkte Unterst\u00fctzung und ma\u00dfgeschneiderte Belohnungen anzubieten. Neben dem K\u00f6nigsfamilienstatus und personalisierten Pr\u00e4mien erhalten Sie auch einen sofortigen Cashback von bis zu 13 %.<\/p>\n\n\n\n<p>Beeindruckenderweise erstreckt sich die Gro\u00dfz\u00fcgigkeit des Unternehmens auch auf Ihre Familie und Freunde. Mit den Empfehlungscodes und Partnercodes erhalten Sie verschiedene Werbegeschenke f\u00fcr jeden Freund, der ein neues Konto er\u00f6ffnet. Je nach Gl\u00fcck gibt es kostenlose Skins, kostenlose H\u00fcllen und M\u00fcnzen zu gewinnen. Folgen Sie dem Unternehmen auf Twitter, Facebook, Instagram oder VK, um soziale Promo-Codes f\u00fcr zus\u00e4tzlichen Spa\u00df zu erhalten.<\/p>\n\n\n\n<h2 class=\"wp-block-heading\"><span class=\"ez-toc-section\" id=\"Wie_legitim_sind_die_Promo-Codes_von_Gamdom\"><\/span>Wie legitim sind die Promo-Codes von Gamdom?<span class=\"ez-toc-section-end\"><\/span><\/h2>\n\n\n\n<p>Die Frage der Lizenzierung ist oft ein Versehen bei CSGO-Gl\u00fccksspiel-Websites. Dies beg\u00fcnstigt eine bereits misstrauische neue Welle von Wettern nicht. In Anbetracht der Tatsache, dass t\u00e4glich Millionen von Spielern von illegalen Websites abgezockt werden, ist es immer eine gute Idee, eine gr\u00fcndliche Inspektion der Institution durchzuf\u00fchren. Zum Gl\u00fcck sieht Gamdom blitzsauber aus, unbefleckt von sogar einem Staubkorn. Das Unternehmen verwendet ein einzigartiges, nachweislich faires System, um alle Spuren von Betrug zu beseitigen. Alle Spiele werden anhand mathematischer Berechnungen ermittelt.<\/p>\n\n\n\n<p><p><\/p><div>What&#8217;s more, Gamdom does not violate any industry laws. Instead, the team goes above and beyond to ensure a safe gambling environment. So, dip your toes into the popular Gamdom CSGO website.<\/div><\/p>\n\n\n\n<h2 class=\"wp-block-heading\"><span class=\"ez-toc-section\" id=\"So_beanspruchen_Sie_den_Gamdom-Promo-Code\"><\/span>So beanspruchen Sie den Gamdom-Promo-Code<span class=\"ez-toc-section-end\"><\/span><\/h2>\n\n\n\n<p>Als CSGO-Gl\u00fccksspielseite, die von einem Team technisch versierter junger Profis entwickelt wurde, dient Gamdom als Troststation f\u00fcr Kopfgeldj\u00e4ger. Das Unternehmen ist stolz darauf, ein praktisches Aktivierungssystem anzubieten, das etwas mehr als 3 Minuten in Anspruch nimmt. Es ist nicht nur ein Kinderspiel, den Prozess zu starten, sondern auch das Navigieren auf der Website ist ein nahtloses Erlebnis. Um das verlockende Angebot zu erhalten, geben Sie den <strong>Promo-Code \u201eRAD100\u201c<\/strong> ein und Sie erhalten kostenlose Skins im Wert von bis zu 0,50 $. Klicken Sie auf das \u201e+\u201c-Symbol f\u00fcr Erstspieler, w\u00e4hlen Sie die Registerkarte \u201eGeschenkkarte einl\u00f6sen\u201c und schon k\u00f6nnen Sie loslegen!<\/p>\n\n\n\n<h2 class=\"wp-block-heading\"><span class=\"ez-toc-section\" id=\"Zusammenfassung_des_kostenlosen_Gamdom-Codes\"><\/span>Zusammenfassung des kostenlosen Gamdom-Codes<span class=\"ez-toc-section-end\"><\/span><\/h2>\n\n\n\n<p>Das Konzept von <a href=\"https:\/\/cs2surge.com\/de\/\">CSGO-Skin-Gl\u00fccksspielseiten<\/a> ist oft ein zweischneidiges Schwert. W\u00e4hrend die Idee hinter dieser Innovation brillant und sehr lohnend ist, wird der Markt von Betr\u00fcgereien \u00fcberschwemmt. Gamdom erweist sich als \u00fcberlegene Option f\u00fcr alle, die gro\u00df rauskommen wollen, und gl\u00e4nzt mit Bequemlichkeit, Jugendlichkeit und massiven Werbegeschenken. Die Website ist vollgestopft mit Promo-Codes, die von Gratiswetten, t\u00e4glichen Angeboten, VIP &amp; Belohnungen bis hin zum charakteristischen Rainbot reichen. Sobald Sie verschiedene Wetten auf der Website platziert haben, k\u00f6nnen Spieler in den R\u00e4ngen aufsteigen, um Teil der k\u00f6niglichen Familie zu werden. Wenn man bedenkt, dass Gamdom so gut ist, wie es nur geht, k\u00f6nnen wir es kaum erwarten zu sehen, was das Team in Zukunft noch so vorhat.<\/p>\n\n\n\n<h2 class=\"wp-block-heading\"><span class=\"ez-toc-section\" id=\"Haeufig_gestellte_Fragen_zu_Gamdom-Codes\"><\/span>H\u00e4ufig gestellte Fragen zu Gamdom-Codes<span class=\"ez-toc-section-end\"><\/span><\/h2>\n\n\n\n<p><strong>Wie bekommt man kostenlose Coins bei Gamdom?<\/strong><\/p>\n\n\n\n<p>Um Ihren fairen Anteil an den Werbegeschenken zu erhalten, gehen Sie zum Plus-Button und geben Sie den entsprechenden Code unter der Registerkarte \u201eGeschenkkarte einl\u00f6sen\u201c ein. Klicken Sie auf \u201eAnfordern\u201c und der Bonus erscheint sofort in Ihrer Brieftasche.<\/p>\n\n\n\n<p><strong>Ist Gamdom legitim?<\/strong><\/p>\n\n\n\n<p>Wir fanden die Website w\u00e4hrend unserer \u00dcberpr\u00fcfung sehr seri\u00f6s und transparent. Das Unternehmen verwendet erstklassige Softwaretechnologien, um die Sicherheit seiner gesch\u00e4tzten Kunden zu gew\u00e4hrleisten. Dar\u00fcber hinaus entspricht es den Branchenvorschriften.<\/p>\n\n\n\n<p><strong>Gibt es einen Gamdom-Promo-Code?<\/strong><\/p>\n\n\n\n<p>Gamdom bietet lukrative Promo-Codes, die massive Werbegeschenke vergeben. Die Website verteilt eine Reihe von Skins und M\u00fcnzen, einschlie\u00dflich t\u00e4glicher Belohnungen. Spieler k\u00f6nnen den Bonuscode \u201eRAD100\u201c verwenden, um kostenlose Skins im Wert von bis zu 1.000 $ zu erhalten. Hier sind die wichtigsten Aktionscodes, die Sie verwenden k\u00f6nnen.<\/p>\n\n\n\n<ul class=\"wp-block-list\">\n<li>RAD100<\/li>\n\n\n\n<li>ES100<\/li>\n\n\n\n<li>Top100-Liste<\/li>\n\n\n\n<li><\/li>\n<\/ul>\n","protected":false},"excerpt":{"rendered":"<p>Wir haben in den letzten zehn Jahren einen Anstieg der Aktivit\u00e4ten auf dem CSGO-Casinomarkt erlebt. Gamdom pr\u00e4sentiert verlockende Promo-Codes, mit denen sich nur eine Handvoll seiner Konkurrenten messen kann, um sich \u00fcber Wasser zu halten. Verwenden Sie den Bonuscode \u201eRAD100\u201c, um bei der Anmeldung kostenlose Coins im Wert von 0,50 $ zu erhalten. Um weitere &#8230; <a title=\"Gamdom-Promo-Code\" class=\"read-more\" href=\"https:\/\/cs2surge.com\/de\/gamdom-promo-code\/\" aria-label=\"Mehr Informationen \u00fcber Gamdom-Promo-Code\">Weiterlesen<\/a><\/p>\n","protected":false},"author":36,"featured_media":4285,"parent":0,"menu_order":0,"comment_status":"closed","ping_status":"closed","template":"","meta":{"inline_featured_image":false,"two_page_speed":[],"footnotes":""},"categories":[58],"tags":[],"class_list":{"0":"post-6992","1":"page","2":"type-page","3":"status-publish","4":"has-post-thumbnail","6":"category-csgo-codes-de"},"acf":[],"_links":{"self":[{"href":"https:\/\/cs2surge.com\/de\/wp-json\/wp\/v2\/pages\/6992","targetHints":{"allow":["GET"]}}],"collection":[{"href":"https:\/\/cs2surge.com\/de\/wp-json\/wp\/v2\/pages"}],"about":[{"href":"https:\/\/cs2surge.com\/de\/wp-json\/wp\/v2\/types\/page"}],"author":[{"embeddable":true,"href":"https:\/\/cs2surge.com\/de\/wp-json\/wp\/v2\/users\/36"}],"replies":[{"embeddable":true,"href":"https:\/\/cs2surge.com\/de\/wp-json\/wp\/v2\/comments?post=6992"}],"version-history":[{"count":8,"href":"https:\/\/cs2surge.com\/de\/wp-json\/wp\/v2\/pages\/6992\/revisions"}],"predecessor-version":[{"id":25767,"href":"https:\/\/cs2surge.com\/de\/wp-json\/wp\/v2\/pages\/6992\/revisions\/25767"}],"wp:featuredmedia":[{"embeddable":true,"href":"https:\/\/cs2surge.com\/de\/wp-json\/wp\/v2\/media\/4285"}],"wp:attachment":[{"href":"https:\/\/cs2surge.com\/de\/wp-json\/wp\/v2\/media?parent=6992"}],"wp:term":[{"taxonomy":"category","embeddable":true,"href":"https:\/\/cs2surge.com\/de\/wp-json\/wp\/v2\/categories?post=6992"},{"taxonomy":"post_tag","embeddable":true,"href":"https:\/\/cs2surge.com\/de\/wp-json\/wp\/v2\/tags?post=6992"}],"curies":[{"name":"wp","href":"https:\/\/api.w.org\/{rel}","templated":true}]}}