{"id":7073,"date":"2022-01-10T13:05:05","date_gmt":"2022-01-10T13:05:05","guid":{"rendered":"https:\/\/csgoradar.com\/bitstarz-promo-code\/"},"modified":"2023-10-18T17:05:05","modified_gmt":"2023-10-18T17:05:05","slug":"bitstarz-promo-code","status":"publish","type":"page","link":"https:\/\/cs2surge.com\/de\/bitstarz-promo-code\/","title":{"rendered":"BitStarz-Promo-Code"},"content":{"rendered":"\n<h1 class=\"wp-block-heading\"><span class=\"ez-toc-section\" id=\"BitStarz-Promo-Code\"><\/span>BitStarz-Promo-Code<span class=\"ez-toc-section-end\"><\/span><\/h1>\n\n\n\n<p>Aber was noch wichtiger ist, BitStarz bietet einen sehr gro\u00dfz\u00fcgigen Willkommensbonus. Sie k\u00f6nnen bis zu 0,0005 Bitcoin plus 180 Freispiele beanspruchen. Das Casino bietet manchmal auch einen Bonus ohne Einzahlung an. BitStarz hat eines der produktivsten VIP- und Treuepr\u00e4mienprogramme der Branche. Das bedeutet, dass Sie auch nach dem Einl\u00f6sen des Willkommensbonus mit dem CR100-Promo-Code weiterhin einige wunderbare Freebies genie\u00dfen k\u00f6nnen. Lesen Sie weiter, um herauszufinden, welche Art von Vorteilen Sie hier genie\u00dfen.<\/p>\n\n\n\n<h2 class=\"wp-block-heading\"><span class=\"ez-toc-section\" id=\"Mehr_BitStarz-Codes\"><\/span>Mehr BitStarz-Codes<span class=\"ez-toc-section-end\"><\/span><\/h2>\n\n\n\n<p>Der Promo-Code-Wahnsinn wurde schon immer mit Online-Gl\u00fccksspielen in Verbindung gebracht. In der Regel hilft Ihnen ein Code, einen kr\u00e4ftigeren Bonus freizuschalten. Wenn Sie eine einfache Suche durchf\u00fchren, werden Sie viele Promo-Codes finden, die am attraktivsten beworben werden. F\u00fcr BitStarz haben wir jedoch den Code CR100 empfohlen. Und wie bereits erw\u00e4hnt, bringt Ihnen dies bis zu 0,0005 BTC plus 180 Freispiele. Wir wissen, dass eifrige Spieler mehr Promo-Codes verlangen werden. Dies ist also eine Liste einiger ausgew\u00e4hlter Promo-Codes, die wir f\u00fcr glaubw\u00fcrdig befunden haben.<\/p>\n\n\n\n<ul class=\"wp-block-list\"><li>CR100<\/li><li>Top100-Liste<\/li><li>ES100<\/li><\/ul>\n\n\n\n<div id=\"ez-toc-container\" class=\"ez-toc-v2_0_82_2 ez-toc-wrap-right counter-hierarchy ez-toc-counter ez-toc-white ez-toc-container-direction\">\n<div class=\"ez-toc-title-container\">\n<p class=\"ez-toc-title\" style=\"cursor:inherit\">Table of Contents<\/p>\n<span class=\"ez-toc-title-toggle\"><\/span><\/div>\n<nav><ul class='ez-toc-list ez-toc-list-level-1 ' ><li class='ez-toc-page-1 ez-toc-heading-level-1'><a class=\"ez-toc-link ez-toc-heading-1\" href=\"https:\/\/cs2surge.com\/de\/bitstarz-promo-code\/#BitStarz-Promo-Code\" >BitStarz-Promo-Code<\/a><ul class='ez-toc-list-level-2' ><li class='ez-toc-heading-level-2'><a class=\"ez-toc-link ez-toc-heading-2\" href=\"https:\/\/cs2surge.com\/de\/bitstarz-promo-code\/#Mehr_BitStarz-Codes\" >Mehr BitStarz-Codes<\/a><\/li><li class='ez-toc-page-1 ez-toc-heading-level-2'><a class=\"ez-toc-link ez-toc-heading-3\" href=\"https:\/\/cs2surge.com\/de\/bitstarz-promo-code\/#Bitstarz_Promo_Code_Unlock_Exciting_Offers\" >Bitstarz Promo Code: Unlock Exciting Offers<\/a><\/li><li class='ez-toc-page-1 ez-toc-heading-level-2'><a class=\"ez-toc-link ez-toc-heading-4\" href=\"https:\/\/cs2surge.com\/de\/bitstarz-promo-code\/#VIP-Promotion_Belohnungen_fuer_Spielermuenzen\" >VIP-Promotion &amp; Belohnungen f\u00fcr Spielerm\u00fcnzen<\/a><\/li><li class='ez-toc-page-1 ez-toc-heading-level-2'><a class=\"ez-toc-link ez-toc-heading-5\" href=\"https:\/\/cs2surge.com\/de\/bitstarz-promo-code\/#Wie_legitim_sind_die_Promo-Codes_von_BitStarz\" >Wie legitim sind die Promo-Codes von BitStarz?<\/a><\/li><li class='ez-toc-page-1 ez-toc-heading-level-2'><a class=\"ez-toc-link ez-toc-heading-6\" href=\"https:\/\/cs2surge.com\/de\/bitstarz-promo-code\/#Eingabe_des_BitStarz-Codes\" >Eingabe des BitStarz-Codes<\/a><\/li><li class='ez-toc-page-1 ez-toc-heading-level-2'><a class=\"ez-toc-link ez-toc-heading-7\" href=\"https:\/\/cs2surge.com\/de\/bitstarz-promo-code\/#Zusammenfassung_des_kostenlosen_BitStarz-Codes\" >Zusammenfassung des kostenlosen BitStarz-Codes<\/a><\/li><li class='ez-toc-page-1 ez-toc-heading-level-2'><a class=\"ez-toc-link ez-toc-heading-8\" href=\"https:\/\/cs2surge.com\/de\/bitstarz-promo-code\/#Haeufig_gestellte_Fragen_zu_BitStarz-Codes\" >H\u00e4ufig gestellte Fragen zu BitStarz-Codes<\/a><\/li><\/ul><\/li><\/ul><\/nav><\/div>\n\n\n\n\n<h2 class=\"wp-block-heading\"><span class=\"ez-toc-section\" id=\"Bitstarz_Promo_Code_Unlock_Exciting_Offers\"><\/span>Bitstarz Promo Code: Unlock Exciting Offers<span class=\"ez-toc-section-end\"><\/span><\/h2>\n\n\n\n<p>BitStarz ist aus so vielen Gr\u00fcnden ein wichtiges Ziel f\u00fcr Online-Spiele. Aber der Hauptgrund f\u00fcr ihren Ruhm sind die h\u00e4ufigen Werbeaktionen und Sonderpreise. Als Stammkunde werden Sie immer einen Grund zum L\u00e4cheln finden, da die Casino-Website Sie weiterhin mit hervorragenden Angeboten \u00fcbersch\u00fcttet.<\/p>\n\n\n\n<p>Montags wirft das BitStarz-Team einen fantastischen Bonus ein, nur um ein L\u00e4cheln auf Ihr Gesicht zu zaubern und Ihnen zu helfen, Ihre Woche mit einer gro\u00dfartigen Note zu beginnen. Sie erhalten einen Bonus von 50 % auf Ihre erste Einzahlung des Tages. Dieser Bonusbetrag ist auf $300 begrenzt.<\/p>\n\n\n\n<p>Mitten in Ihrer hektischen Woche wird BitStarz noch einmal f\u00fcr gute Laune sorgen. Eine weitere nette Promo sind die Mittwochs-Freispiele. Hier k\u00f6nnen Sie 20 Freispiele beanspruchen, wenn Sie 30 $ einzahlen, 80 Freispiele, wenn Sie 80 $ einzahlen, und 200 Freispiele, wenn Sie 160 $ einzahlen. Tolle Angebote von einer fabelhaften Website.<\/p>\n\n\n\n<h2 class=\"wp-block-heading\"><span class=\"ez-toc-section\" id=\"VIP-Promotion_Belohnungen_fuer_Spielermuenzen\"><\/span>VIP-Promotion &amp; Belohnungen f\u00fcr Spielerm\u00fcnzen<span class=\"ez-toc-section-end\"><\/span><\/h2>\n\n\n\n<p>Zus\u00e4tzlich zu einigen hervorragenden Einzahlungsboni belohnt BitStarz treue Spieler f\u00fcr all ihre Aktivit\u00e4ten. Mit Level Up Adventure belohnt Sie das Casino f\u00fcr jedes Spiel, das Sie spielen. Das bedeutet, je mehr Sie spielen oder an Turnieren teilnehmen, desto schneller sammeln Sie Punkte. Wenn Sie Punkte sammeln, steigen Sie immer weiter auf ein neues Level auf.<\/p>\n\n\n\n<p>Probieren Sie jetzt f\u00fcr diejenigen mit tiefen Kassen den VIP-Club aus. Zun\u00e4chst einmal hat BitStarz ein exklusives Willkommenspaket f\u00fcr VIPs. Nachdem Sie eine Einzahlung von 2.500 $ get\u00e4tigt haben, k\u00f6nnen Sie einen Bonus von 125 % genie\u00dfen. Dann l\u00e4dt Sie das Casino ein, dem VIP-Club beizutreten, wo Sie Ihren eigenen Account Manager bekommen, der immer daf\u00fcr sorgt, dass Sie sich wohlf\u00fchlen. Au\u00dferdem erhalten Sie unbegrenzten Zugang zu exklusiven Werbeaktionen.<\/p>\n\n\n\n<h2 class=\"wp-block-heading\"><span class=\"ez-toc-section\" id=\"Wie_legitim_sind_die_Promo-Codes_von_BitStarz\"><\/span>Wie legitim sind die Promo-Codes von BitStarz?<span class=\"ez-toc-section-end\"><\/span><\/h2>\n\n\n\n<p>Verst\u00e4ndlicherweise bezweifeln einige Spieler, dass BitStarz seine Promo-Codes einhalten wird. Diese Website hat jedoch durchweg einen hervorragenden Ruf. Nach gr\u00fcndlicher Recherche haben wir festgestellt, dass dieser Betreiber \u00fcberwiegend positive Bewertungen von Benutzerforen erhalten hat. Die wenigen negativen Kommentare waren nicht signifikant genug, um unsere Wahrnehmung zu \u00e4ndern.<\/p>\n\n\n\n<p>BitStarz ist ein Casino, das auf einem sehr professionellen Niveau arbeitet. Es hat einige Sicherheitsfunktionen eingef\u00fchrt, die es zu einer glaubw\u00fcrdigen Website machen. Die von Curacao lizenzierte Plattform wird von Dritten gepr\u00fcft, um nachzuweisen, dass alle ihre Spiele fair sind. Daher ist dies eine Website, der Sie vertrauen k\u00f6nnen, und diese Promo-Codes funktionieren.<\/p>\n\n\n\n<h2 class=\"wp-block-heading\"><span class=\"ez-toc-section\" id=\"Eingabe_des_BitStarz-Codes\"><\/span>Eingabe des BitStarz-Codes<span class=\"ez-toc-section-end\"><\/span><\/h2>\n\n\n\n<p>Nun, da Sie den Code erhalten haben, wie erhalten Sie den Bonus? Einfach. Melden Sie sich einfach f\u00fcr ein neues Konto bei BitStarz an. Nachdem Sie ein Konto im Casino erstellt haben, m\u00fcssen Sie nun Ihre erste Einzahlung t\u00e4tigen. Dies ist ein Minimum von 0,00008 BTC, aber die Seite passt Ihre Einzahlung bis zu 0,0005 BTC an.<\/p>\n\n\n\n<p>Der n\u00e4chste Schritt besteht darin, zur Aktionsseite zu gehen und nach dem Willkommensangebot Ihrer Wahl zu suchen. Sie m\u00fcssen den Promo-Code korrekt eingeben und absenden. Dann schickt dir BitStarz eine Best\u00e4tigung. Ihr Bonusguthaben wird sofort in Ihrem Profil angezeigt und Sie k\u00f6nnen mit dem Spielen beginnen.<\/p>\n\n\n\n<h2 class=\"wp-block-heading\"><span class=\"ez-toc-section\" id=\"Zusammenfassung_des_kostenlosen_BitStarz-Codes\"><\/span>Zusammenfassung des kostenlosen BitStarz-Codes<span class=\"ez-toc-section-end\"><\/span><\/h2>\n\n\n\n<p>BitStarz ist eine Bitcoin-orientierte Casinoseite, was bedeutet, dass Transaktionen schnell und zuverl\u00e4ssig sind. Das Casino ist auch f\u00fcr das Angebot gro\u00dfz\u00fcgiger Boni f\u00fcr neue und regelm\u00e4\u00dfige Spieler am besten bewertet. Im Internet sind viele Promo-Codes f\u00fcr die Angebote dieser Website verf\u00fcgbar, aber wir haben eine Auswahlliste mit den besten Codes erstellt, darunter CR100, ES100 und Top100list.<\/p>\n\n\n\n<h2 class=\"wp-block-heading\"><span class=\"ez-toc-section\" id=\"Haeufig_gestellte_Fragen_zu_BitStarz-Codes\"><\/span>H\u00e4ufig gestellte Fragen zu BitStarz-Codes<span class=\"ez-toc-section-end\"><\/span><\/h2>\n\n\n\n<p><strong><em>Was ist der Willkommensbonus von BitStarz?<\/em><\/strong><\/p>\n\n\n\n<p>Die Bitcoin-Casinoseite bietet einen attraktiven Einzahlungsbonus von 100 % bis zu 0,0005 BTC f\u00fcr eine Mindesteinzahlung von nur 0,00008 BTC. Sie k\u00f6nnen den Promo-Code CR100 verwenden und erhalten auch 180 Freispiele. Dieses Angebot gilt nur f\u00fcr Ersteinzahler.<\/p>\n\n\n\n<p><strong><em>Wie gebe ich den Promo-Code f\u00fcr den Willkommensbonus von BitStarz ein?<\/em><\/strong><\/p>\n\n\n\n<p>Um den Promo-Code einzugeben und Ihr Willkommensangebot in Anspruch zu nehmen, m\u00fcssen Sie zuerst ein Konto bei BitStarz erstellen und dann Ihren Ersteinzahlungsbonus t\u00e4tigen. Besuchen Sie die Aktionsseite und w\u00e4hlen Sie den Willkommensbonus aus. Geben Sie den Code korrekt in das daf\u00fcr vorgesehene Feld ein und w\u00e4hlen Sie \u201eBeanspruchen\u201c.<\/p>\n\n\n\n<p><strong><em>Welche Zahlungsoptionen kann ich auf BitStarz verwenden?<\/em><\/strong><\/p>\n\n\n\n<p>Dies ist eine <a href=\"https:\/\/cs2surge.com\/crypto-gambling-sites\/\" data-type=\"page\" data-id=\"2406\">Krypto-Gl\u00fccksspiel-Website<\/a> , und Bitcoin ist die prim\u00e4re Zahlungsoption. Das Casino akzeptiert jedoch auch mehrere W\u00e4hrungen wie USD, AUD, EUR und mehr. Spieler k\u00f6nnen auch andere Kryptow\u00e4hrungsoptionen wie Ethereum und Dogecoin verwenden.<\/p>\n","protected":false},"excerpt":{"rendered":"<p>BitStarz-Promo-Code Aber was noch wichtiger ist, BitStarz bietet einen sehr gro\u00dfz\u00fcgigen Willkommensbonus. Sie k\u00f6nnen bis zu 0,0005 Bitcoin plus 180 Freispiele beanspruchen. Das Casino bietet manchmal auch einen Bonus ohne Einzahlung an. BitStarz hat eines der produktivsten VIP- und Treuepr\u00e4mienprogramme der Branche. Das bedeutet, dass Sie auch nach dem Einl\u00f6sen des Willkommensbonus mit dem CR100-Promo-Code &#8230; <a title=\"BitStarz-Promo-Code\" class=\"read-more\" href=\"https:\/\/cs2surge.com\/de\/bitstarz-promo-code\/\" aria-label=\"Mehr Informationen \u00fcber BitStarz-Promo-Code\">Weiterlesen<\/a><\/p>\n","protected":false},"author":36,"featured_media":6223,"parent":0,"menu_order":0,"comment_status":"closed","ping_status":"closed","template":"","meta":{"inline_featured_image":false,"two_page_speed":[],"footnotes":""},"categories":[58],"tags":[],"class_list":{"0":"post-7073","1":"page","2":"type-page","3":"status-publish","4":"has-post-thumbnail","6":"category-csgo-codes-de"},"acf":[],"_links":{"self":[{"href":"https:\/\/cs2surge.com\/de\/wp-json\/wp\/v2\/pages\/7073","targetHints":{"allow":["GET"]}}],"collection":[{"href":"https:\/\/cs2surge.com\/de\/wp-json\/wp\/v2\/pages"}],"about":[{"href":"https:\/\/cs2surge.com\/de\/wp-json\/wp\/v2\/types\/page"}],"author":[{"embeddable":true,"href":"https:\/\/cs2surge.com\/de\/wp-json\/wp\/v2\/users\/36"}],"replies":[{"embeddable":true,"href":"https:\/\/cs2surge.com\/de\/wp-json\/wp\/v2\/comments?post=7073"}],"version-history":[{"count":3,"href":"https:\/\/cs2surge.com\/de\/wp-json\/wp\/v2\/pages\/7073\/revisions"}],"predecessor-version":[{"id":24010,"href":"https:\/\/cs2surge.com\/de\/wp-json\/wp\/v2\/pages\/7073\/revisions\/24010"}],"wp:featuredmedia":[{"embeddable":true,"href":"https:\/\/cs2surge.com\/de\/wp-json\/wp\/v2\/media\/6223"}],"wp:attachment":[{"href":"https:\/\/cs2surge.com\/de\/wp-json\/wp\/v2\/media?parent=7073"}],"wp:term":[{"taxonomy":"category","embeddable":true,"href":"https:\/\/cs2surge.com\/de\/wp-json\/wp\/v2\/categories?post=7073"},{"taxonomy":"post_tag","embeddable":true,"href":"https:\/\/cs2surge.com\/de\/wp-json\/wp\/v2\/tags?post=7073"}],"curies":[{"name":"wp","href":"https:\/\/api.w.org\/{rel}","templated":true}]}}