{"id":7092,"date":"2023-04-24T06:17:00","date_gmt":"2023-04-24T06:17:00","guid":{"rendered":"https:\/\/csgoradar.com\/csgo500-empfehlungscodes\/"},"modified":"2023-10-18T17:01:34","modified_gmt":"2023-10-18T17:01:34","slug":"csgo500-empfehlungscodes","status":"publish","type":"page","link":"https:\/\/cs2surge.com\/de\/csgo500-empfehlungscodes\/","title":{"rendered":"CSGO500-Empfehlungscodes"},"content":{"rendered":"\n<p>Neukunden finden eine Auswahl an Codes, die derzeit f\u00fcr die meisten L\u00e4nder verf\u00fcgbar sind. Im Moment funktioniert nur \u201e <strong>CR30<\/strong> \u201c auf ihren Hauptplattformspielen wie <a href=\"https:\/\/cs2surge.com\/de\/csgo-coinflip-seiten\/\">CSGO Coinflip<\/a> oder sogar Roulette. <\/p>\n\n\n\n<p>Hier ist eine Liste von Gegenst\u00e4nden, die Sie sich schnappen, entweder behalten oder direkt f\u00fcr virtuelle M\u00fcnzen verkaufen k\u00f6nnen: <\/p>\n\n\n\n<ul class=\"wp-block-list\"><li>P90<\/li><li>AWP mit einem Drachenkunde-Skin (im Wert von \u00fcber 1.400 $)<\/li><li>Darmmesser (Doppler)<\/li><li>Prisma-Schl\u00fcssel<\/li><\/ul>\n\n\n\n<p>Denken Sie daran, bei diesem Bonuscode gibt es nichts zu verlieren, Sie k\u00f6nnten 0,1 $ oder sogar 2.000 $ in kosmetischen Skins gewinnen, um Wetten zu platzieren oder eine Auszahlungsfunktion zu nutzen, indem Sie eine unserer empfohlenen CSGO-Auszahlungsseiten verwenden , die alle vertrauensw\u00fcrdig sind. <\/p>\n\n\n\n<h2 class=\"wp-block-heading\"><span class=\"ez-toc-section\" id=\"Laufende_Werbeaktionen_fuer_kostenlose_Codes\"><\/span>Laufende Werbeaktionen f\u00fcr kostenlose Codes<span class=\"ez-toc-section-end\"><\/span><\/h2>\n\n\n\n<p>CSGO500 bietet treuen und engagierten Spielern auch eine Vielzahl exklusiver Werbeaktionen. Sie werden in der Lage sein, h\u00e4ufig Werbegeschenke f\u00fcr bestimmte Skins zu finden, die entweder zum Platzieren von Wetten verwendet oder alternativ zur\u00fcck in Ihre Steam-Brieftasche \u00fcbertragen werden k\u00f6nnen. Nicht nur das, Sie k\u00f6nnen auch auf die Twitter-Seite von CSGO500 gehen, um Bonuscodes zu erhalten, um kostenlose Werbeaktionen zu er\u00f6ffnen. <\/p>\n\n\n\n<p>Saisonale Boni sind oft \u00fcblich, mit h\u00f6heren Einzahlungsboni und t\u00e4glichen, w\u00f6chentlichen und monatlichen Codes f\u00fcr hochrangige kostenlose Codes, mit denen Sie Skins im Wert von Tausenden von Dollar gewinnen k\u00f6nnen. <\/p>\n\n\n\n<p>Sie k\u00f6nnen hier bei CSGORadar oder alternativ auf der Aktionsseite auf der CSGO500-Website nachsehen. <\/p>\n\n\n\n<h2 class=\"wp-block-heading\"><span class=\"ez-toc-section\" id=\"CSGO500_Empfehlungscodes_Maximiere_Gewinne\"><\/span>CSGO500 Empfehlungscodes: Maximiere Gewinne<span class=\"ez-toc-section-end\"><\/span><\/h2>\n\n\n\n<p>Die Mehrheit der CSGO-Gl\u00fccksspielseiten bietet irgendeine Form von Empfehlungscode, Bonuscode oder Werbeangebot in Form eines \u201eGuthabens\u201c f\u00fcr das Platzieren von Wetten auf der Seite an. Wenn Sie sich als Neukunde registrieren, m\u00fcssen Sie oft eine Einzahlung t\u00e4tigen, um sich zu qualifizieren, Websites wie CSGOLive verlangen dies jedoch nicht. <\/p>\n\n\n\n<p>Kostenlose Werbeaktionen sind oft die beliebteste Form der Werbeaktion und werden sofort in virtueller W\u00e4hrung auf Ihr Konto \u00fcberwiesen, sobald der Wert des Skins in den kostenlosen Angeboten enthalten ist. <\/p>\n\n\n\n<h2 class=\"wp-block-heading\"><span class=\"ez-toc-section\" id=\"So_verwenden_Sie_den_CSGO500-Empfehlungscode\"><\/span>So verwenden Sie den CSGO500-Empfehlungscode<span class=\"ez-toc-section-end\"><\/span><\/h2>\n\n\n\n<div class=\"wp-block-image\"><figure class=\"aligncenter size-large is-resized\"><img loading=\"lazy\" decoding=\"async\" src=\"https:\/\/cs2surge.com\/wp-content\/uploads\/2021\/06\/csgo500-referral-codes-and-promos-1024x576.jpeg\" alt=\"\" class=\"wp-image-539\" width=\"1008\" height=\"567\" srcset=\"https:\/\/cs2surge.com\/wp-content\/uploads\/2021\/06\/csgo500-referral-codes-and-promos-1024x576.jpeg 1024w, https:\/\/cs2surge.com\/wp-content\/uploads\/2021\/06\/csgo500-referral-codes-and-promos-300x169.jpeg 300w, https:\/\/cs2surge.com\/wp-content\/uploads\/2021\/06\/csgo500-referral-codes-and-promos-768x432.jpeg 768w, https:\/\/cs2surge.com\/wp-content\/uploads\/2021\/06\/csgo500-referral-codes-and-promos-1200x675.jpeg 1200w, https:\/\/cs2surge.com\/wp-content\/uploads\/2021\/06\/csgo500-referral-codes-and-promos.jpeg 1280w\" sizes=\"auto, (max-width: 1008px) 100vw, 1008px\" \/><\/figure><\/div>\n\n\n\n<p>Unten finden Sie die einfache Aufgabe, den Empfehlungscode auf CSGO500 und seinen alternativen Codes zu aktivieren. Sie k\u00f6nnen pr\u00fcfen, ob die CSGO500-Promo verwendet werden kann <\/p>\n\n\n\n<ul class=\"wp-block-list\"><li>Ich ging zu CSGO500, meldete mich mit Benutzername, E-Mail und weiteren Details an und ging zu \u201eBelohnungen\u201c.<\/li><li>Wir haben uns f\u00fcr den Code \u201eCR30\u201c aus der obigen Liste entschieden und auf \u201eKopieren\u201c geklickt und ihn dann in den Abschnitt \u201eAktionen\u201c von CSGO500 eingef\u00fcgt<\/li><li>Und dies fasste die gesamte Anmeldung und Aktivierung des Empfehlungscodes zusammen, der es mir dann leicht erm\u00f6glichte, Einzahlungen zu t\u00e4tigen, Wetten zu platzieren und Live-Spiele zu sehen.<\/li><\/ul>\n\n\n\n<p>Wenn Sie weitere Hilfe zu einem der Bonuscodes oder einer Form der Registrierung ben\u00f6tigen, k\u00f6nnen Sie zu deren Live-Hilfe gehen oder sich an die E-Mail-Kundensupportadresse wenden. <\/p>\n\n\n\n<h2 class=\"wp-block-heading\"><span class=\"ez-toc-section\" id=\"CSGO500-Aktionen\"><\/span>CSGO500-Aktionen<span class=\"ez-toc-section-end\"><\/span><\/h2>\n\n\n\n<p>CSGO500 bietet im Allgemeinen keine gro\u00dfe Liste von Werbeaktionen an, um kostenloses Bargeld zu erhalten, aber die einzige, die sie anbieten, kann mehrmals verwendet werden, einmal alle 24 Stunden, um genau zu sein. CSGO500 beteiligt sich jedoch oft an saisonalen Weihnachtsaktionen , \u00fcber die wir unter anderem berichtet haben, zum Beispiel ihr 100.000-Dollar-Werbegeschenk zu Weihnachten. <\/p>\n\n\n\n<p>Wenn bei CSGO500 mehrere Werbeaktionen verf\u00fcgbar sind, k\u00f6nnen Sie hier erneut vorbeischauen und wir werden Sie auf dem Laufenden halten. <\/p>\n\n\n\n<h2 class=\"wp-block-heading\"><span class=\"ez-toc-section\" id=\"Angebote_fuer_Bestandskunden_auf_CSGO500\"><\/span>Angebote f\u00fcr Bestandskunden auf CSGO500<span class=\"ez-toc-section-end\"><\/span><\/h2>\n\n\n\n<p>Auch Bestandskunden k\u00f6nnen von dem oben aufgef\u00fchrten Bonuscode profitieren und damit genau die gleichen Pr\u00e4mien erhalten. \u00dcberpr\u00fcfen Sie CSGO500 regelm\u00e4\u00dfig und auch auf unserer Seite auf Updates zu Treueaktionen. <\/p>\n\n\n\n<h2 class=\"wp-block-heading\"><span class=\"ez-toc-section\" id=\"CSGO500-Code-Alternativen\"><\/span>CSGO500-Code-Alternativen<span class=\"ez-toc-section-end\"><\/span><\/h2>\n\n\n\n<p>Da viele CSGO-Gl\u00fccksspielseiten derzeit zahlreiche Codes anbieten, finden Sie verschiedene Alternativen, die Sie f\u00fcr eine der unten aufgef\u00fchrten Alternativen zu CSGO500 verwenden k\u00f6nnen. <\/p>\n\n\n\n<p>Sowohl die Spielvielfalt als auch die Codeauswahl k\u00f6nnen eine gro\u00dfe Rolle spielen, wenn wir Ihnen eine CSGO-Gl\u00fccksspielseite empfehlen, und es gibt ein paar Faktoren, die CSGO500 verbessern kann. Wir empfehlen, sich den FarmSkins-Code anzusehen und ihn auch mit CSGOLive, Daddy Skins, <a href=\"https:\/\/cs2surge.com\/skinhub-promo-code\/\" data-type=\"page\" data-id=\"1137\">SkinHub<\/a> und auch dem beliebten DuelBits zu vergleichen, das auch viele CSGO-Gl\u00fccksspielfunktionen bietet. <\/p>\n\n\n\n<h2 class=\"wp-block-heading\"><span class=\"ez-toc-section\" id=\"Haeufig_gestellte_Fragen_zum_CSGO500-Empfehlungscode\"><\/span>H\u00e4ufig gestellte Fragen zum CSGO500-Empfehlungscode<span class=\"ez-toc-section-end\"><\/span><\/h2>\n\n\n<div id=\"rank-math-faq\" class=\"rank-math-block\">\n<div class=\"rank-math-list \">\n<div id=\"faq-question-1651141458154\" class=\"rank-math-list-item\">\n<h3 class=\"rank-math-question \">Wie lautet der Empfehlungscode f\u00fcr CSGO500?<\/h3>\n<div class=\"rank-math-answer \">\n\n<p>Als eine der seri\u00f6sesten CSGO-Gl\u00fccksspielseiten k\u00f6nnen Sie ganz einfach den CSGO500-Empfehlungscode anfordern, indem Sie einfach den Code \u201eCR30\u201c kopieren und in das Bonuscode-Feld auf CSG0500.com einf\u00fcgen. Dies k\u00f6nnte Ihnen viele kostenlose Skins einbringen.<\/p>\n\n<\/div>\n<\/div>\n<div id=\"faq-question-1651141463461\" class=\"rank-math-list-item\">\n<h3 class=\"rank-math-question \"><em>Ist der CSGO500-Empfehlungscode legitim?<\/em><\/h3>\n<div class=\"rank-math-answer \">\n\n<p>Die von CSGO500 angebotenen Werbeaktionen sind v\u00f6llig legitim und k\u00f6nnen alle 24 Stunden genutzt werden und den Spielern leicht zugute kommen.<\/p>\n\n<\/div>\n<\/div>\n<div id=\"faq-question-1651141464212\" class=\"rank-math-list-item\">\n<h3 class=\"rank-math-question \"><em>Welche L\u00e4nder erlaubt CSGO500<\/em> ?<\/h3>\n<div class=\"rank-math-answer \">\n\n<p>CSGO500 wird im Allgemeinen Benutzer blockieren, die aus L\u00e4ndern wie den USA, Gro\u00dfbritannien und Kanada kommen, aber es scheint, dass dies k\u00fcrzlich aufgeh\u00f6rt hat.<\/p>\n\n<\/div>\n<\/div>\n<\/div>\n<\/div>","protected":false},"excerpt":{"rendered":"<p>Neukunden finden eine Auswahl an Codes, die derzeit f\u00fcr die meisten L\u00e4nder verf\u00fcgbar sind. Im Moment funktioniert nur \u201e CR30 \u201c auf ihren Hauptplattformspielen wie CSGO Coinflip oder sogar Roulette. Hier ist eine Liste von Gegenst\u00e4nden, die Sie sich schnappen, entweder behalten oder direkt f\u00fcr virtuelle M\u00fcnzen verkaufen k\u00f6nnen: P90 AWP mit einem Drachenkunde-Skin (im &#8230; <a title=\"CSGO500-Empfehlungscodes\" class=\"read-more\" href=\"https:\/\/cs2surge.com\/de\/csgo500-empfehlungscodes\/\" aria-label=\"Mehr Informationen \u00fcber CSGO500-Empfehlungscodes\">Weiterlesen<\/a><\/p>\n","protected":false},"author":36,"featured_media":5093,"parent":0,"menu_order":0,"comment_status":"closed","ping_status":"closed","template":"","meta":{"inline_featured_image":false,"two_page_speed":[],"footnotes":""},"categories":[58],"tags":[],"class_list":{"0":"post-7092","1":"page","2":"type-page","3":"status-publish","4":"has-post-thumbnail","6":"category-csgo-codes-de"},"acf":[],"_links":{"self":[{"href":"https:\/\/cs2surge.com\/de\/wp-json\/wp\/v2\/pages\/7092","targetHints":{"allow":["GET"]}}],"collection":[{"href":"https:\/\/cs2surge.com\/de\/wp-json\/wp\/v2\/pages"}],"about":[{"href":"https:\/\/cs2surge.com\/de\/wp-json\/wp\/v2\/types\/page"}],"author":[{"embeddable":true,"href":"https:\/\/cs2surge.com\/de\/wp-json\/wp\/v2\/users\/36"}],"replies":[{"embeddable":true,"href":"https:\/\/cs2surge.com\/de\/wp-json\/wp\/v2\/comments?post=7092"}],"version-history":[{"count":10,"href":"https:\/\/cs2surge.com\/de\/wp-json\/wp\/v2\/pages\/7092\/revisions"}],"predecessor-version":[{"id":24005,"href":"https:\/\/cs2surge.com\/de\/wp-json\/wp\/v2\/pages\/7092\/revisions\/24005"}],"wp:featuredmedia":[{"embeddable":true,"href":"https:\/\/cs2surge.com\/de\/wp-json\/wp\/v2\/media\/5093"}],"wp:attachment":[{"href":"https:\/\/cs2surge.com\/de\/wp-json\/wp\/v2\/media?parent=7092"}],"wp:term":[{"taxonomy":"category","embeddable":true,"href":"https:\/\/cs2surge.com\/de\/wp-json\/wp\/v2\/categories?post=7092"},{"taxonomy":"post_tag","embeddable":true,"href":"https:\/\/cs2surge.com\/de\/wp-json\/wp\/v2\/tags?post=7092"}],"curies":[{"name":"wp","href":"https:\/\/api.w.org\/{rel}","templated":true}]}}