{"id":7105,"date":"2021-06-27T11:35:31","date_gmt":"2021-06-27T11:35:31","guid":{"rendered":"https:\/\/csgoradar.com\/wtfskins-empfehlungscode\/"},"modified":"2023-10-18T17:00:24","modified_gmt":"2023-10-18T17:00:24","slug":"wtfskins-empfehlungscode","status":"publish","type":"page","link":"https:\/\/cs2surge.com\/de\/wtfskins-empfehlungscode\/","title":{"rendered":"WTFSkins Empfehlungscode"},"content":{"rendered":"\n<p>Derzeit hat WTFSkins eine Reihe von Aktionen und Angeboten f\u00fcr Neukunden, die den <strong>Bonuscode \u201eRADAR30\u201c<\/strong> verwenden k\u00f6nnen, um vollen Zugang zu einer Reihe von gro\u00dfartigen Vorteilen f\u00fcr Neukunden zu erhalten. <\/p>\n\n\n\n<p>Wenn Sie Probleme haben, den WTFSkins-Code zu beanspruchen, k\u00f6nnen Sie sich einfach an den Live-Chat wenden, der Ihnen beim Promo-Code weiterhelfen kann. <\/p>\n\n\n\n<p>Zusammenfassend w\u00fcrden wir sagen, dass es sich lohnen k\u00f6nnte, wenn Sie gerne auf diesen CSGO-Gl\u00fccksspielplattformen oder insbesondere auf CSGO-Spielautomatenseiten spielen , sich WTFSkins online anzusehen und den von uns aufgelisteten Promo-Code sowie die laufenden Fallaktionen zu nutzen bestehende Kunden. Als eine der besten CSGO-Gl\u00fccksspielplattformen erwarten Sie ein tolles Willkommensangebot, also schauen Sie sich diese an! <\/p>\n\n\n\n<h2 class=\"wp-block-heading\"><span class=\"ez-toc-section\" id=\"Laufende_Gratis-Fall-Aktionen\"><\/span>Laufende Gratis-Fall-Aktionen<span class=\"ez-toc-section-end\"><\/span><\/h2>\n\n\n\n<p>WTFSkins wurde aufgrund ihrer fantastischen laufenden Werbeaktionen und Angebote, die exklusiv f\u00fcr bestehende Kunden gelten, unglaublich beliebt. Einige laufende Werbeaktionen wie $\/\u00a35.000+ Jackpot-Spiele und interaktive Match-Wettspiele. <\/p>\n\n\n\n<p>Sie k\u00f6nnen ganz einfach zur Twitter-Seite von WTFSkins gehen, die viele Optionen f\u00fcr Werbegeschenke seltener Skins und auch Codes f\u00fcr kostenlose H\u00fcllen oder virtuelle M\u00fcnzen enth\u00e4lt. <\/p>\n\n\n\n<p>T\u00e4gliche, w\u00f6chentliche und monatliche Gratis-Fall-Aktionen sind bei WTFSkins \u00fcblich und haben definitiv die M\u00f6glichkeit, die Verwendung von Empfehlungscodes weiter auszudehnen. <\/p>\n\n\n\n<h2 class=\"wp-block-heading\"><span class=\"ez-toc-section\" id=\"WTF_Skins_Empfehlungscode_Savings_Await\"><\/span>WTF Skins Empfehlungscode: Savings Await<span class=\"ez-toc-section-end\"><\/span><\/h2>\n\n\n\n<p>WTFSkins w\u00fcrdigt Loyalit\u00e4t und engagierte Spieler definitiv mit Pr\u00e4mien und Werbegeschenken f\u00fcr seine Stammkunden. Als wir einen Blick auf unsere <a href=\"https:\/\/cs2surge.com\/csgo-raffle-sites\/\" data-type=\"page\" data-id=\"248\">Liste der CSGO-Verlosungswebsites geworfen<\/a> haben, haben wir festgestellt, dass WTFSkins ein Top-Anbieter sowohl f\u00fcr kostenlose Verlosungen als auch f\u00fcr Werbegeschenke ist. Von fantastischen seltenen roten AK47-Werbegeschenken bis hin zu exklusiven Codes f\u00fcr bestimmte treue Spieler. <\/p>\n\n\n\n<p>Ihr Abschnitt \u201eWTF-Legenden\u201c belohnt die 50 besten Spieler, die t\u00e4glich, w\u00f6chentlich und monatlich gespielt haben, mit Preisen von bis zu 2.000 $, wobei der 1. Platz eine AWP Dragon Lore (FN) ergattert.<\/p>\n\n\n\n<p>WTFSkins sind tief bekannt f\u00fcr ihre fantastischen Belohnungen und Werbegeschenke f\u00fcr Spieler, um das weitere Gameplay mit Spielen wie Crash, Roulette oder sogar Jackpot zu erweitern. <\/p>\n\n\n\n<h2 class=\"wp-block-heading\"><span class=\"ez-toc-section\" id=\"Weitere_WTFSkins-Empfehlungscodes\"><\/span>Weitere WTFSkins-Empfehlungscodes<span class=\"ez-toc-section-end\"><\/span><\/h2>\n\n\n\n<p>Im Moment enth\u00e4lt WTFSkins nur einen \u201eoffiziellen\u201c Promo-Code f\u00fcr Neukunden und bietet au\u00dferdem fortlaufende Anreize f\u00fcr treue und engagierte Spieler. <\/p>\n\n\n\n<p>Aber tats\u00e4chlich, wenn WTFSkins neue Empfehlungscodes ver\u00f6ffentlicht, werden wir sie unten auflisten:<\/p>\n\n\n\n<ul class=\"wp-block-list\"><li>TOPSGO1<\/li><li>CSGOWTF<\/li><\/ul>\n\n\n\n<p>Vergessen Sie nicht, dass neue Spieler den <strong>Bonuscode \u201eRADAR30\u201c<\/strong> f\u00fcr bis zu 1.000 KOSTENLOSE M\u00fcnzen verwenden k\u00f6nnen! <\/p>\n\n\n\n<h2 class=\"wp-block-heading\"><span class=\"ez-toc-section\" id=\"Eingabe_Ihres_WTFSkins-Empfehlungscodes\"><\/span>Eingabe Ihres WTFSkins-Empfehlungscodes<span class=\"ez-toc-section-end\"><\/span><\/h2>\n\n\n\n<p>Wie die meisten CSGO-Gl\u00fccksspielseiten, die wir auflisten, ist die Anmeldung bei WTFSkins und die Nutzung des von uns aufgelisteten Bonuscodes eine unglaublich einfache Aufgabe. <\/p>\n\n\n\n<p>Der Registrierungsprozess ist einfach und Sie sind in k\u00fcrzester Zeit einsatzbereit. Alles, was Sie tun m\u00fcssen, ist auf die Option \u201e\u00dcber STEAM anmelden\u201c zu klicken, damit Sie sich ganz einfach mit Ihrem Steam-Konto verbinden k\u00f6nnen. Verschiedene andere Details m\u00fcssen eingegeben werden, bevor Sie loslegen k\u00f6nnen. <\/p>\n\n\n\n<p>Sie k\u00f6nnen die Dinge noch einfacher machen, indem Sie auf den obigen Link zu WTFSkins klicken, wodurch der Code automatisch in Ihrem Konto platziert wird! <\/p>\n\n\n\n<h2 class=\"wp-block-heading\"><span class=\"ez-toc-section\" id=\"Haeufig_gestellte_Fragen_zum_Empfehlungscode_von_WTFSkins\"><\/span>H\u00e4ufig gestellte Fragen zum Empfehlungscode von WTFSkins<span class=\"ez-toc-section-end\"><\/span><\/h2>\n\n\n<div id=\"rank-math-faq\" class=\"rank-math-block\">\n<div class=\"rank-math-list \">\n<div id=\"faq-question-1650898211117\" class=\"rank-math-list-item\">\n<h3 class=\"rank-math-question \">Gibt es einen WTFSkins Empfehlungscode?<\/h3>\n<div class=\"rank-math-answer \">\n\n<p><em>Ja! Alles, was Sie tun m\u00fcssen, ist, den Promo-Code \u201eRADAR30\u201c auf der WTFSkins-Website einzugeben, der aktiviert wird, sobald Sie Ihr Konto zum ersten Mal registriert haben. Sie k\u00f6nnen ganz einfach unseren Link auf dieser Seite verwenden, um ganz einfach sicherzustellen, dass der Code korrekt eingegeben wurde.<\/em><\/p>\n\n<\/div>\n<\/div>\n<div id=\"faq-question-1650898218152\" class=\"rank-math-list-item\">\n<h3 class=\"rank-math-question \">Was ist das WTFSkins-Willkommensangebot?<\/h3>\n<div class=\"rank-math-answer \">\n\n<p>Wie wir bereits gesagt haben, erm\u00f6glicht Ihnen das aktuelle Willkommensangebot von WTFSkins, Skins im Wert von bis zu 1.000 $ zu ergattern, und Sie k\u00f6nnen leicht von den laufenden Werbeaktionen profitieren, sobald Sie beigetreten sind und mit dem Spielen begonnen haben, sowie von den fantastischen Twitter-Werbegeschenken.<\/p>\n\n<\/div>\n<\/div>\n<div id=\"faq-question-1650898219081\" class=\"rank-math-list-item\">\n<h3 class=\"rank-math-question \">Wer kann den WTFSkins-Empfehlungscode anfordern?<\/h3>\n<div class=\"rank-math-answer \">\n\n<p>Alle Neukunden k\u00f6nnen den anf\u00e4nglichen Empfehlungscode beanspruchen, der Ihr Gameplay bei WTFSkins bei Spielen wie Roulette oder sogar Jackpot leicht steigern kann, die Sie auf unserer <a href=\"https:\/\/cs2surge.com\/best-csgo-jackpot-sites\/\">Liste der empfohlenen CSGO-Jackpot-Sites einsehen<\/a> k\u00f6nnen, die Ihnen beim Einstieg helfen.<\/p>\n\n<\/div>\n<\/div>\n<div id=\"faq-question-1650898219915\" class=\"rank-math-list-item\">\n<h3 class=\"rank-math-question \"><strong>Welche Einzahlungsmethoden hat WTFSkins?<\/strong><\/h3>\n<div class=\"rank-math-answer \">\n\n<p>WTFSkins haben eine anst\u00e4ndige Anzahl beliebter Optionen f\u00fcr Interessierte. Sie halten haupts\u00e4chlich Skins als Zahlungsmethoden, was nicht so gut ist wie einige Plattformen wie CSGO500 usw.<\/p>\n\n<\/div>\n<\/div>\n<\/div>\n<\/div>","protected":false},"excerpt":{"rendered":"<p>Derzeit hat WTFSkins eine Reihe von Aktionen und Angeboten f\u00fcr Neukunden, die den Bonuscode \u201eRADAR30\u201c verwenden k\u00f6nnen, um vollen Zugang zu einer Reihe von gro\u00dfartigen Vorteilen f\u00fcr Neukunden zu erhalten. Wenn Sie Probleme haben, den WTFSkins-Code zu beanspruchen, k\u00f6nnen Sie sich einfach an den Live-Chat wenden, der Ihnen beim Promo-Code weiterhelfen kann. Zusammenfassend w\u00fcrden wir &#8230; <a title=\"WTFSkins Empfehlungscode\" class=\"read-more\" href=\"https:\/\/cs2surge.com\/de\/wtfskins-empfehlungscode\/\" aria-label=\"Mehr Informationen \u00fcber WTFSkins Empfehlungscode\">Weiterlesen<\/a><\/p>\n","protected":false},"author":36,"featured_media":4331,"parent":0,"menu_order":0,"comment_status":"closed","ping_status":"closed","template":"","meta":{"inline_featured_image":false,"two_page_speed":[],"footnotes":""},"categories":[58],"tags":[],"class_list":{"0":"post-7105","1":"page","2":"type-page","3":"status-publish","4":"has-post-thumbnail","6":"category-csgo-codes-de"},"acf":[],"_links":{"self":[{"href":"https:\/\/cs2surge.com\/de\/wp-json\/wp\/v2\/pages\/7105","targetHints":{"allow":["GET"]}}],"collection":[{"href":"https:\/\/cs2surge.com\/de\/wp-json\/wp\/v2\/pages"}],"about":[{"href":"https:\/\/cs2surge.com\/de\/wp-json\/wp\/v2\/types\/page"}],"author":[{"embeddable":true,"href":"https:\/\/cs2surge.com\/de\/wp-json\/wp\/v2\/users\/36"}],"replies":[{"embeddable":true,"href":"https:\/\/cs2surge.com\/de\/wp-json\/wp\/v2\/comments?post=7105"}],"version-history":[{"count":8,"href":"https:\/\/cs2surge.com\/de\/wp-json\/wp\/v2\/pages\/7105\/revisions"}],"predecessor-version":[{"id":24003,"href":"https:\/\/cs2surge.com\/de\/wp-json\/wp\/v2\/pages\/7105\/revisions\/24003"}],"wp:featuredmedia":[{"embeddable":true,"href":"https:\/\/cs2surge.com\/de\/wp-json\/wp\/v2\/media\/4331"}],"wp:attachment":[{"href":"https:\/\/cs2surge.com\/de\/wp-json\/wp\/v2\/media?parent=7105"}],"wp:term":[{"taxonomy":"category","embeddable":true,"href":"https:\/\/cs2surge.com\/de\/wp-json\/wp\/v2\/categories?post=7105"},{"taxonomy":"post_tag","embeddable":true,"href":"https:\/\/cs2surge.com\/de\/wp-json\/wp\/v2\/tags?post=7105"}],"curies":[{"name":"wp","href":"https:\/\/api.w.org\/{rel}","templated":true}]}}