{"id":10651,"date":"2023-05-04T09:16:00","date_gmt":"2023-05-04T09:16:00","guid":{"rendered":"https:\/\/csgoradar.com\/codigo-promocional-hellcase\/"},"modified":"2022-07-23T10:08:49","modified_gmt":"2022-07-23T10:08:49","slug":"codigo-promocional-hellcase","status":"publish","type":"page","link":"https:\/\/cs2surge.com\/es\/codigo-promocional-hellcase\/","title":{"rendered":"C\u00f3digo promocional Hellcase"},"content":{"rendered":"\n<p>A pesar de las enormes cifras de tr\u00e1fico del sitio web, la red nunca est\u00e1 \u00abatascada\u00bb y la interfaz de usuario siempre est\u00e1 limpia, funcionando sin problemas y sin retrasos. Actualmente, Hellcase cuenta con dos opciones de iGaming: CS:GO y Dota 2.  <\/p>\n\n\n\n<p>Sin embargo, es evidente que CS:GO es el n\u00facleo del sitio web. Una r\u00e1pida comparaci\u00f3n entre el n\u00famero de usuarios que buscan skins de CS:GO y de Dota es suficiente para identificarlo. Si quieres unirte a esta plataforma \u00fanica, reclama un bono utilizando el c\u00f3digo promocional <strong>\u00abCR100<\/strong> \u00ab.<\/p>\n\n\n\n<h2 class=\"wp-block-heading\"><span class=\"ez-toc-section\" id=\"Codigos_y_promociones_Hellcase_2022\"><\/span>C\u00f3digos y promociones Hellcase 2022<span class=\"ez-toc-section-end\"><\/span><\/h2>\n\n\n\n<p>A diferencia de muchos sitios web de apuestas de CS:GO que combinan m\u00faltiples funcionalidades, Hellcase se centra exclusivamente en la apertura de casos de CSGO. Por lo tanto, no hay juegos de casino, apuestas deportivas u otras opciones de juego aparte de las de CS:GO.<\/p>\n\n\n\n<p>Si est\u00e1s familiarizado con los <a href=\"https:\/\/cs2surge.com\/es\/\" data-type=\"page\" data-id=\"8\">sitios de apuestas de skin de CSGO<\/a>, la apertura de cajas y los intercambios no son una novedad. Adem\u00e1s del c\u00f3digo <strong>\u00abCR100<\/strong> \u00ab, los usuarios disponen de emocionantes promociones y bonificaciones para impulsar toda la experiencia.<\/p>\n\n\n\n<p>En comparaci\u00f3n con otros sitios web similares de CS:GO, Hellcase presenta un proceso de apertura de cajas bien dise\u00f1ado. Los jugadores que no est\u00e9n interesados en un skin concreto abandonado pueden cambiarlo por dinero y utilizar los fondos para abrir nuevos casos.<\/p>\n\n\n\n<p>Teniendo en cuenta que el \u00fanico activo que puedes canjear es CS:GO o skins de Dota, ofrece a los jugadores un amplio abanico de posibilidades. Antes de vender un skin, puedes buscar mejores precios en diferentes mercados del juego. A veces, Hellcase no actualiza los precios de las pieles raras.<\/p>\n\n\n\n<p>Los usuarios disponen de una variedad de m\u00e9todos de pago para los dep\u00f3sitos y retiros. Los m\u00e9todos de dep\u00f3sito incluyen:<\/p>\n\n\n\n<ul class=\"wp-block-list\"><li>Visa<\/li><li>MasterCard<\/li><li>Bitcoin<\/li><li>Ethereum<\/li><li>Litecoin<\/li><li><a href=\"https:\/\/cs2surge.com\/best-dogecoin-casinos\/\" data-type=\"page\" data-id=\"7981\">Dogecoin<\/a><\/li><li>Apple Pay<\/li><li>Google Pay<\/li><li>Pago en la sombra<\/li><li>PayPal<\/li><li>Skins para CSGO<\/li><li>Art\u00edculos de Dota 2<\/li><\/ul>\n\n\n\n<p>Para la retirada de skins, los usuarios pueden recurrir a CSGO Skins, CSGO P2P, Dota 2 Items y Game Keys.<\/p>\n\n\n\n<h2 class=\"wp-block-heading\"><span class=\"ez-toc-section\" id=\"Como_introducir_su_codigo_promocional_Hellcase\"><\/span>C\u00f3mo introducir su c\u00f3digo promocional Hellcase<span class=\"ez-toc-section-end\"><\/span><\/h2>\n\n\n\n<figure class=\"wp-block-image size-large\"><img loading=\"lazy\" decoding=\"async\" width=\"1024\" height=\"239\" src=\"https:\/\/cs2surge.com\/wp-content\/uploads\/2021\/07\/hellcase-promo-code-wallet-code-1024x239.png\" alt=\"\" class=\"wp-image-1051\" srcset=\"https:\/\/cs2surge.com\/wp-content\/uploads\/2021\/07\/hellcase-promo-code-wallet-code-1024x239.png 1024w, https:\/\/cs2surge.com\/wp-content\/uploads\/2021\/07\/hellcase-promo-code-wallet-code-300x70.png 300w, https:\/\/cs2surge.com\/wp-content\/uploads\/2021\/07\/hellcase-promo-code-wallet-code-768x179.png 768w, https:\/\/cs2surge.com\/wp-content\/uploads\/2021\/07\/hellcase-promo-code-wallet-code-1536x358.png 1536w, https:\/\/cs2surge.com\/wp-content\/uploads\/2021\/07\/hellcase-promo-code-wallet-code-2048x478.png 2048w\" sizes=\"auto, (max-width: 1024px) 100vw, 1024px\" \/><\/figure>\n\n\n\n<p>Si quieres reclamar el \u00abCR100\u00bb o cualquier otro c\u00f3digo promocional en la web de Hellcase, aqu\u00ed tienes c\u00f3mo hacerlo:<\/p>\n\n\n\n<ol class=\"wp-block-list\"><li>Abre tu cuenta de Hellcase a trav\u00e9s de Steam<\/li><li>Haga su primer dep\u00f3sito haciendo clic en el bot\u00f3n \u00abA\u00f1adir dinero\u00bb.<\/li><li>Haga clic en \u00abUsar c\u00f3digo de promoci\u00f3n o c\u00f3digo de monedero\u00bb<\/li><li>Introduzca su c\u00f3digo especial \u00abCR100\u00bb<\/li><\/ol>\n\n\n\n<p>Despu\u00e9s de seleccionar esta opci\u00f3n, encontrar\u00e1 f\u00e1cilmente la casilla marcada espec\u00edficamente para los c\u00f3digos de promoci\u00f3n. Introduce el c\u00f3digo {CODE HERE} o cualquier otro c\u00f3digo promocional y conf\u00edrmalo haciendo clic en \u00abAplicar\u00bb.<\/p>\n\n\n\n<h2 class=\"wp-block-heading\"><span class=\"ez-toc-section\" id=\"Promociones_continuas_de_casos_gratuitos\"><\/span>Promociones continuas de casos gratuitos<span class=\"ez-toc-section-end\"><\/span><\/h2>\n\n\n\n<p>En comparaci\u00f3n con otros sitios web de apuestas de CS:GO, Hellcase presenta unas probabilidades mejores que la media. Alineado con un sistema de retirada eficiente, es una gran ventaja para los jugadores. Los dos tipos principales de promociones continuas disponibles en Hellcase son los bonos diarios y los regalos, pero aqu\u00ed tienes todas las grandes ventajas que disfrutar\u00e1s al hacerte socio de Hellcase.<\/p>\n\n\n\n<h3 class=\"wp-block-heading\">Bonos diarios en Hellcase<\/h3>\n\n\n\n<p>La funci\u00f3n \u00abBonificaci\u00f3n diaria\u00bb se dise\u00f1\u00f3 para premiar a los usuarios m\u00e1s activos de la plataforma. Si visitas Hellcase todos los d\u00edas, tienes derecho a art\u00edculos especiales y fondos adicionales en el saldo de tu cuenta.<\/p>\n\n\n\n<h3 class=\"wp-block-heading\">Regalos por lotes<\/h3>\n\n\n\n<p>La funci\u00f3n \u00abRegalo\u00bb tiene requisitos espec\u00edficos que los jugadores deben cumplir para participar. A medida que completes las tareas del \u00abSorteo\u00bb, recibir\u00e1s entradas para diferentes promociones. Cada entrada aumenta las posibilidades de ganar del jugador, por lo que el objetivo principal es reunir el m\u00e1ximo n\u00famero de entradas.<\/p>\n\n\n\n<h3 class=\"wp-block-heading\">Juega al Mixxer para obtener promociones y bonificaciones adicionales<\/h3>\n\n\n\n<p>Aunque la plataforma no cuenta con tragaperras o juegos similares, ofrece minijuegos exclusivos disponibles para todos los usuarios. El primer minijuego es el \u00abMixxer\u00bb, un juego de ruleta rusa en el que se combinan los casos favoritos para tener la oportunidad de ganar uno gratis.<\/p>\n\n\n\n<h3 class=\"wp-block-heading\">Batalla por los casos para ganar grandes premios<\/h3>\n\n\n\n<p>Una de las experiencias m\u00e1s emocionantes disponibles en Hellcase es<a href=\"https:\/\/cs2surge.com\/csgo-case-battle-sites\/\" data-type=\"page\" data-id=\"8726\">\u00abCase Battles<\/a>\u00ab. Esta funci\u00f3n permite que varios jugadores abran los mismos casos simult\u00e1neamente. Una vez abiertas todas las cajas, el jugador con la m\u00e1s valiosa gana todas las pieles.<\/p>\n\n\n\n<p>Si a\u00fan no est\u00e1s dispuesto a participar en las batallas, puedes seguir disfrutando de ellas viendo c\u00f3mo los jugadores se enfrentan entre s\u00ed para conseguir skins de primer nivel.<\/p>\n\n\n\n<h3 class=\"wp-block-heading\">Actualiza tus skins de forma f\u00e1cil y divertida<\/h3>\n\n\n\n<p>La funci\u00f3n \u00abActualizar\u00bb le permite seleccionar las pieles que le gustar\u00eda actualizar y tambi\u00e9n seleccionar las pieles de nivel superior de Hellcase que le gustar\u00eda ganar. Si la actualizaci\u00f3n tiene \u00e9xito, puedes ganar la piel deseada. Si las cosas no van como se espera, pierdes las pieles seleccionadas de tu inventario.<\/p>\n\n\n\n<h2 class=\"wp-block-heading\"><span class=\"ez-toc-section\" id=\"Promocion_VIP_y_recompensas_de_monedas_de_jugador\"><\/span>Promoci\u00f3n VIP y recompensas de monedas de jugador<span class=\"ez-toc-section-end\"><\/span><\/h2>\n\n\n\n<p>No hay ninguna promoci\u00f3n VIP ni club de fidelidad basado en niveles o clasificaciones. En cambio, los jugadores pueden formar parte inmediatamente de un equipo exclusivo pagando una suscripci\u00f3n premium. Con la suscripci\u00f3n Premium, tienes acceso a una experiencia de usuario \u00fanica.<\/p>\n\n\n\n<p>Los beneficios incluyen acceso exclusivo a casos \u00fanicos de CS:GO, regalos y una experiencia general por encima del nivel est\u00e1ndar. Los usuarios Premium obtienen tokens gratuitos cada mes. Adem\u00e1s, tienen derecho a un agente de asistencia dedicado a la tramitaci\u00f3n de tickets de asistencia prioritaria 24\/7.<\/p>\n\n\n\n<p>Si forma parte del equipo Premium, Hellcase le da acceso anticipado a todas las funciones recientemente lanzadas en el sitio web. Hay tres opciones de planes de pago, que son Plata, Oro y Diamante. Cuestan 5, 15 y 25 d\u00f3lares al mes, respectivamente.<\/p>\n\n\n\n<p><em>Hubi\u00e9ramos preferido un programa V.I.P normal en su lugar, pero sigue siendo una buena opci\u00f3n, especialmente si quieres usar Hellcase como tu sitio principal de apuestas de CSGO.<\/em><\/p>\n\n\n\n<h2 class=\"wp-block-heading\"><span class=\"ez-toc-section\" id=\"%C2%BFQue_tan_legitimos_son_los_codigos_promocionales_de_Hellcase\"><\/span>\u00bfQu\u00e9 tan leg\u00edtimos son los c\u00f3digos promocionales de Hellcase?<span class=\"ez-toc-section-end\"><\/span><\/h2>\n\n\n\n<figure class=\"wp-block-image size-large\"><img loading=\"lazy\" decoding=\"async\" width=\"1024\" height=\"306\" src=\"https:\/\/cs2surge.com\/wp-content\/uploads\/2021\/07\/hellcase-case-opening-bonus-promo-codes-1024x306.png\" alt=\"\" class=\"wp-image-1044\" srcset=\"https:\/\/cs2surge.com\/wp-content\/uploads\/2021\/07\/hellcase-case-opening-bonus-promo-codes-1024x306.png 1024w, https:\/\/cs2surge.com\/wp-content\/uploads\/2021\/07\/hellcase-case-opening-bonus-promo-codes-300x90.png 300w, https:\/\/cs2surge.com\/wp-content\/uploads\/2021\/07\/hellcase-case-opening-bonus-promo-codes-768x229.png 768w, https:\/\/cs2surge.com\/wp-content\/uploads\/2021\/07\/hellcase-case-opening-bonus-promo-codes-1536x459.png 1536w, https:\/\/cs2surge.com\/wp-content\/uploads\/2021\/07\/hellcase-case-opening-bonus-promo-codes-2048x612.png 2048w\" sizes=\"auto, (max-width: 1024px) 100vw, 1024px\" \/><\/figure>\n\n\n\n<p>Sin interrupciones en su funcionamiento desde su lanzamiento, es una empresa totalmente registrada con sede en Singapur, un famoso centro tecnol\u00f3gico para las startups de todo el mundo. Todas las aperturas de casos, batallas y competiciones de CSGO est\u00e1n respaldadas por un sistema probadamente justo.<\/p>\n\n\n\n<p>En cuanto a la seguridad digital, el sitio web funciona con una conexi\u00f3n cifrada SSL blindada. Por lo tanto, hacen que su seguridad en l\u00ednea sea un asunto serio, especialmente porque no han experimentado violaciones de datos.<\/p>\n\n\n\n<p>El \u00fanico inconveniente es el sistema de tickets de soporte. Aunque est\u00e1 disponible las 24 horas del d\u00eda, la soluci\u00f3n es bastante obsoleta y podr\u00eda ser sustituida por un sistema de chat en vivo.  <\/p>\n\n\n\n<h2 class=\"wp-block-heading\"><span class=\"ez-toc-section\" id=\"Resumen_del_codigo_libre_de_Hellcase\"><\/span>Resumen del c\u00f3digo libre de Hellcase<span class=\"ez-toc-section-end\"><\/span><\/h2>\n\n\n\n<p>En general, Hellcase ofrece una experiencia magn\u00edfica en cuanto a la apertura de la caja y a las caracter\u00edsticas \u00fanicas del juego de CS:GO. Funciones como \u00abCase Battles\u00bb y \u00abMixxer\u00bb potencian la experiencia del usuario y evitan la monoton\u00eda, lo que es muy importante para los jugadores avanzados de skin.<\/p>\n\n\n\n<p>El sitio web est\u00e1 totalmente autorizado y regulado, y ofrece asistencia para la mayor\u00eda de los pa\u00edses. Tanto las opciones de dep\u00f3sito como las de retirada no decepcionan a los jugadores, sobre todo porque las retiradas son especialmente r\u00e1pidas y eficaces.<\/p>\n\n\n\n<p>Las promociones en curso incluyen el c\u00f3digo {CODE HERE}, bonos diarios gratuitos y sorteos. Si quieres una experiencia de usuario m\u00e1s exclusiva, puedes optar por una suscripci\u00f3n Premium y disfrutar de los planes Plata, Oro o Diamante.<\/p>\n\n\n\n<h2 class=\"wp-block-heading\"><span class=\"ez-toc-section\" id=\"Preguntas_frecuentes_sobre_el_codigo_promocional_Hellcase\"><\/span>Preguntas frecuentes sobre el c\u00f3digo promocional Hellcase<span class=\"ez-toc-section-end\"><\/span><\/h2>\n\n\n\n<p>Si todav\u00eda tienes dudas sobre el c\u00f3digo promocional Hellcase, entonces esta secci\u00f3n te ser\u00e1 \u00fatil. Si desea m\u00e1s ayuda, no dude en ponerse en contacto con nosotros.<\/p>\n\n\n<div id=\"rank-math-faq\" class=\"rank-math-block\">\n<div class=\"rank-math-list \">\n<div id=\"faq-question-1655750238282\" class=\"rank-math-list-item\">\n<h3 class=\"rank-math-question \"><strong>\u00bfPuedo retirar las pieles de Hellcase?<\/strong><\/h3>\n<div class=\"rank-math-answer \">\n\n<p>S\u00ed, puedes hacerlo. Hellcase es totalmente compatible con la retirada de skins de CSGO, por lo que puedes obtenerlas directamente en tu inventario en cualquier momento que lo desees.<\/p>\n\n<\/div>\n<\/div>\n<div id=\"faq-question-1655750268567\" class=\"rank-math-list-item\">\n<h3 class=\"rank-math-question \"><strong>\u00bfPuede abrir casos en Hellcase?<\/strong><\/h3>\n<div class=\"rank-math-answer \">\n\n<p>S\u00ed, Hellcase tambi\u00e9n es un sitio de apertura de casos de CSGO, y tiene muchas opciones. Por ejemplo, puede abrir maletas de alto riesgo, que adem\u00e1s contienen pieles y objetos de gran valor, o puede optar por maletas m\u00e1s baratas y seguras. Hay muchos tipos de usuarios de CSGO.<\/p>\n\n<\/div>\n<\/div>\n<div id=\"faq-question-1655750286634\" class=\"rank-math-list-item\">\n<h3 class=\"rank-math-question \"><strong>\u00bfPor qu\u00e9 no funciona el c\u00f3digo promocional Hellcase?<\/strong><\/h3>\n<div class=\"rank-math-answer \">\n\n<p>El c\u00f3digo promocional Hellcase podr\u00eda no funcionar si ya lo has utilizado, o si no lo has introducido correctamente o si tus cuentas o tus art\u00edculos no son elegibles para el c\u00f3digo promocional seleccionado.<\/p>\n\n<\/div>\n<\/div>\n<\/div>\n<\/div>","protected":false},"excerpt":{"rendered":"<p>A pesar de las enormes cifras de tr\u00e1fico del sitio web, la red nunca est\u00e1 \u00abatascada\u00bb y la interfaz de usuario siempre est\u00e1 limpia, funcionando sin problemas y sin retrasos. Actualmente, Hellcase cuenta con dos opciones de iGaming: CS:GO y Dota 2. Sin embargo, es evidente que CS:GO es el n\u00facleo del sitio web. Una &#8230; <a title=\"C\u00f3digo promocional Hellcase\" class=\"read-more\" href=\"https:\/\/cs2surge.com\/es\/codigo-promocional-hellcase\/\" aria-label=\"Leer m\u00e1s sobre C\u00f3digo promocional Hellcase\">Leer m\u00e1s<\/a><\/p>\n","protected":false},"author":36,"featured_media":4536,"parent":0,"menu_order":0,"comment_status":"closed","ping_status":"closed","template":"","meta":{"inline_featured_image":false,"two_page_speed":[],"footnotes":""},"categories":[57],"tags":[],"class_list":{"0":"post-10651","1":"page","2":"type-page","3":"status-publish","4":"has-post-thumbnail","6":"category-codigos-csgo-es"},"acf":[],"_links":{"self":[{"href":"https:\/\/cs2surge.com\/es\/wp-json\/wp\/v2\/pages\/10651","targetHints":{"allow":["GET"]}}],"collection":[{"href":"https:\/\/cs2surge.com\/es\/wp-json\/wp\/v2\/pages"}],"about":[{"href":"https:\/\/cs2surge.com\/es\/wp-json\/wp\/v2\/types\/page"}],"author":[{"embeddable":true,"href":"https:\/\/cs2surge.com\/es\/wp-json\/wp\/v2\/users\/36"}],"replies":[{"embeddable":true,"href":"https:\/\/cs2surge.com\/es\/wp-json\/wp\/v2\/comments?post=10651"}],"version-history":[{"count":8,"href":"https:\/\/cs2surge.com\/es\/wp-json\/wp\/v2\/pages\/10651\/revisions"}],"predecessor-version":[{"id":10663,"href":"https:\/\/cs2surge.com\/es\/wp-json\/wp\/v2\/pages\/10651\/revisions\/10663"}],"wp:featuredmedia":[{"embeddable":true,"href":"https:\/\/cs2surge.com\/es\/wp-json\/wp\/v2\/media\/4536"}],"wp:attachment":[{"href":"https:\/\/cs2surge.com\/es\/wp-json\/wp\/v2\/media?parent=10651"}],"wp:term":[{"taxonomy":"category","embeddable":true,"href":"https:\/\/cs2surge.com\/es\/wp-json\/wp\/v2\/categories?post=10651"},{"taxonomy":"post_tag","embeddable":true,"href":"https:\/\/cs2surge.com\/es\/wp-json\/wp\/v2\/tags?post=10651"}],"curies":[{"name":"wp","href":"https:\/\/api.w.org\/{rel}","templated":true}]}}