{"id":13389,"date":"2024-01-14T00:03:00","date_gmt":"2024-01-14T00:03:00","guid":{"rendered":"https:\/\/csgoradar.com\/codigo-promocional-roobet\/"},"modified":"2024-09-09T16:18:19","modified_gmt":"2024-09-09T16:18:19","slug":"codigo-promocional-roobet","status":"publish","type":"page","link":"https:\/\/cs2surge.com\/es\/codigo-promocional-roobet\/","title":{"rendered":"C\u00f3digo promocional Roobet"},"content":{"rendered":"\n<p>El cat\u00e1logo de juegos de Roobet cuenta con una gran variedad de t\u00edtulos de reputados desarrolladores, incluyendo juegos de tragaperras, <a href=\"https:\/\/cs2surge.com\/es\/mejores-paginas-de-crash-cs-go\/\" target=\"_blank\" rel=\"noreferrer noopener\">juegos de azar de crash<\/a>, blackjack, Drops &amp; Wins, baccarat, juegos de la casa y otros.<\/p>\n\n\n\n<p>El casino en vivo de la plataforma ofrece una experiencia \u00fanica para los aficionados a los juegos en vivo, con m\u00faltiples y lucrativos bonos, juegos de azar o de habilidad, y otros importantes complementos para mantener el inter\u00e9s.<\/p>\n\n\n\n<p>Para embarcarse en la experiencia de juego online de Roobet, utilice el c\u00f3digo promocional <strong>\u00abCR30\u00bb<\/strong> para reclamar un buen bono.<\/p>\n\n\n\n<h2 class=\"wp-block-heading\"><span class=\"ez-toc-section\" id=\"Codigos_y_Promociones_de_Roobet\"><\/span>C\u00f3digos y Promociones de Roobet<span class=\"ez-toc-section-end\"><\/span><\/h2>\n\n\n\n<figure class=\"wp-block-image size-large\"><img loading=\"lazy\" decoding=\"async\" width=\"1024\" height=\"576\" src=\"https:\/\/cs2surge.com\/wp-content\/uploads\/2022\/07\/Roobet-promo-code-promotions-enter-1024x576.jpg\" alt=\"\" class=\"wp-image-10741\" srcset=\"https:\/\/cs2surge.com\/wp-content\/uploads\/2022\/07\/Roobet-promo-code-promotions-enter-1024x576.jpg 1024w, https:\/\/cs2surge.com\/wp-content\/uploads\/2022\/07\/Roobet-promo-code-promotions-enter-300x169.jpg 300w, https:\/\/cs2surge.com\/wp-content\/uploads\/2022\/07\/Roobet-promo-code-promotions-enter-768x432.jpg 768w, https:\/\/cs2surge.com\/wp-content\/uploads\/2022\/07\/Roobet-promo-code-promotions-enter.jpg 1280w\" sizes=\"auto, (max-width: 1024px) 100vw, 1024px\" \/><\/figure>\n\n\n\n<p>Los jugadores pueden utilizar no s\u00f3lo el c\u00f3digo promocional \u00abCR30\u00bb, sino tambi\u00e9n una serie de otras promociones para ganar dinero gratis adicional con el c\u00f3digo promocional Roobet.  <\/p>\n\n\n\n<p>Aqu\u00ed hay una lista de c\u00f3digos promocionales de Roobet:  <\/p>\n\n\n\n<ul class=\"wp-block-list\">\n<li>CR30<\/li>\n\n\n\n<li>CSGORadar<\/li>\n\n\n\n<li>GRadar<\/li>\n<\/ul>\n\n\n\n<p>Roobet no s\u00f3lo premia a sus jugadores por utilizar la plataforma, sino tambi\u00e9n por participar en sus plataformas de redes sociales como Twitter y Facebook. Este es otro m\u00e9todo para conseguir monedas extra y dinero gratis en el casino Roobet.<\/p>\n\n\n\n<h2 class=\"wp-block-heading\"><span class=\"ez-toc-section\" id=\"Codigos_Promocionales_de_Jugadores_Existentes_de_Roobet\"><\/span>C\u00f3digos Promocionales de Jugadores Existentes de Roobet<span class=\"ez-toc-section-end\"><\/span><\/h2>\n\n\n\n<p>Roobet no ofrece un bono de bienvenida. Otros casinos online ofrecen enormes incentivos de bienvenida para atraer a los jugadores, por lo que no es una ventaja.<\/p>\n\n\n\n<p>La promoci\u00f3n \u00abFondos gratis\u00bb compensa la ausencia de un dep\u00f3sito o bono de bienvenida. Puedes ganar m\u00e1s dinero sin depositar d\u00f3lares introduciendo un c\u00f3digo promocional.<\/p>\n\n\n\n<p>Si eres nuevo en el sitio, utiliza los c\u00f3digos promocionales \u00abCR30\u00bb y \u00abFree Funds\u00bb. Tambi\u00e9n ofrecen bonos extra de Roobidos y Rakeback, as\u00ed como lo siguiente:<\/p>\n\n\n\n<ul class=\"wp-block-list\">\n<li>Ofertas de bonos diarios de Roobet<\/li>\n\n\n\n<li>Ofertas de bonos semanales de Roobet, o<\/li>\n\n\n\n<li>Ofertas de bonos mensuales de Roobet<\/li>\n<\/ul>\n\n\n\n<p>Hay varios factores que pueden determinar que un jugador pueda optar a las bonificaciones peri\u00f3dicas, como la cantidad apostada por cada jugador, el porcentaje de apuestas perdidas, el porcentaje de ganancias, la cantidad total depositada en la cuenta del jugador y los retiros realizados en per\u00edodos espec\u00edficos.<\/p>\n\n\n\n<p>Las promociones de Rakeback le ofrecen una valiosa oportunidad de jugar m\u00e1s sin comprometer necesariamente fondos adicionales para hacerlo. Roobet es conocido por organizar varios eventos que atraen a los jugadores deseosos de obtener recompensas \u00fanicas.<\/p>\n\n\n\n<p>Un ejemplo es el \u00abRey de Roo\u00bb, un evento especial organizado por Roobet en el que cada jugador que participe en cualquier juego de la secci\u00f3n de \u00abTragamonedas\u00bb del casino es elegible para formar parte del evento.  <\/p>\n\n\n\n<p>Cualquiera de los jugadores que consiga un multiplicador de cien en las partidas de tragaperras de CSGO con una apuesta de al menos 1 Roobido tiene la oportunidad de ganar el t\u00edtulo de Rey de Roo. Ning\u00fan salario inferior a 1 Roobido puede optar al t\u00edtulo de Rey de Roo, aunque los jugadores alcancen un multiplicador superior a cien.<\/p>\n\n\n\n<p>Otra promoci\u00f3n popular de Roobet es \u00abRain\u00bb, un evento ben\u00e9fico en todas las salas de chat del sitio web. Este evento premia a los jugadores con una peque\u00f1a cantidad de Roobidos. Puedes participar si has depositado en el casino en los \u00faltimos siete d\u00edas antes de la promoci\u00f3n.<\/p>\n\n\n\n<h2 class=\"wp-block-heading\"><span class=\"ez-toc-section\" id=\"Promocion_VIP_y_Recompensas_de_Monedas_de_Jugador\"><\/span>Promoci\u00f3n VIP y Recompensas de Monedas de Jugador<span class=\"ez-toc-section-end\"><\/span><\/h2>\n\n\n\n<figure class=\"wp-block-image size-large\"><img loading=\"lazy\" decoding=\"async\" width=\"1024\" height=\"405\" src=\"https:\/\/cs2surge.com\/wp-content\/uploads\/2022\/04\/roobet-promotions-rewards-roorewards-1024x405.png\" alt=\"\" class=\"wp-image-4016\" srcset=\"https:\/\/cs2surge.com\/wp-content\/uploads\/2022\/04\/roobet-promotions-rewards-roorewards-1024x405.png 1024w, https:\/\/cs2surge.com\/wp-content\/uploads\/2022\/04\/roobet-promotions-rewards-roorewards-300x119.png 300w, https:\/\/cs2surge.com\/wp-content\/uploads\/2022\/04\/roobet-promotions-rewards-roorewards-768x304.png 768w, https:\/\/cs2surge.com\/wp-content\/uploads\/2022\/04\/roobet-promotions-rewards-roorewards-1536x608.png 1536w, https:\/\/cs2surge.com\/wp-content\/uploads\/2022\/04\/roobet-promotions-rewards-roorewards-2048x811.png 2048w, https:\/\/cs2surge.com\/wp-content\/uploads\/2022\/04\/roobet-promotions-rewards-roorewards-190x74.png 190w\" sizes=\"auto, (max-width: 1024px) 100vw, 1024px\" \/><\/figure>\n\n\n\n<p>\u00bfOfrecen los casinos online con promociones VIP y programas de fidelidad niveles VIP? El club VIP de Roobet es s\u00f3lo para las \u00e9lites del casino.<\/p>\n\n\n\n<p>El programa VIP de Roobet, s\u00f3lo por invitaci\u00f3n, ofrece promociones exclusivas, ofertas de bonos, acceso a eventos VIP, servicio de atenci\u00f3n al cliente prioritario, regalos VIP, boletines VIP, premios especiales y mucho m\u00e1s.<\/p>\n\n\n\n<p>Como miembro VIP del casino de Roobet, dispondr\u00e1 de un gestor de cuenta personal que le ayudar\u00e1 en todos los aspectos de la plataforma, desde la personalizaci\u00f3n de su cuenta hasta la gesti\u00f3n y retirada de un gran premio de Roobet.<\/p>\n\n\n\n<h2 class=\"wp-block-heading\"><span class=\"ez-toc-section\" id=\"%C2%BFQue_Tan_Legitimos_son_los_Bonos_sin_Deposito_de_Roobet\"><\/span>\u00bfQu\u00e9 Tan Leg\u00edtimos son los Bonos sin Deposito de Roobet?<span class=\"ez-toc-section-end\"><\/span><\/h2>\n\n\n\n<p>El casino Roobet es operado por Raw Entertainment B.V, una compa\u00f1\u00eda regulada y autorizada por el gobierno de Curazao. Al igual que otros casinos en l\u00ednea, Roobet est\u00e1 restringido en ciertos pa\u00edses.  <\/p>\n\n\n\n<p>Roobet no est\u00e1 disponible en Estados Unidos, Reino Unido, Pa\u00edses Bajos, Dinamarca, Turqu\u00eda, etc. Para ver una lista de los pa\u00edses en los que Roobet no opera, consulte las condiciones de servicio del sitio.<\/p>\n\n\n\n<p>En cuanto a la legitimidad, no hay pruebas de fraude, actividad cibern\u00e9tica maliciosa u otros problemas similares asociados a Roobet.<\/p>\n\n\n\n<p>Al suscribirte a la plataforma, te dar\u00e1s cuenta de sus requisitos KYC. Todos los datos recogidos de los usuarios se someten a procedimientos de verificaci\u00f3n KYC y AML para determinar si son seguros.<\/p>\n\n\n\n<p>Raw Entertainment utiliza los \u00faltimos recursos en t\u00e9rminos de tecnolog\u00eda para garantizar un mecanismo de seguridad robusto, blindando la plataforma con un firewall de alta gama, autenticaci\u00f3n de dos factores y cifrado de alta gama.<\/p>\n\n\n\n<h2 class=\"wp-block-heading\"><span class=\"ez-toc-section\" id=\"Introducir_el_Codigo_Promocional_de_Roobet\"><\/span>Introducir el C\u00f3digo Promocional de Roobet<span class=\"ez-toc-section-end\"><\/span><\/h2>\n\n\n\n<p>Debes registrarte para utilizar <strong>\u00abCR30\u00bb<\/strong> y otros c\u00f3digos promocionales. El registro es sencillo y seguro. A continuaci\u00f3n, haga clic en \u00abRegistrarse\u00bb y rellene el formulario.<\/p>\n\n\n\n<p>Se requiere un nombre de usuario, una contrase\u00f1a y un correo electr\u00f3nico. Para unirse al criptocasino de Roobet, haga clic en \u00abRegistrarse\u00bb.<\/p>\n\n\n\n<p>Puedes conectarte con Google o con Steam. Roobet env\u00eda c\u00f3digos promocionales, que a veces se revelan al iniciar la sesi\u00f3n y otras veces est\u00e1n ocultos.<\/p>\n\n\n\n<p>Siga las redes sociales de Roobet para obtener c\u00f3digos promocionales y promociones que no aparecen en el sitio web principal. Utiliza <strong>\u00abCR30<\/strong> \u00bb para obtener una bonificaci\u00f3n instant\u00e1nea.<\/p>\n\n\n\n<h2 class=\"wp-block-heading\"><span class=\"ez-toc-section\" id=\"Paises_Permitidos_para_el_Codigos_de_Roobet\"><\/span>Pa\u00edses Permitidos para el C\u00f3digos de Roobet<span class=\"ez-toc-section-end\"><\/span><\/h2>\n\n\n\n<p>Querr\u00e1s saber qu\u00e9 pa\u00edses aceptan Roobet y su c\u00f3digo promocional en funci\u00f3n de tu zona. B\u00e9lgica, Dinamarca, Estonia, Francia, Italia, Serbia, Ruman\u00eda, M\u00e9xico, Suecia, Espa\u00f1a, Suiza, Reino Unido y Estados Unidos permiten el Roobet.<\/p>\n\n\n\n<p>Suponga que se encuentra en cualquiera de los pa\u00edses mencionados. En ese caso, podr\u00e1s jugar f\u00e1cilmente en Roobet y tambi\u00e9n utilizar sus fant\u00e1sticos c\u00f3digos promocionales que permiten obtener recompensas exclusivas y varios bonos de dep\u00f3sito.  <\/p>\n\n\n\n<h2 class=\"wp-block-heading\"><span class=\"ez-toc-section\" id=\"Resumen\"><\/span>Resumen<span class=\"ez-toc-section-end\"><\/span><\/h2>\n\n\n\n<p>Roobet ofrece ventajas que muchos de sus competidores a\u00fan no ofrecen, como el registro an\u00f3nimo, una serie de juegos propios probadamente justos y varias promociones generosas y frecuentes que est\u00e1n dise\u00f1adas para mantener a la comunidad comprometida.<\/p>\n\n\n\n<p>Sin embargo, nada es perfecto en la vida. Si no eres un entusiasta de los criptocasinos, el sitio web no ofrece soporte para la moneda fiduciaria. Los jugadores a los que les gustan los generosos bonos de bienvenida o los bonos de dep\u00f3sito tambi\u00e9n pueden sentirse un poco extra\u00f1os al probar el sitio web.<\/p>\n\n\n\n<p>Hoy, reclame una buena bonificaci\u00f3n utilizando el c\u00f3digo promocional <strong>\u00abCR30<\/strong> \u00bb para compensar estos peque\u00f1os defectos.<\/p>\n\n\n\n<p>En general, Roobet destaca entre sus competidores por el dise\u00f1o de su p\u00e1gina web y los juegos de la casa que son muy populares. Roobet se preocupa por la satisfacci\u00f3n del cliente y por la importancia de desarrollar una reputaci\u00f3n basada en pr\u00e1cticas empresariales s\u00f3lidas.<\/p>\n\n\n\n<h2 class=\"wp-block-heading\"><span class=\"ez-toc-section\" id=\"Preguntas_Frecuentes\"><\/span>Preguntas Frecuentes<span class=\"ez-toc-section-end\"><\/span><\/h2>\n\n\n\n<p>Si todav\u00eda tienes alguna duda sobre el c\u00f3digo promocional Roobet, esta secci\u00f3n te ser\u00e1 muy \u00fatil. Vamos a aclararlo todo.<\/p>\n\n\n<div id=\"rank-math-faq\" class=\"rank-math-block\">\n<div class=\"rank-math-list \">\n<div id=\"faq-question-1654283683546\" class=\"rank-math-list-item\">\n<h3 class=\"rank-math-question \"><strong>\u00bfTiene Roobet c\u00f3digos promocionales?<\/strong><\/h3>\n<div class=\"rank-math-answer \">\n\n<p>S\u00ed, Roobet le ofrece una gran cantidad de c\u00f3digos de promoci\u00f3n, lo que le permite reclamar grandes bonos de bienvenida y ofertas en cripto. Adelante, reclame nuestros c\u00f3digos de promoci\u00f3n para aumentar su bankroll.<\/p>\n\n<\/div>\n<\/div>\n<div id=\"faq-question-1654283687400\" class=\"rank-math-list-item\">\n<h3 class=\"rank-math-question \"><strong>\u00bfSe puede utilizar m\u00e1s de un c\u00f3digo promocional en Roobet?<\/strong><\/h3>\n<div class=\"rank-math-answer \">\n\n<p>No puedes utilizar el mismo c\u00f3digo promocional m\u00e1s de una vez en Roobet. Sin embargo, puedes encontrar varios c\u00f3digos promocionales disponibles para reclamar nuevas ofertas cada vez.<\/p>\n\n<\/div>\n<\/div>\n<div id=\"faq-question-1654283693949\" class=\"rank-math-list-item\">\n<h3 class=\"rank-math-question \"><strong>\u00bfQui\u00e9n es el due\u00f1o de Roobet?<\/strong><\/h3>\n<div class=\"rank-math-answer \">\n\n<p>TekHou5 Ltd es la propietaria de Roobet<strong>, <\/strong>y gracias a su direcci\u00f3n, ha conseguido convertirse en uno de los principales criptocasinos de [y].  <\/p>\n\n<\/div>\n<\/div>\n<\/div>\n<\/div>\n\n\n<p><\/p>\n","protected":false},"excerpt":{"rendered":"<p>El cat\u00e1logo de juegos de Roobet cuenta con una gran variedad de t\u00edtulos de reputados desarrolladores, incluyendo juegos de tragaperras, juegos de azar de crash, blackjack, Drops &amp; Wins, baccarat, juegos de la casa y otros. El casino en vivo de la plataforma ofrece una experiencia \u00fanica para los aficionados a los juegos en vivo, &#8230; <a title=\"C\u00f3digo promocional Roobet\" class=\"read-more\" href=\"https:\/\/cs2surge.com\/es\/codigo-promocional-roobet\/\" aria-label=\"Leer m\u00e1s sobre C\u00f3digo promocional Roobet\">Leer m\u00e1s<\/a><\/p>\n","protected":false},"author":36,"featured_media":5458,"parent":0,"menu_order":0,"comment_status":"closed","ping_status":"closed","template":"","meta":{"inline_featured_image":false,"two_page_speed":[],"footnotes":""},"categories":[106],"tags":[],"class_list":{"0":"post-13389","1":"page","2":"type-page","3":"status-publish","4":"has-post-thumbnail","6":"category-roobet-es"},"acf":[],"_links":{"self":[{"href":"https:\/\/cs2surge.com\/es\/wp-json\/wp\/v2\/pages\/13389","targetHints":{"allow":["GET"]}}],"collection":[{"href":"https:\/\/cs2surge.com\/es\/wp-json\/wp\/v2\/pages"}],"about":[{"href":"https:\/\/cs2surge.com\/es\/wp-json\/wp\/v2\/types\/page"}],"author":[{"embeddable":true,"href":"https:\/\/cs2surge.com\/es\/wp-json\/wp\/v2\/users\/36"}],"replies":[{"embeddable":true,"href":"https:\/\/cs2surge.com\/es\/wp-json\/wp\/v2\/comments?post=13389"}],"version-history":[{"count":16,"href":"https:\/\/cs2surge.com\/es\/wp-json\/wp\/v2\/pages\/13389\/revisions"}],"predecessor-version":[{"id":25879,"href":"https:\/\/cs2surge.com\/es\/wp-json\/wp\/v2\/pages\/13389\/revisions\/25879"}],"wp:featuredmedia":[{"embeddable":true,"href":"https:\/\/cs2surge.com\/es\/wp-json\/wp\/v2\/media\/5458"}],"wp:attachment":[{"href":"https:\/\/cs2surge.com\/es\/wp-json\/wp\/v2\/media?parent=13389"}],"wp:term":[{"taxonomy":"category","embeddable":true,"href":"https:\/\/cs2surge.com\/es\/wp-json\/wp\/v2\/categories?post=13389"},{"taxonomy":"post_tag","embeddable":true,"href":"https:\/\/cs2surge.com\/es\/wp-json\/wp\/v2\/tags?post=13389"}],"curies":[{"name":"wp","href":"https:\/\/api.w.org\/{rel}","templated":true}]}}