{"id":6741,"date":"2023-05-22T06:52:00","date_gmt":"2023-05-22T06:52:00","guid":{"rendered":"https:\/\/csgoradar.com\/csgoempire-ultimos-y-mejores-codigos\/"},"modified":"2023-10-19T08:11:45","modified_gmt":"2023-10-19T08:11:45","slug":"csgo-empire-codigos-referencia","status":"publish","type":"page","link":"https:\/\/cs2surge.com\/es\/csgo-empire-codigos-referencia\/","title":{"rendered":"C\u00f3digos de Referencia CSGOEmpire"},"content":{"rendered":"\n<p>Desde 2016 CSGOEmpire viene brindando generosos bonos gracias a sus exclusivos c\u00f3digos promocionales, los cuales encontrar\u00e1s en esta p\u00e1gina. El \u00fanico detalle es que son de tiempo limitado, as\u00ed que aseg\u00farate de activarlos lo antes posible para que puedas obtener tus bonos, skins y monedas gratuitas:<\/p>\n\n\n\n<ul class=\"wp-block-list\"><li>ES100<\/li><li>Top100Lista<\/li><li>CR10<\/li><li>TOPSGOe<\/li><\/ul>\n\n\n\n<p>Con estos c\u00f3digos de referencia CSGOEmpire que nuestro equipo ha conseguido, podr\u00e1s obtener de $0.40  $1447 en skins y premios de CSGO, as\u00ed que no lo esperes m\u00e1s y reclama tu bono favorito hoy mismo.<\/p>\n\n\n\n<h2 class=\"wp-block-heading\"><span class=\"ez-toc-section\" id=\"Promociones_De_CSGOEmpire_Para_Jugadores_Existentes\"><\/span>Promociones De CSGOEmpire Para Jugadores Existentes <span class=\"ez-toc-section-end\"><\/span><\/h2>\n\n\n\n<p>Todo el mundo ama los bonos y CSGOEmpire ofrece varias promociones para usuarios existentes. Puedes acumular cajas gratuitas diarios de CSGOEmpire y ganar m\u00e1s de $ 1,000 en cases o cajas gratuitas que puedes usar para hacer apuestas o, en su lugar, retirarlos instant\u00e1neamente a tu cuenta de Steam.<\/p>\n\n\n\n<p>Para muchos de los clientes existentes, tambi\u00e9n podr\u00e1s obtener algunos c\u00f3digos de referencia de la p\u00e1gina de Twitter de CSGOEmpire, que te brindar\u00e1n cajas o cases gratuitos as\u00ed como monedas diariamente, as\u00ed que vale la pena seguirlos.<\/p>\n\n\n\n<div class=\"wp-block-image\"><figure class=\"aligncenter size-large is-resized\"><img loading=\"lazy\" decoding=\"async\" src=\"https:\/\/cs2surge.com\/wp-content\/uploads\/2021\/07\/CSGOEmpire-ongoing-promotion-free-case-1024x289.png\" alt=\"\" class=\"wp-image-1214\" width=\"1021\" height=\"287\" srcset=\"https:\/\/cs2surge.com\/wp-content\/uploads\/2021\/07\/CSGOEmpire-ongoing-promotion-free-case-1024x289.png 1024w, https:\/\/cs2surge.com\/wp-content\/uploads\/2021\/07\/CSGOEmpire-ongoing-promotion-free-case-300x85.png 300w, https:\/\/cs2surge.com\/wp-content\/uploads\/2021\/07\/CSGOEmpire-ongoing-promotion-free-case-768x217.png 768w, https:\/\/cs2surge.com\/wp-content\/uploads\/2021\/07\/CSGOEmpire-ongoing-promotion-free-case-1536x434.png 1536w, https:\/\/cs2surge.com\/wp-content\/uploads\/2021\/07\/CSGOEmpire-ongoing-promotion-free-case-2048x578.png 2048w\" sizes=\"auto, (max-width: 1021px) 100vw, 1021px\" \/><\/figure><\/div>\n\n\n\n<p>Tambi\u00e9n te recomendamos que consultes las promociones diarias, semanales y mensuales para todos los clientes existentes, que pueden variar desde bonos hasta cajas gratuitas llenas de skins valiosas, las cuales puedes usar en tus apuestas.<\/p>\n\n\n\n<h2 class=\"wp-block-heading\"><span class=\"ez-toc-section\" id=\"Codigos_de_Referencia_CSGO_Empire_Economize\"><\/span>C\u00f3digos de Refer\u00eancia CSGO Empire: Economize<span class=\"ez-toc-section-end\"><\/span><\/h2>\n\n\n\n<p>Es normal dudar, puesto que el \u00e1mbito de las apuestas y juegos de azar (sobre todo en cripto) se percibe como no reguloso y riesgoso, sin embargo, hemos hecho un an\u00e1lisis completo de CSGOEmpire para demostrar que es una plataforma leg\u00edtima, segura y confiable. Para esto, hemos tomado lo siguiente en cuenta:<\/p>\n\n\n\n<ul class=\"wp-block-list\"><li>Historia y trayectoria de CSGOEmpire desde el 2016<\/li><li>Reputaci\u00f3n online en diferentes comunidades online<\/li><li>Comentarios de usuarios existentes de CSGOEmpire en Reddit y foros de Esports y apuestas<\/li><li>Verificaci\u00f3n de mecanismos tales como Provably Fair<\/li><li>An\u00e1lisis de caracter\u00edsticas de seguridad tales como certificado SSL, sistema CDN y protecci\u00f3n anti DDoS.<\/li><\/ul>\n\n\n\n<p>Nuestros resultados certifican que tanto CSGOEmpire como sus c\u00f3digos de referencia o promocionales son 100% leg\u00edtimos y seguros, as\u00ed que no lo pienses m\u00e1s y reclama tu bono hoy mismo.<\/p>\n\n\n\n<h2 class=\"wp-block-heading\"><span class=\"ez-toc-section\" id=\"%C2%BFCon_Que_Frecuencia_Puedo_Reclamar_El_Codigo_Gratuito_de_CSGOEmpire\"><\/span>\u00bfCon Qu\u00e9 Frecuencia Puedo Reclamar El C\u00f3digo Gratuito de CSGOEmpire?<span class=\"ez-toc-section-end\"><\/span><\/h2>\n\n\n\n<p>Puedes usar nuestros c\u00f3digos de referencia CSGOEmpire 1 vez cada 24 horas, solo aseg\u00farate de usarlo a diario para aprovechar al m\u00e1ximo el c\u00f3digo y puedes usarlo en todos tus juegos favoritos, tales como coinflip o incluso apuestas de partidas, recomendamos comparar CSGOEmpire con otros <a href=\"https:\/\/cs2surge.com\/es\/sitios-csgo-coinflip\/\" data-type=\"page\" data-id=\"7243\">sitios de CS:GO coinflip recomendados<\/a> , entre los que CSGOEmpire destaca.<\/p>\n\n\n\n<p>Activar el c\u00f3digo promocional o de referencia CSGOEmpire es muy sencillo, solo sigue estos pasos:<\/p>\n\n\n\n<ol class=\"wp-block-list\"><li>Ingresa al sitio web de CSGOEmpire<\/li><li>Entra a la secci\u00f3n de Cajas Gratuitas (\u00abFree Case\u00bb<\/li><li>Ingresa al c\u00f3digo de referencia &#8216;ES100&#8217;<\/li><li>Disfruta de los beneficios de tu c\u00f3digo promocional.<\/li><\/ol>\n\n\n\n<p>Ahora podr\u00e1s obtener valiosas skins con solo usar este c\u00f3digo de promoci\u00f3n, para que as\u00ed tengas m\u00e1s cr\u00e9ditos y monedas para apostar, y as\u00ed llevarte todas las ganancias a tu cuenta de Steam.<\/p>\n\n\n\n<h2 class=\"wp-block-heading\"><span class=\"ez-toc-section\" id=\"Activando_Tu_Codigo_De_Promo_CSGOEmpire\"><\/span>Activando Tu C\u00f3digo De Promo CSGOEmpire<span class=\"ez-toc-section-end\"><\/span><\/h2>\n\n\n\n<div class=\"wp-block-image\"><figure class=\"aligncenter size-large\"><img loading=\"lazy\" decoding=\"async\" width=\"1024\" height=\"267\" src=\"https:\/\/cs2surge.com\/wp-content\/uploads\/2021\/05\/csgoradar-free-code-case-1024x267.png\" alt=\"C\u00f3digo gratuito y c\u00f3digo promocional de CSGOEmpire\n\" class=\"wp-image-222\" srcset=\"https:\/\/cs2surge.com\/wp-content\/uploads\/2021\/05\/csgoradar-free-code-case-1024x267.png 1024w, https:\/\/cs2surge.com\/wp-content\/uploads\/2021\/05\/csgoradar-free-code-case-300x78.png 300w, https:\/\/cs2surge.com\/wp-content\/uploads\/2021\/05\/csgoradar-free-code-case-768x201.png 768w, https:\/\/cs2surge.com\/wp-content\/uploads\/2021\/05\/csgoradar-free-code-case-1536x401.png 1536w, https:\/\/cs2surge.com\/wp-content\/uploads\/2021\/05\/csgoradar-free-code-case-2048x535.png 2048w, https:\/\/cs2surge.com\/wp-content\/uploads\/2021\/05\/csgoradar-free-code-case-1200x313.png 1200w, https:\/\/cs2surge.com\/wp-content\/uploads\/2021\/05\/csgoradar-free-code-case-1980x517.png 1980w\" sizes=\"auto, (max-width: 1024px) 100vw, 1024px\" \/><\/figure><\/div>\n\n\n\n<p>Ya te explicamos c\u00f3mo activar el c\u00f3digo promocional en 4 simples pasos, solo debes ingresar al sitio web, ir a la secci\u00f3n de \u00abFree  Case\u00bb e ingresar tu c\u00f3digo promocional favorito, como puede ser el c\u00f3digo gratuito &#8216;ES100&#8217;. Luego haz clic en confirmar y podr\u00e1s ganar skins y premios de $0.40 hasta $1447&#8230; \u00a1y puedes reclamar este bono todos los d\u00edas!<\/p>\n\n\n\n<p>Si deseas conocer todos los c\u00f3digos promocionales y bonos que CSGOEmpire tiene para ofrecerte, entonces ve la parte inicial de esta p\u00e1gina, para conocer qu\u00e9 promociones puedes cobrar hoy mismo.<\/p>\n\n\n\n<h2 class=\"wp-block-heading\"><span class=\"ez-toc-section\" id=\"Alternativas_Al_Codigo_De_Referencia_CSGOEmpire\"><\/span>Alternativas Al C\u00f3digo De Referencia CSGOEmpire<span class=\"ez-toc-section-end\"><\/span><\/h2>\n\n\n\n<p>CSGOEmpire es uno de los mejores sitios de juegos de CS:GO que existen, con fant\u00e1sticos c\u00f3digos de promoci\u00f3n, una amplia gama de juegos, excelente soporte, todos los juegos en la secci\u00f3n de apuestas y muchas otros beneficios, pero el punto m\u00e1s importante es su c\u00f3digo gratuito, es totalmente gratis y f\u00e1cil de usar, con grandes premios.<\/p>\n\n\n\n<p>Pero en caso CSGOEmpire no sea lo tuyo, CSGOFast, Gamdom, WTFSkins y CSGO500 ofrecen excelentes c\u00f3digos que puedes usar y tienen beneficios similares, como la posibilidad de cobrarlos diariamente.<\/p>\n\n\n\n<h2 class=\"wp-block-heading\"><span class=\"ez-toc-section\" id=\"Resumen_Sobre_Los_Codigos_Gratuitos_De_CSGOEmpire\"><\/span>Resumen Sobre Los C\u00f3digos Gratuitos De CSGOEmpire<span class=\"ez-toc-section-end\"><\/span><\/h2>\n\n\n\n<p>Tal y como puedes ver, los c\u00f3digos gratuitos de referencia CSGOEmpire son excelentes porque puedes usarlos a diario, ganando premios que van desde $0.40 hasta $1447 USD. As\u00ed podr\u00e1s obtener skins de alto valor, tanto para tus apuestas como para retiros a trav\u00e9s de criptomonedas o a tu cuenta de Steam.<\/p>\n\n\n\n<p>Como hemos mencionado muchas veces, reclamar este c\u00f3digo es f\u00e1cil y muy beneficioso para tu experiencia de juego de CSGO y para tus apuestas en <a href=\"https:\/\/cs2surge.com\/csgo-slots-sites\/\" data-type=\"page\">m\u00e1quinas tragamonedas<\/a> o blackjack cl\u00e1sico, todos con la tem\u00e1tica de CS:GO.<\/p>\n\n\n\n<h3 class=\"wp-block-heading\">Preguntas Frecuentes Sobre Los C\u00f3digos CSGOEmpire<\/h3>\n\n\n<div id=\"rank-math-faq\" class=\"rank-math-block\">\n<div class=\"rank-math-list \">\n<div id=\"faq-question-1650898595877\" class=\"rank-math-list-item\">\n<h3 class=\"rank-math-question \"><strong>\u00bfCSGOEmpire tiene c\u00f3digos promocionales gratuitos?<\/strong><\/h3>\n<div class=\"rank-math-answer \">\n\n<p><em>\u00a1S\u00ed! CSGOEmpire ofrece, tanto clientes nuevos como existentes, el c\u00f3digo <strong>&#8216;ES100&#8217;<\/strong> para obtener una caja o case gratis con valor entre $0.40 y $1447. No hay t\u00e9rminos y condiciones para este c\u00f3digo, por lo que es tan simple como dirigirse a la secci\u00f3n &#8216;Free Case&#8217; y simplemente cobrarlo.<\/em><\/p>\n\n<\/div>\n<\/div>\n<div id=\"faq-question-1650898623046\" class=\"rank-math-list-item\">\n<h3 class=\"rank-math-question \"><strong>\u00bfQu\u00e9 m\u00e9todos de pago ofreceCSGOEmpire?<\/strong><\/h3>\n<div class=\"rank-math-answer \">\n\n<p><em>La mayor\u00eda de las plataformas de juego de CSGO utilizan criptomonedas en lugar de las billeteras electr\u00f3nicas m\u00e1s utilizadas, como PayPal. A menudo se trata de seguridad y de eludir algunas de las regulaciones sobre los juegos de azar, hemos probado estos m\u00e9todos de pago y funcionan perfectamente. <\/em><\/p>\n\n<\/div>\n<\/div>\n<div id=\"faq-question-1650898623905\" class=\"rank-math-list-item\">\n<h3 class=\"rank-math-question \"><strong>\u00bfCu\u00e1l es el c\u00f3digo de referencia para CSGOEmpire? <\/strong><\/h3>\n<div class=\"rank-math-answer \">\n\n<p><em>El c\u00f3digo de bonificaci\u00f3n exclusivo para CSGOEmpire es &#8216;ES100&#8217; y te ofrece desde $ 0.40 hasta $ 1447 en skins diariamente, aseg\u00farate de reclamar este fant\u00e1stico c\u00f3digo para que lo uses y aproveches f\u00e1cilmente. <\/em><\/p>\n\n<\/div>\n<\/div>\n<div id=\"faq-question-1650898624949\" class=\"rank-math-list-item\">\n<h3 class=\"rank-math-question \"><strong>\u00bfSe puede ganar dinero real en CSGOEmpire?<\/strong><\/h3>\n<div class=\"rank-math-answer \">\n\n<p><em>Claro que s\u00ed, cuando se trata de juegos de azar, no existe una estrategia infalible cuando se trata de obtener ingresos reales, pero hay muchas estrategias que te ayudar\u00e1n a acercarte a este ideal, sobre todo el manejo de tu bankroll y conocer bien las reglas del juego. As\u00ed que, con una buena estrategia, podr\u00e1s ganar dinero en CSGOEmpire, el cual puedes cobrar a trav\u00e9s de criptomonedas o a tu billetera de Steam.<\/em><\/p>\n\n<\/div>\n<\/div>\n<\/div>\n<\/div>","protected":false},"excerpt":{"rendered":"<p>Desde 2016 CSGOEmpire viene brindando generosos bonos gracias a sus exclusivos c\u00f3digos promocionales, los cuales encontrar\u00e1s en esta p\u00e1gina. El \u00fanico detalle es que son de tiempo limitado, as\u00ed que aseg\u00farate de activarlos lo antes posible para que puedas obtener tus bonos, skins y monedas gratuitas: ES100 Top100Lista CR10 TOPSGOe Con estos c\u00f3digos de referencia &#8230; <a title=\"C\u00f3digos de Referencia CSGOEmpire\" class=\"read-more\" href=\"https:\/\/cs2surge.com\/es\/csgo-empire-codigos-referencia\/\" aria-label=\"Leer m\u00e1s sobre C\u00f3digos de Referencia CSGOEmpire\">Leer m\u00e1s<\/a><\/p>\n","protected":false},"author":36,"featured_media":5878,"parent":0,"menu_order":0,"comment_status":"closed","ping_status":"closed","template":"","meta":{"inline_featured_image":false,"two_page_speed":[],"footnotes":""},"categories":[],"tags":[],"class_list":["post-6741","page","type-page","status-publish","has-post-thumbnail"],"acf":[],"_links":{"self":[{"href":"https:\/\/cs2surge.com\/es\/wp-json\/wp\/v2\/pages\/6741","targetHints":{"allow":["GET"]}}],"collection":[{"href":"https:\/\/cs2surge.com\/es\/wp-json\/wp\/v2\/pages"}],"about":[{"href":"https:\/\/cs2surge.com\/es\/wp-json\/wp\/v2\/types\/page"}],"author":[{"embeddable":true,"href":"https:\/\/cs2surge.com\/es\/wp-json\/wp\/v2\/users\/36"}],"replies":[{"embeddable":true,"href":"https:\/\/cs2surge.com\/es\/wp-json\/wp\/v2\/comments?post=6741"}],"version-history":[{"count":22,"href":"https:\/\/cs2surge.com\/es\/wp-json\/wp\/v2\/pages\/6741\/revisions"}],"predecessor-version":[{"id":24080,"href":"https:\/\/cs2surge.com\/es\/wp-json\/wp\/v2\/pages\/6741\/revisions\/24080"}],"wp:featuredmedia":[{"embeddable":true,"href":"https:\/\/cs2surge.com\/es\/wp-json\/wp\/v2\/media\/5878"}],"wp:attachment":[{"href":"https:\/\/cs2surge.com\/es\/wp-json\/wp\/v2\/media?parent=6741"}],"wp:term":[{"taxonomy":"category","embeddable":true,"href":"https:\/\/cs2surge.com\/es\/wp-json\/wp\/v2\/categories?post=6741"},{"taxonomy":"post_tag","embeddable":true,"href":"https:\/\/cs2surge.com\/es\/wp-json\/wp\/v2\/tags?post=6741"}],"curies":[{"name":"wp","href":"https:\/\/api.w.org\/{rel}","templated":true}]}}