{"id":6858,"date":"2023-05-16T08:55:00","date_gmt":"2023-05-16T08:55:00","guid":{"rendered":"https:\/\/csgoradar.com\/mas-codigos-rollbit\/"},"modified":"2023-01-15T14:47:17","modified_gmt":"2023-01-15T14:47:17","slug":"codigo-de-promocion-rollbit","status":"publish","type":"page","link":"https:\/\/cs2surge.com\/es\/codigo-de-promocion-rollbit\/","title":{"rendered":"C\u00f3digos Promocionales Rollbit 2023"},"content":{"rendered":"\n<p>Si est\u00e1s aqu\u00ed es porque est\u00e1s buscando los c\u00f3digos de promoci\u00f3n Rollbit, para poder reclamar bonos de bienvenida exclusivos, as\u00ed como skins, monedas y cases gratis. Por ello, hemos puesto las mejores ofertas de Rollbit en un solo lugar,  para que puedas reclamarlas hoy mismo y empezar a jugar. Aqu\u00ed tienes los c\u00f3digos promocionales exclusivos:<\/p>\n\n\n\n<ul class=\"wp-block-list\"><li>CSGORadar<\/li><li>CSGORadr<\/li><li>Top100lista<\/li><\/ul>\n\n\n\n<p>Si estos bonos no son de tu agrado, tambi\u00e9n puedes probar el sistema Rakeback, que paga hasta el 15% de la ventaja de la casa. Ten en cuenta que el Rakeback se divide en micro montos que otorgan un 5 % por apuesta. Rollbit paga hasta $1,000 USD a los principales ganadores de su tabla de clasificaci\u00f3n, la cual puedes encontrar en el sitio web, d\u00e1ndote m\u00e1s razones para jugar en este sitio de apuestas. <\/p>\n\n\n\n<p>Ya sea que prefieras jugar con un presupuesto limitado o te guste tomar grandes riesgos, Rollbit tiene una oferta acorde con sus deseos. La plataforma cuenta con un sistema de recompensas digno de un rey. Los nuevos jugadores pueden obtener un enorme reembolso del 50 % en todas sus apuestas en Rollbit ingresando el <strong>c\u00f3digo promocional: \u00abCSGORadar\u00bb<\/strong> . <\/p>\n\n\n\n<p>Las tablas de clasificaci\u00f3n de Rollbit reparten hasta $ 2,500, mientras que el sistema de nivelaci\u00f3n recauda $ 5,000. El rakeback te permite recuperar el 10 % de la ventaja de la casa de la apuesta perdida. El beneficio m\u00e1s grande es el reembolso diario, semanal y mensual. Todo lo que necesita para desbloquear estos paquetes son los siguientes c\u00f3digos de promoci\u00f3n.<\/p>\n\n\n\n<p>Ya con todas los beneficios de Rollbit sobre la mesa, as\u00ed como de sus c\u00f3digos promocionales, te invitamos a seguir leyendo esta p\u00e1gina especial.<\/p>\n\n\n\n<h2 class=\"wp-block-heading\"><span class=\"ez-toc-section\" id=\"Codigos_Promocionales_Rollbit_Activos\"><\/span>C\u00f3digos Promocionales Rollbit Activos<span class=\"ez-toc-section-end\"><\/span><\/h2>\n\n\n\n<p>La estrategia de marketing de Rollbit es perfecta. Dise\u00f1ado con el prop\u00f3sito de lograr que los jugadores participen de manera constante en el sitio, ofrecen las mejores promociones del mercado de CS:GO.  Sea un bono de bienvenida o el acceso al sistema Rakeback instant\u00e1neo del 10%, tienes m\u00faltiples opciones para sacarle el m\u00e1ximo provecho a cada dep\u00f3sito y apuesta que hagas en Rollbit.<\/p>\n\n\n\n<div class=\"wp-block-image\"><figure class=\"aligncenter size-large\"><img loading=\"lazy\" decoding=\"async\" width=\"1024\" height=\"499\" src=\"https:\/\/cs2surge.com\/wp-content\/uploads\/2021\/07\/rollbit-csgo-promo-code-1024x499.png\" alt=\"C\u00f3digo de promoci\u00f3n de Rollbit\" class=\"wp-image-1157\"\/><\/figure><\/div>\n\n\n\n<p>Si lo tuyo es la adrenalina, entonces anda a la parte superior de la tabla de clasificaci\u00f3n, donde puedes ganar parte de los $2,500 USD en premios. El mejor jugador (que puedes ser t\u00fa), se lleva hasta $1,000 diarios. Si hablamos de premios m\u00e1s modestos pero diarios, tienes tanto el rakeback de hasta el 15%, as\u00ed como otros incentivos tales como skins y monedas gratis.<\/p>\n\n\n\n<h2 class=\"wp-block-heading\"><span class=\"ez-toc-section\" id=\"Programa_VIP_y_Premios_en_Monedas_Para_Jugadores_CS_GO\"><\/span>Programa V.I.P y Premios en Monedas Para Jugadores CS:GO<span class=\"ez-toc-section-end\"><\/span><\/h2>\n\n\n\n<p>No recomendar\u00edamos los c\u00f3digos promocionales de Rollbit si esta p\u00e1gina no ofreciera un excelente programa V.I.P, as\u00ed como regalos de monedas gratis para los jugadores de CS:GO como t\u00fa. <\/p>\n\n\n\n<p>El programa V.I.P o sistema de fidelizaci\u00f3n de Rollbit consta de 8 niveles, y l\u00f3gicamente a medida que subas, mayores ser\u00e1n los beneficios y las recompensas. Desde un mayor porcentaje de Rakeback hasta una contribuci\u00f3n mayor a los requisitos de apuestas, ser leal a Rollbit te brindar\u00e1 una amplia gama de beneficios.<\/p>\n\n\n\n<p>Tambi\u00e9n puedes reclamar los bonos Rank Up y Rollbit Levels, donde a medida que subas las escaleras y llegues a nuevos niveles, obtendr\u00e1s m\u00e1s bonificaciones. Si logras llegar hasta la cima y acceder a la lujosa sala V.I.P, podr\u00e1s reclamar exclusivas recompensas. Rollbit hace de un juego una excelenteo oportunidad para crecer tu bankroll.<\/p>\n\n\n\n<h2 class=\"wp-block-heading\"><span class=\"ez-toc-section\" id=\"%C2%BFQue_Tan_Confiables_y_Legitimos_Son_Los_Codigos_Promocionales_de_Rollbit\"><\/span>\u00bfQu\u00e9 Tan Confiables y Leg\u00edtimos Son Los C\u00f3digos Promocionales de Rollbit?<span class=\"ez-toc-section-end\"><\/span><\/h2>\n\n\n\n<p>Rollbit es uno de los principales casinos de criptomonedas CS:GO no solo en LATAM, sino en todo el mundo. Desde 2020 ha venido ofreciendo un amplio cat\u00e1logo de juegos, as\u00ed como opciones tales como apostar sobre el precio del Bitcoin. En cuanto a su legalidad, tiene su sede en Curazao y posee una licencia de la misma jurisdicci\u00f3n (365\/JAZ), por lo que todos sus c\u00f3digos promocionales son 100% aut\u00e9nticos, pues est\u00e1n obligados por la ley a brindar condiciones claras y dar los premios que promocionan.<\/p>\n\n\n\n<p>Adem\u00e1s, Rollbit utiliza el sistema Provably Fair, el cual certifica la completa aleatoriedad y transparencia de sus cientos de juegos de azar. Sean los <a href=\"https:\/\/cs2surge.com\/es\/sitios-de-ruleta-de-csgo\/\" target=\"_blank\" rel=\"noreferrer noopener\">juegos de ruleta CS:GO<\/a> o el famoso Crash, as\u00ed como las apuestas sobre criptomonedas, todo es 100% aleatorio y justo en Rollbit.<\/p>\n\n\n\n<p>En cuanto a la seguridad online, Rollbit mantiene altos est\u00e1ndares tales como un certificado SSL para cada p\u00e1gina del sitio web, as\u00ed como un equipo dedicado exclusivamente a monitorear los servidores de Rollbit. Por ello, unirte a Rollbit y usar sus c\u00f3digos promocionales no solo es seguro, sino una excelente idea.<\/p>\n\n\n\n<h2 class=\"wp-block-heading\"><span class=\"ez-toc-section\" id=\"%C2%BFComo_Puedo_Reclamar_Los_Codigos_Promocionales_de_Rollbit\"><\/span>\u00bfC\u00f3mo Puedo Reclamar Los C\u00f3digos Promocionales de Rollbit?<span class=\"ez-toc-section-end\"><\/span><\/h2>\n\n\n\n<p>Ingresar tu c\u00f3digo promocional Rollbit para reclamar tu bono favorito es muy sencillo, solo sigue estos pasos:<\/p>\n\n\n\n<ol class=\"wp-block-list\"><li>Selecciona tu c\u00f3digo promocional Rollbit favorito de nuestra lista<\/li><li>Entra al sitio web de Rollbit<\/li><li>Reg\u00edstrate y activa tu cuenta en Rollbit<\/li><li>Anda al \u00e1rea de Dep\u00f3sitos y Retiros<\/li><li>Elige la opci\u00f3n para ingresar el c\u00f3digo de referido<\/li><li>Ingresa tu c\u00f3digo elegido (por ejemplo, CSGORadar)<\/li><li>\u00a1Obt\u00e9n el 50% de reembolso en todas tus apuestas!<\/li><\/ol>\n\n\n\n<p>As\u00ed podr\u00e1s empezar a gozar todos los beneficios que ofrece Rollbit para sus jugadores como t\u00fa. A medidas que m\u00e1s uses la plataforma, obtendr\u00e1s mayores beneficios, para as\u00ed sacarle el m\u00e1ximo provecho a cada una de tus apuestas.<\/p>\n\n\n\n<h2 class=\"wp-block-heading\"><span class=\"ez-toc-section\" id=\"Resumen\"><\/span>Resumen<span class=\"ez-toc-section-end\"><\/span><\/h2>\n\n\n\n<p>Si bien Rollbit reci\u00e9n empez\u00f3 a operar en el 2020, sus promociones y fama ya le han brindado un lugar fijo en esta industria, sobre todo entre los jugadores de CS:GO. Gracias a su excelente promoci\u00f3n del reembolso del 50% en tus primeras apuestas, as\u00ed como el rakeback y los premios de skins y monedas gratuitas, te recomendados jugar en Rollbit completamente. <\/p>\n\n\n\n<p>No lo esperes m\u00e1s y \u00fanete hoy mismo a Rollbit con nuestros c\u00f3digos promocionales, para que obtengas el 50% de descuento, un rakeback de hasta 15% y un jugoso premio de $2,500 para los ganadores de la tabla de clasificaci\u00f3n, as\u00ed como su programa V.I.P de 8 niveles&#8230; \u00a1todo para ganar m\u00e1s con cada apuesta y dep\u00f3sito que hagas!<\/p>\n\n\n\n<h2 class=\"wp-block-heading\"><span class=\"ez-toc-section\" id=\"Preguntas_Frecuentes\"><\/span>Preguntas Frecuentes<span class=\"ez-toc-section-end\"><\/span><\/h2>\n\n\n<div id=\"rank-math-faq\" class=\"rank-math-block\">\n<div class=\"rank-math-list \">\n<div id=\"faq-question-1667906222297\" class=\"rank-math-list-item\">\n<h3 class=\"rank-math-question \"><strong>\u00bfEs Rollbit seguro?<\/strong><\/h3>\n<div class=\"rank-math-answer \">\n\n<p>El cibercrimen y las amenazas son problemas rampantes en el espacio digital. Afortunadamente, Rollbit es una plataforma de juego segura que brinda protecci\u00f3n contra los criminales del internet. Adem\u00e1s, la empresa est\u00e1 registrada por la Comisi\u00f3n de Juegos de Curazao (licencia 365\/JAZ), una jurisdicci\u00f3n respetable con regulaciones estrictas. Adem\u00e1s, el sitio web usa tecnolog\u00eda tal y como un certificado SSL y protecci\u00f3n anti DDoS, para brindarte mayor seguridad.<\/p>\n\n<\/div>\n<\/div>\n<div id=\"faq-question-1667906226347\" class=\"rank-math-list-item\">\n<h3 class=\"rank-math-question \"><strong>\u00bfQu\u00e9 c\u00f3digos promocionales puedo reclamar en Rollbit?<\/strong><\/h3>\n<div class=\"rank-math-answer \">\n\n<p>Aqu\u00ed tienes los c\u00f3digos promocionales: CSGORadar, ES100, Top100list. Con los cuales podr\u00e1s obtener hasta un 50% de reembolso, skins y monedas gratis, para as\u00ed llevar tu experiencia de juego al siguiente nivel.<\/p>\n\n<\/div>\n<\/div>\n<div id=\"faq-question-1667906234956\" class=\"rank-math-list-item\">\n<h3 class=\"rank-math-question \"><strong>\u00bfC\u00f3mo puedo depositar y retirar mis fondos de Rollbit?<\/strong><\/h3>\n<div class=\"rank-math-answer \">\n\n<p>Hacer dep\u00f3sitos y retiros en Rollbit es f\u00e1cil y conveniente. Actualmente, la empresa admite las siguientes pasarelas de pago de criptomonedas, Litecoin, Bitcoin, Ethereum<\/p>\n\n<\/div>\n<\/div>\n<\/div>\n<\/div>","protected":false},"excerpt":{"rendered":"<p>Si est\u00e1s aqu\u00ed es porque est\u00e1s buscando los c\u00f3digos de promoci\u00f3n Rollbit, para poder reclamar bonos de bienvenida exclusivos, as\u00ed como skins, monedas y cases gratis. Por ello, hemos puesto las mejores ofertas de Rollbit en un solo lugar, para que puedas reclamarlas hoy mismo y empezar a jugar. Aqu\u00ed tienes los c\u00f3digos promocionales exclusivos: &#8230; <a title=\"C\u00f3digos Promocionales Rollbit 2023\" class=\"read-more\" href=\"https:\/\/cs2surge.com\/es\/codigo-de-promocion-rollbit\/\" aria-label=\"Leer m\u00e1s sobre C\u00f3digos Promocionales Rollbit 2023\">Leer m\u00e1s<\/a><\/p>\n","protected":false},"author":36,"featured_media":5418,"parent":0,"menu_order":0,"comment_status":"closed","ping_status":"closed","template":"","meta":{"inline_featured_image":false,"two_page_speed":[],"footnotes":""},"categories":[57],"tags":[],"class_list":{"0":"post-6858","1":"page","2":"type-page","3":"status-publish","4":"has-post-thumbnail","6":"category-codigos-csgo-es"},"acf":[],"_links":{"self":[{"href":"https:\/\/cs2surge.com\/es\/wp-json\/wp\/v2\/pages\/6858","targetHints":{"allow":["GET"]}}],"collection":[{"href":"https:\/\/cs2surge.com\/es\/wp-json\/wp\/v2\/pages"}],"about":[{"href":"https:\/\/cs2surge.com\/es\/wp-json\/wp\/v2\/types\/page"}],"author":[{"embeddable":true,"href":"https:\/\/cs2surge.com\/es\/wp-json\/wp\/v2\/users\/36"}],"replies":[{"embeddable":true,"href":"https:\/\/cs2surge.com\/es\/wp-json\/wp\/v2\/comments?post=6858"}],"version-history":[{"count":22,"href":"https:\/\/cs2surge.com\/es\/wp-json\/wp\/v2\/pages\/6858\/revisions"}],"predecessor-version":[{"id":16374,"href":"https:\/\/cs2surge.com\/es\/wp-json\/wp\/v2\/pages\/6858\/revisions\/16374"}],"wp:featuredmedia":[{"embeddable":true,"href":"https:\/\/cs2surge.com\/es\/wp-json\/wp\/v2\/media\/5418"}],"wp:attachment":[{"href":"https:\/\/cs2surge.com\/es\/wp-json\/wp\/v2\/media?parent=6858"}],"wp:term":[{"taxonomy":"category","embeddable":true,"href":"https:\/\/cs2surge.com\/es\/wp-json\/wp\/v2\/categories?post=6858"},{"taxonomy":"post_tag","embeddable":true,"href":"https:\/\/cs2surge.com\/es\/wp-json\/wp\/v2\/tags?post=6858"}],"curies":[{"name":"wp","href":"https:\/\/api.w.org\/{rel}","templated":true}]}}