{"id":7011,"date":"2023-05-07T08:28:00","date_gmt":"2023-05-07T08:28:00","guid":{"rendered":"https:\/\/csgoradar.com\/codigo-de-promocion-de-gamdom\/"},"modified":"2024-09-08T20:11:00","modified_gmt":"2024-09-08T20:11:00","slug":"codigo-promocional-gamdom","status":"publish","type":"page","link":"https:\/\/cs2surge.com\/es\/codigo-promocional-gamdom\/","title":{"rendered":"C\u00f3digo promocional de Gamdom"},"content":{"rendered":"\n<h1 class=\"wp-block-heading\"><span class=\"ez-toc-section\" id=\"Codigo_Promocional_De_Gamdom\"><\/span>C\u00f3digo Promocional De Gamdom<span class=\"ez-toc-section-end\"><\/span><\/h1>\n\n\n\n<p>Gamdom es uno de los mejores criptocasinos en l\u00ednea de la actualidad, que anteriormente operaba como operador de juegos de piel de CSGO, el ahora casino tiene un mont\u00f3n de promociones y bonos para que usted obtenga una ventaja en sus muchos juegos de casino.<\/p>\n\n\n\n<p>Empieza a jugar en Gamdom usando el c\u00f3digo promocional <strong>DTV<\/strong> para reclamar un buen bono.<\/p>\n\n\n\n<h2 class=\"wp-block-heading\"><span class=\"ez-toc-section\" id=\"Codigos_y_promociones_de_Gamdom\"><\/span>C\u00f3digos y promociones de Gamdom<span class=\"ez-toc-section-end\"><\/span><\/h2>\n\n\n\n<p>Adem\u00e1s del c\u00f3digo promocional <strong>\u00abDTV\u00bb<\/strong>, Gamdom ofrece varias promociones y recompensas para aumentar la confianza de los jugadores para seguir jugando. Aunque no hay bonos de dep\u00f3sito iguales a los de otros casinos, Gamdom lo compensa con varias promociones y c\u00f3digos gratuitos.<\/p>\n\n\n\n<p>Aqu\u00ed est\u00e1 la lista de nuestros c\u00f3digos promocionales Gamdom:  <\/p>\n\n\n\n<ul class=\"wp-block-list\">\n<li><strong>DTV<\/strong><\/li>\n<\/ul>\n\n\n\n<p>Siguiendo su concepto original como uno de los primeros <a href=\"https:\/\/cs2surge.com\/es\/\">sitios de apuestas de CSGO<\/a>, Gamdom se convirti\u00f3 en un experto en la comunidad de CS:GO, atrayendo tanto a los aficionados al iGaming, como a los jugadores online experimentados y a los nuevos.<\/p>\n\n\n\n<h2 class=\"wp-block-heading\"><span class=\"ez-toc-section\" id=\"Introducir_el_codigo_promocional_de_Gamdom\"><\/span>Introducir el c\u00f3digo promocional de Gamdom<span class=\"ez-toc-section-end\"><\/span><\/h2>\n\n\n\n<figure class=\"wp-block-image size-large\"><img loading=\"lazy\" decoding=\"async\" width=\"1024\" height=\"576\" src=\"https:\/\/cs2surge.com\/wp-content\/uploads\/2022\/07\/Gamdom-promo-code-enter-1024x576.jpg\" alt=\"Introducir el c\u00f3digo promocional de Gamdom\" class=\"wp-image-10765\" srcset=\"https:\/\/cs2surge.com\/wp-content\/uploads\/2022\/07\/Gamdom-promo-code-enter-1024x576.jpg 1024w, https:\/\/cs2surge.com\/wp-content\/uploads\/2022\/07\/Gamdom-promo-code-enter-300x169.jpg 300w, https:\/\/cs2surge.com\/wp-content\/uploads\/2022\/07\/Gamdom-promo-code-enter-768x432.jpg 768w, https:\/\/cs2surge.com\/wp-content\/uploads\/2022\/07\/Gamdom-promo-code-enter.jpg 1280w\" sizes=\"auto, (max-width: 1024px) 100vw, 1024px\" \/><\/figure>\n\n\n\n<p>No puedes introducir un c\u00f3digo promocional en Gamdom sin registrarte para crear una cuenta. El proceso de registro en el sitio web es f\u00e1cil y no implica ninguna complejidad. El proceso es sencillo si no le gusta rellenar largos formularios o verificar la identidad varias veces.<\/p>\n\n\n\n<p>En cuesti\u00f3n de unos minutos, puedes crear una cuenta en Gamdom y empezar a apostar en una gran cantidad de <a href=\"https:\/\/cs2surge.com\/csgo-slots-sites\/\">juegos de tragamonedas de casino<\/a> al instante. Todo lo que necesita para crear una cuenta es proporcionar un nombre de usuario, una direcci\u00f3n de correo electr\u00f3nico v\u00e1lida y una contrase\u00f1a.<\/p>\n\n\n\n<p>Esta es nuestra gu\u00eda para introducir su c\u00f3digo promocional Gaamdom:  <\/p>\n\n\n\n<ul class=\"wp-block-list\">\n<li>Vaya a gamdom.com o utilice el enlace de nuestro sitio web<\/li>\n\n\n\n<li>Crear una cuenta<\/li>\n\n\n\n<li>Haz clic en el men\u00fa de tu perfil<\/li>\n\n\n\n<li>Accede a la secci\u00f3n \u00abRecompensas\u00bb e introduce el c\u00f3digo promocional \u00ab<strong>DTV<\/strong>\u00ab<\/li>\n\n\n\n<li>\u00a1Consigue recompensas de Rakeback gratis!<\/li>\n<\/ul>\n\n\n\n<p>Puedes iniciar sesi\u00f3n con Facebook, Steam o Google. Esta opci\u00f3n no permite el juego an\u00f3nimo porque requiere informaci\u00f3n personal.<\/p>\n\n\n\n<h2 class=\"wp-block-heading\"><span class=\"ez-toc-section\" id=\"Promociones_continuas_de_casos_gratuitos\"><\/span>Promociones continuas de casos gratuitos<span class=\"ez-toc-section-end\"><\/span><\/h2>\n\n\n\n<figure class=\"wp-block-image size-large\"><img loading=\"lazy\" decoding=\"async\" width=\"1024\" height=\"343\" src=\"https:\/\/cs2surge.com\/wp-content\/uploads\/2021\/07\/gamdom-promotions-promo-codes-1024x343.png\" alt=\"\" class=\"wp-image-1133\" srcset=\"https:\/\/cs2surge.com\/wp-content\/uploads\/2021\/07\/gamdom-promotions-promo-codes-1024x343.png 1024w, https:\/\/cs2surge.com\/wp-content\/uploads\/2021\/07\/gamdom-promotions-promo-codes-300x101.png 300w, https:\/\/cs2surge.com\/wp-content\/uploads\/2021\/07\/gamdom-promotions-promo-codes-768x258.png 768w, https:\/\/cs2surge.com\/wp-content\/uploads\/2021\/07\/gamdom-promotions-promo-codes.png 1300w\" sizes=\"auto, (max-width: 1024px) 100vw, 1024px\" \/><\/figure>\n\n\n\n<p>Gamdom ofrece una variedad de incentivos y premios. Rain, o el bot de Rain, es una popular recompensa de la plataforma. El chat del sitio web tiene ocasionalmente este bot. Los ganadores afortunados obtienen monedas gratis para apostar m\u00e1s.<\/p>\n\n\n\n<p>Los medios de comunicaci\u00f3n social de Gamdom pueden anunciar sorteos que no aparecen en su sitio web. Las publicaciones en las redes sociales describen las fechas de los sorteos, c\u00f3mo participar y qu\u00e9 esperar.<\/p>\n\n\n\n<p>Puedes subir a los niveles Oro, Plata y Esmeralda mientras juegas. Los niveles m\u00e1s altos obtienen recompensas diarias adicionales. S\u00f3lo tienes que subir de categor\u00eda y validar tu n\u00famero de tel\u00e9fono.<\/p>\n\n\n\n<p>Un factor que diferencia a Gamdom de sus competidores son los juegos originales de la plataforma. Estos juegos son exclusivos del sitio web, incluyendo t\u00edtulos de criptojuegos como el Juego de la Ruleta, el Juego de Hilo de Gamdom y el Choque de Gamdom, mientras que tambi\u00e9n se pueden depositar skins cosm\u00e9ticos para <a href=\"https:\/\/cs2surge.com\/es\/mejores-paginas-de-crash-cs-go\/\">jugar al Choque de CSGO<\/a> y otros juegos.<\/p>\n\n\n\n<p>Todos los t\u00edtulos \u00fanicos conceden a los jugadores que triunfan recompensas personalizadas. Para disfrutar de estas ventajas, no es necesario ser un jugador VIP: cualquier nuevo jugador que se registre en el sitio web con un dep\u00f3sito m\u00ednimo tiene acceso a los originales de Gamdom.<\/p>\n\n\n\n<h2 class=\"wp-block-heading\"><span class=\"ez-toc-section\" id=\"%C2%BFQue_tan_legitimos_son_los_codigos_de_bonificacion_de_Gamdom\"><\/span>\u00bfQu\u00e9 tan leg\u00edtimos son los c\u00f3digos de bonificaci\u00f3n de Gamdom?<span class=\"ez-toc-section-end\"><\/span><\/h2>\n\n\n\n<p>Gamdom, una plataforma de juego online totalmente autorizada y regulada, lleva activa desde 2016 sin que haya habido problemas importantes asociados a la marca.  <\/p>\n\n\n\n<p>La empresa est\u00e1 autorizada por el Gobierno de Cura\u00e7ao, uno de los organismos de autorizaci\u00f3n de juegos de azar en l\u00ednea m\u00e1s reputados del mundo. La pol\u00edtica del sitio web tiene un enfoque estricto en varios asuntos, incluyendo reglas s\u00f3lidas sobre:<\/p>\n\n\n\n<ul class=\"wp-block-list\">\n<li>Pol\u00edtica de reembolso<\/li>\n\n\n\n<li>Pol\u00edtica de privacidad<\/li>\n\n\n\n<li>Pol\u00edtica contra el blanqueo de capitales (AML)<\/li>\n<\/ul>\n\n\n\n<p>Si quieres una plataforma que se preocupe por la confianza de los usuarios y por unas reglas accesibles, Gamdom puede ser tu plataforma de juego elegida. Todos los juegos disponibles en el cat\u00e1logo de Gamdom son probadamente justos.<\/p>\n\n\n\n<h2 class=\"wp-block-heading\"><span class=\"ez-toc-section\" id=\"Resumen\"><\/span>Resumen<span class=\"ez-toc-section-end\"><\/span><\/h2>\n\n\n\n<p>Comenzando como un <a href=\"https:\/\/cs2surge.com\/es\/sitios-de-ruleta-de-csgo\/\">sitio web de ruleta de CS:GO<\/a>, para luego expandirse al mercado de los criptocasinos, fue un gran \u00e9xito, llevando a un sitio web ocupado con necesidades ocupadas. El \u00e9nfasis en las conexiones sociales es una de las mejores caracter\u00edsticas de la plataforma.<\/p>\n\n\n\n<p>Los jugadores que sean lo suficientemente astutos como para aprovechar la posibilidad pueden ganar muchos premios especiales diarios. Tienes m\u00e1s posibilidades de ganar cuanto m\u00e1s juegues. Empieza ahora mismo utilizando el c\u00f3digo de descuento \u00ab<strong>DTV<\/strong>\u00bb para conseguir una fant\u00e1stica bonificaci\u00f3n.<\/p>\n\n\n\n<h2 class=\"wp-block-heading\"><span class=\"ez-toc-section\" id=\"Preguntas_comunes\"><\/span>Preguntas comunes<span class=\"ez-toc-section-end\"><\/span><\/h2>\n\n\n\n<p>Si nuestra gu\u00eda no ha respondido a todas sus preguntas, esta secci\u00f3n seguramente lo har\u00e1. Si todav\u00eda quieres saber m\u00e1s sobre el c\u00f3digo promocional Gamdom y la plataforma, no dudes en ponerte en contacto con nosotros.<\/p>\n\n\n<div id=\"rank-math-faq\" class=\"rank-math-block\">\n<div class=\"rank-math-list \">\n<div id=\"faq-question-1654282418913\" class=\"rank-math-list-item\">\n<h3 class=\"rank-math-question \">\u00bfC\u00f3mo puedo reclamar el c\u00f3digo Gamdom?<\/h3>\n<div class=\"rank-math-answer \">\n\n<p>Todo lo que tienes que hacer es registrarte en Gamdom, hacer clic en el bot\u00f3n de dep\u00f3sito \u00ab+\u00bb, introducir tu c\u00f3digo promocional de Gamdom en el campo correspondiente, y eso es todo. Activar\u00e1s el bono, que podr\u00e1s utilizar para apostar en tus juegos favoritos de CSGO.<\/p>\n\n<\/div>\n<\/div>\n<div id=\"faq-question-1654282422789\" class=\"rank-math-list-item\">\n<h3 class=\"rank-math-question \">\u00bfC\u00f3mo conseguir dinero gratis en Gamdom?<\/h3>\n<div class=\"rank-math-answer \">\n\n<p>Usando nuestro c\u00f3digo gratuito Gamdom puedes conseguir hasta 0,50$ en monedas gratis para apostar en tus juegos de azar favoritos. Si quieres empezar sin riesgo, esta es la manera de hacerlo.<\/p>\n\n<\/div>\n<\/div>\n<div id=\"faq-question-1654282423479\" class=\"rank-math-list-item\">\n<h3 class=\"rank-math-question \">\u00bfEs Gamdom digno de confianza?<\/h3>\n<div class=\"rank-math-answer \">\n\n<p>Gamdom es de confianza porque los juegos son probadamente justos, y como los pagos son criptogr\u00e1ficos, puedes rastrearlos f\u00e1cilmente. Adem\u00e1s, la comunidad se sirve de Gamdom como un sitio de criptojuegos de confianza, profesional y divertido.<\/p>\n\n<\/div>\n<\/div>\n<div id=\"faq-question-1658087187254\" class=\"rank-math-list-item\">\n<h3 class=\"rank-math-question \">\u00bfCu\u00e1l es el c\u00f3digo promocional de Gamdom?<\/h3>\n<div class=\"rank-math-answer \">\n\n<p>El c\u00f3digo promocional de Gamdom en [m] [y] es <strong>\u00abDTV<\/strong>\u00ab, con el que conseguir\u00e1s monedas gratis y entrar\u00e1s autom\u00e1ticamente en el sorteo masivo.<\/p>\n\n<\/div>\n<\/div>\n<\/div>\n<\/div>\n\n\n<p><\/p>\n","protected":false},"excerpt":{"rendered":"<p>C\u00f3digo Promocional De Gamdom Gamdom es uno de los mejores criptocasinos en l\u00ednea de la actualidad, que anteriormente operaba como operador de juegos de piel de CSGO, el ahora casino tiene un mont\u00f3n de promociones y bonos para que usted obtenga una ventaja en sus muchos juegos de casino. Empieza a jugar en Gamdom usando &#8230; <a title=\"C\u00f3digo promocional de Gamdom\" class=\"read-more\" href=\"https:\/\/cs2surge.com\/es\/codigo-promocional-gamdom\/\" aria-label=\"Leer m\u00e1s sobre C\u00f3digo promocional de Gamdom\">Leer m\u00e1s<\/a><\/p>\n","protected":false},"author":36,"featured_media":4290,"parent":0,"menu_order":0,"comment_status":"closed","ping_status":"closed","template":"","meta":{"inline_featured_image":false,"two_page_speed":[],"footnotes":""},"categories":[57],"tags":[],"class_list":{"0":"post-7011","1":"page","2":"type-page","3":"status-publish","4":"has-post-thumbnail","6":"category-codigos-csgo-es"},"acf":[],"_links":{"self":[{"href":"https:\/\/cs2surge.com\/es\/wp-json\/wp\/v2\/pages\/7011","targetHints":{"allow":["GET"]}}],"collection":[{"href":"https:\/\/cs2surge.com\/es\/wp-json\/wp\/v2\/pages"}],"about":[{"href":"https:\/\/cs2surge.com\/es\/wp-json\/wp\/v2\/types\/page"}],"author":[{"embeddable":true,"href":"https:\/\/cs2surge.com\/es\/wp-json\/wp\/v2\/users\/36"}],"replies":[{"embeddable":true,"href":"https:\/\/cs2surge.com\/es\/wp-json\/wp\/v2\/comments?post=7011"}],"version-history":[{"count":30,"href":"https:\/\/cs2surge.com\/es\/wp-json\/wp\/v2\/pages\/7011\/revisions"}],"predecessor-version":[{"id":25771,"href":"https:\/\/cs2surge.com\/es\/wp-json\/wp\/v2\/pages\/7011\/revisions\/25771"}],"wp:featuredmedia":[{"embeddable":true,"href":"https:\/\/cs2surge.com\/es\/wp-json\/wp\/v2\/media\/4290"}],"wp:attachment":[{"href":"https:\/\/cs2surge.com\/es\/wp-json\/wp\/v2\/media?parent=7011"}],"wp:term":[{"taxonomy":"category","embeddable":true,"href":"https:\/\/cs2surge.com\/es\/wp-json\/wp\/v2\/categories?post=7011"},{"taxonomy":"post_tag","embeddable":true,"href":"https:\/\/cs2surge.com\/es\/wp-json\/wp\/v2\/tags?post=7011"}],"curies":[{"name":"wp","href":"https:\/\/api.w.org\/{rel}","templated":true}]}}