{"id":7054,"date":"2023-05-05T08:34:00","date_gmt":"2023-05-05T08:34:00","guid":{"rendered":"https:\/\/csgoradar.com\/farm-skins-ultimos-codigos-gratis-2022-%f0%9f%a5%87\/"},"modified":"2024-05-09T09:30:15","modified_gmt":"2024-05-09T09:30:15","slug":"codigo-promocional-farmskins","status":"publish","type":"page","link":"https:\/\/cs2surge.com\/es\/codigo-promocional-farmskins\/","title":{"rendered":"C\u00f3digo promocional FarmSkins"},"content":{"rendered":"\n<p>If you want to go straight to the point, then here you have the Farmskins promo code you have been looking for: \u00ab<strong>CSGOR1<\/strong>\u00ab.<\/p>\n\n\n\n<p>For more information, then keep reading this exclusive guide on the Farmskins promo code.<\/p>\n\n\n\n<h2 class=\"wp-block-heading\"><span class=\"ez-toc-section\" id=\"Farmskins_Codes_y_Promotions\"><\/span>Farmskins Codes [y] &amp; Promotions<span class=\"ez-toc-section-end\"><\/span><\/h2>\n\n\n\n<p>If you think the promo codes for Farmskins are over, we have a list of exclusive promo codes you can use to claim other benefits in addition to the \u00ab<strong>CSGOR1<\/strong>\u00bb code.<\/p>\n\n\n\n<p>Check our selection of promo codes for Farmskins and use each promo code smartly to make your CS:GO case opening experience unique.<\/p>\n\n\n\n<ul class=\"wp-block-list\">\n<li>CSGOR1<\/li>\n\n\n\n<li>JUEGOCSGO6<\/li>\n\n\n\n<li>PIELES DE GRANJAPROMO1<\/li>\n<\/ul>\n\n\n\n<figure class=\"wp-block-table\"><table><tbody><tr><td><strong>FarmSkins<\/strong><\/td><td><a href=\"https:\/\/farmskins.com\/ref-CSGORADAR\" target=\"_blank\" rel=\"noreferrer noopener nofollow\">Claim Bonus<\/a>!<\/td><\/tr><tr><td><strong>Promo Code<\/strong><\/td><td>CSGOR1<\/td><\/tr><tr><td><strong>Offer\/Bonus<\/strong><\/td><td>Free $1<\/td><\/tr><tr><td><strong>Valid<\/strong><\/td><td>[m] [y]<\/td><\/tr><\/tbody><\/table><\/figure>\n\n\n\n<h2 class=\"wp-block-heading\"><span class=\"ez-toc-section\" id=\"Codigo_Promocional_Farmskins_Ahorra_Mas\"><\/span>C\u00f3digo Promocional Farmskins: Ahorra M\u00e1s<span class=\"ez-toc-section-end\"><\/span><\/h2>\n\n\n\n<figure class=\"wp-block-image size-large\"><img loading=\"lazy\" decoding=\"async\" width=\"1024\" height=\"576\" src=\"https:\/\/cs2surge.com\/wp-content\/uploads\/2022\/07\/FARMSKINS-entering-promo-code-1024x576.jpg\" alt=\"Farmskins Promo Codes $1\" class=\"wp-image-10692\" srcset=\"https:\/\/cs2surge.com\/wp-content\/uploads\/2022\/07\/FARMSKINS-entering-promo-code-1024x576.jpg 1024w, https:\/\/cs2surge.com\/wp-content\/uploads\/2022\/07\/FARMSKINS-entering-promo-code-300x169.jpg 300w, https:\/\/cs2surge.com\/wp-content\/uploads\/2022\/07\/FARMSKINS-entering-promo-code-768x432.jpg 768w, https:\/\/cs2surge.com\/wp-content\/uploads\/2022\/07\/FARMSKINS-entering-promo-code.jpg 1280w\" sizes=\"auto, (max-width: 1024px) 100vw, 1024px\" \/><\/figure>\n\n\n\n<p>Activating the promo code \u00ab<strong>CSGOR1<\/strong>\u00bb will surely boost your <a href=\"https:\/\/cs2surge.com\/best-case-opening-sites\/\" data-type=\"page\" data-id=\"142\">CS:GO case opening<\/a> experience at Farmskins. To claim this exclusive promo code, all you need to do is to follow a five-step procedure:<\/p>\n\n\n\n<ol class=\"wp-block-list\">\n<li>Visit Farmskins&#8217; official website&nbsp;<\/li>\n\n\n\n<li>Sign in using your Steam account&nbsp;<\/li>\n\n\n\n<li>Click on the menu in the dashboard&#8217;s top right<\/li>\n\n\n\n<li>Select the \u00abPromo Code\u00bb option<\/li>\n\n\n\n<li>Enter the code \u00ab<strong>CSGOR1<\/strong>\u00bb and confirm it&nbsp;<\/li>\n<\/ol>\n\n\n\n<p>Farmskins promo codes can grant you several benefits, such as free cases, free cash, csgo skin giveaways, and more gambling advantages. So you can supercharge your account for more fun and profits.<\/p>\n\n\n\n<h2 class=\"wp-block-heading\"><span class=\"ez-toc-section\" id=\"Promociones_continuas_de_casos_gratuitos\"><\/span>Promociones continuas de casos gratuitos<span class=\"ez-toc-section-end\"><\/span><\/h2>\n\n\n\n<p>Farmskins offers different bonuses and promotions to boost the case opening experience for both new and seasoned players. The first bonus you can enjoy on Farmskins is the \u00ab<strong>CSGOR1<\/strong>\u00bb promo code.&nbsp;<\/p>\n\n\n\n<h3 class=\"wp-block-heading\">Win Gaben Bullets<\/h3>\n\n\n\n<p>For every case you open at Farmskins, you earn a specific number of \u00abGaben Bullets\u00bb, which are special points accumulated in your balance. This form of virtual currency permits you to buy different items from the website&#8217;s \u00abGaben&#8217;s Store.\u00bb&nbsp;<\/p>\n\n\n\n<p>With enough \u00abbullets\u00bb in your balance, you can acquire rare items at a given price and re-sell them for profit, if you wish. Easily <a href=\"https:\/\/cs2surge.com\/csgo-upgrade-sites\/\" data-type=\"page\" data-id=\"2747\">upgrade your CSGO skins<\/a> in the \u00abUpgrade\u00bb section, where Farmskins permits you to level up low-tier items for higher-value items.<\/p>\n\n\n\n<h3 class=\"wp-block-heading\">Beyond Free Cases &#8211; Win Valuable Skins at Battles<\/h3>\n\n\n\n<p>You can also participate in the exciting \u00abBattle Arena\u00bb feature to dispute skins of different values with other players in competitive matches.&nbsp;<\/p>\n\n\n\n<p>You can either join the Arena by clicking on the \u00abCreate battle\u00bb tab or participate in an existing match waiting for competitors. If you decide to withdraw from a battle before the end, you can quit the match and the battle&#8217;s expenses will be returned to your balance.<\/p>\n\n\n\n<h2 class=\"wp-block-heading\"><span class=\"ez-toc-section\" id=\"VIP_Promotion_Player_Coin_Rewards\"><\/span>VIP Promotion &amp; Player Coin Rewards<span class=\"ez-toc-section-end\"><\/span><\/h2>\n\n\n\n<p>Farmskins does not feature a proper VIP club or loyalty rewards. In addition to the \u00ab<strong>CSGOR1<\/strong>\u00bb promo code and other bonuses such as <a href=\"https:\/\/cs2surge.com\/giveaway\/\" data-type=\"page\" data-id=\"7636\">skin giveaways<\/a>, the website offers a special free case promotion based on your level.<\/p>\n\n\n\n<p>When you&#8217;re new on the website, you have the right to claim free cases in the first 7 days &#8211; regardless of your level. After the first week is over, your level determines your right to claim free cases.<\/p>\n\n\n\n<p>You can level up based on the amount deposited on your balance. For example, if you deposit $4 on the platform, you will receive 1 level for 30 days, allowing you to open a free case for the next month.<\/p>\n\n\n\n<p>The more money you deposit on Farmskins, the better the daily cases you can claim &#8211; all for free. The level system works as follows:<\/p>\n\n\n\n<ul class=\"wp-block-list\">\n<li><strong>Level 1: <\/strong>$4.00 Deposit&nbsp;&nbsp;<\/li>\n\n\n\n<li><strong>Level 2: <\/strong>$9.00 Deposit&nbsp;<\/li>\n\n\n\n<li><strong>Level 3:<\/strong> $30.00 Deposit<\/li>\n\n\n\n<li><strong>Level 4:<\/strong> $70.00 Deposit&nbsp;<\/li>\n\n\n\n<li><strong>Level 5:<\/strong> $150.00 Deposit&nbsp;<\/li>\n\n\n\n<li><strong>Level 6:<\/strong> $300.00 Deposit&nbsp;<\/li>\n<\/ul>\n\n\n\n<h2 class=\"wp-block-heading\"><span class=\"ez-toc-section\" id=\"How_Legit_Are_Farmskins_Affiliate_Codes\"><\/span>How Legit Are Farmskins Affiliate Codes?<span class=\"ez-toc-section-end\"><\/span><\/h2>\n\n\n\n<figure class=\"wp-block-image size-large\"><img loading=\"lazy\" decoding=\"async\" width=\"1024\" height=\"448\" src=\"https:\/\/cs2surge.com\/wp-content\/uploads\/2022\/06\/Farmskins-promo-code-enter-box-1024x448.png\" alt=\"Entering The Farmskins Promo Code\" class=\"wp-image-8292\" srcset=\"https:\/\/cs2surge.com\/wp-content\/uploads\/2022\/06\/Farmskins-promo-code-enter-box-1024x448.png 1024w, https:\/\/cs2surge.com\/wp-content\/uploads\/2022\/06\/Farmskins-promo-code-enter-box-300x131.png 300w, https:\/\/cs2surge.com\/wp-content\/uploads\/2022\/06\/Farmskins-promo-code-enter-box-768x336.png 768w, https:\/\/cs2surge.com\/wp-content\/uploads\/2022\/06\/Farmskins-promo-code-enter-box-1536x673.png 1536w, https:\/\/cs2surge.com\/wp-content\/uploads\/2022\/06\/Farmskins-promo-code-enter-box.png 1617w\" sizes=\"auto, (max-width: 1024px) 100vw, 1024px\" \/><\/figure>\n\n\n\n<p>Farmskins is a pioneer in CS:GO case opening. The 2016-founded website never has credibility concerns.<\/p>\n\n\n\n<p>The platform never had hacking or security difficulties. Users can register using their Steam accounts without providing personal information.<\/p>\n\n\n\n<p>Farmskins accepts multiple deposit options, but exclusively CS:GO skins for withdrawals. If you don&#8217;t want particular skins, use \u00abSELL\u00bb to earn points and unlock other cases.<\/p>\n\n\n\n<p>Estonia-based WiseAvant O\u00dc runs the website. Due to local law, Belgians, Danes, and Dutch cannot use Farmskins.<\/p>\n\n\n\n<h2 class=\"wp-block-heading\"><span class=\"ez-toc-section\" id=\"Frequently_Asked_Questions\"><\/span>Frequently Asked Questions <span class=\"ez-toc-section-end\"><\/span><\/h2>\n\n\n<div id=\"rank-math-faq\" class=\"rank-math-block\">\n<div class=\"rank-math-list \">\n<div id=\"faq-question-1651827430678\" class=\"rank-math-list-item\">\n<h3 class=\"rank-math-question \">What Is The FarmSkins promo code?<\/h3>\n<div class=\"rank-math-answer \">\n\n<p>The promo code is &#8216;CSGOR1&#8217; on FarmSkins, in which you can obtain free coins of up to $0.5. There are no terms and conditions for this promo code.<\/p>\n\n<\/div>\n<\/div>\n<div id=\"faq-question-1651827434144\" class=\"rank-math-list-item\">\n<h3 class=\"rank-math-question \">M\u00e9todos de pago disponibles en Farm Skins<\/h3>\n<div class=\"rank-math-answer \">\n\n<p>La mayor\u00eda de los sitios de apuestas csgo solo incluir\u00e1n criptomonedas y quiz\u00e1s una cantidad limitada de otras billeteras electr\u00f3nicas como m\u00e9todos de pago. Este tambi\u00e9n es el caso de Farm Skins, y podr\u00e1 depositar con criptomonedas y sus m\u00e1scaras CSGO.<\/p>\n\n<\/div>\n<\/div>\n<div id=\"faq-question-1654080063011\" class=\"rank-math-list-item\">\n<h3 class=\"rank-math-question \">How quickly is the code added to my account?<\/h3>\n<div class=\"rank-math-answer \">\n\n<p>The code is instantly and you&#8217;ll be able to start playing with your free 1$ immediately as you add our code \u00abCSGOR1\u00bb to your account. <\/p>\n\n<\/div>\n<\/div>\n<div id=\"faq-question-1654081990524\" class=\"rank-math-list-item\">\n<h3 class=\"rank-math-question \">What game modes are available at Farmskins?  <\/h3>\n<div class=\"rank-math-answer \">\n\n<p>Farmskins offers both \u00abGaben&#8217;s Store\u00bb, \u00abCase Battle\u00bb and also \u00abUpgrade\u00bb which all are a fantastic way of spending your time if you love CSGO.<\/p>\n\n<\/div>\n<\/div>\n<\/div>\n<\/div>\n\n\n<p><\/p>\n","protected":false},"excerpt":{"rendered":"<p>If you want to go straight to the point, then here you have the Farmskins promo code you have been looking for: \u00abCSGOR1\u00ab. For more information, then keep reading this exclusive guide on the Farmskins promo code. Farmskins Codes [y] &amp; Promotions If you think the promo codes for Farmskins are over, we have a &#8230; <a title=\"C\u00f3digo promocional FarmSkins\" class=\"read-more\" href=\"https:\/\/cs2surge.com\/es\/codigo-promocional-farmskins\/\" aria-label=\"Leer m\u00e1s sobre C\u00f3digo promocional FarmSkins\">Leer m\u00e1s<\/a><\/p>\n","protected":false},"author":36,"featured_media":5448,"parent":0,"menu_order":0,"comment_status":"closed","ping_status":"closed","template":"","meta":{"inline_featured_image":false,"two_page_speed":[],"footnotes":""},"categories":[8],"tags":[],"class_list":{"0":"post-7054","1":"page","2":"type-page","3":"status-publish","4":"has-post-thumbnail","6":"category-rust-gambling-sites-online"},"acf":[],"_links":{"self":[{"href":"https:\/\/cs2surge.com\/es\/wp-json\/wp\/v2\/pages\/7054","targetHints":{"allow":["GET"]}}],"collection":[{"href":"https:\/\/cs2surge.com\/es\/wp-json\/wp\/v2\/pages"}],"about":[{"href":"https:\/\/cs2surge.com\/es\/wp-json\/wp\/v2\/types\/page"}],"author":[{"embeddable":true,"href":"https:\/\/cs2surge.com\/es\/wp-json\/wp\/v2\/users\/36"}],"replies":[{"embeddable":true,"href":"https:\/\/cs2surge.com\/es\/wp-json\/wp\/v2\/comments?post=7054"}],"version-history":[{"count":15,"href":"https:\/\/cs2surge.com\/es\/wp-json\/wp\/v2\/pages\/7054\/revisions"}],"predecessor-version":[{"id":24772,"href":"https:\/\/cs2surge.com\/es\/wp-json\/wp\/v2\/pages\/7054\/revisions\/24772"}],"wp:featuredmedia":[{"embeddable":true,"href":"https:\/\/cs2surge.com\/es\/wp-json\/wp\/v2\/media\/5448"}],"wp:attachment":[{"href":"https:\/\/cs2surge.com\/es\/wp-json\/wp\/v2\/media?parent=7054"}],"wp:term":[{"taxonomy":"category","embeddable":true,"href":"https:\/\/cs2surge.com\/es\/wp-json\/wp\/v2\/categories?post=7054"},{"taxonomy":"post_tag","embeddable":true,"href":"https:\/\/cs2surge.com\/es\/wp-json\/wp\/v2\/tags?post=7054"}],"curies":[{"name":"wp","href":"https:\/\/api.w.org\/{rel}","templated":true}]}}