{"id":7079,"date":"2022-01-10T13:05:05","date_gmt":"2022-01-10T13:05:05","guid":{"rendered":"https:\/\/csgoradar.com\/codigo-de-promocion-bitstarz\/"},"modified":"2023-10-18T17:04:04","modified_gmt":"2023-10-18T17:04:04","slug":"codigo-de-promocion-bitstarz","status":"publish","type":"page","link":"https:\/\/cs2surge.com\/es\/codigo-de-promocion-bitstarz\/","title":{"rendered":"C\u00f3digo de promoci\u00f3n BitStarz"},"content":{"rendered":"\n<p>Pero lo que es m\u00e1s importante, BitStarz ofrece un bono de bienvenida muy generoso. Puede reclamar hasta 0.0005 Bitcoin m\u00e1s 180 giros gratis. El casino a veces tambi\u00e9n ofrece un bono sin dep\u00f3sito. BitStarz tiene uno de los programas de recompensas VIP y de lealtad m\u00e1s prol\u00edficos de la industria. Esto significa que incluso despu\u00e9s de canjear el bono de bienvenida con el c\u00f3digo de promoci\u00f3n CR100, seguir\u00e1s disfrutando de maravillosos obsequios. Siga leyendo para averiguar qu\u00e9 tipo de beneficios disfrutar\u00e1 aqu\u00ed.<\/p>\n\n\n\n<h2 class=\"wp-block-heading\"><span class=\"ez-toc-section\" id=\"Mas_codigos_BitStarz\"><\/span>M\u00e1s c\u00f3digos BitStarz<span class=\"ez-toc-section-end\"><\/span><\/h2>\n\n\n\n<p>El frenes\u00ed de los c\u00f3digos promocionales siempre se ha asociado con los juegos de azar en l\u00ednea. Por lo general, un c\u00f3digo lo ayuda a desbloquear una bonificaci\u00f3n m\u00e1s importante. Si realiza una b\u00fasqueda simple, encontrar\u00e1 muchos c\u00f3digos promocionales anunciados de manera m\u00e1s atractiva. Sin embargo, para BitStarz, hemos recomendado el c\u00f3digo CR100. Y, como mencionamos, esto te da hasta 0.0005 BTC m\u00e1s 180 giros gratis. Sabemos que los apostadores entusiastas exigir\u00e1n m\u00e1s c\u00f3digos promocionales. Por lo tanto, esta es una lista de algunos c\u00f3digos promocionales seleccionados que consideramos cre\u00edbles.<\/p>\n\n\n\n<ul class=\"wp-block-list\"><li>CR100<\/li><li>Top100lista<\/li><li>ES100<\/li><\/ul>\n\n\n\n<div id=\"ez-toc-container\" class=\"ez-toc-v2_0_82_2 ez-toc-wrap-right counter-hierarchy ez-toc-counter ez-toc-white ez-toc-container-direction\">\n<div class=\"ez-toc-title-container\">\n<p class=\"ez-toc-title\" style=\"cursor:inherit\">Table of Contents<\/p>\n<span class=\"ez-toc-title-toggle\"><\/span><\/div>\n<nav><ul class='ez-toc-list ez-toc-list-level-1 ' ><li class='ez-toc-page-1 ez-toc-heading-level-2'><a class=\"ez-toc-link ez-toc-heading-1\" href=\"https:\/\/cs2surge.com\/es\/codigo-de-promocion-bitstarz\/#Mas_codigos_BitStarz\" >M\u00e1s c\u00f3digos BitStarz<\/a><\/li><li class='ez-toc-page-1 ez-toc-heading-level-2'><a class=\"ez-toc-link ez-toc-heading-2\" href=\"https:\/\/cs2surge.com\/es\/codigo-de-promocion-bitstarz\/#Codigo_de_Promocion_Bitstarz_Grandes_Beneficios\" >C\u00f3digo de Promoci\u00f3n Bitstarz: Grandes Beneficios<\/a><\/li><li class='ez-toc-page-1 ez-toc-heading-level-2'><a class=\"ez-toc-link ez-toc-heading-3\" href=\"https:\/\/cs2surge.com\/es\/codigo-de-promocion-bitstarz\/#Promocion_VIP_y_recompensas_de_monedas_de_jugador\" >Promoci\u00f3n VIP y recompensas de monedas de jugador<\/a><\/li><li class='ez-toc-page-1 ez-toc-heading-level-2'><a class=\"ez-toc-link ez-toc-heading-4\" href=\"https:\/\/cs2surge.com\/es\/codigo-de-promocion-bitstarz\/#%C2%BFQue_tan_legitimos_son_los_codigos_promocionales_de_BitStarz\" >\u00bfQu\u00e9 tan leg\u00edtimos son los c\u00f3digos promocionales de BitStarz?<\/a><\/li><li class='ez-toc-page-1 ez-toc-heading-level-2'><a class=\"ez-toc-link ez-toc-heading-5\" href=\"https:\/\/cs2surge.com\/es\/codigo-de-promocion-bitstarz\/#Ingresando_el_codigo_BitStarz\" >Ingresando el c\u00f3digo BitStarz<\/a><\/li><li class='ez-toc-page-1 ez-toc-heading-level-2'><a class=\"ez-toc-link ez-toc-heading-6\" href=\"https:\/\/cs2surge.com\/es\/codigo-de-promocion-bitstarz\/#Resumen_de_codigo_gratuito_de_BitStarz\" >Resumen de c\u00f3digo gratuito de BitStarz<\/a><\/li><li class='ez-toc-page-1 ez-toc-heading-level-2'><a class=\"ez-toc-link ez-toc-heading-7\" href=\"https:\/\/cs2surge.com\/es\/codigo-de-promocion-bitstarz\/#Preguntas_frecuentes_sobre_los_codigos_de_BitStarz\" >Preguntas frecuentes sobre los c\u00f3digos de BitStarz<\/a><\/li><\/ul><\/nav><\/div>\n\n\n\n\n<h2 class=\"wp-block-heading\"><span class=\"ez-toc-section\" id=\"Codigo_de_Promocion_Bitstarz_Grandes_Beneficios\"><\/span>C\u00f3digo de Promoci\u00f3n Bitstarz: Grandes Beneficios<span class=\"ez-toc-section-end\"><\/span><\/h2>\n\n\n\n<p>BitStarz es un importante destino de juegos en l\u00ednea por muchas razones. Pero la principal raz\u00f3n de su fama son las frecuentes promociones y premios especiales. Como cliente habitual, siempre encontrar\u00e1 una raz\u00f3n para sonre\u00edr mientras el sitio del casino contin\u00faa ofreci\u00e9ndole excelentes ofertas.<\/p>\n\n\n\n<p>Los lunes, el equipo de BitStarz ofrece una bonificaci\u00f3n fant\u00e1stica solo para poner una sonrisa en su rostro y ayudarlo a comenzar la semana con una nota excelente. Obtendr\u00e1 un aumento del 50% en su primer dep\u00f3sito del d\u00eda. Esta cantidad de bonificaci\u00f3n tiene un tope de $ 300.<\/p>\n\n\n\n<p>Justo en medio de su agitada semana, BitStarz traer\u00e1 la alegr\u00eda una vez m\u00e1s. Otra buena promoci\u00f3n son los giros gratis de los mi\u00e9rcoles. Aqu\u00ed, puede reclamar 20 giros gratis cuando deposita $ 30, 80 giros gratis cuando deposita $ 80 y 200 giros gratis cuando deposita $ 160. Grandes ofertas de un sitio web fabuloso.<\/p>\n\n\n\n<h2 class=\"wp-block-heading\"><span class=\"ez-toc-section\" id=\"Promocion_VIP_y_recompensas_de_monedas_de_jugador\"><\/span>Promoci\u00f3n VIP y recompensas de monedas de jugador<span class=\"ez-toc-section-end\"><\/span><\/h2>\n\n\n\n<p>Adem\u00e1s de algunos bonos de dep\u00f3sito excelentes, BitStarz recompensa a los jugadores leales por todas sus actividades. Con Level Up Adventure, el casino te recompensa por cada juego que juegas. Esto significa que cuanto m\u00e1s juegues o participes en los torneos, m\u00e1s r\u00e1pido ganar\u00e1s puntos. A medida que ganes puntos, seguir\u00e1s gradu\u00e1ndote a un nuevo nivel.<\/p>\n\n\n\n<p>Ahora, para aquellos con mucho dinero, prueben el club VIP. En primer lugar, BitStarz tiene un paquete de bienvenida exclusivo para VIP. Despu\u00e9s de hacer un dep\u00f3sito de $2500, puede disfrutar de un bono del 125%. Luego, el casino lo invitar\u00e1 a unirse al Club VIP, donde obtendr\u00e1 su propio administrador de cuenta, que siempre se asegura de que se sienta c\u00f3modo. Tambi\u00e9n obtendr\u00e1 acceso ilimitado a promociones exclusivas.<\/p>\n\n\n\n<h2 class=\"wp-block-heading\"><span class=\"ez-toc-section\" id=\"%C2%BFQue_tan_legitimos_son_los_codigos_promocionales_de_BitStarz\"><\/span>\u00bfQu\u00e9 tan leg\u00edtimos son los c\u00f3digos promocionales de BitStarz?<span class=\"ez-toc-section-end\"><\/span><\/h2>\n\n\n\n<p>Es comprensible que algunos jugadores duden de que BitStarz se haga cargo de sus c\u00f3digos promocionales. Sin embargo, este sitio web tiene una excelente reputaci\u00f3n en todo momento. Despu\u00e9s de una investigaci\u00f3n exhaustiva, descubrimos que este operador ha recibido cr\u00edticas en su mayor\u00eda positivas de los foros de usuarios. Los pocos comentarios negativos no fueron lo suficientemente significativos como para cambiar nuestras percepciones.<\/p>\n\n\n\n<p>BitStarz es un casino que opera a un nivel muy profesional. Ha implementado algunas caracter\u00edsticas de seguridad que lo convierten en un sitio cre\u00edble. La plataforma con licencia de Curacao es auditada por terceros para demostrar que todos sus juegos son justos. Por lo tanto, este es un sitio en el que puede confiar, y estos c\u00f3digos de promoci\u00f3n funcionar\u00e1n.<\/p>\n\n\n\n<h2 class=\"wp-block-heading\"><span class=\"ez-toc-section\" id=\"Ingresando_el_codigo_BitStarz\"><\/span>Ingresando el c\u00f3digo BitStarz<span class=\"ez-toc-section-end\"><\/span><\/h2>\n\n\n\n<p>Ahora que tienes el c\u00f3digo, \u00bfc\u00f3mo obtienes el bono? Sencillo. Simplemente reg\u00edstrese para obtener una nueva cuenta con BitStarz. Despu\u00e9s de crear una cuenta en el casino, ahora debe hacer su primer dep\u00f3sito. Este es un m\u00ednimo de 0.00008 BTC, pero el sitio igualar\u00e1 su dep\u00f3sito hasta 0.0005 BTC.<\/p>\n\n\n\n<p>El siguiente paso es ir a la p\u00e1gina de promociones y buscar la oferta de bienvenida de su elecci\u00f3n. Deber\u00e1 ingresar el c\u00f3digo de promoci\u00f3n correctamente y enviarlo. Entonces BitStarz te enviar\u00e1 una confirmaci\u00f3n. Su saldo de bonificaci\u00f3n aparecer\u00e1 inmediatamente en su perfil y estar\u00e1 listo para comenzar a jugar.<\/p>\n\n\n\n<h2 class=\"wp-block-heading\"><span class=\"ez-toc-section\" id=\"Resumen_de_codigo_gratuito_de_BitStarz\"><\/span>Resumen de c\u00f3digo gratuito de BitStarz<span class=\"ez-toc-section-end\"><\/span><\/h2>\n\n\n\n<p>BitStarz es un sitio de casino orientado a bitcoin, lo que significa que las transacciones son r\u00e1pidas y confiables. El casino tambi\u00e9n tiene la mejor calificaci\u00f3n por ofrecer bonos generosos para jugadores nuevos y regulares. Hay un mont\u00f3n de c\u00f3digos promocionales disponibles en Internet para las ofertas de este sitio, pero hemos creado una lista con los mejores c\u00f3digos, incluidos CR100, ES100 y Top100list.<\/p>\n\n\n\n<h2 class=\"wp-block-heading\"><span class=\"ez-toc-section\" id=\"Preguntas_frecuentes_sobre_los_codigos_de_BitStarz\"><\/span>Preguntas frecuentes sobre los c\u00f3digos de BitStarz<span class=\"ez-toc-section-end\"><\/span><\/h2>\n\n\n\n<p><strong><em>\u00bfQu\u00e9 es el bono de bienvenida de BitStarz?<\/em><\/strong><\/p>\n\n\n\n<p>El sitio del casino Bitcoin ofrece un atractivo bono de dep\u00f3sito del 100 % hasta 0,0005 BTC por un dep\u00f3sito m\u00ednimo de solo 0,00008 BTC. Puede usar el c\u00f3digo de promoci\u00f3n CR100 y obtener 180 giros gratis tambi\u00e9n. Esta oferta solo est\u00e1 disponible para quienes depositan por primera vez.<\/p>\n\n\n\n<p><strong><em>\u00bfC\u00f3mo ingreso el c\u00f3digo de promoci\u00f3n para el bono de bienvenida de BitStarz?<\/em><\/strong><\/p>\n\n\n\n<p>Para ingresar el c\u00f3digo de promoci\u00f3n y reclamar su oferta de bienvenida, primero debe crear una cuenta con BitStarz y luego hacer su bono de primer dep\u00f3sito. Visite la p\u00e1gina de promociones y seleccione el bono de bienvenida. Ingrese el c\u00f3digo correctamente en el campo proporcionado y seleccione \u00abReclamar\u00bb.<\/p>\n\n\n\n<p><strong><em>\u00bfQu\u00e9 opciones de pago puedo usar en BitStarz?<\/em><\/strong><\/p>\n\n\n\n<p>Este es un <a href=\"https:\/\/cs2surge.com\/crypto-gambling-sites\/\" data-type=\"page\" data-id=\"2406\">sitio web de apuestas criptogr\u00e1ficas<\/a> , y Bitcoin es la opci\u00f3n de pago principal. Sin embargo, el casino tambi\u00e9n acepta m\u00faltiples monedas como USD, AUD, EUR y m\u00e1s. Los jugadores tambi\u00e9n pueden usar otras opciones de criptomonedas como Ethereum y Dogecoin.<\/p>\n","protected":false},"excerpt":{"rendered":"<p>Pero lo que es m\u00e1s importante, BitStarz ofrece un bono de bienvenida muy generoso. Puede reclamar hasta 0.0005 Bitcoin m\u00e1s 180 giros gratis. El casino a veces tambi\u00e9n ofrece un bono sin dep\u00f3sito. BitStarz tiene uno de los programas de recompensas VIP y de lealtad m\u00e1s prol\u00edficos de la industria. Esto significa que incluso despu\u00e9s &#8230; <a title=\"C\u00f3digo de promoci\u00f3n BitStarz\" class=\"read-more\" href=\"https:\/\/cs2surge.com\/es\/codigo-de-promocion-bitstarz\/\" aria-label=\"Leer m\u00e1s sobre C\u00f3digo de promoci\u00f3n BitStarz\">Leer m\u00e1s<\/a><\/p>\n","protected":false},"author":36,"featured_media":6228,"parent":0,"menu_order":0,"comment_status":"closed","ping_status":"closed","template":"","meta":{"inline_featured_image":false,"two_page_speed":[],"footnotes":""},"categories":[57],"tags":[],"class_list":{"0":"post-7079","1":"page","2":"type-page","3":"status-publish","4":"has-post-thumbnail","6":"category-codigos-csgo-es"},"acf":[],"_links":{"self":[{"href":"https:\/\/cs2surge.com\/es\/wp-json\/wp\/v2\/pages\/7079","targetHints":{"allow":["GET"]}}],"collection":[{"href":"https:\/\/cs2surge.com\/es\/wp-json\/wp\/v2\/pages"}],"about":[{"href":"https:\/\/cs2surge.com\/es\/wp-json\/wp\/v2\/types\/page"}],"author":[{"embeddable":true,"href":"https:\/\/cs2surge.com\/es\/wp-json\/wp\/v2\/users\/36"}],"replies":[{"embeddable":true,"href":"https:\/\/cs2surge.com\/es\/wp-json\/wp\/v2\/comments?post=7079"}],"version-history":[{"count":6,"href":"https:\/\/cs2surge.com\/es\/wp-json\/wp\/v2\/pages\/7079\/revisions"}],"predecessor-version":[{"id":24008,"href":"https:\/\/cs2surge.com\/es\/wp-json\/wp\/v2\/pages\/7079\/revisions\/24008"}],"wp:featuredmedia":[{"embeddable":true,"href":"https:\/\/cs2surge.com\/es\/wp-json\/wp\/v2\/media\/6228"}],"wp:attachment":[{"href":"https:\/\/cs2surge.com\/es\/wp-json\/wp\/v2\/media?parent=7079"}],"wp:term":[{"taxonomy":"category","embeddable":true,"href":"https:\/\/cs2surge.com\/es\/wp-json\/wp\/v2\/categories?post=7079"},{"taxonomy":"post_tag","embeddable":true,"href":"https:\/\/cs2surge.com\/es\/wp-json\/wp\/v2\/tags?post=7079"}],"curies":[{"name":"wp","href":"https:\/\/api.w.org\/{rel}","templated":true}]}}