{"id":7109,"date":"2021-06-27T11:35:31","date_gmt":"2021-06-27T11:35:31","guid":{"rendered":"https:\/\/csgoradar.com\/codigo-de-referencia-de-wtfskins\/"},"modified":"2023-10-18T17:14:23","modified_gmt":"2023-10-18T17:14:23","slug":"codigo-de-referencia-de-wtfskins","status":"publish","type":"page","link":"https:\/\/cs2surge.com\/es\/codigo-de-referencia-de-wtfskins\/","title":{"rendered":"C\u00f3digo de referencia de WTFSkins"},"content":{"rendered":"\n<p>Actualmente, WTFSkins tiene una gama de promociones y ofertas para nuevos clientes que pueden usar el <strong>c\u00f3digo de bonificaci\u00f3n \u00abRADAR30\u00bb<\/strong> para obtener acceso completo a una gama de grandes beneficios para nuevos clientes. <\/p>\n\n\n\n<p>Si tiene alg\u00fan problema para reclamar el c\u00f3digo WTFSkins, puede comunicarse f\u00e1cilmente con el chat en vivo, que puede ayudarlo con el c\u00f3digo promocional. <\/p>\n\n\n\n<p>En resumen, dir\u00edamos que si le gusta jugar en estas plataformas de juegos de CSGO o particularmente en <a href=\"https:\/\/cs2surge.com\/best-csgo-slots-sites\/\" data-type=\"page\" data-id=\"286\">los sitios de tragamonedas de CSGO<\/a> , podr\u00eda valer la pena visitar WTFSkins en l\u00ednea y aprovechar el c\u00f3digo de promoci\u00f3n que hemos enumerado, as\u00ed como sus promociones de casos en curso para clientes existentes. Como una de las principales plataformas de juegos de CSGO, esperar\u00edas poder obtener una gran oferta de bienvenida, \u00a1as\u00ed que \u00e9chales un vistazo! <\/p>\n\n\n\n<h2 class=\"wp-block-heading\"><span class=\"ez-toc-section\" id=\"Promociones_continuas_de_casos_gratuitos\"><\/span>Promociones continuas de casos gratuitos<span class=\"ez-toc-section-end\"><\/span><\/h2>\n\n\n\n<p>WTFSkins se volvi\u00f3 incre\u00edblemente popular debido a sus fant\u00e1sticas promociones continuas y ofertas exclusivas para clientes existentes. Algunas promociones en curso, como juegos con premio mayor de m\u00e1s de $\/\u00a35,000 y juegos interactivos de apuestas. <\/p>\n\n\n\n<p>Puede dirigirse f\u00e1cilmente a la p\u00e1gina de Twitter de WTFSkins, que tiene muchas opciones para obsequiar m\u00e1scaras raras y tambi\u00e9n c\u00f3digos para usar en estuches gratuitos o monedas virtuales. <\/p>\n\n\n\n<p>Las promociones diarias, semanales y mensuales de casos gratuitos son comunes en WTFSkins y definitivamente tienen una opci\u00f3n para extender a\u00fan m\u00e1s el uso de c\u00f3digos de referencia. <\/p>\n\n\n\n<h2 class=\"wp-block-heading\"><span class=\"ez-toc-section\" id=\"Codigo_de_Referencia_de_WTFSkins_ES\"><\/span>C\u00f3digo de Referencia de WTFSkins (ES)<span class=\"ez-toc-section-end\"><\/span><\/h2>\n\n\n\n<p>WTFSkins definitivamente reconoce la lealtad y los jugadores dedicados con recompensas y obsequios para sus clientes habituales. Al echar un vistazo a nuestra <a href=\"https:\/\/cs2surge.com\/csgo-raffle-sites\/\" data-type=\"page\" data-id=\"248\">lista de sitios web de sorteos de CSGO<\/a> , encontramos que WTFSkins es el principal proveedor tanto de sorteos gratuitos como de obsequios. Desde fant\u00e1sticos obsequios raros de Red AK47 hasta c\u00f3digos exclusivos para ciertos jugadores leales. <\/p>\n\n\n\n<p>Su secci\u00f3n &#8216;WTF Legends&#8217; premia a los 50 mejores jugadores que han jugado premios diarios, semanales y mensuales de hasta $2,000 y el 1er lugar se lleva un AWP Dragon Lore (FN)<\/p>\n\n\n\n<p>WTFSkins son profundamente conocidos por sus fant\u00e1sticas recompensas y obsequios para los jugadores para ampliar a\u00fan m\u00e1s el juego con juegos como el choque, la ruleta o incluso el premio mayor. <\/p>\n\n\n\n<h2 class=\"wp-block-heading\"><span class=\"ez-toc-section\" id=\"Mas_codigos_de_referencia_de_WTFSkins\"><\/span>M\u00e1s c\u00f3digos de referencia de WTFSkins<span class=\"ez-toc-section-end\"><\/span><\/h2>\n\n\n\n<p>Por el momento, WTFSkins solo incluye un c\u00f3digo de promoci\u00f3n &#8216;oficial&#8217; para nuevos clientes y tambi\u00e9n ofrece incentivos continuos para jugadores leales y dedicados. <\/p>\n\n\n\n<p>Pero, de hecho, si WTFSkins lanza nuevos c\u00f3digos de referencia, los enumeraremos a continuaci\u00f3n:<\/p>\n\n\n\n<ul class=\"wp-block-list\"><li>TOPSGO1<\/li><li>CSGOWTF<\/li><\/ul>\n\n\n\n<p>\u00a1No olvide que los nuevos jugadores pueden usar el <strong>c\u00f3digo de bonificaci\u00f3n \u00abRADAR30\u00bb<\/strong> para recibir hasta 1000 monedas GRATIS! <\/p>\n\n\n\n<h2 class=\"wp-block-heading\"><span class=\"ez-toc-section\" id=\"Ingresar_su_codigo_de_referencia_de_WTFSkins\"><\/span>Ingresar su c\u00f3digo de referencia de WTFSkins<span class=\"ez-toc-section-end\"><\/span><\/h2>\n\n\n\n<p>Al igual que la mayor\u00eda de los sitios de juegos de CSGO, enumeramos, registrarse en WTFSkins y aprovechar el c\u00f3digo de bonificaci\u00f3n que hemos enumerado es una tarea incre\u00edblemente f\u00e1cil de completar. <\/p>\n\n\n\n<p>El proceso de registro es simple y estar\u00e1 listo y funcionando en muy poco tiempo. Todo lo que necesita hacer es hacer clic en la opci\u00f3n &#8216;Iniciar sesi\u00f3n a trav\u00e9s de STEAM&#8217; y podr\u00e1 conectar f\u00e1cilmente su cuenta de Steam. Se deben ingresar varios otros detalles antes de que est\u00e9 en funcionamiento. <\/p>\n\n\n\n<p>\u00a1Puede hacer las cosas a\u00fan m\u00e1s f\u00e1ciles haciendo clic en el enlace de arriba hacia WTFSkins que coloca autom\u00e1ticamente el c\u00f3digo en su cuenta! <\/p>\n\n\n\n<h2 class=\"wp-block-heading\"><span class=\"ez-toc-section\" id=\"Preguntas_frecuentes_sobre_el_codigo_de_referencia_de_WTFSkins\"><\/span>Preguntas frecuentes sobre el c\u00f3digo de referencia de WTFSkins<span class=\"ez-toc-section-end\"><\/span><\/h2>\n\n\n<div id=\"rank-math-faq\" class=\"rank-math-block\">\n<div class=\"rank-math-list \">\n<div id=\"faq-question-1650898211117\" class=\"rank-math-list-item\">\n<h3 class=\"rank-math-question \">\u00bfExiste un c\u00f3digo de referencia de WTFSkins?<\/h3>\n<div class=\"rank-math-answer \">\n\n<p><em>\u00a1S\u00ed! todo lo que necesita hacer es ingresar el c\u00f3digo de promoci\u00f3n &#8216;RADAR30&#8217; en el sitio web de WTFSkins, que se activar\u00e1 una vez que haya registrado su cuenta por primera vez. Puede usar f\u00e1cilmente nuestro enlace en esta p\u00e1gina para asegurarse f\u00e1cilmente de que el c\u00f3digo se ingrese correctamente.<\/em><\/p>\n\n<\/div>\n<\/div>\n<div id=\"faq-question-1650898218152\" class=\"rank-math-list-item\">\n<h3 class=\"rank-math-question \">\u00bfQu\u00e9 es la oferta de bienvenida de WTFSkins?<\/h3>\n<div class=\"rank-math-answer \">\n\n<p>Como dijimos, la oferta de bienvenida actual de WTFSkins le permite obtener hasta $ 1,000 en m\u00e1scaras y puede aprovechar f\u00e1cilmente las promociones en curso una vez que se haya unido y haya comenzado a jugar, y tambi\u00e9n son fant\u00e1sticos obsequios de Twitter.<\/p>\n\n<\/div>\n<\/div>\n<div id=\"faq-question-1650898219081\" class=\"rank-math-list-item\">\n<h3 class=\"rank-math-question \">\u00bfQui\u00e9n puede reclamar el c\u00f3digo de referencia de WTFSkins?<\/h3>\n<div class=\"rank-math-answer \">\n\n<p>Todos los clientes nuevos pueden reclamar el c\u00f3digo de referencia inicial que puede mejorar f\u00e1cilmente su juego en WTFSkins en juegos como la ruleta o incluso el premio mayor, que puede consultar en nuestra <a href=\"https:\/\/cs2surge.com\/best-csgo-jackpot-sites\/\">lista de sitios de premios mayores CSGO recomendados<\/a> , que lo ayudar\u00e1n a comenzar con estos.<\/p>\n\n<\/div>\n<\/div>\n<div id=\"faq-question-1650898219915\" class=\"rank-math-list-item\">\n<h3 class=\"rank-math-question \"><strong>\u00bfQu\u00e9 m\u00e9todos de dep\u00f3sito tiene WTFSkins?<\/strong><\/h3>\n<div class=\"rank-math-answer \">\n\n<p>WTFSkins tiene una cantidad decente de opciones populares para aquellos interesados. Principalmente tienen m\u00e1scaras como m\u00e9todos de pago, lo que no es tan bueno como algunas plataformas como CSGO500, etc.<\/p>\n\n<\/div>\n<\/div>\n<\/div>\n<\/div>\n\n\n<p><\/p>\n","protected":false},"excerpt":{"rendered":"<p>Actualmente, WTFSkins tiene una gama de promociones y ofertas para nuevos clientes que pueden usar el c\u00f3digo de bonificaci\u00f3n \u00abRADAR30\u00bb para obtener acceso completo a una gama de grandes beneficios para nuevos clientes. Si tiene alg\u00fan problema para reclamar el c\u00f3digo WTFSkins, puede comunicarse f\u00e1cilmente con el chat en vivo, que puede ayudarlo con el &#8230; <a title=\"C\u00f3digo de referencia de WTFSkins\" class=\"read-more\" href=\"https:\/\/cs2surge.com\/es\/codigo-de-referencia-de-wtfskins\/\" aria-label=\"Leer m\u00e1s sobre C\u00f3digo de referencia de WTFSkins\">Leer m\u00e1s<\/a><\/p>\n","protected":false},"author":36,"featured_media":4336,"parent":0,"menu_order":0,"comment_status":"closed","ping_status":"closed","template":"","meta":{"inline_featured_image":false,"two_page_speed":[],"footnotes":""},"categories":[57],"tags":[],"class_list":{"0":"post-7109","1":"page","2":"type-page","3":"status-publish","4":"has-post-thumbnail","6":"category-codigos-csgo-es"},"acf":[],"_links":{"self":[{"href":"https:\/\/cs2surge.com\/es\/wp-json\/wp\/v2\/pages\/7109","targetHints":{"allow":["GET"]}}],"collection":[{"href":"https:\/\/cs2surge.com\/es\/wp-json\/wp\/v2\/pages"}],"about":[{"href":"https:\/\/cs2surge.com\/es\/wp-json\/wp\/v2\/types\/page"}],"author":[{"embeddable":true,"href":"https:\/\/cs2surge.com\/es\/wp-json\/wp\/v2\/users\/36"}],"replies":[{"embeddable":true,"href":"https:\/\/cs2surge.com\/es\/wp-json\/wp\/v2\/comments?post=7109"}],"version-history":[{"count":8,"href":"https:\/\/cs2surge.com\/es\/wp-json\/wp\/v2\/pages\/7109\/revisions"}],"predecessor-version":[{"id":24027,"href":"https:\/\/cs2surge.com\/es\/wp-json\/wp\/v2\/pages\/7109\/revisions\/24027"}],"wp:featuredmedia":[{"embeddable":true,"href":"https:\/\/cs2surge.com\/es\/wp-json\/wp\/v2\/media\/4336"}],"wp:attachment":[{"href":"https:\/\/cs2surge.com\/es\/wp-json\/wp\/v2\/media?parent=7109"}],"wp:term":[{"taxonomy":"category","embeddable":true,"href":"https:\/\/cs2surge.com\/es\/wp-json\/wp\/v2\/categories?post=7109"},{"taxonomy":"post_tag","embeddable":true,"href":"https:\/\/cs2surge.com\/es\/wp-json\/wp\/v2\/tags?post=7109"}],"curies":[{"name":"wp","href":"https:\/\/api.w.org\/{rel}","templated":true}]}}