{"id":7121,"date":"2023-05-07T06:12:00","date_gmt":"2023-05-07T06:12:00","guid":{"rendered":"https:\/\/csgoradar.com\/sitios-de-juego-oxidados\/"},"modified":"2022-11-09T12:31:36","modified_gmt":"2022-11-09T12:31:36","slug":"sitios-de-apuestas-de-piel-rust","status":"publish","type":"page","link":"https:\/\/cs2surge.com\/es\/sitios-de-apuestas-de-piel-rust\/","title":{"rendered":"Sitios de juego Rust"},"content":{"rendered":"\n<p>Gracias a esta clasificaci\u00f3n, podr\u00e1s reclamar exclusivas bonificaciones de bienvenida (\u00a1fondos y estuches gratis!), conseguir monedas gratis, jugar a cientos de juegos de azar, obtener recompensas por tu fidelidad y competir con otros jugadores de Rust.<\/p>\n\n\n\n<p><strong>\u00bfA qu\u00e9 esperas?<\/strong>  \u00a1\u00danase a cualquiera de nuestros sitios de juego de piel de Rust recomendados ahora mismo!<\/p>\n\n\n\n<p>Si quiere saber m\u00e1s, adelante. Hemos preparado una gu\u00eda exclusiva para usted. Le mostraremos todo sobre los juegos a los que puede jugar, los bonos que puede reclamar, nuestro proceso de selecci\u00f3n y muchos otros detalles importantes.<\/p>\n\n\n\n<h2 class=\"wp-block-heading\"><span class=\"ez-toc-section\" id=\"%C2%BFComo_revisamos_los_sitios_de_juego_de_Rust_Skin\"><\/span>\u00bfC\u00f3mo revisamos los sitios de juego de Rust Skin?<span class=\"ez-toc-section-end\"><\/span><\/h2>\n\n\n\n<figure class=\"wp-block-image size-large\"><img loading=\"lazy\" decoding=\"async\" width=\"1024\" height=\"330\" src=\"https:\/\/cs2surge.com\/wp-content\/uploads\/2021\/07\/What-is-rust-skin-gambling-1024x330.png\" alt=\"\" class=\"wp-image-1440\" srcset=\"https:\/\/cs2surge.com\/wp-content\/uploads\/2021\/07\/What-is-rust-skin-gambling-1024x330.png 1024w, https:\/\/cs2surge.com\/wp-content\/uploads\/2021\/07\/What-is-rust-skin-gambling-300x97.png 300w, https:\/\/cs2surge.com\/wp-content\/uploads\/2021\/07\/What-is-rust-skin-gambling-768x248.png 768w, https:\/\/cs2surge.com\/wp-content\/uploads\/2021\/07\/What-is-rust-skin-gambling-1536x495.png 1536w, https:\/\/cs2surge.com\/wp-content\/uploads\/2021\/07\/What-is-rust-skin-gambling-2048x660.png 2048w\" sizes=\"auto, (max-width: 1024px) 100vw, 1024px\" \/><\/figure>\n\n\n\n<p>Con la creciente popularidad de los juegos de azar de Rust, es normal encontrar cientos de sitios de juego hoy en d\u00eda. No todas son buenas, y por eso hemos aplicado este proceso de selecci\u00f3n para elegir s\u00f3lo las mejores:<\/p>\n\n\n\n<ol class=\"wp-block-list\"><li><strong>De confianza:<\/strong> El primer paso es comprobar la reputaci\u00f3n en l\u00ednea, el historial, las licencias y las auditor\u00edas del sitio de juego de Rust. Si todo parece limpio, y sobre todo si son Provably Fair, entonces procedemos a analizar las dem\u00e1s \u00e1reas, s\u00f3lo una vez que nos hemos asegurado de que el sitio web es digno de confianza, transparente y honesto<\/li><li><strong>Mercado: <\/strong>La raz\u00f3n principal por la que los jugadores como t\u00fa se unen a los sitios de juego de pieles de Rust es para ganar pieles incre\u00edbles, y por eso nos aseguramos de que los mercados de los sitios web que recomendamos est\u00e9n llenos de pieles valiosas, a un precio justo<\/li><li><strong>Seguridad en l\u00ednea:<\/strong> Nadie quiere perder el pellejo por una filtraci\u00f3n de datos o un intento de hackeo, y por eso nuestros sitios de juego de Rust se toman en serio su seguridad online. Con caracter\u00edsticas como certificados SSL, CDNs, servidores seguros y monitorizados, as\u00ed como un equipo dedicado, puedes apostar tus pieles sin problemas<\/li><li><strong>Juegos:<\/strong> Para disfrutar al m\u00e1ximo de tus sesiones de juego, necesitas muchos juegos de Rust. En nuestros sitios recomendados encontrar\u00e1s una gran variedad de opciones, como tragaperras, blackjack, Rust crash, jackpot, coinflip, p\u00f3ker, y muchas otras, para que tus sesiones de juego sean incre\u00edbles<\/li><li><strong>Bonificaciones:<\/strong> Encontrar\u00e1s una gran variedad de bonos de juego de Rust, como skins y monedas gratis, giros gratis, bonos de emparejamiento y mucho m\u00e1s. Tambi\u00e9n encontrar\u00e1s ofertas para los usuarios existentes, como bonos semanales, y un gran programa V.I.P para ganar skins, monedas e incluso dinero real<\/li><li><strong>Experiencia m\u00f3vil: <\/strong>Un sitio de apuestas de Rust debe ofrecerte una gran aplicaci\u00f3n m\u00f3vil y un sitio web m\u00f3vil, para que puedas jugar en cualquier momento que quieras desde cualquier dispositivo como un smartphone o una tableta. Hemos comprobado las caracter\u00edsticas m\u00f3viles de todos los sitios web de esta clasificaci\u00f3n, para asegurarnos de que s\u00f3lo ofrecen sitios web y aplicaciones m\u00f3viles r\u00e1pidos<\/li><li>Atenci\u00f3n al cliente: Siempre encontrar\u00e1s respuestas y soluciones a tus problemas en nuestros sitios de apuestas de Rust recomendados, porque tienen canales disponibles &#8211; tel\u00e9fono, correo electr\u00f3nico y chat en vivo &#8211; que funcionan 24\/7\/365. Hemos probado cada uno de estos sitios en este departamento, y s\u00f3lo hemos seleccionado los que proporcionaron respuestas r\u00e1pidas y \u00fatiles.<\/li><\/ol>\n\n\n\n<p>Proteja sus preciosas pieles y su dinero. S\u00f3lo reg\u00edstrese en <a href=\"https:\/\/cs2surge.com\/es\/\">sitios de juego de piel<\/a> confiables y transparentes, como los que puede encontrar en este ranking.  <\/p>\n\n\n\n<h2 class=\"wp-block-heading\"><span class=\"ez-toc-section\" id=\"Los_Mejores_Juegos_de_Azar_del_Rust\"><\/span>Los Mejores Juegos de Azar del Rust<span class=\"ez-toc-section-end\"><\/span><\/h2>\n\n\n\n<p>Si eres nuevo en la escena de los juegos de azar de piel de Rust (o en cualquier otra forma de juego o iGaming), entonces s\u00e9 nuestro invitado. Estos son los mejores juegos que puedes jugar:<\/p>\n\n\n\n<ul class=\"wp-block-list\"><li>Ranuras de Rust<\/li><li>Premio gordo de Rust<\/li><li>Rust Blackjack<\/li><li>Ruleta de Rust<\/li><li>P\u00f3ker de Rust<\/li><li>Dados de Rust<\/li><li>Choque de Rust<\/li><li>Moneda de Rust<\/li><\/ul>\n\n\n\n<p>Cada uno de estos juegos tiene toneladas de variaciones, tomemos el p\u00f3ker como ejemplo. Puedes jugar al Texas Hold&#8217;em, Omaha, 7-Card Stud, Caribbean Stud, Horse y muchos otros. Lo mismo ocurre con la ruleta, el blackjack, los dados, las tragaperras, etc.<\/p>\n\n\n\n<p>Nuestra recomendaci\u00f3n es jugar a las tragaperras Rust con un RTP igual o superior al 96%, as\u00ed como a juegos como el Blackjack y el P\u00f3ker, ya que puedes utilizar estrategias que reduzcan el riesgo. Los juegos de alto riesgo y alta recompensa, como Crash y Rust Jackpot, tambi\u00e9n deber\u00edan estar presentes en tus sesiones de juego, pero con apuestas m\u00e1s peque\u00f1as.<\/p>\n\n\n\n<h2 class=\"wp-block-heading\"><span class=\"ez-toc-section\" id=\"Los_Mejores_Bonos_y_Ofertas_de_Estos_Sitios\"><\/span>Los Mejores Bonos y Ofertas de Estos Sitios<span class=\"ez-toc-section-end\"><\/span><\/h2>\n\n\n\n<figure class=\"wp-block-image size-large is-resized\"><img loading=\"lazy\" decoding=\"async\" src=\"https:\/\/cs2surge.com\/wp-content\/uploads\/2022\/10\/rust-gambling-bonuses-1024x538.png\" alt=\"Bonos de los sitios de juego de \u00f3xido\" class=\"wp-image-12586\" width=\"1203\" height=\"632\" srcset=\"https:\/\/cs2surge.com\/wp-content\/uploads\/2022\/10\/rust-gambling-bonuses-1024x538.png 1024w, https:\/\/cs2surge.com\/wp-content\/uploads\/2022\/10\/rust-gambling-bonuses-300x158.png 300w, https:\/\/cs2surge.com\/wp-content\/uploads\/2022\/10\/rust-gambling-bonuses-768x404.png 768w, https:\/\/cs2surge.com\/wp-content\/uploads\/2022\/10\/rust-gambling-bonuses.png 1151w\" sizes=\"auto, (max-width: 1203px) 100vw, 1203px\" \/><\/figure>\n\n\n\n<p>Una de las principales caracter\u00edsticas de cualquier sitio de juego de Rust es un buen bono de bienvenida. Aqu\u00ed te mostraremos todas las ofertas que puedes reclamar en el momento de registrarte y hacer tu primer dep\u00f3sito:<\/p>\n\n\n\n<ul class=\"wp-block-list\"><li><strong>Bono de primer dep\u00f3sito<\/strong>: Este bono multiplicar\u00e1 tu primer dep\u00f3sito, ya sea en forma de skins, monedas, tokens, cripto o dinero real. Usted puede f\u00e1cilmente 2x, 3x, o incluso 5x + su bankroll, para aumentar el tama\u00f1o de sus apuestas, y por lo tanto, recoger m\u00e1s beneficios<\/li><li><strong>Bono de tiradas gratis de Rust:<\/strong> Como has visto, las tragaperras de Rust son uno de los juegos m\u00e1s populares en los sitios de juego de Rust, y por lo tanto, es normal encontrar bonos que te traen tiradas gratis a cambio de tu primer dep\u00f3sito. Si te gustan las tragaperras y tienes ganas de ganar, esta oferta te vendr\u00e1 como anillo al dedo<\/li><li>Bono sin <strong>dep\u00f3sito:<\/strong> Si quiere probar las aguas sin riesgo, entonces un bono sin dep\u00f3sito es exactamente lo que necesita. Conseguir\u00e1s skins o monedas de Rust gratis, que utilizar\u00e1s para jugar a tus juegos favoritos. Puedes acumular ganancias reales, que luego podr\u00e1s cobrar una vez que cumplas con los requisitos de apuesta<\/li><li><strong>Bono<\/strong> de skins <strong>de Rust gratis:<\/strong> Si todo lo que quieres son skins de Rust extra, entonces este bono es la elecci\u00f3n evidente. Nuestros sitios recomendados aportan estas bonificaciones, e incluso de forma continuada gracias a las ofertas para los usuarios existentes.<\/li><\/ul>\n\n\n\n<p>Para activar estas bonificaciones, es necesario utilizar nuestros c\u00f3digos de promoci\u00f3n. Con toneladas de c\u00f3digos promocionales gratuitos disponibles para cada sitio de apuestas de Rust que recomendamos, tienes m\u00e1s que suficiente para conseguir montones de skins, monedas y tokens gratis.<\/p>\n\n\n\n<p>Con tantos incre\u00edbles bonos de Rust esper\u00e1ndote, tiene sentido que te unas a cualquiera de nuestros sitios recomendados hoy, para que puedas reclamar estas ofertas y usarlas para ganar incre\u00edbles pieles de Rust. No esperes m\u00e1s y \u00fanete ahora.<\/p>\n\n\n\n<h2 class=\"wp-block-heading\"><span class=\"ez-toc-section\" id=\"%C2%BFQue_es_el_juego_de_la_piel_de_Rust\"><\/span>\u00bfQu\u00e9 es el juego de la piel de Rust?<span class=\"ez-toc-section-end\"><\/span><\/h2>\n\n\n\n<p>Al igual que en los juegos de piel de CSGO, los juegos de Rust surgieron despu\u00e9s de que los art\u00edculos intercambiables se volvieran cada vez m\u00e1s deseables. Estas pieles se utilizan para una serie de prop\u00f3sitos diferentes, pero principalmente para que los jugadores \u00abmuestren su poder\u00bb debido a la rareza de estas pieles. En 2021, Rust se ha vuelto incre\u00edblemente popular rompiendo los r\u00e9cords del \u00faltimo a\u00f1o, 2020.<\/p>\n\n\n\n<p>Inmediatamente despu\u00e9s de que Rust introdujera skins similares a los de CSGO, surgieron varios sitios de juego de skins de Rust con ofertas fant\u00e1sticas y, obviamente, tiene algunas plataformas diversas que no son de fiar, y es por eso que esta lista es perfecta para ti.<\/p>\n\n\n\n<p>Puedes hacer apuestas en juegos de casino como el Jackpot o el coinflip, ambos vistos en los sitios de juego de CSGO, y cambiar las ganancias por skins.<\/p>\n\n\n\n<h2 class=\"wp-block-heading\"><span class=\"ez-toc-section\" id=\"Preguntas_Frecuentes\"><\/span>Preguntas Frecuentes<span class=\"ez-toc-section-end\"><\/span><\/h2>\n\n\n\n<p>Aunque hemos hecho todo lo posible para cubrir todas las \u00e1reas de los sitios de juego de piel de Rust que importan, hemos creado esta secci\u00f3n para llenar cualquier vac\u00edo. Si necesita m\u00e1s ayuda, no dude en ponerse en contacto con nosotros.<\/p>\n\n\n<div id=\"rank-math-faq\" class=\"rank-math-block\">\n<div class=\"rank-math-list \">\n<div id=\"faq-question-1653978284640\" class=\"rank-math-list-item\">\n<h3 class=\"rank-math-question \">\u00bfQu\u00e9 es un buen sitio de apuestas de Rust?<\/h3>\n<div class=\"rank-math-answer \">\n\n<p>Un buen sitio de juegos de azar Rust debe tener un mont\u00f3n de juegos, buenos bonos, toneladas de pieles en el mercado, Provably Fair, y un excelente servicio de atenci\u00f3n al cliente. Nuestros sitios de juego recomendados de Rust te ofrecen estos beneficios, para que puedas ganar incre\u00edbles skins, obtener dinero real y divertirte mientras juegas a tus juegos favoritos.<\/p>\n\n<\/div>\n<\/div>\n<div id=\"faq-question-1653978289191\" class=\"rank-math-list-item\">\n<h3 class=\"rank-math-question \">\u00bfC\u00f3mo se consiguen skins gratis en los sitios de juego de Rust?<\/h3>\n<div class=\"rank-math-answer \">\n\n<p>Puedes conseguir skins gratis reclamando los bonos sin dep\u00f3sito que te ofrecen nuestros sitios de juego de Rust. Puedes utilizar las pieles gratuitas para jugar a una gran variedad de juegos de azar, de modo que puedes ganar monedas que puedes cambiar por pieles m\u00e1s valiosas.  <\/p>\n\n<\/div>\n<\/div>\n<div id=\"faq-question-1653978290123\" class=\"rank-math-list-item\">\n<h3 class=\"rank-math-question \">\u00bfPuedo ganar dinero real en los sitios web de juegos de azar de piel de Rust?<\/h3>\n<div class=\"rank-math-answer \">\n\n<p>Como las pieles de Rust valen dinero real, puedes cambiarlas por dinero o cripto en cualquier momento. Por lo tanto, puede apostar en nuestros sitios web de juegos de azar de piel de Rust para ganar dinero real. S\u00f3lo recuerda que nunca debes apostar m\u00e1s de lo que puedas permitirte perder.<\/p>\n\n<\/div>\n<\/div>\n<\/div>\n<\/div>","protected":false},"excerpt":{"rendered":"<p>Gracias a esta clasificaci\u00f3n, podr\u00e1s reclamar exclusivas bonificaciones de bienvenida (\u00a1fondos y estuches gratis!), conseguir monedas gratis, jugar a cientos de juegos de azar, obtener recompensas por tu fidelidad y competir con otros jugadores de Rust. \u00bfA qu\u00e9 esperas? \u00a1\u00danase a cualquiera de nuestros sitios de juego de piel de Rust recomendados ahora mismo! Si &#8230; <a title=\"Sitios de juego Rust\" class=\"read-more\" href=\"https:\/\/cs2surge.com\/es\/sitios-de-apuestas-de-piel-rust\/\" aria-label=\"Leer m\u00e1s sobre Sitios de juego Rust\">Leer m\u00e1s<\/a><\/p>\n","protected":false},"author":36,"featured_media":9499,"parent":0,"menu_order":0,"comment_status":"closed","ping_status":"closed","template":"","meta":{"inline_featured_image":false,"two_page_speed":[],"footnotes":""},"categories":[65],"tags":[],"class_list":{"0":"post-7121","1":"page","2":"type-page","3":"status-publish","4":"has-post-thumbnail","6":"category-rust-sitios-de-juego-en-linea"},"acf":[],"_links":{"self":[{"href":"https:\/\/cs2surge.com\/es\/wp-json\/wp\/v2\/pages\/7121","targetHints":{"allow":["GET"]}}],"collection":[{"href":"https:\/\/cs2surge.com\/es\/wp-json\/wp\/v2\/pages"}],"about":[{"href":"https:\/\/cs2surge.com\/es\/wp-json\/wp\/v2\/types\/page"}],"author":[{"embeddable":true,"href":"https:\/\/cs2surge.com\/es\/wp-json\/wp\/v2\/users\/36"}],"replies":[{"embeddable":true,"href":"https:\/\/cs2surge.com\/es\/wp-json\/wp\/v2\/comments?post=7121"}],"version-history":[{"count":28,"href":"https:\/\/cs2surge.com\/es\/wp-json\/wp\/v2\/pages\/7121\/revisions"}],"predecessor-version":[{"id":13723,"href":"https:\/\/cs2surge.com\/es\/wp-json\/wp\/v2\/pages\/7121\/revisions\/13723"}],"wp:featuredmedia":[{"embeddable":true,"href":"https:\/\/cs2surge.com\/es\/wp-json\/wp\/v2\/media\/9499"}],"wp:attachment":[{"href":"https:\/\/cs2surge.com\/es\/wp-json\/wp\/v2\/media?parent=7121"}],"wp:term":[{"taxonomy":"category","embeddable":true,"href":"https:\/\/cs2surge.com\/es\/wp-json\/wp\/v2\/categories?post=7121"},{"taxonomy":"post_tag","embeddable":true,"href":"https:\/\/cs2surge.com\/es\/wp-json\/wp\/v2\/tags?post=7121"}],"curies":[{"name":"wp","href":"https:\/\/api.w.org\/{rel}","templated":true}]}}