{"id":7167,"date":"2023-04-24T06:17:00","date_gmt":"2023-04-24T06:17:00","guid":{"rendered":"https:\/\/csgoradar.com\/codigos-de-referencia-csgo500\/"},"modified":"2023-01-24T13:17:14","modified_gmt":"2023-01-24T13:17:14","slug":"codigos-de-referencia-csgo500","status":"publish","type":"page","link":"https:\/\/cs2surge.com\/es\/codigos-de-referencia-csgo500\/","title":{"rendered":"C\u00f3digos de referencia CSGO500"},"content":{"rendered":"\n<p>Los nuevos clientes pueden encontrar una selecci\u00f3n de c\u00f3digos que actualmente est\u00e1n disponibles para la mayor\u00eda de los pa\u00edses. Por el momento, solo &#8216; <strong>CR30<\/strong> &#8216; funcionar\u00e1 en sus principales juegos de plataforma, como <a href=\"https:\/\/cs2surge.com\/es\/sitios-csgo-coinflip\/\" data-type=\"page\" data-id=\"7243\">CSGO coinflip<\/a> o incluso la ruleta. <\/p>\n\n\n\n<p>Aqu\u00ed hay una lista de art\u00edculos que puede tomar, conservar o vender directamente por monedas virtuales: <\/p>\n\n\n\n<ul class=\"wp-block-list\"><li>P90<\/li><li>AWP con un dise\u00f1o Dragon Lore (Valorado en m\u00e1s de $ 1,400)<\/li><li>Cuchillo para intestinos (Doppler)<\/li><li>Llave de prisma<\/li><\/ul>\n\n\n\n<p>Recuerde, no hay nada que perder con este c\u00f3digo de bonificaci\u00f3n, puede ganar $ 0.1 o incluso $ 2,000 en m\u00e1scaras cosm\u00e9ticas para hacer apuestas o usar una funci\u00f3n de retiro usando uno de nuestros sitios de retiro CSGO recomendados , que son todos confiables. <\/p>\n\n\n\n<h2 class=\"wp-block-heading\"><span class=\"ez-toc-section\" id=\"Promociones_continuas_de_codigos_gratuitos\"><\/span>Promociones continuas de c\u00f3digos gratuitos<span class=\"ez-toc-section-end\"><\/span><\/h2>\n\n\n\n<p>CSGO500 tambi\u00e9n ofrece una variedad de promociones exclusivas para jugadores leales y dedicados. Podr\u00e1 encontrar obsequios frecuentes de ciertas m\u00e1scaras que se pueden usar para hacer apuestas o, alternativamente, transferirlas nuevamente a su billetera Steam. No solo esto, sino que puede dirigirse a la p\u00e1gina de Twitter de CSGO500 para obtener c\u00f3digos de bonificaci\u00f3n para abrir promociones gratuitas. <\/p>\n\n\n\n<p>Los bonos de temporada suelen ser comunes, con bonos de dep\u00f3sito m\u00e1s altos y c\u00f3digos diarios, semanales y mensuales para c\u00f3digos gratuitos de alto nivel en los que puede ganar m\u00e1scaras por valor de miles de d\u00f3lares. <\/p>\n\n\n\n<p>Puede volver a consultar aqu\u00ed en CSGORadar o, alternativamente, en la p\u00e1gina de promociones en el sitio web de CSGO500. <\/p>\n\n\n\n<h2 class=\"wp-block-heading\"><span class=\"ez-toc-section\" id=\"%C2%BFComo_funciona_el_codigo_de_referencia_CSGO500\"><\/span>\u00bfC\u00f3mo funciona el c\u00f3digo de referencia CSGO500?<span class=\"ez-toc-section-end\"><\/span><\/h2>\n\n\n\n<p>La mayor\u00eda de los sitios de juegos de CSGO ofrecer\u00e1n alg\u00fan tipo de c\u00f3digo de referencia, c\u00f3digo de bonificaci\u00f3n u oferta promocional en forma de \u00abcr\u00e9dito\u00bb para realizar apuestas en el sitio. Al registrarse como nuevo cliente, a menudo necesitar\u00e1 hacer un dep\u00f3sito para calificar, sin embargo, los sitios como CSGOLive no requieren esto. <\/p>\n\n\n\n<p>Las promociones gratuitas suelen ser la forma de promoci\u00f3n m\u00e1s popular y se transfieren instant\u00e1neamente a su cuenta en moneda virtual seg\u00fan el valor de la m\u00e1scara que se encuentra en las ofertas gratuitas. <\/p>\n\n\n\n<h2 class=\"wp-block-heading\"><span class=\"ez-toc-section\" id=\"Como_usar_el_codigo_de_referencia_CSGO500\"><\/span>C\u00f3mo usar el c\u00f3digo de referencia CSGO500<span class=\"ez-toc-section-end\"><\/span><\/h2>\n\n\n\n<div class=\"wp-block-image\"><figure class=\"aligncenter size-large is-resized\"><img loading=\"lazy\" decoding=\"async\" src=\"https:\/\/cs2surge.com\/wp-content\/uploads\/2021\/06\/csgo500-referral-codes-and-promos-1024x576.jpeg\" alt=\"\" class=\"wp-image-539\" width=\"1008\" height=\"567\" srcset=\"https:\/\/cs2surge.com\/wp-content\/uploads\/2021\/06\/csgo500-referral-codes-and-promos-1024x576.jpeg 1024w, https:\/\/cs2surge.com\/wp-content\/uploads\/2021\/06\/csgo500-referral-codes-and-promos-300x169.jpeg 300w, https:\/\/cs2surge.com\/wp-content\/uploads\/2021\/06\/csgo500-referral-codes-and-promos-768x432.jpeg 768w, https:\/\/cs2surge.com\/wp-content\/uploads\/2021\/06\/csgo500-referral-codes-and-promos-1200x675.jpeg 1200w, https:\/\/cs2surge.com\/wp-content\/uploads\/2021\/06\/csgo500-referral-codes-and-promos.jpeg 1280w\" sizes=\"auto, (max-width: 1008px) 100vw, 1008px\" \/><\/figure><\/div>\n\n\n\n<p>A continuaci\u00f3n puede encontrar la tarea simple de activar el c\u00f3digo de referencia en CSGO500 y sus c\u00f3digos alternativos. Puedes comprobar si se puede utilizar la promoci\u00f3n CSGO500 <\/p>\n\n\n\n<ul class=\"wp-block-list\"><li>Me dirig\u00ed a CSGO500, inici\u00e9 sesi\u00f3n con nombre de usuario, correo electr\u00f3nico y m\u00e1s detalles y me dirig\u00ed a &#8216;Recompensas&#8217;<\/li><li>Elegimos usar el c\u00f3digo &#8216;CR30&#8217; de la lista anterior, hicimos clic en copiar y luego lo pegamos en la secci\u00f3n de promociones en CSGO500<\/li><li>Y esto resumi\u00f3 el registro total y la activaci\u00f3n del c\u00f3digo de referencia que me permiti\u00f3 f\u00e1cilmente hacer dep\u00f3sitos, apostar y ver partidos en vivo.<\/li><\/ul>\n\n\n\n<p>Si necesita m\u00e1s ayuda con cualquiera de los c\u00f3digos de bonificaci\u00f3n o cualquier forma de registro, puede dirigirse a su ayuda en vivo o comunicarse con su direcci\u00f3n de correo electr\u00f3nico de atenci\u00f3n al cliente. <\/p>\n\n\n\n<h2 class=\"wp-block-heading\"><span class=\"ez-toc-section\" id=\"CSGO500_Promociones\"><\/span>CSGO500 Promociones<span class=\"ez-toc-section-end\"><\/span><\/h2>\n\n\n\n<p>CSGO500 generalmente no ofrece una gran lista de promociones para obtener efectivo gratis, pero la \u00fanica que ofrecen se puede usar varias veces, una vez cada 24 horas para ser exactos. Sin embargo, CSGO500 a menudo se involucra en promociones navide\u00f1as de temporada que hemos cubierto, por ejemplo, su obsequio de $ 100k en Navidad, entre otras promociones. <\/p>\n\n\n\n<p>Cuando CSGO500 tenga varias promociones disponibles, puede volver a consultar aqu\u00ed y lo actualizaremos. <\/p>\n\n\n\n<h2 class=\"wp-block-heading\"><span class=\"ez-toc-section\" id=\"Promociones_para_clientes_existentes_en_CSGO500\"><\/span>Promociones para clientes existentes en CSGO500<span class=\"ez-toc-section-end\"><\/span><\/h2>\n\n\n\n<p>Los clientes existentes tambi\u00e9n pueden beneficiarse del c\u00f3digo de bonificaci\u00f3n mencionado anteriormente y pueden recibir exactamente las mismas recompensas. Aseg\u00farese de consultar CSGO500 regularmente y tambi\u00e9n en nuestra p\u00e1gina para obtener actualizaciones sobre promociones basadas en lealtad. <\/p>\n\n\n\n<h2 class=\"wp-block-heading\"><span class=\"ez-toc-section\" id=\"Alternativas_de_codigo_CSGO500\"><\/span>Alternativas de c\u00f3digo CSGO500<span class=\"ez-toc-section-end\"><\/span><\/h2>\n\n\n\n<p>Con muchos sitios de apuestas CSGO que actualmente ofrecen muchos c\u00f3digos, encontrar\u00e1 varias alternativas para usar en cualquiera de las alternativas a CSGO500 que se enumeran a continuaci\u00f3n. <\/p>\n\n\n\n<p>Tanto la variedad de juegos como la selecci\u00f3n de c\u00f3digos pueden jugar un papel muy importante si le recomendamos un sitio de apuestas CSGO, y hay un par de factores en los que CSGO500 puede mejorar. Recomendamos consultar el c\u00f3digo de FarmSkins y compararlo con CSGOLive, Daddy Skins, SkinHub y tambi\u00e9n los populares DuelBits, que tambi\u00e9n ofrecen muchas funciones de juego de CSGO. <\/p>\n\n\n\n<h2 class=\"wp-block-heading\"><span class=\"ez-toc-section\" id=\"Preguntas_Frecuentes\"><\/span>Preguntas Frecuentes<span class=\"ez-toc-section-end\"><\/span><\/h2>\n\n\n<div id=\"rank-math-faq\" class=\"rank-math-block\">\n<div class=\"rank-math-list \">\n<div id=\"faq-question-1651141458154\" class=\"rank-math-list-item\">\n<h3 class=\"rank-math-question \">\u00bfCu\u00e1l es el c\u00f3digo de referencia para CSGO500?<\/h3>\n<div class=\"rank-math-answer \">\n\n<p>Como uno de los sitios de apuestas CSGO m\u00e1s leg\u00edtimos, puede reclamar f\u00e1cilmente el c\u00f3digo de referencia CSGO500 simplemente copiando y pegando el c\u00f3digo &#8216;CR30&#8217; en el cuadro de c\u00f3digo de bonificaci\u00f3n en CSG0500.com. Esto podr\u00eda obtener muchas m\u00e1scaras gratis.<\/p>\n\n<\/div>\n<\/div>\n<div id=\"faq-question-1651141463461\" class=\"rank-math-list-item\">\n<h3 class=\"rank-math-question \"><em>\u00bfEs leg\u00edtimo el c\u00f3digo de referencia CSGO500?<\/em><\/h3>\n<div class=\"rank-math-answer \">\n\n<p>Las promociones que ofrece CSGO500 son completamente leg\u00edtimas y se pueden usar cada 24 horas y pueden beneficiar f\u00e1cilmente a los jugadores.<\/p>\n\n<\/div>\n<\/div>\n<div id=\"faq-question-1651141464212\" class=\"rank-math-list-item\">\n<h3 class=\"rank-math-question \"><em>\u00bfQu\u00e9 pa\u00edses permite CSGO500<\/em> ?<\/h3>\n<div class=\"rank-math-answer \">\n\n<p>CSGO500 generalmente bloquear\u00e1 a los usuarios que provengan de pa\u00edses como EE. UU., Reino Unido y Canad\u00e1, pero parece que esto se detuvo recientemente.<\/p>\n\n<\/div>\n<\/div>\n<\/div>\n<\/div>","protected":false},"excerpt":{"rendered":"<p>Los nuevos clientes pueden encontrar una selecci\u00f3n de c\u00f3digos que actualmente est\u00e1n disponibles para la mayor\u00eda de los pa\u00edses. Por el momento, solo &#8216; CR30 &#8216; funcionar\u00e1 en sus principales juegos de plataforma, como CSGO coinflip o incluso la ruleta. Aqu\u00ed hay una lista de art\u00edculos que puede tomar, conservar o vender directamente por monedas &#8230; <a title=\"C\u00f3digos de referencia CSGO500\" class=\"read-more\" href=\"https:\/\/cs2surge.com\/es\/codigos-de-referencia-csgo500\/\" aria-label=\"Leer m\u00e1s sobre C\u00f3digos de referencia CSGO500\">Leer m\u00e1s<\/a><\/p>\n","protected":false},"author":36,"featured_media":5098,"parent":0,"menu_order":0,"comment_status":"closed","ping_status":"closed","template":"","meta":{"inline_featured_image":false,"two_page_speed":[],"footnotes":""},"categories":[57],"tags":[],"class_list":{"0":"post-7167","1":"page","2":"type-page","3":"status-publish","4":"has-post-thumbnail","6":"category-codigos-csgo-es"},"acf":[],"_links":{"self":[{"href":"https:\/\/cs2surge.com\/es\/wp-json\/wp\/v2\/pages\/7167","targetHints":{"allow":["GET"]}}],"collection":[{"href":"https:\/\/cs2surge.com\/es\/wp-json\/wp\/v2\/pages"}],"about":[{"href":"https:\/\/cs2surge.com\/es\/wp-json\/wp\/v2\/types\/page"}],"author":[{"embeddable":true,"href":"https:\/\/cs2surge.com\/es\/wp-json\/wp\/v2\/users\/36"}],"replies":[{"embeddable":true,"href":"https:\/\/cs2surge.com\/es\/wp-json\/wp\/v2\/comments?post=7167"}],"version-history":[{"count":11,"href":"https:\/\/cs2surge.com\/es\/wp-json\/wp\/v2\/pages\/7167\/revisions"}],"predecessor-version":[{"id":16816,"href":"https:\/\/cs2surge.com\/es\/wp-json\/wp\/v2\/pages\/7167\/revisions\/16816"}],"wp:featuredmedia":[{"embeddable":true,"href":"https:\/\/cs2surge.com\/es\/wp-json\/wp\/v2\/media\/5098"}],"wp:attachment":[{"href":"https:\/\/cs2surge.com\/es\/wp-json\/wp\/v2\/media?parent=7167"}],"wp:term":[{"taxonomy":"category","embeddable":true,"href":"https:\/\/cs2surge.com\/es\/wp-json\/wp\/v2\/categories?post=7167"},{"taxonomy":"post_tag","embeddable":true,"href":"https:\/\/cs2surge.com\/es\/wp-json\/wp\/v2\/tags?post=7167"}],"curies":[{"name":"wp","href":"https:\/\/api.w.org\/{rel}","templated":true}]}}