{"id":7205,"date":"2023-05-16T08:14:00","date_gmt":"2023-05-16T08:14:00","guid":{"rendered":"https:\/\/csgoradar.com\/codigo-de-referencia-csgofast\/"},"modified":"2023-10-18T17:14:59","modified_gmt":"2023-10-18T17:14:59","slug":"codigo-de-referencia-csgofast","status":"publish","type":"page","link":"https:\/\/cs2surge.com\/es\/codigo-de-referencia-csgofast\/","title":{"rendered":"C\u00f3digo de referencia CSGOFast"},"content":{"rendered":"\n<p>Obviamente, CSGOFast no proporciona solo un c\u00f3digo de promoci\u00f3n, ofrece una lista de c\u00f3digos limitados y de larga duraci\u00f3n para esos clientes nuevos y existentes. El primer c\u00f3digo de referencia le dar\u00e1 acceso instant\u00e1neo a monedas digitales de hasta $ 1,000. <\/p>\n\n\n\n<p>A continuaci\u00f3n puede encontrar una lista de c\u00f3digos enumerados en CSGOFast.com, <\/p>\n\n\n\n<ul class=\"wp-block-list\"><li><strong>CR100<\/strong><\/li><li><strong>CR30<\/strong><\/li><li><strong>RADARBR<\/strong><\/li><\/ul>\n\n\n\n<p>CSGOFast es una de las marcas de juego de CSGO m\u00e1s populares que se fund\u00f3 en 2014 y ha proporcionado c\u00f3digos de referencia y bonificaciones a clientes nuevos y existentes desde su fundaci\u00f3n.<\/p>\n\n\n\n<h2 class=\"wp-block-heading\"><span class=\"ez-toc-section\" id=\"Promociones_continuas_de_casos_gratuitos\"><\/span>Promociones continuas de casos gratuitos<span class=\"ez-toc-section-end\"><\/span><\/h2>\n\n\n\n<p>La mayor\u00eda de las plataformas de juegos de CSGO contar\u00e1n con alg\u00fan nivel de promociones y recompensas continuas para que los jugadores existentes recompensen la lealtad y jueguen en su plataforma. Los jugadores existentes pueden reclamar un bono de dep\u00f3sito del 25% una vez que se haya registrado y tambi\u00e9n casos gratuitos diarios. <\/p>\n\n\n\n<p>Tambi\u00e9n le recomendamos que visite la p\u00e1gina de Twitter de CSGOFast, que anunciar\u00e1 c\u00f3digos gratuitos para los usuarios existentes. Dependiendo del tipo de a\u00f1o y temporada, tambi\u00e9n encontrar\u00e1 a menudo que CSGOFast comparte bonos de bienvenida y bonos de lealtad adicionales. <\/p>\n\n\n\n<p>Se pueden encontrar impulsos diarios, semanales y mensuales en la p\u00e1gina de Twitter y tambi\u00e9n aqu\u00ed en nuestra p\u00e1gina que CSGOFast anuncia a menudo. <\/p>\n\n\n\n<h2 class=\"wp-block-heading\"><span class=\"ez-toc-section\" id=\"Codigo_de_Referencia_CSGOFast_ES\"><\/span>C\u00f3digo de Referencia CSGOFast (ES)<span class=\"ez-toc-section-end\"><\/span><\/h2>\n\n\n\n<p>El c\u00f3digo de referencia del casino CSGOFast es exactamente el mismo que el c\u00f3digo de referencia normal. El c\u00f3digo de casino de CSGOFast es actualmente &#8216;CR100&#8217; y se puede usar en todos los juegos enumerados en CSGOFast.<\/p>\n\n\n\n<p>You can use this code across their entire website, As CSGOFast is one of the most popular on our <a href=\"https:\/\/cs2surge.com\/csgo-slots-sites\/\" data-type=\"page\">CSGO slot sites<\/a>, from CSGO slot machines and even very popular games such as CSGO roulette which can give you a big advantage when playing any of these and also learn the way the platform works without spending real money. <\/p>\n\n\n\n<h2 class=\"wp-block-heading\"><span class=\"ez-toc-section\" id=\"Activating_The_CSGOFast_Promo_Code\"><\/span>Activating The CSGOFast Promo Code<span class=\"ez-toc-section-end\"><\/span><\/h2>\n\n\n\n<figure class=\"wp-block-image size-large\"><img loading=\"lazy\" decoding=\"async\" width=\"1024\" height=\"714\" src=\"https:\/\/cs2surge.com\/wp-content\/uploads\/2022\/11\/csgofast-enter-promo-code-1024x714.png\" alt=\"\" class=\"wp-image-13753\" srcset=\"https:\/\/cs2surge.com\/wp-content\/uploads\/2022\/11\/csgofast-enter-promo-code-1024x714.png 1024w, https:\/\/cs2surge.com\/wp-content\/uploads\/2022\/11\/csgofast-enter-promo-code-300x209.png 300w, https:\/\/cs2surge.com\/wp-content\/uploads\/2022\/11\/csgofast-enter-promo-code-768x536.png 768w, https:\/\/cs2surge.com\/wp-content\/uploads\/2022\/11\/csgofast-enter-promo-code.png 1353w\" sizes=\"auto, (max-width: 1024px) 100vw, 1024px\" \/><\/figure>\n\n\n\n<p>Reclamar cualquier c\u00f3digo de bonificaci\u00f3n en CSGOFast o en cualquier otra plataforma es incre\u00edblemente simple. Simplemente dir\u00edjase a CSGOFast.com, reg\u00edstrese y complete los detalles como nombre de usuario, cuenta de Steam, contrase\u00f1a y otros, haga clic en la pesta\u00f1a &#8216;Casos gratuitos&#8217; e ingrese el c\u00f3digo CR100 u otros enumerados y haga clic en girar, la rueda seleccionar\u00e1 cualquier m\u00e1scara valor de hasta $ 1,000 totalmente gratis. <\/p>\n\n\n\n<p>As with all <a href=\"https:\/\/cs2surge.com\/\" data-type=\"page\" data-id=\"8\">new CSGO gambling sites<\/a> on our list, you&#8217;ll find that claiming each referral code is simple and easy to do and often is recurring so you can claim the code often. <\/p>\n\n\n\n<p>Puede seguir nuestras instrucciones para activar el c\u00f3digo CSGOFast a continuaci\u00f3n: <\/p>\n\n\n\n<ul class=\"wp-block-list\"><li>Reg\u00edstrese con detalles o inicie sesi\u00f3n con su cuenta de Steam<\/li><li>Dir\u00edgete a la secci\u00f3n &#8216;Monedas gratis&#8217;.<\/li><li>Ingrese uno de los c\u00f3digos de bonificaci\u00f3n enumerados anteriormente<\/li><li>Reclamar recompensa de bonificaci\u00f3n<\/li><\/ul>\n\n\n\n<h2 class=\"wp-block-heading\"><span class=\"ez-toc-section\" id=\"Final_Thoughts\"><\/span>Final Thoughts<span class=\"ez-toc-section-end\"><\/span><\/h2>\n\n\n\n<p>Como hemos profundizado completamente para mostrarle todo sobre el c\u00f3digo de referencia CSGOFast, ahora sabr\u00e1 todas las opciones y cosas que debe saber sobre el c\u00f3digo CSGOFast y nos ha impresionado lo fant\u00e1sticos que son los c\u00f3digos y las ofertas de CSGOFast y ejecuta completamente una plataforma fant\u00e1stica y confiable para la cual hemos depositado fondos personalmente para probar. <\/p>\n\n\n\n<p>Usted esperar\u00eda algunos de los mejores juegos y software de una plataforma especializada en CSGO, y CSGO R\u00e1pido y completamente hecho con una plataforma perfecta con una fant\u00e1stica atenci\u00f3n al cliente. <\/p>\n\n\n\n<h2 class=\"wp-block-heading\"><span class=\"ez-toc-section\" id=\"Commonly_Asked_Questions\"><\/span>Commonly Asked Questions<span class=\"ez-toc-section-end\"><\/span><\/h2>\n\n\n<div id=\"rank-math-faq\" class=\"rank-math-block\">\n<div class=\"rank-math-list \">\n<div id=\"faq-question-1655657135517\" class=\"rank-math-list-item\">\n<h3 class=\"rank-math-question \"><strong>How often can i use the CSGOFast code?<\/strong><\/h3>\n<div class=\"rank-math-answer \">\n\n<p><em>Like most of the CSGO promo codes we&#8217;ve listed, <\/em>you can easily claim this bonus code once every 24 hours just suggesting how legitimate CSGOFast is.<\/p>\n\n<\/div>\n<\/div>\n<div id=\"faq-question-1655657139968\" class=\"rank-math-list-item\">\n<h3 class=\"rank-math-question \"><strong>Is the CSGOFast Referral Code legit?<\/strong><\/h3>\n<div class=\"rank-math-answer \">\n\n<p><em>Yes, the CSGOFast code is completely safe to use and comes to no terms and conditions, all you need to do is follow our guide to activating the bonus code and you&#8217;ll easily be able to. claim this free case once every 24 hours.<\/em><\/p>\n\n<\/div>\n<\/div>\n<div id=\"faq-question-1655657148602\" class=\"rank-math-list-item\">\n<h3 class=\"rank-math-question \"><strong>Is there a free code for CSGOFast?<\/strong><\/h3>\n<div class=\"rank-math-answer \">\n\n<p>The free code for CSGOFast is currently CR100 and is completely free to use and can also be used every 24 hours for active users, this can aid towards all bets you place.<\/p>\n\n<\/div>\n<\/div>\n<\/div>\n<\/div>","protected":false},"excerpt":{"rendered":"<p>Obviamente, CSGOFast no proporciona solo un c\u00f3digo de promoci\u00f3n, ofrece una lista de c\u00f3digos limitados y de larga duraci\u00f3n para esos clientes nuevos y existentes. El primer c\u00f3digo de referencia le dar\u00e1 acceso instant\u00e1neo a monedas digitales de hasta $ 1,000. A continuaci\u00f3n puede encontrar una lista de c\u00f3digos enumerados en CSGOFast.com, CR100 CR30 RADARBR &#8230; <a title=\"C\u00f3digo de referencia CSGOFast\" class=\"read-more\" href=\"https:\/\/cs2surge.com\/es\/codigo-de-referencia-csgofast\/\" aria-label=\"Leer m\u00e1s sobre C\u00f3digo de referencia CSGOFast\">Leer m\u00e1s<\/a><\/p>\n","protected":false},"author":36,"featured_media":4300,"parent":0,"menu_order":0,"comment_status":"closed","ping_status":"closed","template":"","meta":{"inline_featured_image":false,"two_page_speed":[],"footnotes":""},"categories":[57],"tags":[],"class_list":{"0":"post-7205","1":"page","2":"type-page","3":"status-publish","4":"has-post-thumbnail","6":"category-codigos-csgo-es"},"acf":[],"_links":{"self":[{"href":"https:\/\/cs2surge.com\/es\/wp-json\/wp\/v2\/pages\/7205","targetHints":{"allow":["GET"]}}],"collection":[{"href":"https:\/\/cs2surge.com\/es\/wp-json\/wp\/v2\/pages"}],"about":[{"href":"https:\/\/cs2surge.com\/es\/wp-json\/wp\/v2\/types\/page"}],"author":[{"embeddable":true,"href":"https:\/\/cs2surge.com\/es\/wp-json\/wp\/v2\/users\/36"}],"replies":[{"embeddable":true,"href":"https:\/\/cs2surge.com\/es\/wp-json\/wp\/v2\/comments?post=7205"}],"version-history":[{"count":10,"href":"https:\/\/cs2surge.com\/es\/wp-json\/wp\/v2\/pages\/7205\/revisions"}],"predecessor-version":[{"id":24028,"href":"https:\/\/cs2surge.com\/es\/wp-json\/wp\/v2\/pages\/7205\/revisions\/24028"}],"wp:featuredmedia":[{"embeddable":true,"href":"https:\/\/cs2surge.com\/es\/wp-json\/wp\/v2\/media\/4300"}],"wp:attachment":[{"href":"https:\/\/cs2surge.com\/es\/wp-json\/wp\/v2\/media?parent=7205"}],"wp:term":[{"taxonomy":"category","embeddable":true,"href":"https:\/\/cs2surge.com\/es\/wp-json\/wp\/v2\/categories?post=7205"},{"taxonomy":"post_tag","embeddable":true,"href":"https:\/\/cs2surge.com\/es\/wp-json\/wp\/v2\/tags?post=7205"}],"curies":[{"name":"wp","href":"https:\/\/api.w.org\/{rel}","templated":true}]}}