{"id":7243,"date":"2023-05-23T06:53:00","date_gmt":"2023-05-23T06:53:00","guid":{"rendered":"https:\/\/csgoradar.com\/lista-de-sitios-csgo-coinflip\/"},"modified":"2022-11-02T19:20:29","modified_gmt":"2022-11-02T19:20:29","slug":"sitios-csgo-coinflip","status":"publish","type":"page","link":"https:\/\/cs2surge.com\/es\/sitios-csgo-coinflip\/","title":{"rendered":"Sitios CSGO Coinflip"},"content":{"rendered":"\n<p>Esta lista tambi\u00e9n le proporciona varios juegos, como la ruleta o los que figuran en nuestra p\u00e1gina en <a href=\"https:\/\/cs2surge.com\/es\/mejores-paginas-de-crash-cs-go\/\" data-type=\"page\" data-id=\"263\">los sitios web de apuestas de choque de CSGO<\/a> , para que siempre pueda tomar un descanso y disfrutar de juegos alternativos. <\/p>\n\n\n\n<h2 class=\"wp-block-heading\"><span class=\"ez-toc-section\" id=\"Como_revisamos_los_mejores_sitios_CSGO_Coinflip\"><\/span>C\u00f3mo revisamos los mejores sitios CSGO Coinflip<span class=\"ez-toc-section-end\"><\/span><\/h2>\n\n\n\n<p>Es posible que se haya preguntado c\u00f3mo hemos concluido nuestra lista de los mejores sitios de juegos de monedas de CSGO. Estos son nuestros criterios de revisi\u00f3n.<\/p>\n\n\n\n<ul class=\"wp-block-list\"><li><strong>Ofertas de bonificaci\u00f3n<\/strong> : las bonificaciones son un factor esencial en nuestra lista y le permiten probar los sitios usted mismo. Otro beneficio de un c\u00f3digo de bonificaci\u00f3n es que puede usar f\u00e1cilmente esa bonificaci\u00f3n para ganar dinero real. Es espor\u00e1dico que una plataforma de juego CSGO tenga alguna tracci\u00f3n si no ofrece un bono.<\/li><li><strong>Opciones bancarias<\/strong> : al final del d\u00eda, queremos alg\u00fan tipo de moneda de estas plataformas, ya sean m\u00e1scaras CSGO o dinero FIAT real de monedas. Estos sitios de coinflips enumerados tendr\u00e1n tiempos de pago r\u00e1pidos, ya sea que est\u00e9 utilizando pagos de Bitcoin o billeteras electr\u00f3nicas.<\/li><li><strong>Apuestas seguras, confiables y justas<\/strong> : es relativamente est\u00e1ndar que cualquier sitio de juegos de CSGO deba instalar medidas para evitar el secuestro o el juego inseguro. Las apuestas justas tambi\u00e9n se incluyen en esto para bonos y m\u00e1s.<\/li><li><strong>Grandes bases de jugadores<\/strong> : una gran base de jugadores garantizar\u00e1 que la plataforma se mantenga en el punto. Si hay muchos jugadores jugando constantemente, sabr\u00e1 si hay alg\u00fan problema, por lo que una gran base de jugadores es un factor esencial en nuestro criterio.<\/li><li><strong>Variedad de juegos<\/strong> : Coinflip se ha vuelto incre\u00edblemente popular desde su innovaci\u00f3n en las apuestas de deportes electr\u00f3nicos. Sin embargo, hay muchos otros juegos populares de estilo casino para las apuestas CSGO, y tener tal variedad es un gran beneficio si alguna vez te aburres del lanzamiento de monedas.<\/li><\/ul>\n\n\n\n<h2 class=\"wp-block-heading\"><span class=\"ez-toc-section\" id=\"%C2%BFComo_funciona_CSGO_Coinflip\"><\/span>\u00bfC\u00f3mo funciona CSGO Coinflip?<span class=\"ez-toc-section-end\"><\/span><\/h2>\n\n\n\n<figure class=\"wp-block-image size-large is-resized\"><img decoding=\"async\" src=\"https:\/\/cs2surge.com\/wp-content\/uploads\/2022\/01\/top-csgo-coinflip-websites-list-1024x389.png\" alt=\"Lanzamiento de moneda CSGO\n\" class=\"wp-image-3499\" width=\"1124\" srcset=\"https:\/\/cs2surge.com\/wp-content\/uploads\/2022\/01\/top-csgo-coinflip-websites-list-1024x389.png 1024w, https:\/\/cs2surge.com\/wp-content\/uploads\/2022\/01\/top-csgo-coinflip-websites-list-300x114.png 300w, https:\/\/cs2surge.com\/wp-content\/uploads\/2022\/01\/top-csgo-coinflip-websites-list-768x292.png 768w, https:\/\/cs2surge.com\/wp-content\/uploads\/2022\/01\/top-csgo-coinflip-websites-list-1536x584.png 1536w, https:\/\/cs2surge.com\/wp-content\/uploads\/2022\/01\/top-csgo-coinflip-websites-list-2048x778.png 2048w\" sizes=\"(max-width: 1024px) 100vw, 1024px\" \/><\/figure>\n\n\n\n<p>Como se mencion\u00f3, CSGO coinflip proviene de las apuestas de deportes electr\u00f3nicos y es un juego sencillo que consta de dos equipos: terroristas y antiterroristas. Cada equipo hace una apuesta en un lado de la moneda. Al igual que con cualquier otro tipo de juego CSGO, deposita m\u00e1scaras o moneda normal y realiza una apuesta en cualquier lado de la moneda; como saben, esa es una probabilidad del 50\/50.<\/p>\n\n\n\n<p>Sin embargo, cuanto mayor sea el valor de las m\u00e1scaras o la moneda, mayor ser\u00e1 la probabilidad de que gane esa cara de la moneda, por lo que, t\u00e9cnicamente, no es una probabilidad del 50\/50.<\/p>\n\n\n\n<p>Puede depositar tan solo $ 1 en la mayor\u00eda de los sitios de lanzamiento de monedas CSGO que hemos enumerado y recibir hasta $ 20,000 en m\u00e1scaras CSGO de las ganancias.<\/p>\n\n\n\n<h2 class=\"wp-block-heading\"><span class=\"ez-toc-section\" id=\"CSGO_Coinflip_Consejos_para_principiantes\"><\/span>CSGO Coinflip Consejos para principiantes<span class=\"ez-toc-section-end\"><\/span><\/h2>\n\n\n\n<p>El popular juego de casino Coinflip es tan simple como parece, sin embargo, sigue siendo un juego en el que puedes equivocarte. Si es un novato en el juego de monedas y en el juego CSGO, tenga en cuenta estos consejos cuando juegue y encuentre el lugar perfecto para apostar: <\/p>\n\n\n\n<ul class=\"wp-block-list\"><li><strong>Sitios de juego de piel CSGO confiables: seleccione sitios<\/strong> con licencia, aseg\u00farese de que probablemente tengan un c\u00f3digo de casino justo y comentarios positivos en l\u00ednea.<\/li><li><strong>Aprenda el juego y las reglas:<\/strong> aseg\u00farese de aprender a lanzar monedas, aunque sea un comienzo muy b\u00e1sico con apuestas m\u00e1s peque\u00f1as.<\/li><li><strong>Seleccione l\u00edmites de fondos:<\/strong> evite perder m\u00e1s dinero del que puede pagar, no persiga p\u00e9rdidas y rel\u00e1jese si est\u00e1 en una racha perdedora, recuerde divertirse.<\/li><li><strong>Juega y divi\u00e9rtete<\/strong> : al final del d\u00eda, se trata de divertirse. Aseg\u00farese de divertirse y participar en los chats de la comunidad en estos sitios recomendados.<\/li><\/ul>\n\n\n\n<h2 class=\"wp-block-heading\"><span class=\"ez-toc-section\" id=\"Jugar_Coinflip_en_estos_sitios_enumerados\"><\/span>Jugar Coinflip en estos sitios enumerados<span class=\"ez-toc-section-end\"><\/span><\/h2>\n\n\n\n<p>En primer lugar, deber\u00e1 seleccionar uno de los muchos sitios de juego CSGO confiables y recomendados disponibles en nuestra lista. Los jugadores pueden depositar efectivo o depositar m\u00e1scaras CSGO\/VGO en sitios web como CSGOEmpire y competir con otros jugadores reales.<\/p>\n\n\n\n<p>Una vez que se haya registrado y reclamado un bono de uno de los sitios de lanzamiento de monedas de CSGO, deber\u00e1 navegar a la secci\u00f3n de lanzamiento de monedas para competir contra jugadores reales que hicieron ofertas para lanzar monedas. Una vez que se lanza una moneda, hay un 50% de probabilidad de que ganes el lanzamiento de la moneda.<\/p>\n\n\n\n<p>Al igual que los sitios de jackpot de CSGO, a los jugadores les encanta este modo de juego debido al bajo riesgo, raz\u00f3n por la cual es un modo de juego f\u00e1cilmente rentable.<\/p>\n\n\n\n<h2 class=\"wp-block-heading\"><span class=\"ez-toc-section\" id=\"Nuestros_pensamientos\"><\/span>Nuestros pensamientos<span class=\"ez-toc-section-end\"><\/span><\/h2>\n\n\n\n<p>Constantemente revisamos los \u00faltimos sitios de juegos de CSGO, y si incluyen juegos de monedas o cualquier juego de casino, los calificamos para nuestras \u00abmejores\u00bb p\u00e1ginas espec\u00edficas. Nuestro proceso de revisi\u00f3n es estricto y nos aseguramos de que no quede piedra sin remover.<\/p>\n\n\n\n<p>Jugar en cualquiera de estos sitios de lanzamiento de monedas deber\u00eda ser divertido. Ya sea que haga una apuesta o retire los fondos que acaba de ganar, todo deber\u00eda ser una experiencia agradable.<\/p>\n\n\n\n<h2 class=\"wp-block-heading\"><span class=\"ez-toc-section\" id=\"Preguntas_frecuentes\"><\/span>Preguntas frecuentes<span class=\"ez-toc-section-end\"><\/span><\/h2>\n\n\n<div id=\"rank-math-faq\" class=\"rank-math-block\">\n<div class=\"rank-math-list \">\n<div id=\"faq-question-1650806269251\" class=\"rank-math-list-item\">\n<h3 class=\"rank-math-question \">\u00bfCu\u00e1les son los mejores sitios de casino con monedas CSGO?<\/h3>\n<div class=\"rank-math-answer \">\n\n<p>Puede obtener una gran cantidad de monedas de CSGO en muchos sitios populares de casino de CSGO, incluidos CSGOEmpire, CSGO500 y CSGORoll.<\/p>\n\n<\/div>\n<\/div>\n<div id=\"faq-question-1650806309713\" class=\"rank-math-list-item\">\n<h3 class=\"rank-math-question \">\u00bfLos sitios de coinflip de CSGO aceptan criptomonedas?<\/h3>\n<div class=\"rank-math-answer \">\n\n<p>Puedes jugar con Bitcoin, Ethereum, Ripple, Dogecoin y Tether. Con una pl\u00e9tora de criptomonedas con las que puede jugar, hay diversi\u00f3n sin fin con muchas opciones.<\/p>\n\n<\/div>\n<\/div>\n<div id=\"faq-question-1650806372613\" class=\"rank-math-list-item\">\n<h3 class=\"rank-math-question \">\u00bfC\u00f3mo juego al lanzamiento de monedas de CSGO?<\/h3>\n<div class=\"rank-math-answer \">\n\n<p>Coinflip es quiz\u00e1s uno de los juegos de casino criptogr\u00e1ficos m\u00e1s simples. \u00a1Es tan simple como dirigirse a la secci\u00f3n de lanzamiento de monedas, encontrar un oponente contra el que jugar, depositar sus monedas y dejar que la moneda animada se lance! <\/p>\n\n<\/div>\n<\/div>\n<\/div>\n<\/div>","protected":false},"excerpt":{"rendered":"<p>Esta lista tambi\u00e9n le proporciona varios juegos, como la ruleta o los que figuran en nuestra p\u00e1gina en los sitios web de apuestas de choque de CSGO , para que siempre pueda tomar un descanso y disfrutar de juegos alternativos. C\u00f3mo revisamos los mejores sitios CSGO Coinflip Es posible que se haya preguntado c\u00f3mo hemos &#8230; <a title=\"Sitios CSGO Coinflip\" class=\"read-more\" href=\"https:\/\/cs2surge.com\/es\/sitios-csgo-coinflip\/\" aria-label=\"Leer m\u00e1s sobre Sitios CSGO Coinflip\">Leer m\u00e1s<\/a><\/p>\n","protected":false},"author":36,"featured_media":13068,"parent":0,"menu_order":0,"comment_status":"closed","ping_status":"closed","template":"","meta":{"inline_featured_image":false,"two_page_speed":[],"footnotes":""},"categories":[14],"tags":[],"class_list":{"0":"post-7243","1":"page","2":"type-page","3":"status-publish","4":"has-post-thumbnail","6":"category-sin-categorizar"},"acf":[],"_links":{"self":[{"href":"https:\/\/cs2surge.com\/es\/wp-json\/wp\/v2\/pages\/7243","targetHints":{"allow":["GET"]}}],"collection":[{"href":"https:\/\/cs2surge.com\/es\/wp-json\/wp\/v2\/pages"}],"about":[{"href":"https:\/\/cs2surge.com\/es\/wp-json\/wp\/v2\/types\/page"}],"author":[{"embeddable":true,"href":"https:\/\/cs2surge.com\/es\/wp-json\/wp\/v2\/users\/36"}],"replies":[{"embeddable":true,"href":"https:\/\/cs2surge.com\/es\/wp-json\/wp\/v2\/comments?post=7243"}],"version-history":[{"count":8,"href":"https:\/\/cs2surge.com\/es\/wp-json\/wp\/v2\/pages\/7243\/revisions"}],"predecessor-version":[{"id":13352,"href":"https:\/\/cs2surge.com\/es\/wp-json\/wp\/v2\/pages\/7243\/revisions\/13352"}],"wp:featuredmedia":[{"embeddable":true,"href":"https:\/\/cs2surge.com\/es\/wp-json\/wp\/v2\/media\/13068"}],"wp:attachment":[{"href":"https:\/\/cs2surge.com\/es\/wp-json\/wp\/v2\/media?parent=7243"}],"wp:term":[{"taxonomy":"category","embeddable":true,"href":"https:\/\/cs2surge.com\/es\/wp-json\/wp\/v2\/categories?post=7243"},{"taxonomy":"post_tag","embeddable":true,"href":"https:\/\/cs2surge.com\/es\/wp-json\/wp\/v2\/tags?post=7243"}],"curies":[{"name":"wp","href":"https:\/\/api.w.org\/{rel}","templated":true}]}}