{"id":7360,"date":"2024-01-01T08:25:00","date_gmt":"2024-01-01T08:25:00","guid":{"rendered":"https:\/\/csgoradar.com\/principales-sitios-de-ruleta-de-csgo-que-buscar\/"},"modified":"2022-11-08T09:28:38","modified_gmt":"2022-11-08T09:28:38","slug":"sitios-de-ruleta-de-csgo","status":"publish","type":"page","link":"https:\/\/cs2surge.com\/es\/sitios-de-ruleta-de-csgo\/","title":{"rendered":"Principales sitios de ruleta de CSGO: qu\u00e9 buscar"},"content":{"rendered":"\n<h2 class=\"wp-block-heading\"><span class=\"ez-toc-section\" id=\"%C2%BFQue_hace_que_estos_sean_los_mejores_sitios_de_ruleta_CSGO\"><\/span>\u00bfQu\u00e9 hace que estos sean los mejores sitios de ruleta CSGO?<span class=\"ez-toc-section-end\"><\/span><\/h2>\n\n\n\n<p>Es posible que se haya preguntado c\u00f3mo hemos elaborado nuestra lista de los mejores sitios de ruleta CSGO. Estos son nuestros criterios para determinar las calificaciones. <\/p>\n\n\n\n<ul class=\"wp-block-list\"><li><strong>Fant\u00e1stico bono de bienvenida<\/strong> : \u00bfa qui\u00e9n no le gustan los bonos? Es poco probable que una plataforma de juego CSGO gane tracci\u00f3n si no tiene una. Obviamente, los mejores c\u00f3digos de promoci\u00f3n a menudo dan como resultado una jugabilidad fant\u00e1stica y te permiten probar la plataforma, y es por eso que es un criterio en nuestra lista.<\/li><li><strong>Atenci\u00f3n al cliente<\/strong> : para aquellos que son nuevos en los juegos de CSGO o en juegos espec\u00edficos como la ruleta. Todos sabemos lo frustrante que es necesitar ayuda, y es por eso que la atenci\u00f3n al cliente es un factor tan importante en nuestros mejores sitios de ruleta CSGO.<\/li><li><strong>Apuestas seguras y confiables<\/strong> : la mayor\u00eda de las casas de apuestas de CSGO incluir\u00e1n requisitos de apuesta para calificar para sus bonos. Esto determina c\u00f3mo debe apostar antes de obtener el bono. Nuestro an\u00e1lisis comprueba si estos requisitos son justos. <\/li><li><strong>Gran base de jugadores<\/strong> : cuanto mayor sea la base de jugadores, m\u00e1s probable es que toda la plataforma sea segura, confiable y de alta calidad general. Tener una gran cantidad de rese\u00f1as y jugadores coloca a los sitios m\u00e1s arriba en nuestra lista.<\/li><li><strong>M\u00e9todos de pago<\/strong> : podemos sentirnos seguros al depositar con monederos electr\u00f3nicos como PayPal. Sin embargo, algunos jugadores pueden querer una gama m\u00e1s amplia de opciones al depositar y retirar. Es habitual ver la mayor\u00eda de los tipos de billetera electr\u00f3nica en estas plataformas CSGO, ya que a menudo se encuentran en criptomonedas o principalmente en m\u00e1scaras CSGO, por lo que si tienen diferentes formas de billetera electr\u00f3nica, suele ser una buena se\u00f1al.<\/li><li><strong>Juegos alternativos<\/strong> : una amplia gama de juegos de casino alternativos, como Coinflip, Black Jack o incluso <a href=\"https:\/\/cs2surge.com\/csgo-jackpot-sites\/\">juegos de jackpot,<\/a> ofrecen fant\u00e1sticas oportunidades para seguir jugando y obtener m\u00e1s recompensas.<\/li><\/ul>\n\n\n\n<h2 class=\"wp-block-heading\"><span class=\"ez-toc-section\" id=\"%C2%BFComo_funciona_la_ruleta_CSGO\"><\/span>\u00bfC\u00f3mo funciona la ruleta CSGO? <span class=\"ez-toc-section-end\"><\/span><\/h2>\n\n\n\n<p>Al igual que la ruleta tradicional, la ruleta CSGO es bastante simple. Es tan f\u00e1cil como registrarse, obtener su bono y apostar en 2.5x, 14x o incluso 50x, obviamente con el multiplicador cada vez m\u00e1s arriesgado. <\/p>\n\n\n\n<p>El juego de ruleta CS:GO es igual que el juego normal en los juegos de ruleta est\u00e1ndar en los casinos en l\u00ednea, la \u00fanica diferencia es que est\u00e1 apostando con monedas o fichas, que obtiene al depositar m\u00e1scaras CSGO. <\/p>\n\n\n\n<p>Aparte de eso, solo tienes que elegir un juego de ruleta, hacer tus apuestas y esperar los resultados finales en cada ronda. Si gana, el juego acreditar\u00e1 autom\u00e1ticamente sus ganancias correspondientes.<\/p>\n\n\n\n<h2 class=\"wp-block-heading\"><span class=\"ez-toc-section\" id=\"Que_tipos_de_juegos_de_ruleta_CS_GO\"><\/span>Qu\u00e9 tipos de juegos de ruleta CS:GO<span class=\"ez-toc-section-end\"><\/span><\/h2>\n\n\n\n<p>Los sitios de ruleta CSGO le ofrecen una amplia variedad de juegos, para que pueda agregar mucha diversi\u00f3n y novedad a sus sesiones de juego. Esto es lo que encontrar\u00e1:<\/p>\n\n\n\n<h3 class=\"wp-block-heading\">Juegos de ruleta cl\u00e1sicos<\/h3>\n\n\n\n<p>Aqu\u00ed encontrar\u00e1s los juegos de ruleta est\u00e1ndar que puedes jugar en cualquier casino en l\u00ednea del mundo, tales como:<\/p>\n\n\n\n<ul class=\"wp-block-list\"><li>ruleta americana<\/li><li>ruleta francesa<\/li><li>ruleta europea<\/li><li>ruleta doble cero<\/li><li>ruleta de velocidad<\/li><li>Ruleta con bote<\/li><li>ruleta de doble rueda<\/li><\/ul>\n\n\n\n<p>Por lo tanto, si ya tiene una estrategia de trabajo para cualquiera de estos juegos de ruleta cl\u00e1sicos, le alegrar\u00e1 saber que puede encontrarlos en nuestros sitios de apuestas de CS:GO recomendados.<\/p>\n\n\n\n<p>La \u00fanica diferencia aqu\u00ed es que depositar\u00e1 m\u00e1scaras para obtener monedas y fichas que puede usar para apostar en los juegos de ruleta. Al unirse a nuestros sitios recomendados, podr\u00e1 intercambiar sus monedas o tokens por m\u00e1scaras CSGO premium.<\/p>\n\n\n\n<h3 class=\"wp-block-heading\">Deslizador de ruleta CS:GO<\/h3>\n\n\n\n<p>Este es un cl\u00e1sico de los sitios de ruleta de CS:GO y difiere de los juegos de ruleta cl\u00e1sicos. Aqu\u00ed tendr\u00e1 un conjunto de 15 cuadrados de colores que se mover\u00e1n hasta que el control deslizante se detenga en un color. El pago por rojo o negro es x2, mientras que el cuadrado verde le pagar\u00e1 x14 veces su apuesta original.<\/p>\n\n\n\n<h3 class=\"wp-block-heading\">Ruleta X<\/h3>\n\n\n\n<p>Si te gustan <a href=\"https:\/\/cs2surge.com\/es\/mejores-paginas-de-crash-cs-go\/\" data-type=\"page\" data-id=\"263\">los juegos de crash de CS:GO<\/a> , entonces te encantar\u00e1 esta versi\u00f3n especial de la ruleta. Combina el concepto de choque con el de la ruleta. Por lo tanto, debe apostar al multiplicador en el que cree que se detendr\u00e1 el control deslizante y, si tiene raz\u00f3n, puede multiplicar su apuesta por miles de veces si tiene la suerte.<\/p>\n\n\n\n<h3 class=\"wp-block-heading\">50x Ruleta<\/h3>\n\n\n\n<p>Este juego es similar al control deslizante de la ruleta de CS:GO, pero en lugar de 15 cuadrados de colores, jugar\u00e1s con 50. Seg\u00fan su apuesta y el color en el que se detiene el control deslizante, puede ganar x2, x3, x5 o 50 veces su apuesta original.<\/p>\n\n\n\n<p>Con una variedad tan amplia de juegos de ruleta, puedes construir excelentes estrategias basadas en la gesti\u00f3n de fondos, as\u00ed como secuencias num\u00e9ricas si te gustan, como Fibonacci o Martingale. <\/p>\n\n\n\n<p>Adem\u00e1s, recuerda que nuestros sitios recomendados tambi\u00e9n te ofrecen otros tipos de juegos de casino y apuestas de CS:GO, para que puedas agregar a\u00fan m\u00e1s variedad a tus sesiones de juego. Desde crash y tragamonedas hasta p\u00f3quer y blackjack, hay un gran cat\u00e1logo de juegos esper\u00e1ndote.<\/p>\n\n\n\n<h2 class=\"wp-block-heading\"><span class=\"ez-toc-section\" id=\"%C2%BFVentajas_de_jugar_en_los_sitios_de_ruleta_de_CS_GO\"><\/span>\u00bfVentajas de jugar en los sitios de ruleta de CS:GO?<span class=\"ez-toc-section-end\"><\/span><\/h2>\n\n\n\n<p>Los juegos de ruleta de CS:GO te brindan ventajas clave que te ayudar\u00e1n en el mismo y, si lo deseas, ganar dinero como resultado de obtener m\u00e1scaras ex\u00f3ticas. Aqu\u00ed est\u00e1 todo lo que necesita saber.<\/p>\n\n\n\n<h3 class=\"wp-block-heading\">Manera divertida de ganar m\u00e1scaras valiosas<\/h3>\n\n\n\n<p>Dado que nuestros sitios recomendados le brindan acceso a mercados con muchas m\u00e1scaras, es una forma divertida de abastecer su inventario. Ya sea que desee mejorar su experiencia CS:GO o coleccionar m\u00e1scaras valiosas que puede vender por mucho dinero, nuestros sitios recomendados lo ayudar\u00e1n a lograr sus objetivos.<\/p>\n\n\n\n<h3 class=\"wp-block-heading\">Gran variedad de juegos<\/h3>\n\n\n\n<p>Si te gusta jugar a la ruleta en l\u00ednea, te alegrar\u00e1 saber que los sitios de apuestas de CS:GO te ofrecen una gran variedad de juegos de ruleta. Ya sea la versi\u00f3n cl\u00e1sica, como la europea, francesa y americana, o versiones ex\u00f3ticas, como la x50 Roulette y la X-Roulette, tendr\u00e1 muchas opciones entre las que elegir.<\/p>\n\n\n\n<h3 class=\"wp-block-heading\">Acceso a aspectos ex\u00f3ticos de CS:GO<\/h3>\n\n\n\n<p>Hay una raz\u00f3n por la cual los sitios de ruleta de CSGO est\u00e1n tan de moda en este momento, y es porque tienen muchas m\u00e1scaras ex\u00f3ticas, premium y valiosas. Si desea llevar su inventario al siguiente nivel, reg\u00edstrese en cualquiera de nuestros sitios recomendados.<\/p>\n\n\n\n<h2 class=\"wp-block-heading\"><span class=\"ez-toc-section\" id=\"Estrategias_de_ruleta_de_juego_CSGO\"><\/span>Estrategias de ruleta de juego CSGO<strong> <\/strong><span class=\"ez-toc-section-end\"><\/span><\/h2>\n\n\n\n<h3 class=\"wp-block-heading\">Martingala<\/h3>\n\n\n\n<p>Esta estrategia consiste en hacer una apuesta a un color que premia 2x, doblar la apuesta anterior al mismo color si pierde. Contin\u00fae esto hasta que gane y recuperar\u00e1 todas las p\u00e9rdidas. <\/p>\n\n\n\n<h3 class=\"wp-block-heading\">Martingala inversa<\/h3>\n\n\n\n<p>Similar a la Martingala est\u00e1ndar, pero usa la estrategia opuesta. Haga una apuesta en el color de su elecci\u00f3n y duplique la apuesta si gana. Contin\u00fae con esto hasta que est\u00e9 satisfecho y, si pierde, vuelva a la apuesta original.<\/p>\n\n\n\n<h3 class=\"wp-block-heading\">\u00bfC\u00f3mo puedes ganar en los juegos de ruleta CSGO?<\/h3>\n\n\n\n<p>Nuestro consejo principal es centrarse en la gesti\u00f3n de fondos, para decidir cu\u00e1nto riesgo puede aceptar, el tama\u00f1o de sus apuestas y cu\u00e1ndo reducir\u00e1 las p\u00e9rdidas o retirar\u00e1 las ganancias. Adem\u00e1s, inf\u00f3rmate de las probabilidades de cada juego de ruleta antes de realizar tus apuestas, para que sepas las posibilidades reales que tienes de ganar un premio.<\/p>\n\n\n\n<h2 class=\"wp-block-heading\"><span class=\"ez-toc-section\" id=\"Como_jugar_a_la_ruleta_CS_GO_en_linea\"><\/span>C\u00f3mo jugar a la ruleta CS:GO en l\u00ednea<span class=\"ez-toc-section-end\"><\/span><\/h2>\n\n\n\n<p>Si eres nuevo en los juegos de ruleta CSGO, perm\u00edtenos mostrarte c\u00f3mo jugar en 6 sencillos pasos:<\/p>\n\n\n\n<ol class=\"wp-block-list\"><li>Reg\u00edstrese en uno de nuestros sitios de ruleta CS.GO recomendados<\/li><li>Activa tu cuenta y haz tu primer dep\u00f3sito skin (tambi\u00e9n puedes depositar criptomonedas o dinero FIAT)<\/li><li>Seleccione su juego de ruleta CS:GO favorito, como el control deslizante cl\u00e1sico, la ruleta 50x o la ruleta X<\/li><li>Haz tus apuestas en base a tu estrategia de gesti\u00f3n de fondos (y estrategia de secuencia num\u00e9rica en caso de que quieras aplicarla)<\/li><li>Espere a que el juego anuncie las apuestas ganadoras<\/li><li>Si su apuesta gan\u00f3 un premio, el juego lo acreditar\u00e1 autom\u00e1ticamente en el saldo de su cuenta.<\/li><\/ol>\n\n\n\n<p><em>Recuerde leer las reglas de cada juego de ruleta de CS:GO, para conocer las probabilidades, las opciones de apuesta, los premios y m\u00e1s antes de apostar sus monedas o fichas. <\/em><\/p>\n","protected":false},"excerpt":{"rendered":"<p>\u00bfQu\u00e9 hace que estos sean los mejores sitios de ruleta CSGO? Es posible que se haya preguntado c\u00f3mo hemos elaborado nuestra lista de los mejores sitios de ruleta CSGO. Estos son nuestros criterios para determinar las calificaciones. Fant\u00e1stico bono de bienvenida : \u00bfa qui\u00e9n no le gustan los bonos? Es poco probable que una plataforma &#8230; <a title=\"Principales sitios de ruleta de CSGO: qu\u00e9 buscar\" class=\"read-more\" href=\"https:\/\/cs2surge.com\/es\/sitios-de-ruleta-de-csgo\/\" aria-label=\"Leer m\u00e1s sobre Principales sitios de ruleta de CSGO: qu\u00e9 buscar\">Leer m\u00e1s<\/a><\/p>\n","protected":false},"author":36,"featured_media":14171,"parent":0,"menu_order":0,"comment_status":"closed","ping_status":"closed","template":"","meta":{"inline_featured_image":false,"two_page_speed":[],"footnotes":""},"categories":[14],"tags":[],"class_list":{"0":"post-7360","1":"page","2":"type-page","3":"status-publish","4":"has-post-thumbnail","6":"category-sin-categorizar"},"acf":[],"_links":{"self":[{"href":"https:\/\/cs2surge.com\/es\/wp-json\/wp\/v2\/pages\/7360","targetHints":{"allow":["GET"]}}],"collection":[{"href":"https:\/\/cs2surge.com\/es\/wp-json\/wp\/v2\/pages"}],"about":[{"href":"https:\/\/cs2surge.com\/es\/wp-json\/wp\/v2\/types\/page"}],"author":[{"embeddable":true,"href":"https:\/\/cs2surge.com\/es\/wp-json\/wp\/v2\/users\/36"}],"replies":[{"embeddable":true,"href":"https:\/\/cs2surge.com\/es\/wp-json\/wp\/v2\/comments?post=7360"}],"version-history":[{"count":8,"href":"https:\/\/cs2surge.com\/es\/wp-json\/wp\/v2\/pages\/7360\/revisions"}],"predecessor-version":[{"id":13657,"href":"https:\/\/cs2surge.com\/es\/wp-json\/wp\/v2\/pages\/7360\/revisions\/13657"}],"wp:featuredmedia":[{"embeddable":true,"href":"https:\/\/cs2surge.com\/es\/wp-json\/wp\/v2\/media\/14171"}],"wp:attachment":[{"href":"https:\/\/cs2surge.com\/es\/wp-json\/wp\/v2\/media?parent=7360"}],"wp:term":[{"taxonomy":"category","embeddable":true,"href":"https:\/\/cs2surge.com\/es\/wp-json\/wp\/v2\/categories?post=7360"},{"taxonomy":"post_tag","embeddable":true,"href":"https:\/\/cs2surge.com\/es\/wp-json\/wp\/v2\/tags?post=7360"}],"curies":[{"name":"wp","href":"https:\/\/api.w.org\/{rel}","templated":true}]}}