{"id":10655,"date":"2023-05-04T09:16:00","date_gmt":"2023-05-04T09:16:00","guid":{"rendered":"https:\/\/csgoradar.com\/code-promo-hellcase\/"},"modified":"2022-07-23T10:14:26","modified_gmt":"2022-07-23T10:14:26","slug":"code-promo-hellcase","status":"publish","type":"page","link":"https:\/\/cs2surge.com\/fr\/code-promo-hellcase\/","title":{"rendered":"Code promo Hellcase"},"content":{"rendered":"\n<p>Malgr\u00e9 le trafic massif du site, le r\u00e9seau n&rsquo;est jamais \u00ab\u00a0engorg\u00e9\u00a0\u00bb et l&rsquo;interface utilisateur est toujours propre, fonctionnant sans probl\u00e8me et sans d\u00e9lai. Actuellement, Hellcase propose deux options iGaming &#8211; CS:GO et Dota 2.  <\/p>\n\n\n\n<p>N\u00e9anmoins, il est \u00e9vident que CS:GO est le c\u0153ur du site. Une comparaison rapide entre le nombre d&rsquo;utilisateurs recherchant des skins CS:GO et des skins Dota suffit \u00e0 l&rsquo;identifier. Si vous souhaitez rejoindre cette plateforme unique, demandez un bonus en utilisant le code promo <strong>\u00ab\u00a0CR100\u00a0\u00bb<\/strong>.<\/p>\n\n\n\n<h2 class=\"wp-block-heading\"><span class=\"ez-toc-section\" id=\"Codes_et_promotions_Hellcase_2022\"><\/span>Codes et promotions Hellcase 2022<span class=\"ez-toc-section-end\"><\/span><\/h2>\n\n\n\n<p>Contrairement \u00e0 de nombreux sites de jeux d&rsquo;argent CS:GO qui combinent plusieurs fonctionnalit\u00e9s, Hellcase se concentre exclusivement sur les ouvertures de cas CSGO. Par cons\u00e9quent, il n&rsquo;y a pas de jeux de casino, de paris sportifs ou d&rsquo;autres options de jeu en dehors des jeux de CS:GO.<\/p>\n\n\n\n<p>Si vous \u00eates familier avec les <a href=\"https:\/\/cs2surge.com\/fr\/\" data-type=\"page\" data-id=\"8\">sites de paris sur la peau CSGO<\/a>, les cas d&rsquo;ouverture et les \u00e9changes ne sont pas une nouveaut\u00e9. En plus du code <strong>\u00ab\u00a0CR100\u00a0\u00bb<\/strong>, les utilisateurs b\u00e9n\u00e9ficient de promotions et de bonus int\u00e9ressants pour booster l&rsquo;ensemble de l&rsquo;exp\u00e9rience.<\/p>\n\n\n\n<p>Par rapport \u00e0 d&rsquo;autres sites CS:GO similaires, Hellcase propose un processus d&rsquo;ouverture de la mallette bien con\u00e7u. Les joueurs qui ne sont pas int\u00e9ress\u00e9s par un skin particulier d\u00e9pos\u00e9 peuvent l&rsquo;\u00e9changer contre de l&rsquo;argent et utiliser les fonds pour ouvrir de nouveaux cas.<\/p>\n\n\n\n<p>Si l&rsquo;on consid\u00e8re que les seuls actifs que vous pouvez encaisser sont des skins CS:GO ou Dota, cela offre aux joueurs un large \u00e9ventail de possibilit\u00e9s. Avant de vendre un skin, vous \u00eates libre de rechercher de meilleurs prix sur les diff\u00e9rents march\u00e9s du jeu. Parfois, Hellcase ne met pas \u00e0 jour les prix des peaux rares.<\/p>\n\n\n\n<p>Les utilisateurs disposent d&rsquo;une vari\u00e9t\u00e9 de m\u00e9thodes de paiement pour les d\u00e9p\u00f4ts et les retraits. Les m\u00e9thodes de d\u00e9p\u00f4t comprennent :<\/p>\n\n\n\n<ul class=\"wp-block-list\"><li>Visa<\/li><li>MasterCard<\/li><li>Bitcoin<\/li><li>Ethereum<\/li><li>Litecoin<\/li><li>Dogecoin<\/li><li>Apple Pay<\/li><li>Google Pay<\/li><li>R\u00e9mun\u00e9ration fictive<\/li><li>PayPal<\/li><li>Skins CSGO<\/li><li>Articles de Dota 2<\/li><\/ul>\n\n\n\n<p>Pour les retraits de skin, les utilisateurs peuvent compter sur les skins CSGO, les P2P CSGO, les objets Dota 2 et les cl\u00e9s de jeu.<\/p>\n\n\n\n<h2 class=\"wp-block-heading\"><span class=\"ez-toc-section\" id=\"Comment_saisir_votre_code_promo_Hellcase\"><\/span>Comment saisir votre code promo Hellcase<span class=\"ez-toc-section-end\"><\/span><\/h2>\n\n\n\n<figure class=\"wp-block-image size-large\"><img loading=\"lazy\" decoding=\"async\" width=\"1024\" height=\"239\" src=\"https:\/\/cs2surge.com\/wp-content\/uploads\/2021\/07\/hellcase-promo-code-wallet-code-1024x239.png\" alt=\"\" class=\"wp-image-1051\" srcset=\"https:\/\/cs2surge.com\/wp-content\/uploads\/2021\/07\/hellcase-promo-code-wallet-code-1024x239.png 1024w, https:\/\/cs2surge.com\/wp-content\/uploads\/2021\/07\/hellcase-promo-code-wallet-code-300x70.png 300w, https:\/\/cs2surge.com\/wp-content\/uploads\/2021\/07\/hellcase-promo-code-wallet-code-768x179.png 768w, https:\/\/cs2surge.com\/wp-content\/uploads\/2021\/07\/hellcase-promo-code-wallet-code-1536x358.png 1536w, https:\/\/cs2surge.com\/wp-content\/uploads\/2021\/07\/hellcase-promo-code-wallet-code-2048x478.png 2048w\" sizes=\"auto, (max-width: 1024px) 100vw, 1024px\" \/><\/figure>\n\n\n\n<p>Si vous voulez r\u00e9clamer le \u00ab\u00a0CR100\u00a0\u00bb ou tout autre code promo sur le site web de Hellcase, voici comment proc\u00e9der :<\/p>\n\n\n\n<ol class=\"wp-block-list\"><li>Ouvrez votre compte Hellcase via Steam<\/li><li>Effectuez votre premier d\u00e9p\u00f4t en cliquant sur le bouton \u00ab\u00a0Ajouter de l&rsquo;argent\u00a0\u00bb.<\/li><li>Cliquez sur \u00ab\u00a0Utiliser un code promotionnel ou un code portefeuille\u00a0\u00bb.<\/li><li>Entrez votre code sp\u00e9cial \u00ab\u00a0CR100\u00a0\u00bb.<\/li><\/ol>\n\n\n\n<p>Apr\u00e8s avoir s\u00e9lectionn\u00e9 cette option, vous trouverez facilement la case marqu\u00e9e sp\u00e9cifiquement pour les codes promotionnels. Entrez le code {CODE ICI} ou tout autre code promotionnel et confirmez en cliquant sur \u00ab\u00a0Appliquer\u00a0\u00bb.<\/p>\n\n\n\n<h2 class=\"wp-block-heading\"><span class=\"ez-toc-section\" id=\"Promotions_de_cas_gratuits_en_cours\"><\/span>Promotions de cas gratuits en cours<span class=\"ez-toc-section-end\"><\/span><\/h2>\n\n\n\n<p>Compar\u00e9 \u00e0 d&rsquo;autres sites de jeux d&rsquo;argent CS:GO, Hellcase propose des cotes sup\u00e9rieures \u00e0 la moyenne. Associ\u00e9 \u00e0 un syst\u00e8me de retrait efficace, il constitue un avantage consid\u00e9rable pour les joueurs. Les deux principaux types de promotions permanentes disponibles chez Hellcase sont les bonus quotidiens et les cadeaux publicitaires, mais vous trouverez ici tous les grands avantages dont vous b\u00e9n\u00e9ficierez en devenant membre de Hellcase !<\/p>\n\n\n\n<h3 class=\"wp-block-heading\">Bonus quotidiens chez Hellcase<\/h3>\n\n\n\n<p>La fonction \u00ab\u00a0Daily Bonus\u00a0\u00bb a \u00e9t\u00e9 con\u00e7ue pour r\u00e9compenser les utilisateurs les plus actifs de la plateforme. Si vous visitez Hellcase tous les jours, vous avez droit \u00e0 des articles sp\u00e9ciaux et \u00e0 des fonds suppl\u00e9mentaires dans le solde de votre compte.<\/p>\n\n\n\n<h3 class=\"wp-block-heading\">Cadeaux par lots<\/h3>\n\n\n\n<p>La fonction \u00ab\u00a0Giveaway\u00a0\u00bb a des conditions sp\u00e9cifiques que les joueurs doivent remplir pour participer. En accomplissant les t\u00e2ches du \u00ab\u00a0Giveaway\u00a0\u00bb, vous recevrez des entr\u00e9es pour diff\u00e9rentes promotions. Chaque entr\u00e9e augmente les chances de gagner du joueur, donc le but principal est de collecter le nombre maximum d&rsquo;entr\u00e9es.<\/p>\n\n\n\n<h3 class=\"wp-block-heading\">Jouez au Mixxer pour obtenir des promotions et des bonus suppl\u00e9mentaires.<\/h3>\n\n\n\n<p>Bien que la plateforme ne comporte pas de machines \u00e0 sous ou de jeux similaires, elle offre des mini-jeux exclusifs disponibles pour tous les utilisateurs. Le premier mini-jeu est le \u00ab\u00a0Mixxer\u00a0\u00bb, un jeu de roulette russe o\u00f9 vous combinez vos affaires pr\u00e9f\u00e9r\u00e9es pour avoir une chance d&rsquo;en gagner une gratuitement.<\/p>\n\n\n\n<h3 class=\"wp-block-heading\">Battez-vous pour des cas pour gagner de grands prix<\/h3>\n\n\n\n<p>L&rsquo;une des exp\u00e9riences les plus passionnantes propos\u00e9es \u00e0 Hellcase est celledes \u00ab\u00a0Case Battles\u00a0\u00bb. Cette fonction permet \u00e0 plusieurs joueurs d&rsquo;ouvrir les m\u00eames dossiers simultan\u00e9ment. Une fois que toutes les caisses sont ouvertes, le joueur qui a la plus grande valeur gagne toutes les peaux.<\/p>\n\n\n\n<p>Si vous n&rsquo;\u00eates pas encore pr\u00eat \u00e0 participer aux batailles, vous pouvez tout de m\u00eame en profiter en regardant les joueurs s&rsquo;affronter pour obtenir des skins de premier ordre.<\/p>\n\n\n\n<h3 class=\"wp-block-heading\">Am\u00e9liorez vos skins de mani\u00e8re simple et amusante.<\/h3>\n\n\n\n<p>La fonction \u00ab\u00a0Mise \u00e0 niveau\u00a0\u00bb vous permet de s\u00e9lectionner les skins que vous souhaitez mettre \u00e0 niveau et de s\u00e9lectionner les skins Hellcase de premier ordre que vous souhaitez gagner. Si la mise \u00e0 niveau est r\u00e9ussie, vous pouvez gagner la peau d\u00e9sir\u00e9e. Si les choses ne se passent pas comme pr\u00e9vu, vous perdez les skins s\u00e9lectionn\u00e9s dans votre inventaire.<\/p>\n\n\n\n<h2 class=\"wp-block-heading\"><span class=\"ez-toc-section\" id=\"Promotion_VIP_et_recompenses_en_pieces_de_joueur\"><\/span>Promotion VIP et r\u00e9compenses en pi\u00e8ces de joueur<span class=\"ez-toc-section-end\"><\/span><\/h2>\n\n\n\n<p>Il n&rsquo;existe pas de promotion VIP ou de club de fid\u00e9lit\u00e9 bas\u00e9 sur des niveaux ou des classements. Au lieu de cela, les joueurs peuvent imm\u00e9diatement faire partie d&rsquo;une \u00e9quipe exclusive en payant un abonnement premium. Avec l&rsquo;abonnement Premium, vous avez acc\u00e8s \u00e0 une exp\u00e9rience utilisateur unique.<\/p>\n\n\n\n<p>Les avantages comprennent un acc\u00e8s exclusif \u00e0 des cas uniques de CS:GO, des cadeaux et une exp\u00e9rience globale sup\u00e9rieure au niveau standard. Les utilisateurs Premium re\u00e7oivent des jetons gratuits tous les mois. De plus, ils ont droit \u00e0 un agent d&rsquo;assistance d\u00e9di\u00e9 qui se concentre sur le traitement prioritaire des tickets d&rsquo;assistance 24\/7.<\/p>\n\n\n\n<p>Si vous faites partie de l&rsquo;\u00e9quipe Premium, Hellcase vous donne un acc\u00e8s anticip\u00e9 \u00e0 toutes les fonctionnalit\u00e9s r\u00e9cemment publi\u00e9es sur le site. Il existe trois options pour les plans payants, \u00e0 savoir Silver, Gold et Diamond. Ils co\u00fbtent respectivement 5, 15 et 25 dollars par mois.<\/p>\n\n\n\n<p><em>Nous aurions pr\u00e9f\u00e9r\u00e9 un programme V.I.P. normal \u00e0 la place, mais cela reste une bonne option, surtout si vous voulez utiliser Hellcase comme votre principal site de jeu CSGO.<\/em><\/p>\n\n\n\n<h2 class=\"wp-block-heading\"><span class=\"ez-toc-section\" id=\"Dans_quelle_mesure_les_codes_promotionnels_Hellcase_sont-ils_legitimes\"><\/span>Dans quelle mesure les codes promotionnels Hellcase sont-ils l\u00e9gitimes ?<span class=\"ez-toc-section-end\"><\/span><\/h2>\n\n\n\n<figure class=\"wp-block-image size-large\"><img loading=\"lazy\" decoding=\"async\" width=\"1024\" height=\"306\" src=\"https:\/\/cs2surge.com\/wp-content\/uploads\/2021\/07\/hellcase-case-opening-bonus-promo-codes-1024x306.png\" alt=\"\" class=\"wp-image-1044\" srcset=\"https:\/\/cs2surge.com\/wp-content\/uploads\/2021\/07\/hellcase-case-opening-bonus-promo-codes-1024x306.png 1024w, https:\/\/cs2surge.com\/wp-content\/uploads\/2021\/07\/hellcase-case-opening-bonus-promo-codes-300x90.png 300w, https:\/\/cs2surge.com\/wp-content\/uploads\/2021\/07\/hellcase-case-opening-bonus-promo-codes-768x229.png 768w, https:\/\/cs2surge.com\/wp-content\/uploads\/2021\/07\/hellcase-case-opening-bonus-promo-codes-1536x459.png 1536w, https:\/\/cs2surge.com\/wp-content\/uploads\/2021\/07\/hellcase-case-opening-bonus-promo-codes-2048x612.png 2048w\" sizes=\"auto, (max-width: 1024px) 100vw, 1024px\" \/><\/figure>\n\n\n\n<p>L&rsquo;entreprise, qui n&rsquo;a connu aucune interruption de ses activit\u00e9s depuis son lancement, est une entreprise enti\u00e8rement enregistr\u00e9e et bas\u00e9e \u00e0 Singapour, un centre technologique r\u00e9put\u00e9 pour les start-ups du monde entier. Toutes les ouvertures de cas CSGO, les batailles et les comp\u00e9titions sont soutenues par un syst\u00e8me d&rsquo;\u00e9quit\u00e9 prouv\u00e9e.<\/p>\n\n\n\n<p>En termes de s\u00e9curit\u00e9 num\u00e9rique, le site web fonctionne sur une connexion crypt\u00e9e SSL blind\u00e9e. Par cons\u00e9quent, ils font de votre s\u00e9curit\u00e9 en ligne une affaire s\u00e9rieuse, d&rsquo;autant plus qu&rsquo;ils n&rsquo;ont pas connu de violations de donn\u00e9es.<\/p>\n\n\n\n<p>Le seul inconv\u00e9nient est le syst\u00e8me de tickets d&rsquo;assistance. Bien qu&rsquo;elle soit disponible 24 heures sur 24 et 7 jours sur 7, cette solution est assez obsol\u00e8te et pourrait \u00eatre remplac\u00e9e par un syst\u00e8me de chat en direct.  <\/p>\n\n\n\n<h2 class=\"wp-block-heading\"><span class=\"ez-toc-section\" id=\"Hellcase_Free_Code_Resume\"><\/span>Hellcase Free Code R\u00e9sum\u00e9<span class=\"ez-toc-section-end\"><\/span><\/h2>\n\n\n\n<p>Dans l&rsquo;ensemble, Hellcase offre une superbe exp\u00e9rience en termes d&rsquo;ouverture de la mallette et de fonctionnalit\u00e9s uniques de jeu CS:GO. Des fonctions telles que \u00ab\u00a0Case Battles\u00a0\u00bb et \u00ab\u00a0Mixxer\u00a0\u00bb renforcent l&rsquo;exp\u00e9rience de l&rsquo;utilisateur et \u00e9vitent la monotonie, ce qui est tr\u00e8s important pour les joueurs de peau avanc\u00e9s.<\/p>\n\n\n\n<p>Le site est enti\u00e8rement autoris\u00e9 et r\u00e9glement\u00e9, et offre une assistance pour la plupart des pays. Les options de d\u00e9p\u00f4t et de retrait ne d\u00e9\u00e7oivent pas les joueurs, d&rsquo;autant que les retraits sont particuli\u00e8rement rapides et efficaces.<\/p>\n\n\n\n<p>Les promotions en cours comprennent le code {CODE HERE}, des bonus gratuits quotidiens et des cadeaux. Si vous souhaitez une exp\u00e9rience utilisateur plus exclusive, vous pouvez opter pour un abonnement Premium et profiter des plans Silver, Gold ou Diamond.<\/p>\n\n\n\n<h2 class=\"wp-block-heading\"><span class=\"ez-toc-section\" id=\"Questions_frequemment_posees_sur_le_code_promo_Hellcase\"><\/span>Questions fr\u00e9quemment pos\u00e9es sur le code promo Hellcase<span class=\"ez-toc-section-end\"><\/span><\/h2>\n\n\n\n<p>Si vous avez encore des doutes sur le code promo Hellcase, alors cette section vous sera utile. Pour plus d&rsquo;assistance, n&rsquo;h\u00e9sitez pas \u00e0 nous contacter.<\/p>\n\n\n<div id=\"rank-math-faq\" class=\"rank-math-block\">\n<div class=\"rank-math-list \">\n<div id=\"faq-question-1655750238282\" class=\"rank-math-list-item\">\n<h3 class=\"rank-math-question \"><strong>Puis-je retirer des peaux de Hellcase ?<\/strong><\/h3>\n<div class=\"rank-math-answer \">\n\n<p>Oui, vous pouvez. Hellcase prend enti\u00e8rement en charge le retrait des skins CSGO, vous pouvez donc les obtenir directement dans votre inventaire \u00e0 tout moment.<\/p>\n\n<\/div>\n<\/div>\n<div id=\"faq-question-1655750268567\" class=\"rank-math-list-item\">\n<h3 class=\"rank-math-question \"><strong>Pouvez-vous ouvrir des caisses \u00e0 Hellcase ?<\/strong><\/h3>\n<div class=\"rank-math-answer \">\n\n<p>Oui, Hellcase est aussi un site d&rsquo;ouverture de cas CSGO, et il offre de nombreuses options. Par exemple, vous pouvez ouvrir des caisses \u00e0 haut risque, qui contiennent \u00e9galement des peaux et des objets de grande valeur, ou opter pour des caisses moins ch\u00e8res et plus s\u00fbres. Il y en a pour tous les types d&rsquo;utilisateurs de CSGO.<\/p>\n\n<\/div>\n<\/div>\n<div id=\"faq-question-1655750286634\" class=\"rank-math-list-item\">\n<h3 class=\"rank-math-question \"><strong>Pourquoi le code promo Hellcase ne fonctionne-t-il pas ?<\/strong><\/h3>\n<div class=\"rank-math-answer \">\n\n<p>Le code promo Hellcase peut ne pas fonctionner si vous l&rsquo;avez d\u00e9j\u00e0 utilis\u00e9, si vous ne l&rsquo;avez pas saisi correctement ou si vos comptes ou vos articles ne sont pas \u00e9ligibles pour le code promo s\u00e9lectionn\u00e9.<\/p>\n\n<\/div>\n<\/div>\n<\/div>\n<\/div>","protected":false},"excerpt":{"rendered":"<p>Malgr\u00e9 le trafic massif du site, le r\u00e9seau n&rsquo;est jamais \u00ab\u00a0engorg\u00e9\u00a0\u00bb et l&rsquo;interface utilisateur est toujours propre, fonctionnant sans probl\u00e8me et sans d\u00e9lai. Actuellement, Hellcase propose deux options iGaming &#8211; CS:GO et Dota 2. N\u00e9anmoins, il est \u00e9vident que CS:GO est le c\u0153ur du site. Une comparaison rapide entre le nombre d&rsquo;utilisateurs recherchant des skins &#8230; <a title=\"Code promo Hellcase\" class=\"read-more\" href=\"https:\/\/cs2surge.com\/fr\/code-promo-hellcase\/\" aria-label=\"En savoir plus sur Code promo Hellcase\">Lire la suite<\/a><\/p>\n","protected":false},"author":36,"featured_media":4530,"parent":0,"menu_order":0,"comment_status":"closed","ping_status":"closed","template":"","meta":{"inline_featured_image":false,"two_page_speed":[],"footnotes":""},"categories":[63],"tags":[],"class_list":{"0":"post-10655","1":"page","2":"type-page","3":"status-publish","4":"has-post-thumbnail","6":"category-codes-csgo"},"acf":[],"_links":{"self":[{"href":"https:\/\/cs2surge.com\/fr\/wp-json\/wp\/v2\/pages\/10655","targetHints":{"allow":["GET"]}}],"collection":[{"href":"https:\/\/cs2surge.com\/fr\/wp-json\/wp\/v2\/pages"}],"about":[{"href":"https:\/\/cs2surge.com\/fr\/wp-json\/wp\/v2\/types\/page"}],"author":[{"embeddable":true,"href":"https:\/\/cs2surge.com\/fr\/wp-json\/wp\/v2\/users\/36"}],"replies":[{"embeddable":true,"href":"https:\/\/cs2surge.com\/fr\/wp-json\/wp\/v2\/comments?post=10655"}],"version-history":[{"count":6,"href":"https:\/\/cs2surge.com\/fr\/wp-json\/wp\/v2\/pages\/10655\/revisions"}],"predecessor-version":[{"id":10674,"href":"https:\/\/cs2surge.com\/fr\/wp-json\/wp\/v2\/pages\/10655\/revisions\/10674"}],"wp:featuredmedia":[{"embeddable":true,"href":"https:\/\/cs2surge.com\/fr\/wp-json\/wp\/v2\/media\/4530"}],"wp:attachment":[{"href":"https:\/\/cs2surge.com\/fr\/wp-json\/wp\/v2\/media?parent=10655"}],"wp:term":[{"taxonomy":"category","embeddable":true,"href":"https:\/\/cs2surge.com\/fr\/wp-json\/wp\/v2\/categories?post=10655"},{"taxonomy":"post_tag","embeddable":true,"href":"https:\/\/cs2surge.com\/fr\/wp-json\/wp\/v2\/tags?post=10655"}],"curies":[{"name":"wp","href":"https:\/\/api.w.org\/{rel}","templated":true}]}}