{"id":10838,"date":"2023-05-05T08:34:00","date_gmt":"2023-05-05T08:34:00","guid":{"rendered":"https:\/\/csgoradar.com\/code-promo-pour-farm-skins\/"},"modified":"2024-05-09T09:31:58","modified_gmt":"2024-05-09T09:31:58","slug":"code-promotionnel-farm-skins","status":"publish","type":"page","link":"https:\/\/cs2surge.com\/fr\/code-promotionnel-farm-skins\/","title":{"rendered":"Code promotionnel Farm Skins"},"content":{"rendered":"\n<p>Si vous voulez aller droit au but, alors vous avez ici le code promo Farmskins que vous cherchiez :<strong>\u00ab\u00a0CSGOR1<\/strong>\u00ab\u00a0.<\/p>\n\n\n\n<p>Pour plus d&rsquo;informations, continuez \u00e0 lire ce guide exclusif sur le code promo Farmskins.<\/p>\n\n\n\n<h2 class=\"wp-block-heading\"><span class=\"ez-toc-section\" id=\"Farmskins_Codes_y_Promotions\"><\/span>Farmskins Codes [y] &amp; Promotions<span class=\"ez-toc-section-end\"><\/span><\/h2>\n\n\n\n<p>Si vous pensez que les codes promo pour Farmskins sont termin\u00e9s, nous avons une liste de codes promo exclusifs que vous pouvez utiliser pour b\u00e9n\u00e9ficier d&rsquo;autres avantages en plus du code<strong>\u00ab\u00a0CSGOR1<\/strong>\u00ab\u00a0.<\/p>\n\n\n\n<p>Consultez notre s\u00e9lection de codes promo pour Farmskins et utilisez chaque code promo intelligemment pour rendre votre exp\u00e9rience d&rsquo;ouverture de caisse CS:GO unique.<\/p>\n\n\n\n<ul class=\"wp-block-list\">\n<li>CSGOR1<\/li>\n\n\n\n<li>GAMBLINGCSGO6<\/li>\n\n\n\n<li>FARMKINSPROMO1<\/li>\n<\/ul>\n\n\n\n<figure class=\"wp-block-table\"><table><tbody><tr><td><strong>FarmSkins<\/strong><\/td><td><a href=\"https:\/\/farmskins.com\/ref-CSGORADAR\" target=\"_blank\" rel=\"noreferrer noopener nofollow\">Claim Bonus<\/a>!<\/td><\/tr><tr><td><strong>Promo Code<\/strong><\/td><td>CSGOR1<\/td><\/tr><tr><td><strong>Offer\/Bonus<\/strong><\/td><td>Free $1<\/td><\/tr><tr><td><strong>Valid<\/strong><\/td><td>[m] [y]<\/td><\/tr><\/tbody><\/table><\/figure>\n\n\n\n<h2 class=\"wp-block-heading\"><span class=\"ez-toc-section\" id=\"Farm_Skins_Promo_Code_for_Savings\"><\/span>Farm Skins Promo Code for Savings<span class=\"ez-toc-section-end\"><\/span><\/h2>\n\n\n\n<figure class=\"wp-block-image size-large\"><img loading=\"lazy\" decoding=\"async\" width=\"1024\" height=\"576\" src=\"https:\/\/cs2surge.com\/wp-content\/uploads\/2022\/07\/FARMSKINS-entering-promo-code-1024x576.jpg\" alt=\"Codes Promo Farmskins $1\" class=\"wp-image-10692\" srcset=\"https:\/\/cs2surge.com\/wp-content\/uploads\/2022\/07\/FARMSKINS-entering-promo-code-1024x576.jpg 1024w, https:\/\/cs2surge.com\/wp-content\/uploads\/2022\/07\/FARMSKINS-entering-promo-code-300x169.jpg 300w, https:\/\/cs2surge.com\/wp-content\/uploads\/2022\/07\/FARMSKINS-entering-promo-code-768x432.jpg 768w, https:\/\/cs2surge.com\/wp-content\/uploads\/2022\/07\/FARMSKINS-entering-promo-code.jpg 1280w\" sizes=\"auto, (max-width: 1024px) 100vw, 1024px\" \/><\/figure>\n\n\n\n<p>Activating the promo code \u00ab\u00a0<strong>CSGOR1<\/strong>\u00a0\u00bb will surely boost your <a href=\"https:\/\/cs2surge.com\/best-case-opening-sites\/\" data-type=\"page\" data-id=\"142\">CS:GO case opening<\/a> experience at Farmskins. To claim this exclusive promo code, all you need to do is to follow a five-step procedure:<\/p>\n\n\n\n<ol class=\"wp-block-list\">\n<li>Visitez le site officiel de Farmskins  <\/li>\n\n\n\n<li>Connectez-vous \u00e0 l&rsquo;aide de votre compte Steam  <\/li>\n\n\n\n<li>Cliquez sur le menu dans le coin sup\u00e9rieur droit du tableau de bord.<\/li>\n\n\n\n<li>S\u00e9lectionnez l&rsquo;option \u00ab\u00a0Code promotionnel\u00a0\u00bb.<\/li>\n\n\n\n<li>Entrez le code<strong>\u00ab\u00a0CSGOR1<\/strong>\u00a0\u00bb et confirmez-le.  <\/li>\n<\/ol>\n\n\n\n<p>Les codes promo Farmskins peuvent vous accorder plusieurs avantages, tels que des \u00e9tuis gratuits, de l&rsquo;argent gratuit, des cadeaux en peau de csgo et d&rsquo;autres avantages li\u00e9s au jeu. Vous pouvez ainsi surcharger votre compte pour plus de plaisir et de profits.<\/p>\n\n\n\n<h2 class=\"wp-block-heading\"><span class=\"ez-toc-section\" id=\"Promotions_de_cas_gratuits_en_cours\"><\/span>Promotions de cas gratuits en cours<span class=\"ez-toc-section-end\"><\/span><\/h2>\n\n\n\n<p>Farmskins offre diff\u00e9rents bonus et promotions afin d&rsquo;am\u00e9liorer l&rsquo;exp\u00e9rience d&rsquo;ouverture de cas pour les nouveaux joueurs comme pour les plus exp\u00e9riment\u00e9s. Le premier bonus dont vous pouvez b\u00e9n\u00e9ficier sur Farmskins est le code promo<strong>\u00ab\u00a0CSGOR1<\/strong>\u00ab\u00a0.  <\/p>\n\n\n\n<h3 class=\"wp-block-heading\">Win Gaben Bullets<\/h3>\n\n\n\n<p>Pour chaque dossier ouvert chez Farmskins, vous gagnez un nombre sp\u00e9cifique de \u00ab\u00a0balles Gaben\u00a0\u00bb, qui sont des points sp\u00e9ciaux accumul\u00e9s dans votre solde. Cette forme de monnaie virtuelle vous permet d&rsquo;acheter diff\u00e9rents articles dans le \u00ab\u00a0Gaben&rsquo;s Store\u00a0\u00bb du site.  <\/p>\n\n\n\n<p>With enough \u00ab\u00a0bullets\u00a0\u00bb in your balance, you can acquire rare items at a given price and re-sell them for profit, if you wish. Easily <a href=\"https:\/\/cs2surge.com\/csgo-upgrade-sites\/\" data-type=\"page\" data-id=\"2747\">upgrade your CSGO skins<\/a> in the \u00ab\u00a0Upgrade\u00a0\u00bb section, where Farmskins permits you to level up low-tier items for higher-value items.<\/p>\n\n\n\n<h3 class=\"wp-block-heading\">Au-del\u00e0 des cas gratuits &#8211; Gagnez des peaux pr\u00e9cieuses lors des batailles<\/h3>\n\n\n\n<p>Vous pouvez \u00e9galement participer \u00e0 la passionnante fonctionnalit\u00e9 \u00ab\u00a0Battle Arena\u00a0\u00bb pour disputer des skins de diff\u00e9rentes valeurs avec d&rsquo;autres joueurs dans des matchs comp\u00e9titifs.  <\/p>\n\n\n\n<p>Vous pouvez soit rejoindre l&rsquo;ar\u00e8ne en cliquant sur l&rsquo;onglet \u00ab\u00a0Cr\u00e9er une bataille\u00a0\u00bb, soit participer \u00e0 un match existant qui attend des concurrents. Si vous d\u00e9cidez de vous retirer d&rsquo;une bataille avant la fin, vous pouvez quitter le match et les d\u00e9penses de la bataille seront revers\u00e9es dans votre solde.<\/p>\n\n\n\n<h2 class=\"wp-block-heading\"><span class=\"ez-toc-section\" id=\"Promotion_VIP_et_recompenses_en_pieces_de_joueur\"><\/span>Promotion VIP et r\u00e9compenses en pi\u00e8ces de joueur<span class=\"ez-toc-section-end\"><\/span><\/h2>\n\n\n\n<p>Farmskins does not feature a proper VIP club or loyalty rewards. In addition to the \u00ab\u00a0<strong>CSGOR1<\/strong>\u00a0\u00bb promo code and other bonuses such as <a href=\"https:\/\/cs2surge.com\/giveaway\/\" data-type=\"page\" data-id=\"7636\">skin giveaways<\/a>, the website offers a special free case promotion based on your level.<\/p>\n\n\n\n<p>Lorsque vous \u00eates nouveau sur le site, vous avez le droit de r\u00e9clamer des cas gratuits dans les 7 premiers jours &#8211; quel que soit votre niveau. Au terme de la premi\u00e8re semaine, votre niveau d\u00e9termine votre droit \u00e0 r\u00e9clamer des cas gratuits.<\/p>\n\n\n\n<p>Vous pouvez passer \u00e0 un niveau sup\u00e9rieur en fonction du montant d\u00e9pos\u00e9 sur votre solde. Par exemple, si vous d\u00e9posez 4 $ sur la plateforme, vous recevrez 1 niveau pendant 30 jours, ce qui vous permettra d&rsquo;ouvrir une affaire gratuite le mois suivant.<\/p>\n\n\n\n<p>Plus vous d\u00e9posez d&rsquo;argent sur Farmskins, plus vous pouvez pr\u00e9tendre \u00e0 des cas quotidiens, le tout gratuitement. Le syst\u00e8me de niveaux fonctionne comme suit :<\/p>\n\n\n\n<ul class=\"wp-block-list\">\n<li><strong>Niveau 1 : <\/strong>$4.00 D\u00e9p\u00f4t  <\/li>\n\n\n\n<li><strong>Niveau 2 : $9 <\/strong>.00 D\u00e9p\u00f4t  <\/li>\n\n\n\n<li><strong>Niveau 3 :<\/strong> $30.00 D\u00e9p\u00f4t<\/li>\n\n\n\n<li><strong>Niveau 4 :<\/strong> $70.00 D\u00e9p\u00f4t  <\/li>\n\n\n\n<li><strong>Niveau 5 :<\/strong> $150.00 D\u00e9p\u00f4t  <\/li>\n\n\n\n<li><strong>Niveau 6 :<\/strong> $300.00 D\u00e9p\u00f4t  <\/li>\n<\/ul>\n\n\n\n<h2 class=\"wp-block-heading\"><span class=\"ez-toc-section\" id=\"How_Legit_Are_Farmskins_Affiliate_Codes\"><\/span>How Legit Are Farmskins Affiliate Codes?<span class=\"ez-toc-section-end\"><\/span><\/h2>\n\n\n\n<figure class=\"wp-block-image size-large\"><img loading=\"lazy\" decoding=\"async\" width=\"1024\" height=\"448\" src=\"https:\/\/cs2surge.com\/wp-content\/uploads\/2022\/06\/Farmskins-promo-code-enter-box-1024x448.png\" alt=\"Saisir le code promo de The Farmskins\" class=\"wp-image-8292\" srcset=\"https:\/\/cs2surge.com\/wp-content\/uploads\/2022\/06\/Farmskins-promo-code-enter-box-1024x448.png 1024w, https:\/\/cs2surge.com\/wp-content\/uploads\/2022\/06\/Farmskins-promo-code-enter-box-300x131.png 300w, https:\/\/cs2surge.com\/wp-content\/uploads\/2022\/06\/Farmskins-promo-code-enter-box-768x336.png 768w, https:\/\/cs2surge.com\/wp-content\/uploads\/2022\/06\/Farmskins-promo-code-enter-box-1536x673.png 1536w, https:\/\/cs2surge.com\/wp-content\/uploads\/2022\/06\/Farmskins-promo-code-enter-box.png 1617w\" sizes=\"auto, (max-width: 1024px) 100vw, 1024px\" \/><\/figure>\n\n\n\n<p>Farmskins is a pioneer in CS:GO case opening. The 2016-founded website never has credibility concerns.<\/p>\n\n\n\n<p>The platform never had hacking or security difficulties. Users can register using their Steam accounts without providing personal information.<\/p>\n\n\n\n<p>Farmskins accepts multiple deposit options, but exclusively CS:GO skins for withdrawals. If you don&rsquo;t want particular skins, use \u00ab\u00a0SELL\u00a0\u00bb to earn points and unlock other cases.<\/p>\n\n\n\n<p>Estonia-based WiseAvant O\u00dc runs the website. Due to local law, Belgians, Danes, and Dutch cannot use Farmskins.<\/p>\n\n\n\n<h2 class=\"wp-block-heading\"><span class=\"ez-toc-section\" id=\"Frequently_Asked_Questions\"><\/span>Frequently Asked Questions <span class=\"ez-toc-section-end\"><\/span><\/h2>\n\n\n<div id=\"rank-math-faq\" class=\"rank-math-block\">\n<div class=\"rank-math-list \">\n<div id=\"faq-question-1651827430678\" class=\"rank-math-list-item\">\n<h3 class=\"rank-math-question \">Qu&rsquo;est-ce que le code promo FarmSkins ?<\/h3>\n<div class=\"rank-math-answer \">\n\n<p>The promo code is &lsquo;CSGOR1&rsquo; on FarmSkins, in which you can obtain free coins of up to $0.5. There are no terms and conditions for this promo code.<\/p>\n\n<\/div>\n<\/div>\n<div id=\"faq-question-1651827434144\" class=\"rank-math-list-item\">\n<h3 class=\"rank-math-question \">M\u00e9thodes de paiement disponibles sur Farm Skins<\/h3>\n<div class=\"rank-math-answer \">\n\n<p>La plupart des sites de jeu csgo n&rsquo;incluent que les crypto-monnaies et peut-\u00eatre une quantit\u00e9 limit\u00e9e d&rsquo;autres portefeuilles \u00e9lectroniques comme m\u00e9thodes de paiement. C&rsquo;est \u00e9galement le cas pour Farm Skins, et vous pourrez d\u00e9poser avec des crypto-monnaies et vos skins CSGO.<\/p>\n\n<\/div>\n<\/div>\n<div id=\"faq-question-1654080063011\" class=\"rank-math-list-item\">\n<h3 class=\"rank-math-question \">En combien de temps le code est-il ajout\u00e9 \u00e0 mon compte ?<\/h3>\n<div class=\"rank-math-answer \">\n\n<p>Le code est instantan\u00e9 et vous pourrez commencer \u00e0 jouer avec vos 1$ gratuits d\u00e8s que vous aurez ajout\u00e9 notre code \u00ab\u00a0CSGOR1\u00a0\u00bb \u00e0 votre compte.  <\/p>\n\n<\/div>\n<\/div>\n<div id=\"faq-question-1654081990524\" class=\"rank-math-list-item\">\n<h3 class=\"rank-math-question \">Quels sont les modes de jeu disponibles \u00e0 Farmskins ?  <\/h3>\n<div class=\"rank-math-answer \">\n\n<p>Farmskins offre \u00e0 la fois \u00ab\u00a0Gaben&rsquo;s Store\u00a0\u00bb, \u00ab\u00a0Case Battle\u00a0\u00bb et aussi \u00ab\u00a0Upgrade\u00a0\u00bb qui sont tous une fa\u00e7on fantastique de passer votre temps si vous aimez CSGO.<\/p>\n\n<\/div>\n<\/div>\n<\/div>\n<\/div>\n\n\n<p><\/p>\n","protected":false},"excerpt":{"rendered":"<p>Si vous voulez aller droit au but, alors vous avez ici le code promo Farmskins que vous cherchiez :\u00ab\u00a0CSGOR1\u00ab\u00a0. Pour plus d&rsquo;informations, continuez \u00e0 lire ce guide exclusif sur le code promo Farmskins. Farmskins Codes [y] &amp; Promotions Si vous pensez que les codes promo pour Farmskins sont termin\u00e9s, nous avons une liste de codes &#8230; <a title=\"Code promotionnel Farm Skins\" class=\"read-more\" href=\"https:\/\/cs2surge.com\/fr\/code-promotionnel-farm-skins\/\" aria-label=\"En savoir plus sur Code promotionnel Farm Skins\">Lire la suite<\/a><\/p>\n","protected":false},"author":36,"featured_media":5442,"parent":0,"menu_order":0,"comment_status":"closed","ping_status":"closed","template":"","meta":{"inline_featured_image":false,"two_page_speed":[],"footnotes":""},"categories":[8],"tags":[],"class_list":{"0":"post-10838","1":"page","2":"type-page","3":"status-publish","4":"has-post-thumbnail","6":"category-rust-gambling-sites-online"},"acf":[],"_links":{"self":[{"href":"https:\/\/cs2surge.com\/fr\/wp-json\/wp\/v2\/pages\/10838","targetHints":{"allow":["GET"]}}],"collection":[{"href":"https:\/\/cs2surge.com\/fr\/wp-json\/wp\/v2\/pages"}],"about":[{"href":"https:\/\/cs2surge.com\/fr\/wp-json\/wp\/v2\/types\/page"}],"author":[{"embeddable":true,"href":"https:\/\/cs2surge.com\/fr\/wp-json\/wp\/v2\/users\/36"}],"replies":[{"embeddable":true,"href":"https:\/\/cs2surge.com\/fr\/wp-json\/wp\/v2\/comments?post=10838"}],"version-history":[{"count":17,"href":"https:\/\/cs2surge.com\/fr\/wp-json\/wp\/v2\/pages\/10838\/revisions"}],"predecessor-version":[{"id":24774,"href":"https:\/\/cs2surge.com\/fr\/wp-json\/wp\/v2\/pages\/10838\/revisions\/24774"}],"wp:featuredmedia":[{"embeddable":true,"href":"https:\/\/cs2surge.com\/fr\/wp-json\/wp\/v2\/media\/5442"}],"wp:attachment":[{"href":"https:\/\/cs2surge.com\/fr\/wp-json\/wp\/v2\/media?parent=10838"}],"wp:term":[{"taxonomy":"category","embeddable":true,"href":"https:\/\/cs2surge.com\/fr\/wp-json\/wp\/v2\/categories?post=10838"},{"taxonomy":"post_tag","embeddable":true,"href":"https:\/\/cs2surge.com\/fr\/wp-json\/wp\/v2\/tags?post=10838"}],"curies":[{"name":"wp","href":"https:\/\/api.w.org\/{rel}","templated":true}]}}