{"id":11071,"date":"2024-01-01T08:25:00","date_gmt":"2024-01-01T08:25:00","guid":{"rendered":"https:\/\/csgoradar.com\/sites-de-roulette-csgo\/"},"modified":"2022-11-07T10:37:50","modified_gmt":"2022-11-07T10:37:50","slug":"sites-de-roulette-csgo","status":"publish","type":"page","link":"https:\/\/cs2surge.com\/fr\/sites-de-roulette-csgo\/","title":{"rendered":"Sites de roulette CSGO"},"content":{"rendered":"\n<h2 class=\"wp-block-heading\"><span class=\"ez-toc-section\" id=\"Quest-ce_qui_fait_de_ces_sites_les_meilleurs_sites_de_roulette_CSGO\"><\/span>Qu&rsquo;est-ce qui fait de ces sites les meilleurs sites de roulette CSGO ?<span class=\"ez-toc-section-end\"><\/span><\/h2>\n\n\n\n<p>Vous vous \u00eates peut-\u00eatre demand\u00e9 comment nous avons \u00e9tabli notre liste des meilleurs sites de roulette CSGO. Voici nos crit\u00e8res pour d\u00e9terminer les notations.  <\/p>\n\n\n\n<ul class=\"wp-block-list\"><li><strong>Fantastique bonus de bienvenue &#8211; <\/strong>Qui n&rsquo;aime pas les bonus ? Il est peu probable qu&rsquo;une plateforme de jeu CSGO gagne en popularit\u00e9 si elle n&rsquo;en a pas. \u00c9videmment, les meilleurs codes de promotion donnent souvent lieu \u00e0 un jeu fantastique et vous permettent de tester la plateforme, et c&rsquo;est pourquoi c&rsquo;est un crit\u00e8re sur notre liste.<\/li><li><strong>Assistance \u00e0 la client\u00e8le<\/strong> &#8211; Pour ceux qui sont novices en mati\u00e8re de jeux d&rsquo;argent CSGO ou de jeux sp\u00e9cifiques tels que la roulette. Nous savons tous combien il est frustrant d&rsquo;avoir besoin d&rsquo;aide, et c&rsquo;est pourquoi le support client est un facteur si important dans nos meilleurs sites de roulette CSGO.<\/li><li><strong>Mise s\u00fbre et fiable<\/strong> &#8211; La plupart des bookmakers CSGO incluent des conditions de mise pour b\u00e9n\u00e9ficier de leurs bonus. Cela d\u00e9termine le montant que vous devez miser avant d&rsquo;obtenir le bonus. Notre analyse v\u00e9rifie si ces exigences sont \u00e9quitables.  <\/li><li><strong>Une base de joueurs importante<\/strong> &#8211; Plus la base de joueurs est importante, plus il est probable que l&rsquo;ensemble de la plateforme soit s\u00fbre, fiable et de haute qualit\u00e9 g\u00e9n\u00e9rale. Le fait d&rsquo;avoir un grand nombre d&rsquo;avis et de joueurs place les sites plus haut dans notre liste.<\/li><li><strong>M\u00e9thodes de paiement<\/strong> &#8211; Nous pouvons nous sentir en s\u00e9curit\u00e9 lorsque nous d\u00e9posons avec des portefeuilles \u00e9lectroniques tels que PayPal. Toutefois, certains joueurs peuvent souhaiter disposer d&rsquo;un plus grand nombre d&rsquo;options pour d\u00e9poser et retirer des fonds. Il est habituel de voir la plupart des types de porte-monnaie \u00e9lectronique sur ces plateformes CSGO car ils sont souvent en crypto-monnaies ou principalement en skins CSGO, donc s&rsquo;ils ont diff\u00e9rentes formes de porte-monnaie \u00e9lectronique, c&rsquo;est g\u00e9n\u00e9ralement un bon signe.<\/li><li><strong>Jeux alternatifs<\/strong> &#8211; Un large \u00e9ventail de jeux de casino alternatifs, tels que le Coinflip, le Black Jack ou m\u00eame les jeux \u00e0 jackpot, offrent des possibilit\u00e9s fantastiques de jouer davantage et de gagner plus de r\u00e9compenses.<\/li><\/ul>\n\n\n\n<h2 class=\"wp-block-heading\"><span class=\"ez-toc-section\" id=\"Comment_fonctionne_la_roulette_CSGO\"><\/span>Comment fonctionne la roulette CSGO ?  <span class=\"ez-toc-section-end\"><\/span><\/h2>\n\n\n\n<p>Tout comme la roulette traditionnelle, la roulette CSGO est assez simple. Il suffit de s&rsquo;inscrire, d&rsquo;obtenir un bonus et de placer une mise de 2,5x, 14x ou m\u00eame 50x, le multiplicateur devenant de plus en plus risqu\u00e9.  <\/p>\n\n\n\n<p>Les jeux de roulette CS:GO sont identiques aux jeux de roulette standard des casinos en ligne. La seule diff\u00e9rence est que vous pariez avec des pi\u00e8ces ou des jetons, que vous obtenez en d\u00e9posant des skins CSGO.  <\/p>\n\n\n\n<p>En dehors de cela, il vous suffit de choisir un jeu de roulette, de faire vos paris et d&rsquo;attendre les r\u00e9sultats finaux \u00e0 chaque tour. Si vous gagnez, le jeu cr\u00e9dite automatiquement vos gains correspondants.<\/p>\n\n\n\n<h2 class=\"wp-block-heading\"><span class=\"ez-toc-section\" id=\"Types_de_jeux_de_roulette_CS_GO\"><\/span>Types de jeux de roulette CS:GO<span class=\"ez-toc-section-end\"><\/span><\/h2>\n\n\n\n<p>Les sites de roulette CSGO vous proposent une grande vari\u00e9t\u00e9 de jeux, afin que vous puissiez ajouter beaucoup de plaisir et de nouveaut\u00e9 \u00e0 vos sessions de jeu. Voici ce que vous trouverez :<\/p>\n\n\n\n<h3 class=\"wp-block-heading\">Jeux de roulette classique<\/h3>\n\n\n\n<p>Vous trouverez ici les jeux de roulette standard auxquels vous pouvez jouer dans tous les casinos en ligne du monde, tels que :<\/p>\n\n\n\n<ul class=\"wp-block-list\"><li>Roulette am\u00e9ricaine<\/li><li>Roulette fran\u00e7aise<\/li><li>Roulette europ\u00e9enne<\/li><li>Roulette \u00e0 double z\u00e9ro<\/li><li>Roulette rapide<\/li><li>Roulette \u00e0 jackpot<\/li><li>Roulette \u00e0 double roue<\/li><\/ul>\n\n\n\n<p>Par cons\u00e9quent, si vous avez d\u00e9j\u00e0 une strat\u00e9gie efficace pour l&rsquo;un de ces jeux de roulette classiques, vous serez heureux d&rsquo;apprendre que vous pouvez les trouver sur nos sites de paris CS:GO recommand\u00e9s.<\/p>\n\n\n\n<p>La seule diff\u00e9rence ici est que vous d\u00e9poserez des skins, afin d&rsquo;obtenir des pi\u00e8ces et des jetons que vous pourrez utiliser pour parier sur les jeux de roulette. En rejoignant nos sites recommand\u00e9s, vous pourrez \u00e9changer vos pi\u00e8ces ou jetons contre des skins CSGO premium.<\/p>\n\n\n\n<h3 class=\"wp-block-heading\">Curseur de la roulette CS:GO<\/h3>\n\n\n\n<p>C&rsquo;est un classique des sites de roulette CS:GO, et il diff\u00e8re des jeux de roulette classiques. Ici, vous aurez un ensemble de 15 carr\u00e9s de couleur qui se d\u00e9placeront jusqu&rsquo;\u00e0 ce que le curseur s&rsquo;arr\u00eate sur une couleur. Le gain pour le rouge ou le noir est de x2, tandis que le carr\u00e9 vert vous rapportera x14 fois votre mise initiale.<\/p>\n\n\n\n<h3 class=\"wp-block-heading\">X-Roulette<\/h3>\n\n\n\n<p>Si vous aimez les <a href=\"https:\/\/cs2surge.com\/fr\/les-meilleurs-sites-de-crash-csgo\/\" data-type=\"page\" data-id=\"263\">jeux de collision CS:GO<\/a>, alors vous allez adorer cette version sp\u00e9ciale de la roulette. Il combine le concept de crash avec la roulette. Par cons\u00e9quent, vous devez parier sur le multiplicateur auquel vous pensez que le curseur s&rsquo;arr\u00eatera, et si vous avez raison, alors vous pouvez multiplier votre mise par des milliers de fois si vous \u00eates assez chanceux.<\/p>\n\n\n\n<h3 class=\"wp-block-heading\">Roulette 50x<\/h3>\n\n\n\n<p>Ce jeu est similaire au curseur de la roulette de CS:GO, mais au lieu de 15 carr\u00e9s de couleur, vous jouerez avec 50. En fonction de votre mise et de la couleur sur laquelle s&rsquo;arr\u00eate le curseur, vous pouvez gagner x2, x3, x5 ou 50x votre mise initiale.<\/p>\n\n\n\n<p>Avec une telle vari\u00e9t\u00e9 de jeux de roulette, vous pouvez \u00e9laborer d&rsquo;excellentes strat\u00e9gies bas\u00e9es sur la gestion du capital, ainsi que des s\u00e9quences num\u00e9riques si vous les aimez, comme Fibonacci ou Martingale.  <\/p>\n\n\n\n<p>N&rsquo;oubliez pas non plus que nos sites recommand\u00e9s vous proposent \u00e9galement d&rsquo;autres types de jeux de CS:GO et de casino, afin que vous puissiez ajouter encore plus de vari\u00e9t\u00e9 \u00e0 vos sessions de jeu. Des jeux de hasard et des machines \u00e0 sous au poker et au blackjack, un grand catalogue de jeux vous attend.<\/p>\n\n\n\n<h2 class=\"wp-block-heading\"><span class=\"ez-toc-section\" id=\"Les_avantages_de_jouer_sur_les_sites_de_roulette_CS_GO\"><\/span>Les avantages de jouer sur les sites de roulette CS:GO ?<span class=\"ez-toc-section-end\"><\/span><\/h2>\n\n\n\n<p>Les jeux de roulette CS:GO vous apportent des avantages cl\u00e9s qui vous aideront \u00e0 faire de m\u00eame et, si vous le souhaitez, \u00e0 gagner de l&rsquo;argent gr\u00e2ce \u00e0 l&rsquo;obtention de skins exotiques. Voici tout ce que vous devez savoir.<\/p>\n\n\n\n<h3 class=\"wp-block-heading\">Une fa\u00e7on amusante de gagner des skins de valeur<\/h3>\n\n\n\n<p>Puisque nos sites recommand\u00e9s vous donnent acc\u00e8s \u00e0 des places de march\u00e9 proposant de nombreux skins, c&rsquo;est un moyen amusant d&rsquo;enrichir votre inventaire. Que vous souhaitiez am\u00e9liorer votre exp\u00e9rience de CS:GO ou collecter des skins de valeur que vous pouvez vendre pour beaucoup d&rsquo;argent, nos sites recommand\u00e9s vous aideront \u00e0 atteindre vos objectifs.<\/p>\n\n\n\n<h3 class=\"wp-block-heading\">Une grande vari\u00e9t\u00e9 de jeux<\/h3>\n\n\n\n<p>Si vous aimez jouer \u00e0 la roulette en ligne, vous serez heureux d&rsquo;apprendre que les sites de jeu CS:GO vous proposent une large gamme de jeux de roulette. Qu&rsquo;il s&rsquo;agisse de la version classique (europ\u00e9enne, fran\u00e7aise et am\u00e9ricaine) ou de versions exotiques (roulette x50 et X-Roulette), vous aurez l&#8217;embarras du choix.<\/p>\n\n\n\n<h3 class=\"wp-block-heading\">Acc\u00e8s aux skins exotiques de CS:GO<\/h3>\n\n\n\n<p>Il y a une raison pour laquelle les sites de roulette CSGO sont si populaires en ce moment, et c&rsquo;est parce qu&rsquo;ils ont beaucoup de skins exotiques, premium et pr\u00e9cieux. Si vous souhaitez faire passer votre inventaire au niveau sup\u00e9rieur, inscrivez-vous sur l&rsquo;un des sites que nous recommandons.<\/p>\n\n\n\n<h2 class=\"wp-block-heading\"><span class=\"ez-toc-section\" id=\"Strategies_de_roulette_CSGO\"><\/span>Strat\u00e9gies de roulette CSGO<strong> <\/strong><span class=\"ez-toc-section-end\"><\/span><\/h2>\n\n\n\n<h3 class=\"wp-block-heading\">Martingale<\/h3>\n\n\n\n<p>Cette strat\u00e9gie consiste \u00e0 placer une mise sur une couleur qui rapporte 2x, le double de la mise pr\u00e9c\u00e9dente sur la m\u00eame couleur si elle est perdante. Continuez ainsi jusqu&rsquo;\u00e0 ce que vous gagniez et vous r\u00e9cup\u00e9rerez toutes les pertes.  <\/p>\n\n\n\n<h3 class=\"wp-block-heading\">Martingale invers\u00e9e<\/h3>\n\n\n\n<p>Similaire \u00e0 la Martingale standard, mais utilise la strat\u00e9gie oppos\u00e9e. Placez une mise sur la couleur de votre choix et doublez la mise si vous gagnez. Continuez ainsi jusqu&rsquo;\u00e0 ce que vous soyez satisfait et si vous perdez, revenez \u00e0 la mise initiale.<\/p>\n\n\n\n<h3 class=\"wp-block-heading\">Comment gagner aux jeux de roulette CSGO ?<\/h3>\n\n\n\n<p>Notre principal conseil est de vous concentrer sur la gestion de votre bankroll, de d\u00e9cider du risque que vous \u00eates capable d&rsquo;accepter, de la taille de vos paris et du moment o\u00f9 vous allez r\u00e9duire vos pertes ou retirer vos b\u00e9n\u00e9fices. En outre, renseignez-vous sur les probabilit\u00e9s de chaque jeu de roulette avant de faire des paris, afin de conna\u00eetre les chances r\u00e9elles que vous avez de gagner un prix.<\/p>\n\n\n\n<h2 class=\"wp-block-heading\"><span class=\"ez-toc-section\" id=\"Comment_jouer_a_la_roulette_CS_GO_en_ligne\"><\/span>Comment jouer \u00e0 la roulette CS:GO en ligne<span class=\"ez-toc-section-end\"><\/span><\/h2>\n\n\n\n<p>Si vous \u00eates nouveau dans le jeu de roulette CSGO, laissez-nous vous montrer comment jouer en 6 \u00e9tapes faciles :<\/p>\n\n\n\n<ol class=\"wp-block-list\"><li>Inscrivez-vous sur l&rsquo;un des sites de roulette CS.GO que nous recommandons.<\/li><li>Activez votre compte et effectuez votre premier d\u00e9p\u00f4t de peau (vous pouvez \u00e9galement d\u00e9poser des crypto-monnaies ou de l&rsquo;argent FIAT).<\/li><li>S\u00e9lectionnez votre jeu de roulette CS:GO pr\u00e9f\u00e9r\u00e9, comme la roulette classique, la roulette 50x ou la roulette X.<\/li><li>Faites vos paris sur la base de votre strat\u00e9gie de gestion de votre bankroll (et de votre strat\u00e9gie de s\u00e9quence num\u00e9rique si vous souhaitez l&rsquo;appliquer).<\/li><li>Attendez que le jeu annonce les paris gagnants.<\/li><li>Si votre pari a remport\u00e9 un prix, le jeu le cr\u00e9dite automatiquement sur le solde de votre compte.<\/li><\/ol>\n\n\n\n<p><em>N&rsquo;oubliez pas de lire les r\u00e8gles de chaque jeu de roulette CS:GO, comme pour d&rsquo;autres jeux tels que le jackpot CSGO, afin de conna\u00eetre les probabilit\u00e9s, les options de pari, les prix, et plus encore avant de miser vos pi\u00e8ces ou jetons.  <\/em><\/p>\n","protected":false},"excerpt":{"rendered":"<p>Qu&rsquo;est-ce qui fait de ces sites les meilleurs sites de roulette CSGO ? Vous vous \u00eates peut-\u00eatre demand\u00e9 comment nous avons \u00e9tabli notre liste des meilleurs sites de roulette CSGO. Voici nos crit\u00e8res pour d\u00e9terminer les notations. Fantastique bonus de bienvenue &#8211; Qui n&rsquo;aime pas les bonus ? Il est peu probable qu&rsquo;une plateforme de &#8230; <a title=\"Sites de roulette CSGO\" class=\"read-more\" href=\"https:\/\/cs2surge.com\/fr\/sites-de-roulette-csgo\/\" aria-label=\"En savoir plus sur Sites de roulette CSGO\">Lire la suite<\/a><\/p>\n","protected":false},"author":36,"featured_media":14165,"parent":0,"menu_order":0,"comment_status":"closed","ping_status":"closed","template":"","meta":{"inline_featured_image":false,"two_page_speed":[],"footnotes":""},"categories":[20],"tags":[],"class_list":{"0":"post-11071","1":"page","2":"type-page","3":"status-publish","4":"has-post-thumbnail","6":"category-non-classifiee"},"acf":[],"_links":{"self":[{"href":"https:\/\/cs2surge.com\/fr\/wp-json\/wp\/v2\/pages\/11071","targetHints":{"allow":["GET"]}}],"collection":[{"href":"https:\/\/cs2surge.com\/fr\/wp-json\/wp\/v2\/pages"}],"about":[{"href":"https:\/\/cs2surge.com\/fr\/wp-json\/wp\/v2\/types\/page"}],"author":[{"embeddable":true,"href":"https:\/\/cs2surge.com\/fr\/wp-json\/wp\/v2\/users\/36"}],"replies":[{"embeddable":true,"href":"https:\/\/cs2surge.com\/fr\/wp-json\/wp\/v2\/comments?post=11071"}],"version-history":[{"count":10,"href":"https:\/\/cs2surge.com\/fr\/wp-json\/wp\/v2\/pages\/11071\/revisions"}],"predecessor-version":[{"id":13585,"href":"https:\/\/cs2surge.com\/fr\/wp-json\/wp\/v2\/pages\/11071\/revisions\/13585"}],"wp:featuredmedia":[{"embeddable":true,"href":"https:\/\/cs2surge.com\/fr\/wp-json\/wp\/v2\/media\/14165"}],"wp:attachment":[{"href":"https:\/\/cs2surge.com\/fr\/wp-json\/wp\/v2\/media?parent=11071"}],"wp:term":[{"taxonomy":"category","embeddable":true,"href":"https:\/\/cs2surge.com\/fr\/wp-json\/wp\/v2\/categories?post=11071"},{"taxonomy":"post_tag","embeddable":true,"href":"https:\/\/cs2surge.com\/fr\/wp-json\/wp\/v2\/tags?post=11071"}],"curies":[{"name":"wp","href":"https:\/\/api.w.org\/{rel}","templated":true}]}}