{"id":7021,"date":"2023-05-07T08:28:00","date_gmt":"2023-05-07T08:28:00","guid":{"rendered":"https:\/\/csgoradar.com\/code-promotionnel-gamdom\/"},"modified":"2024-09-08T19:53:36","modified_gmt":"2024-09-08T19:53:36","slug":"code-promotionnel-gamdom","status":"publish","type":"page","link":"https:\/\/cs2surge.com\/fr\/code-promotionnel-gamdom\/","title":{"rendered":"Code promotionnel Gamdom"},"content":{"rendered":"\n<p>Nous avons assist\u00e9 \u00e0 un pic d&rsquo;activit\u00e9 sur le march\u00e9 des casinos CSGO au cours de la derni\u00e8re d\u00e9cennie. Gamdom pr\u00e9sente des codes promotionnels all\u00e9chants que seule une poign\u00e9e de ses concurrents peuvent se mesurer pour garder la t\u00eate hors de l&rsquo;eau. Utilisez le code bonus \u00ab\u00a0RAD100\u00a0\u00bb pour obtenir 0,50&nbsp;$ de pi\u00e8ces gratuites lors de votre inscription. Pour r\u00e9clamer plus de cadeaux, appuyez sur l&rsquo;ic\u00f4ne \u00ab\u00a0r\u00e9clamer une r\u00e9compense gratuite\u00a0\u00bb sous la section des affiliations et entrez le code <strong>RAD100<\/strong> . Si vous cherchez \u00e0 rejoindre l&rsquo;exp\u00e9rience amusante, vous trouverez ci-dessous une liste des codes promotionnels Gamdom les plus lucratifs.<\/p>\n\n\n\n<ul class=\"wp-block-list\">\n<li>RAD100<\/li>\n\n\n\n<li>ES100<\/li>\n\n\n\n<li>Top100liste<\/li>\n<\/ul>\n\n\n\n<p>Gamdom fait pleuvoir des skins, de l&rsquo;argent et des pi\u00e8ces sur ses plateformes de m\u00e9dias sociaux, notamment Facebook, Twitter, Instagram et VK. Si ces codes ne suffisent pas \u00e0 faire battre votre c\u0153ur, vous recevrez encore plus de pi\u00e8ces, de skins et de codes via le syst\u00e8me Rainbot et Daily Reward. Sans oublier les r\u00e9compenses quotidiennes offertes aux clients v\u00e9rifi\u00e9s.<\/p>\n\n\n\n<h2 class=\"wp-block-heading\"><span class=\"ez-toc-section\" id=\"Promotions_de_code_gratuit_en_cours\"><\/span>Promotions de code gratuit en cours<span class=\"ez-toc-section-end\"><\/span><\/h2>\n\n\n\n<p>En ce qui concerne les nouveaux sites de jeu CSGO, Gamdom a eu un impact significatif sur l&rsquo;industrie. L&rsquo;entreprise a convaincu les parieurs chevronn\u00e9s de sa r\u00e9putation et de sa nature g\u00e9n\u00e9reuse au cours de sa br\u00e8ve existence. Ainsi, \u00eatre couronn\u00e9 l&rsquo;un des <a href=\"https:\/\/cs2surge.com\/csgo-roulette-sites\/\">meilleurs sites Web de roulette CSGO<\/a> dans les jeux modernes.<\/p>\n\n\n\n<p>Chez Gamdom, les utilisateurs v\u00e9rifi\u00e9s ont droit \u00e0 des pi\u00e8ces gratuites quotidiennes, qui augmentent \u00e0 chaque niveau. De plus, il existe des codes promotionnels sociaux gratuits distribu\u00e9s via les plateformes de m\u00e9dias sociaux de l&rsquo;entreprise. Cependant, Rainbot est la vedette du site Web de toutes ces fonctionnalit\u00e9s enchanteresses. Il se d\u00e9cline en 3 cat\u00e9gories \u2013 pluie gratuite, pluie normale, tsunami\/tornade\/pluies volcaniques.<\/p>\n\n\n\n<figure class=\"wp-block-gallery has-nested-images columns-default is-cropped wp-block-gallery-1 is-layout-flex wp-block-gallery-is-layout-flex\">\n<figure class=\"wp-block-image size-large\"><img loading=\"lazy\" decoding=\"async\" width=\"1024\" height=\"343\" data-id=\"1133\" src=\"https:\/\/cs2surge.com\/wp-content\/uploads\/2021\/07\/gamdom-promotions-promo-codes-1024x343.png\" alt=\"Code promo et offres Gamdom \n\" class=\"wp-image-1133\" srcset=\"https:\/\/cs2surge.com\/wp-content\/uploads\/2021\/07\/gamdom-promotions-promo-codes-1024x343.png 1024w, https:\/\/cs2surge.com\/wp-content\/uploads\/2021\/07\/gamdom-promotions-promo-codes-300x101.png 300w, https:\/\/cs2surge.com\/wp-content\/uploads\/2021\/07\/gamdom-promotions-promo-codes-768x258.png 768w, https:\/\/cs2surge.com\/wp-content\/uploads\/2021\/07\/gamdom-promotions-promo-codes.png 1300w\" sizes=\"auto, (max-width: 1024px) 100vw, 1024px\" \/><\/figure>\n<\/figure>\n\n\n\n<p>Rainbot offre \u00e0 ses utilisateurs des r\u00e9compenses en esp\u00e8ces massives gr\u00e2ce \u00e0 ses th\u00e8mes uniques, comme vous l&rsquo;avez probablement devin\u00e9. Explorons ces options en d\u00e9tail.<\/p>\n\n\n\n<ul class=\"wp-block-list\">\n<li>Free Rain : Attribue des pi\u00e8ces sans aucune exigence de mise.<\/li>\n\n\n\n<li>Pluie normale\u00a0: les pi\u00e8ces sont attribu\u00e9es apr\u00e8s avoir satisfait aux conditions de mise sp\u00e9cifi\u00e9es.<\/li>\n\n\n\n<li>Tsunami\/Tornade\/Pluies volcaniques\u00a0: offre un \u00e9norme bon compos\u00e9 de billets de banque gratuits.<\/li>\n<\/ul>\n\n\n\n<h2 class=\"wp-block-heading\"><span class=\"ez-toc-section\" id=\"Promotion_VIP_et_recompenses_en_pieces_de_joueur\"><\/span>Promotion VIP et r\u00e9compenses en pi\u00e8ces de joueur<span class=\"ez-toc-section-end\"><\/span><\/h2>\n\n\n\n<p>En ce qui concerne les promotions et les r\u00e9compenses VIP, la communaut\u00e9 Gamdom pr\u00e9pare une temp\u00eate. Apr\u00e8s avoir atteint le statut VIP, les joueurs passionn\u00e9s re\u00e7oivent des r\u00e9compenses et des bonus. En tant que membre de la famille royale, vous aurez votre assistant royal, dont le r\u00f4le est d&rsquo;offrir une assistance directe et des r\u00e9compenses sur mesure. En plus du statut de famille royale et des r\u00e9compenses personnalis\u00e9es, vous recevrez \u00e9galement un cashback instantan\u00e9 allant jusqu&rsquo;\u00e0 13 %.<\/p>\n\n\n\n<p>Impressionnant, la g\u00e9n\u00e9rosit\u00e9 de l&rsquo;entreprise s&rsquo;\u00e9tend \u00e0 votre famille et vos amis. Avec les codes de parrainage et les codes d&rsquo;affiliation, vous obtiendrez divers cadeaux pour chaque ami qui ouvre un nouveau compte. Il y a des skins gratuits, des \u00e9tuis gratuits et des pi\u00e8ces \u00e0 gagner en fonction de votre chance. Suivez l&rsquo;entreprise sur Twitter, Facebook, Instagram ou VK pour recevoir des codes promotionnels sociaux pour une touche de plaisir suppl\u00e9mentaire.<\/p>\n\n\n\n<h2 class=\"wp-block-heading\"><span class=\"ez-toc-section\" id=\"Quelle_est_la_legitimite_des_codes_promotionnels_de_Gamdom\"><\/span>Quelle est la l\u00e9gitimit\u00e9 des codes promotionnels de Gamdom&nbsp;?<span class=\"ez-toc-section-end\"><\/span><\/h2>\n\n\n\n<p>La question des licences est souvent un oubli parmi les sites Web de jeux CSGO. Cela ne favorise pas une nouvelle vague de parieurs d\u00e9j\u00e0 suspecte. Consid\u00e9rant que des millions de parieurs se font arnaquer quotidiennement par des sites ill\u00e9gaux, il est toujours judicieux de proc\u00e9der \u00e0 une inspection approfondie de l&rsquo;\u00e9tablissement. Heureusement, Gamdom semble d&rsquo;une propret\u00e9 irr\u00e9prochable, exempte m\u00eame d&rsquo;un grain de poussi\u00e8re. L&rsquo;entreprise utilise un syst\u00e8me unique, dont l&rsquo;\u00e9quit\u00e9 est prouv\u00e9e, pour \u00e9liminer toute trace de fraude. Tous les jeux sont d\u00e9termin\u00e9s \u00e0 l&rsquo;aide de calculs math\u00e9matiques.<\/p>\n\n\n\n<p><p><\/p><div>What&rsquo;s more, Gamdom does not violate any industry laws. Instead, the team goes above and beyond to ensure a safe gambling environment. So, dip your toes into the popular Gamdom CSGO website.<\/div><\/p>\n\n\n\n<h2 class=\"wp-block-heading\"><span class=\"ez-toc-section\" id=\"Comment_reclamer_le_code_promotionnel_Gamdom\"><\/span>Comment r\u00e9clamer le code promotionnel Gamdom<span class=\"ez-toc-section-end\"><\/span><\/h2>\n\n\n\n<p>En tant que site de jeu CSGO d\u00e9velopp\u00e9 par une \u00e9quipe de jeunes professionnels f\u00e9rus de technologie, Gamdom sert de station de confort pour les chasseurs de primes. La soci\u00e9t\u00e9 est fi\u00e8re d&rsquo;offrir un syst\u00e8me d&rsquo;activation pratique qui prend un peu plus de 3 minutes. Non seulement le d\u00e9marrage du processus est un jeu d&rsquo;enfant, mais la navigation sur le site Web s&rsquo;av\u00e8re une exp\u00e9rience transparente. Pour mettre la main sur l&rsquo;offre all\u00e9chante, entrez le <strong>code promo \u00ab\u00a0RAD100\u00a0\u00bb<\/strong> et vous recevrez des skins gratuits jusqu&rsquo;\u00e0 0,50 $. Cliquez sur l&rsquo;ic\u00f4ne \u00ab&nbsp;+&nbsp;\u00bb pour les nouveaux joueurs, choisissez l&rsquo;onglet \u00ab&nbsp;\u00c9changer une carte-cadeau&nbsp;\u00bb et vous \u00eates pr\u00eat \u00e0 d\u00e9coller&nbsp;!<\/p>\n\n\n\n<h2 class=\"wp-block-heading\"><span class=\"ez-toc-section\" id=\"Resume_du_code_gratuit_de_Gamdom\"><\/span>R\u00e9sum\u00e9 du code gratuit de Gamdom<span class=\"ez-toc-section-end\"><\/span><\/h2>\n\n\n\n<p>Le concept des <a href=\"https:\/\/cs2surge.com\/fr\/\">sites Web de jeu de peau CSGO<\/a> est souvent une \u00e9p\u00e9e \u00e0 double tranchant. Alors que l&rsquo;id\u00e9e derri\u00e8re cette innovation est brillante et tr\u00e8s gratifiante, le march\u00e9 est inond\u00e9 de fraudes. S&rsquo;av\u00e9rant \u00eatre une option sup\u00e9rieure pour tous ceux qui cherchent \u00e0 devenir grand, Gamdom scintille en termes de commodit\u00e9, de jeunesse et de cadeaux massifs. Le site Web regorge de codes promotionnels allant des paris gratuits, des offres quotidiennes, des VIP et des r\u00e9compenses, et la signature Rainbot. Une fois que vous avez plac\u00e9 divers paris sur le site Web, les joueurs peuvent gravir les \u00e9chelons pour faire partie de la famille royale. Consid\u00e9rant que Gamdom est aussi bon que possible, nous avons h\u00e2te de voir ce que l&rsquo;\u00e9quipe proposera d&rsquo;autre \u00e0 l&rsquo;avenir.<\/p>\n\n\n\n<h2 class=\"wp-block-heading\"><span class=\"ez-toc-section\" id=\"Foire_aux_questions_sur_les_codes_Gamdom\"><\/span>Foire aux questions sur les codes Gamdom<span class=\"ez-toc-section-end\"><\/span><\/h2>\n\n\n\n<p><strong>Comment obtenir des pi\u00e8ces gratuites sur Gamdom ?<\/strong><\/p>\n\n\n\n<p>Pour obtenir votre juste part des cadeaux, rendez-vous sur le bouton plus et remplissez le code correspondant sous l&rsquo;onglet \u00ab\u00a0\u00c9changer une carte-cadeau\u00a0\u00bb. Cliquez sur r\u00e9clamer et le bonus appara\u00eetra instantan\u00e9ment dans votre portefeuille.<\/p>\n\n\n\n<p><strong>Gamdom est-il l\u00e9gitime&nbsp;?<\/strong><\/p>\n\n\n\n<p>Nous avons trouv\u00e9 que le site Web \u00e9tait tr\u00e8s fiable et transparent lors de notre examen. La soci\u00e9t\u00e9 utilise des technologies logicielles de pointe pour assurer la s\u00e9curit\u00e9 de ses clients estim\u00e9s. De plus, il est conforme aux r\u00e9glementations de l&rsquo;industrie.<\/p>\n\n\n\n<p><strong>Existe-t-il un code promo Gamdom ?<\/strong><\/p>\n\n\n\n<p>Gamdom propose des codes promotionnels lucratifs qui offrent des cadeaux massifs. Le site Web distribue une s\u00e9rie de skins et de pi\u00e8ces, y compris des r\u00e9compenses quotidiennes. Les joueurs peuvent utiliser le code bonus \u00ab\u00a0RAD100\u00a0\u00bb pour obtenir jusqu&rsquo;\u00e0 1 000 $ de skins gratuits. Voici les principaux codes promo \u00e0 utiliser.<\/p>\n\n\n\n<ul class=\"wp-block-list\">\n<li>RAD100<\/li>\n\n\n\n<li>ES100<\/li>\n\n\n\n<li>Top100liste<\/li>\n<\/ul>\n","protected":false},"excerpt":{"rendered":"<p>Nous avons assist\u00e9 \u00e0 un pic d&rsquo;activit\u00e9 sur le march\u00e9 des casinos CSGO au cours de la derni\u00e8re d\u00e9cennie. Gamdom pr\u00e9sente des codes promotionnels all\u00e9chants que seule une poign\u00e9e de ses concurrents peuvent se mesurer pour garder la t\u00eate hors de l&rsquo;eau. Utilisez le code bonus \u00ab\u00a0RAD100\u00a0\u00bb pour obtenir 0,50&nbsp;$ de pi\u00e8ces gratuites lors de &#8230; <a title=\"Code promotionnel Gamdom\" class=\"read-more\" href=\"https:\/\/cs2surge.com\/fr\/code-promotionnel-gamdom\/\" aria-label=\"En savoir plus sur Code promotionnel Gamdom\">Lire la suite<\/a><\/p>\n","protected":false},"author":36,"featured_media":4284,"parent":0,"menu_order":0,"comment_status":"closed","ping_status":"closed","template":"","meta":{"inline_featured_image":false,"two_page_speed":[],"footnotes":""},"categories":[63],"tags":[],"class_list":{"0":"post-7021","1":"page","2":"type-page","3":"status-publish","4":"has-post-thumbnail","6":"category-codes-csgo"},"acf":[],"_links":{"self":[{"href":"https:\/\/cs2surge.com\/fr\/wp-json\/wp\/v2\/pages\/7021","targetHints":{"allow":["GET"]}}],"collection":[{"href":"https:\/\/cs2surge.com\/fr\/wp-json\/wp\/v2\/pages"}],"about":[{"href":"https:\/\/cs2surge.com\/fr\/wp-json\/wp\/v2\/types\/page"}],"author":[{"embeddable":true,"href":"https:\/\/cs2surge.com\/fr\/wp-json\/wp\/v2\/users\/36"}],"replies":[{"embeddable":true,"href":"https:\/\/cs2surge.com\/fr\/wp-json\/wp\/v2\/comments?post=7021"}],"version-history":[{"count":10,"href":"https:\/\/cs2surge.com\/fr\/wp-json\/wp\/v2\/pages\/7021\/revisions"}],"predecessor-version":[{"id":25763,"href":"https:\/\/cs2surge.com\/fr\/wp-json\/wp\/v2\/pages\/7021\/revisions\/25763"}],"wp:featuredmedia":[{"embeddable":true,"href":"https:\/\/cs2surge.com\/fr\/wp-json\/wp\/v2\/media\/4284"}],"wp:attachment":[{"href":"https:\/\/cs2surge.com\/fr\/wp-json\/wp\/v2\/media?parent=7021"}],"wp:term":[{"taxonomy":"category","embeddable":true,"href":"https:\/\/cs2surge.com\/fr\/wp-json\/wp\/v2\/categories?post=7021"},{"taxonomy":"post_tag","embeddable":true,"href":"https:\/\/cs2surge.com\/fr\/wp-json\/wp\/v2\/tags?post=7021"}],"curies":[{"name":"wp","href":"https:\/\/api.w.org\/{rel}","templated":true}]}}