{"id":7047,"date":"2023-05-27T03:59:00","date_gmt":"2023-05-27T03:59:00","guid":{"rendered":"https:\/\/csgoradar.com\/codes-promotionnels-csgoroll\/"},"modified":"2023-02-17T14:26:09","modified_gmt":"2023-02-17T14:26:09","slug":"codes-promotionnels-csgoroll","status":"publish","type":"page","link":"https:\/\/cs2surge.com\/fr\/codes-promotionnels-csgoroll\/","title":{"rendered":"Code promotionnel CSGORoll"},"content":{"rendered":"\n<p>CSGORoll est l&rsquo;une des plateformes pr\u00e9f\u00e9r\u00e9es des joueurs de CSGO et des parieurs, et c&rsquo;est pourquoi nous vous avons apport\u00e9 le meilleur code promo CSGORoll en [y], et le voici : <strong>\u00ab\u00a0CR100<\/strong>\u00ab\u00a0.<\/p>\n\n\n\n<p>Si vous voulez apprendre \u00e0 l&rsquo;utiliser, en plus des autres codes promotionnels, bonus et offres auxquels vous avez droit en rejoignant CSGORoll, alors soyez notre invit\u00e9.<\/p>\n\n\n\n<h2 class=\"wp-block-heading\"><span class=\"ez-toc-section\" id=\"Codes_et_promotions_CSGORoll_en_y\"><\/span>Codes et promotions CSGORoll en [y]<span class=\"ez-toc-section-end\"><\/span><\/h2>\n\n\n\n<p>Si notre code promo principal CSGORoll ne vous suffit pas, ne vous inqui\u00e9tez pas car nous avons un ensemble complet d&rsquo;autres codes gratuits \u00e0 votre disposition :<\/p>\n\n\n\n<ul class=\"wp-block-list\"><li><strong>CR100<\/strong> (3+ valises gratuites + 5% de bonus sur les d\u00e9p\u00f4ts)<\/li><li><strong>CR30<\/strong>(3+ valises gratuites + 5% de bonus sur les d\u00e9p\u00f4ts)<\/li><li><strong>CSGORDR<\/strong> (1 cas gratuit)<\/li><li><strong>RADR5<\/strong> (pi\u00e8ce de 0,50 $ gratuite)<\/li><li><strong>UKCSGO<\/strong> (Cases gratuites quotidiennes et bonus sur les d\u00e9p\u00f4ts)<\/li><\/ul>\n\n\n\n<p>Avec de nombreuses pi\u00e8ces, skins et \u00e9tuis gratuits \u00e0 votre disposition, vous avez maintenant un ensemble complet de raisons de rester fid\u00e8le \u00e0 CSGORoll, mais il y a plus que vous devez savoir.<\/p>\n\n\n\n<h2 class=\"wp-block-heading\"><span class=\"ez-toc-section\" id=\"Comment_entrer_et_reclamer_notre_code_promo_CSGORoll\"><\/span>Comment entrer et r\u00e9clamer notre code promo CSGORoll ?<span class=\"ez-toc-section-end\"><\/span><\/h2>\n\n\n\n<figure class=\"wp-block-image size-large\"><img loading=\"lazy\" decoding=\"async\" width=\"1024\" height=\"327\" src=\"https:\/\/cs2surge.com\/wp-content\/uploads\/2021\/12\/csgoroll-enter-your-promo-code-1024x327.png\" alt=\"Code CSGORoll\" class=\"wp-image-2401\" srcset=\"https:\/\/cs2surge.com\/wp-content\/uploads\/2021\/12\/csgoroll-enter-your-promo-code-1024x327.png 1024w, https:\/\/cs2surge.com\/wp-content\/uploads\/2021\/12\/csgoroll-enter-your-promo-code-300x96.png 300w, https:\/\/cs2surge.com\/wp-content\/uploads\/2021\/12\/csgoroll-enter-your-promo-code-768x245.png 768w, https:\/\/cs2surge.com\/wp-content\/uploads\/2021\/12\/csgoroll-enter-your-promo-code-1536x491.png 1536w, https:\/\/cs2surge.com\/wp-content\/uploads\/2021\/12\/csgoroll-enter-your-promo-code-2048x654.png 2048w\" sizes=\"auto, (max-width: 1024px) 100vw, 1024px\" \/><\/figure>\n\n\n\n<p>Le processus est assez simple et vous pouvez le r\u00e9aliser en seulement 5 \u00e9tapes &#8211; voici comment proc\u00e9der :<\/p>\n\n\n\n<ol class=\"wp-block-list\"><li>Cr\u00e9ez et activez votre compte sur le site web de CSGORoll.<\/li><li>Cliquez sur l&rsquo;onglet \u00ab\u00a0R\u00e9compenses\u00a0\u00bb.<\/li><li>Entrez le code promotionnel <strong>\u00ab\u00a0CR100\u00a0\u00bb<\/strong> dans la fen\u00eatre qui s&rsquo;ouvre.<\/li><li>Cliquez sur \u00ab\u00a0R\u00e9clamer\u00a0\u00bb pour obtenir l&rsquo;offre ou le bonus souhait\u00e9.<\/li><li>Profitez de votre bonus exclusif !<\/li><\/ol>\n\n\n\n<p>Ce processus est le m\u00eame pour tous les codes promotionnels que vous pouvez trouver sur notre site. Si vous avez besoin d&rsquo;une aide suppl\u00e9mentaire, n&rsquo;h\u00e9sitez pas \u00e0 nous contacter.<\/p>\n\n\n\n<h2 class=\"wp-block-heading\"><span class=\"ez-toc-section\" id=\"Promotions_VIP_et_recompenses_en_pieces_pour_les_joueurs\"><\/span>Promotions VIP et r\u00e9compenses en pi\u00e8ces pour les joueurs  <span class=\"ez-toc-section-end\"><\/span><\/h2>\n\n\n\n<p>CSGORoll ne dispose pas d&rsquo;un syst\u00e8me VIP de type casino. Au contraire, les joueurs r\u00e9guliers sont r\u00e9compens\u00e9s en fonction du temps pass\u00e9 sur la plateforme. Plus vous jouez, plus vous pouvez monter en grade et profiter des promotions quotidiennes sur les cas gratuits.<\/p>\n\n\n\n<p>Le site Web propose plut\u00f4t un syst\u00e8me d&rsquo;affiliation dans lequel les utilisateurs peuvent partager un code de r\u00e9f\u00e9rence unique avec d&rsquo;autres personnes. Chaque code r\u00e9compense les nouveaux utilisateurs en leur offrant la possibilit\u00e9 d&rsquo;ouvrir trois caisses gratuitement. Le taux de commission peut atteindre 50 %.  <\/p>\n\n\n\n<p>Les joueurs les plus actifs sont \u00e9galement r\u00e9compens\u00e9s par des Gems, la forme sp\u00e9ciale de monnaie disponible sur CSGORoll. Les gemmes vous permettent d&rsquo;ouvrir des caisses sp\u00e9ciales pour gagner des skins CS:GO de grande valeur. Pour gagner des Gemmes, vous devez miser un certain nombre de pi\u00e8ces comme suit :<\/p>\n\n\n\n<ul class=\"wp-block-list\"><li>0.05% de chance de gagner 1 Gemme quand vous misez 0.01 Coins<\/li><li>5% de chance de gagner 1 Gemme lorsque vous misez 1 Pi\u00e8ce<\/li><li>50% de chance de gagner 1 gemme lorsque vous misez 10 pi\u00e8ces.<\/li><li>50% de chance de gagner 2 Gems lorsque vous misez 20 Coins.<\/li><li>50% de chance de gagner 1000 Gems lorsque vous misez 1000 Coins.<\/li><\/ul>\n\n\n\n<p>Veuillez noter que les pierres pr\u00e9cieuses ne peuvent pas \u00eatre fractionn\u00e9es. Ainsi, si vous d\u00e9cidez de ne miser que 19 pi\u00e8ces, vous avez 50% de chances de recevoir 1 gemme. Le syst\u00e8me arrondit toujours le nombre de gemmes \u00e0 l&rsquo;inf\u00e9rieur, ce qui signifie que les joueurs ne peuvent pas recevoir 1,5 gemme, par exemple.<\/p>\n\n\n\n<h2 class=\"wp-block-heading\"><span class=\"ez-toc-section\" id=\"Utiliser_des_pieces_et_des_skins_gratuits_sur_CSGORoll\"><\/span>Utiliser des pi\u00e8ces et des skins gratuits sur CSGORoll<span class=\"ez-toc-section-end\"><\/span><\/h2>\n\n\n\n<p>Vous pouvez utiliser la fonction d&rsquo;ouverture de cas standard typique des <a href=\"https:\/\/cs2surge.com\/fr\/\" data-type=\"page\" data-id=\"8\">sites de jeux CS:GO<\/a>, mais le catalogue du site propose \u00e9galement des offres :<\/p>\n\n\n\n<ul class=\"wp-block-list\"><li>CS:GO Roulette (Roll)<\/li><li>Crash de CS:GO<\/li><li>Plinko<\/li><li>D\u00e9s (plus les \u00ab\u00a0Duels de d\u00e9s\u00a0\u00bb sp\u00e9ciaux)<\/li><\/ul>\n\n\n\n<p>Les joueurs peuvent se battre en duel pour remporter de gros gains gr\u00e2ce \u00e0 la fonction \u00ab\u00a0Batailles de cas\u00a0\u00bb, qui comprend \u00e9galement des matchs \u00e0 pile ou face. Le montant minimum du d\u00e9p\u00f4t est de 5 $, que les joueurs peuvent \u00e9changer contre des pi\u00e8ces.<\/p>\n\n\n\n<p>Le syst\u00e8me d&rsquo;\u00e9change de pi\u00e8ces du site n&rsquo;est pas le meilleur du monde, \u00e9tant donn\u00e9 qu&rsquo;une seule pi\u00e8ce co\u00fbte 0,7 dollar. Id\u00e9alement, le meilleur rapport pi\u00e8ces\/fonds est de 1:1, une pi\u00e8ce valant 1 dollar. Sinon, cela peut ne pas \u00eatre bon en termes de jeu sain.<\/p>\n\n\n\n<h2 class=\"wp-block-heading\"><span class=\"ez-toc-section\" id=\"Retirez_vos_benefices_du_code_promo_CSGORoll\"><\/span>Retirez vos b\u00e9n\u00e9fices du code promo CSGORoll<span class=\"ez-toc-section-end\"><\/span><\/h2>\n\n\n\n<p>Vous trouverez ici les m\u00e9thodes de d\u00e9p\u00f4t et de retrait disponibles, afin que vous puissiez encaisser tous les b\u00e9n\u00e9fices que vous avez gagn\u00e9s gr\u00e2ce au code gratuit CSGORoll :<\/p>\n\n\n\n<ul class=\"wp-block-list\"><li>Cartes de cr\u00e9dit (Visa, Mastercard)<\/li><li>Skins CSGO (Steam)<\/li><li>En toute confiance<\/li><li>Cryptocurrency (BTC, ETH, LTC, BCH, DOGE, USDT, XRP)  <\/li><li>PayPal  <\/li><li>Skrill<\/li><li>Neteller<\/li><\/ul>\n\n\n\n<p>Pour les retraits de peau, il est possible de s&rsquo;en remettre \u00e0 Steam. Actuellement, le site applique une limite quotidienne de 1000 pi\u00e8ces sur la valeur du d\u00e9p\u00f4t quotidien du joueur pour les retraits.<\/p>\n\n\n\n<h2 class=\"wp-block-heading\"><span class=\"ez-toc-section\" id=\"Promotions_de_cas_gratuits_en_cours\"><\/span>Promotions de cas gratuits en cours<span class=\"ez-toc-section-end\"><\/span><\/h2>\n\n\n\n<p>CSGORoll propose des promotions de cas gratuits dans deux sc\u00e9narios diff\u00e9rents :<\/p>\n\n\n\n<ul class=\"wp-block-list\"><li>Pendant les promotions des sponsors, ou<\/li><li>r\u00e9compenser les clients qui d\u00e9posent des fonds sur la plate-forme<\/li><\/ul>\n\n\n\n<p>Comme les autres <a href=\"https:\/\/cs2surge.com\/csgo-roulette-sites\/\" data-type=\"page\" data-id=\"39\">sites de roulette CS:GO<\/a>, ils utilisent leurs canaux de m\u00e9dias sociaux pour informer les utilisateurs des promotions et des mises \u00e0 jour des bonus. Si vous voulez rester \u00e0 jour, assurez-vous de suivre le profil Twitter de CSGORoll.<\/p>\n\n\n\n<p>Le site a une politique stricte contre la demande de codes promotionnels dans le chat. Si un utilisateur demande par inadvertance un code gratuit en utilisant le chat de la communaut\u00e9, la politique de CSGORoll supprimera temporairement l&rsquo;autorisation de chat de cet utilisateur.<\/p>\n\n\n\n<h3 class=\"wp-block-heading\">R\u00e9clamer fr\u00e9quemment des cas gratuits<\/h3>\n\n\n\n<p>Une fois que vous \u00eates correctement enregistr\u00e9, vous pouvez r\u00e9clamer des caisses gratuites quotidiennes si vous \u00eates un joueur r\u00e9gulier. Votre niveau augmente au fur et \u00e0 mesure que vous passez plus de temps \u00e0 jouer. Plus vous augmentez le niveau de votre compte, plus vous avez de chances de recevoir des r\u00e9compenses.<\/p>\n\n\n\n<h3 class=\"wp-block-heading\">Concours hebdomadaires<\/h3>\n\n\n\n<p>Une autre caract\u00e9ristique exclusive est la possibilit\u00e9 de gagner un lot hebdomadaire de 10 000 $ en ouvrant des caisses quotidiennes qui donnent droit \u00e0 des tickets de jackpot sp\u00e9ciaux. Chaque fois que vous ouvrez une caisse, vous avez la possibilit\u00e9 de gagner 5 \u00e0 10 tickets (si vous avez d\u00e9pos\u00e9 des fonds sur la plateforme au cours de la derni\u00e8re semaine).<\/p>\n\n\n\n<p>Si vous n&rsquo;avez pas d\u00e9pos\u00e9 de fonds sur la plateforme au cours de la derni\u00e8re semaine, l&rsquo;ouverture quotidienne de l&rsquo;affaire vous donne 10% de chance de recevoir un seul ticket quotidien. Plus vous accumulez de tickets, plus vous avez de chances de gagner 10 000 dollars.<\/p>\n\n\n\n<h2 class=\"wp-block-heading\"><span class=\"ez-toc-section\" id=\"Dans_quelle_mesure_les_codes_promotionnels_de_CSGORoll_sont-ils_legitimes\"><\/span>Dans quelle mesure les codes promotionnels de CSGORoll sont-ils l\u00e9gitimes ?<span class=\"ez-toc-section-end\"><\/span><\/h2>\n\n\n\n<p>CSGORoll est la propri\u00e9t\u00e9 de Feral Entertainment Limited, une soci\u00e9t\u00e9 d\u00fbment enregistr\u00e9e et situ\u00e9e \u00e0 Chypre. Le site dispose d&rsquo;une licence de jeu active, prouvant sa l\u00e9gitimit\u00e9 au fil des ans.<\/p>\n\n\n\n<p>L&rsquo;\u00e9quit\u00e9 de tous les jeux est prouv\u00e9e, les joueurs sont donc libres de v\u00e9rifier l&rsquo;authenticit\u00e9 des r\u00e9sultats. Gr\u00e2ce \u00e0 un syst\u00e8me de hachage dont l&rsquo;\u00e9quit\u00e9 est prouv\u00e9e, tous les paris ne sont pas affect\u00e9s par des interf\u00e9rences du site Web, de tiers ou de quiconque, ce qui garantit le caract\u00e8re al\u00e9atoire des r\u00e9sultats.<\/p>\n\n\n\n<p>R\u00e9cemment, CSGORoll s&rsquo;est associ\u00e9 \u00e0 des personnalit\u00e9s influentes de CS:GO telles que Mrtweeday et juicyCSGO. Vous \u00eates libre de communiquer avec l&rsquo;\u00e9quipe de CSGORoll sur ses canaux de m\u00e9dias sociaux, notamment sur Twitter.<\/p>\n\n\n\n<h2 class=\"wp-block-heading\"><span class=\"ez-toc-section\" id=\"Resume_du_code_gratuit_CSGORoll\"><\/span>R\u00e9sum\u00e9 du code gratuit CSGORoll<span class=\"ez-toc-section-end\"><\/span><\/h2>\n\n\n\n<p>Le code gratuit CSGORoll offre une grande valeur, d&rsquo;autant plus qu&rsquo;il vous permet de commencer gratuitement et donc sans risque. Que ce soit des pi\u00e8ces gratuites, des \u00e9tuis ou des skins, le code promotionnel CSGO vous ouvrira les portes de ces incroyables promotions.<\/p>\n\n\n\n<p>En outre, compte tenu de la facilit\u00e9 avec laquelle vous pouvez r\u00e9clamer le code promo, m\u00eame si vous \u00eates totalement novice en mati\u00e8re de jeux d&rsquo;argent CSGO, vous serez en mesure de le faire en seulement 5 \u00e9tapes comme nous l&rsquo;avons montr\u00e9 ci-dessus.<\/p>\n\n\n\n<h2 class=\"wp-block-heading\"><span class=\"ez-toc-section\" id=\"Questions_frequemment\"><\/span>Questions fr\u00e9quemment<span class=\"ez-toc-section-end\"><\/span><\/h2>\n\n\n\n<p>Si vous avez encore des questions sur le code promo CSGORoll, alors cette section vous conviendra. Pour plus d&rsquo;assistance, notre \u00e9quipe n&rsquo;est qu&rsquo;\u00e0 un courriel &#8211; contactez-nous et nous nous ferons un plaisir de vous aider.<\/p>\n\n\n<div id=\"rank-math-faq\" class=\"rank-math-block\">\n<div class=\"rank-math-list \">\n<div id=\"faq-question-1655747326160\" class=\"rank-math-list-item\">\n<h3 class=\"rank-math-question \">Le code promo CSGORoll est-il l\u00e9gal ?<\/h3>\n<div class=\"rank-math-answer \">\n\n<p>Oui, nos codes promo CSGORoll sont l\u00e9gitimes car ils ont \u00e9t\u00e9 test\u00e9s pour fonctionner. En outre, CSGORoll est un site dont l&rsquo;\u00e9quit\u00e9 et la licence sont prouv\u00e9es, ce qui signifie que la plateforme est \u00e9galement digne de confiance.  <\/p>\n\n<\/div>\n<\/div>\n<div id=\"faq-question-1655747330767\" class=\"rank-math-list-item\">\n<h3 class=\"rank-math-question \">Peut-on utiliser le code promo CSGORoll sur tous les jeux d&rsquo;argent ?<\/h3>\n<div class=\"rank-math-answer \">\n\n<p>Non, le code promo CSGORoll ne vous permet de l&rsquo;utiliser que sur des jeux sp\u00e9cifiques tels que CSGO Crash, CSGO Roulette, et <a href=\"https:\/\/cs2surge.com\/best-csgo-dice-sites\/\">CSGO Dice<\/a>. Les jeux tels que le tirage au sort et autres jeux similaires peuvent ne pas \u00eatre disponibles.<\/p>\n\n<\/div>\n<\/div>\n<div id=\"faq-question-1655747341888\" class=\"rank-math-list-item\">\n<h3 class=\"rank-math-question \">Combien de fois pouvez-vous utiliser le code gratuit CSGORoll ?<\/h3>\n<div class=\"rank-math-answer \">\n\n<p>Vous pouvez r\u00e9clamer notre code gratuit CSGORoll recommand\u00e9 une fois par semaine, afin que vous puissiez vous approvisionner en pi\u00e8ces, \u00e9tuis et skins gratuits fr\u00e9quemment.<\/p>\n\n<\/div>\n<\/div>\n<div id=\"faq-question-1657889524627\" class=\"rank-math-list-item\">\n<h3 class=\"rank-math-question \">Quel est le code promo de CSGORoll ?<\/h3>\n<div class=\"rank-math-answer \">\n\n<p>Le code promo CSGORoll pour [m] [y] est \u00ab\u00a0CR100\u00a0\u00bb &#8211; et vous permet d&rsquo;obtenir 3 caisses gratuites + un bonus de 5% sur les d\u00e9p\u00f4ts gratuitement !  <\/p>\n\n<\/div>\n<\/div>\n<\/div>\n<\/div>","protected":false},"excerpt":{"rendered":"<p>CSGORoll est l&rsquo;une des plateformes pr\u00e9f\u00e9r\u00e9es des joueurs de CSGO et des parieurs, et c&rsquo;est pourquoi nous vous avons apport\u00e9 le meilleur code promo CSGORoll en [y], et le voici : \u00ab\u00a0CR100\u00ab\u00a0. Si vous voulez apprendre \u00e0 l&rsquo;utiliser, en plus des autres codes promotionnels, bonus et offres auxquels vous avez droit en rejoignant CSGORoll, alors &#8230; <a title=\"Code promotionnel CSGORoll\" class=\"read-more\" href=\"https:\/\/cs2surge.com\/fr\/codes-promotionnels-csgoroll\/\" aria-label=\"En savoir plus sur Code promotionnel CSGORoll\">Lire la suite<\/a><\/p>\n","protected":false},"author":36,"featured_media":16880,"parent":0,"menu_order":0,"comment_status":"closed","ping_status":"closed","template":"","meta":{"inline_featured_image":false,"two_page_speed":[],"footnotes":""},"categories":[],"tags":[],"class_list":["post-7047","page","type-page","status-publish","has-post-thumbnail"],"acf":[],"_links":{"self":[{"href":"https:\/\/cs2surge.com\/fr\/wp-json\/wp\/v2\/pages\/7047","targetHints":{"allow":["GET"]}}],"collection":[{"href":"https:\/\/cs2surge.com\/fr\/wp-json\/wp\/v2\/pages"}],"about":[{"href":"https:\/\/cs2surge.com\/fr\/wp-json\/wp\/v2\/types\/page"}],"author":[{"embeddable":true,"href":"https:\/\/cs2surge.com\/fr\/wp-json\/wp\/v2\/users\/36"}],"replies":[{"embeddable":true,"href":"https:\/\/cs2surge.com\/fr\/wp-json\/wp\/v2\/comments?post=7047"}],"version-history":[{"count":10,"href":"https:\/\/cs2surge.com\/fr\/wp-json\/wp\/v2\/pages\/7047\/revisions"}],"predecessor-version":[{"id":17348,"href":"https:\/\/cs2surge.com\/fr\/wp-json\/wp\/v2\/pages\/7047\/revisions\/17348"}],"wp:featuredmedia":[{"embeddable":true,"href":"https:\/\/cs2surge.com\/fr\/wp-json\/wp\/v2\/media\/16880"}],"wp:attachment":[{"href":"https:\/\/cs2surge.com\/fr\/wp-json\/wp\/v2\/media?parent=7047"}],"wp:term":[{"taxonomy":"category","embeddable":true,"href":"https:\/\/cs2surge.com\/fr\/wp-json\/wp\/v2\/categories?post=7047"},{"taxonomy":"post_tag","embeddable":true,"href":"https:\/\/cs2surge.com\/fr\/wp-json\/wp\/v2\/tags?post=7047"}],"curies":[{"name":"wp","href":"https:\/\/api.w.org\/{rel}","templated":true}]}}