{"id":10645,"date":"2023-05-04T09:16:00","date_gmt":"2023-05-04T09:16:00","guid":{"rendered":"https:\/\/csgoradar.com\/hellcase-promo-code\/"},"modified":"2023-10-18T16:52:33","modified_gmt":"2023-10-18T16:52:33","slug":"hellcase-promo-code","status":"publish","type":"page","link":"https:\/\/cs2surge.com\/pl\/hellcase-promo-code\/","title":{"rendered":"Hellcase Kod Promocyjny"},"content":{"rendered":"\n<p>Despite the site&#8217;s high traffic, the network is never &#8222;overloaded,&#8221; and the user experience is always clean and fast. Hellcase offers CS:GO and Dota 2 gambling.<\/p>\n\n\n\n<p>CS:GO is the website&#8217;s focus. A quick comparison of CS:GO and Dota skins reveal it. Join this unique platform with the RADAR30 promo code.<\/p>\n\n\n\n<h2 class=\"wp-block-heading\"><span class=\"ez-toc-section\" id=\"Hellcase_Codes_Promotions_y\"><\/span>Hellcase Codes &amp; Promotions [y]<span class=\"ez-toc-section-end\"><\/span><\/h2>\n\n\n\n<p>W przeciwie\u0144stwie do wielu stron z grami CS:GO, kt\u00f3re \u0142\u0105cz\u0105 wiele funkcji, Hellcase skupia si\u0119 wy\u0142\u0105cznie na otwieraniu walizek CSGO. St\u0105d nie ma tu gier kasynowych, zak\u0142ad\u00f3w sportowych ani innych opcji hazardowych poza gr\u0105 w CS:GO.<\/p>\n\n\n\n<p>If you are familiar with <a href=\"https:\/\/cs2surge.com\/\" data-type=\"page\" data-id=\"8\">CSGO skin gambling<\/a>, opening cases, and trade-ups are not a novelty. In addition to the <strong>&#8222;<strong>RADAR30<\/strong>&#8222;<\/strong> code, users have exciting promotions and bonuses to boost the whole experience.<\/p>\n\n\n\n<h2 class=\"wp-block-heading\"><span class=\"ez-toc-section\" id=\"Hellcase_Promo_Code_for_Discounts\"><\/span>Hellcase Promo Code for Discounts<span class=\"ez-toc-section-end\"><\/span><\/h2>\n\n\n\n<figure class=\"wp-block-image size-large\"><img loading=\"lazy\" decoding=\"async\" width=\"1024\" height=\"239\" src=\"https:\/\/cs2surge.com\/wp-content\/uploads\/2021\/07\/hellcase-promo-code-wallet-code-1024x239.png\" alt=\"\" class=\"wp-image-1051\" srcset=\"https:\/\/cs2surge.com\/wp-content\/uploads\/2021\/07\/hellcase-promo-code-wallet-code-1024x239.png 1024w, https:\/\/cs2surge.com\/wp-content\/uploads\/2021\/07\/hellcase-promo-code-wallet-code-300x70.png 300w, https:\/\/cs2surge.com\/wp-content\/uploads\/2021\/07\/hellcase-promo-code-wallet-code-768x179.png 768w, https:\/\/cs2surge.com\/wp-content\/uploads\/2021\/07\/hellcase-promo-code-wallet-code-1536x358.png 1536w, https:\/\/cs2surge.com\/wp-content\/uploads\/2021\/07\/hellcase-promo-code-wallet-code-2048x478.png 2048w\" sizes=\"auto, (max-width: 1024px) 100vw, 1024px\" \/><\/figure>\n\n\n\n<p>If you want to claim the &#8222;<strong>RADAR30<\/strong>&#8221; or any other promo code on Hellcase&#8217;s website, here\u2019s how to do it:<\/p>\n\n\n\n<ol class=\"wp-block-list\"><li>Otw\u00f3rz swoje konto Hellcase przez Steam<\/li><li>Dokonaj pierwszej wp\u0142aty klikaj\u0105c na przycisk &#8222;Dodaj pieni\u0105dze&#8221;.<\/li><li>Kliknij &#8222;U\u017cyj kodu promocyjnego lub kodu portfela&#8221;<\/li><li>Enter your special code &#8222;<strong>RADAR30<\/strong>&#8222;<\/li><\/ol>\n\n\n\n<p>After selecting this option, you&#8217;ll easily find the box marked specifically for promo codes. Enter the {<strong>RADAR30<\/strong>} code or any other promo code and confirm it by clicking on &#8222;Apply&#8221;.<\/p>\n\n\n\n<h2 class=\"wp-block-heading\"><span class=\"ez-toc-section\" id=\"Trwajace_promocje_na_bezplatne_skrzynki\"><\/span>Trwaj\u0105ce promocje na bezp\u0142atne skrzynki<span class=\"ez-toc-section-end\"><\/span><\/h2>\n\n\n\n<p>W por\u00f3wnaniu z innymi stronami hazardowymi CS:GO, Hellcase ma lepsze kursy ni\u017c przeci\u0119tnie. W po\u0142\u0105czeniu z efektywnym systemem wyp\u0142at, jest to ogromna korzy\u015b\u0107 dla graczy. Dwa g\u0142\u00f3wne rodzaje bie\u017c\u0105cych promocji dost\u0119pnych w Hellcase to codzienne bonusy i giveaways, ale tutaj masz wszystkie wspania\u0142e korzy\u015bci, z kt\u00f3rych b\u0119dziesz korzysta\u0107, gdy zostaniesz cz\u0142onkiem Hellcase!<\/p>\n\n\n\n<h3 class=\"wp-block-heading\">Codzienne bonusy w Hellcase<\/h3>\n\n\n\n<p>Funkcja &#8222;Daily Bonus&#8221; zosta\u0142a zaprojektowana w celu nagradzania najbardziej aktywnych u\u017cytkownik\u00f3w na platformie. Je\u015bli odwiedzasz Hellcase codziennie, masz prawo do specjalnych przedmiot\u00f3w i dodatkowych \u015brodk\u00f3w w saldzie konta.<\/p>\n\n\n\n<h3 class=\"wp-block-heading\">Giveaways by the Lots<\/h3>\n\n\n\n<p>Funkcja &#8222;Giveaway&#8221; ma okre\u015blone wymagania, kt\u00f3re gracze musz\u0105 spe\u0142ni\u0107, aby wzi\u0105\u0107 w niej udzia\u0142. Wykonuj\u0105c zadania w ramach &#8222;Giveaway&#8221;, b\u0119dziesz otrzymywa\u0107 wpisy do r\u00f3\u017cnych promocji. Ka\u017cdy wpis zwi\u0119ksza szanse gracza na wygran\u0105, wi\u0119c g\u0142\u00f3wnym celem jest zebranie maksymalnej liczby wpis\u00f3w.<\/p>\n\n\n\n<h3 class=\"wp-block-heading\">Zagraj w Mixxer, aby uzyska\u0107 dodatkowe promocje i bonusy<\/h3>\n\n\n\n<p>Chocia\u017c na platformie nie ma slot\u00f3w ani podobnych gier, oferuje ona ekskluzywne minigry dost\u0119pne dla wszystkich u\u017cytkownik\u00f3w. Pierwsz\u0105 minigr\u0105 jest &#8222;Mixxer&#8221;, gra w rosyjsk\u0105 ruletk\u0119, w kt\u00f3rej \u0142\u0105czysz swoje ulubione skrzynie, aby mie\u0107 szans\u0119 na wygranie jednej za darmo.<\/p>\n\n\n\n<h3 class=\"wp-block-heading\">Bitwa o przypadki, aby wygra\u0107 du\u017ce nagrody<\/h3>\n\n\n\n<p>Jednym z najbardziej ekscytuj\u0105cych do\u015bwiadcze\u0144 dost\u0119pnych w Hellcase s\u0105<a href=\"https:\/\/cs2surge.com\/csgo-case-battle-sites\/\" data-type=\"page\" data-id=\"8726\">&#8222;Case Battles<\/a>&#8222;. Dzi\u0119ki tej funkcji kilku graczy mo\u017ce jednocze\u015bnie otwiera\u0107 te same sprawy. Po otwarciu wszystkich skrzy\u0144, gracz z najbardziej warto\u015bciow\u0105 wygrywa wszystkie sk\u00f3rki.<\/p>\n\n\n\n<p>Je\u015bli nie masz jeszcze ochoty uczestniczy\u0107 w bitwach, mo\u017cesz nadal cieszy\u0107 si\u0119 nimi, ogl\u0105daj\u0105c graczy walcz\u0105cych ze sob\u0105 o najwy\u017csze skiny.<\/p>\n\n\n\n<h3 class=\"wp-block-heading\">Ulepszaj swoje sk\u00f3rki w zabawny i \u0142atwy spos\u00f3b<\/h3>\n\n\n\n<p>Funkcja &#8222;Upgrade&#8221; pozwala na wybranie sk\u00f3rek, kt\u00f3re chcia\u0142by\u015b ulepszy\u0107, a tak\u017ce wybra\u0107 najwy\u017cszej klasy sk\u00f3rki Hellcase, kt\u00f3re chcia\u0142by\u015b wygra\u0107. Je\u015bli aktualizacja si\u0119 powiedzie, mo\u017cesz zdoby\u0107 upragnion\u0105 sk\u00f3rk\u0119. Je\u015bli sprawy nie p\u00f3jd\u0105 zgodnie z oczekiwaniami, stracisz wybrane z inwentarza sk\u00f3rki.<\/p>\n\n\n\n<h2 class=\"wp-block-heading\"><span class=\"ez-toc-section\" id=\"Promocja_VIP_i_nagrody_w_postaci_monet_gracza\"><\/span>Promocja VIP i nagrody w postaci monet gracza<span class=\"ez-toc-section-end\"><\/span><\/h2>\n\n\n\n<p>There&#8217;s no tiered VIP promotion or loyalty club. Premium subscriptions let gamers join an exclusive team immediately. Premium offers a distinct user experience.<\/p>\n\n\n\n<p>Benefits include customised CS:GO cases, freebies, and an elevated experience. Monthly premium tokens are free. They also get a 24\/7 dedicated support agent.<\/p>\n\n\n\n<p>Hellcase&#8217;s Premium team gets early access to newly announced features. Silver, Gold, and Diamond are paid plans. $5, $15, $25 per month.<\/p>\n\n\n\n<p>We&#8217;d have preferred a V.I.P promotion, but this is still a viable alternative if you want to utilize Hellcase as your main CSGO gambling site.<\/p>\n\n\n\n<h2 class=\"wp-block-heading\"><span class=\"ez-toc-section\" id=\"How_Legit_Are_Hellcase_Bonus_Codes\"><\/span>How Legit Are Hellcase Bonus Codes?<span class=\"ez-toc-section-end\"><\/span><\/h2>\n\n\n\n<figure class=\"wp-block-image size-large\"><img loading=\"lazy\" decoding=\"async\" width=\"1024\" height=\"306\" src=\"https:\/\/cs2surge.com\/wp-content\/uploads\/2021\/07\/hellcase-case-opening-bonus-promo-codes-1024x306.png\" alt=\"\" class=\"wp-image-1044\" srcset=\"https:\/\/cs2surge.com\/wp-content\/uploads\/2021\/07\/hellcase-case-opening-bonus-promo-codes-1024x306.png 1024w, https:\/\/cs2surge.com\/wp-content\/uploads\/2021\/07\/hellcase-case-opening-bonus-promo-codes-300x90.png 300w, https:\/\/cs2surge.com\/wp-content\/uploads\/2021\/07\/hellcase-case-opening-bonus-promo-codes-768x229.png 768w, https:\/\/cs2surge.com\/wp-content\/uploads\/2021\/07\/hellcase-case-opening-bonus-promo-codes-1536x459.png 1536w, https:\/\/cs2surge.com\/wp-content\/uploads\/2021\/07\/hellcase-case-opening-bonus-promo-codes-2048x612.png 2048w\" sizes=\"auto, (max-width: 1024px) 100vw, 1024px\" \/><\/figure>\n\n\n\n<p>Nie ma \u017cadnych przerw w dzia\u0142aniu od momentu uruchomienia, jest to w pe\u0142ni zarejestrowana firma z siedzib\u0105 w Singapurze, s\u0142ynnym centrum technologicznym dla startup\u00f3w na ca\u0142ym \u015bwiecie. Wszystkie <a href=\"https:\/\/cs2surge.com\/best-case-opening-sites\/\" data-type=\"page\" data-id=\"142\">otwarcia spraw CSGO<\/a>, bitwy i zawody s\u0105 wspierane przez sprawdzony, uczciwy system.<\/p>\n\n\n\n<p>W zakresie bezpiecze\u0144stwa cyfrowego strona dzia\u0142a na os\u0142oni\u0119tym po\u0142\u0105czeniu szyfrowanym SSL. Dlatego traktuj\u0105 Twoje bezpiecze\u0144stwo online jako powa\u017cn\u0105 spraw\u0119, zw\u0142aszcza \u017ce nie do\u015bwiadczyli narusze\u0144 danych.<\/p>\n\n\n\n<p>The only setback is the support ticket system. Although it is available 24\/7, the solution is outdated and could be replaced with a live chat system.&nbsp;<\/p>\n\n\n\n<h2 class=\"wp-block-heading\"><span class=\"ez-toc-section\" id=\"Hellcase_Free_Code_Summary\"><\/span>Hellcase Free Code Summary<span class=\"ez-toc-section-end\"><\/span><\/h2>\n\n\n\n<p>Hellcase delivers a great case-opening and CS:GO gambling experience. &#8222;Case Battles&#8221; and &#8222;Mixxer&#8221; let advanced skin gamblers escape boredom.<\/p>\n\n\n\n<p>The licenced and regulated website supports most countries. Both deposit and withdrawal possibilities don&#8217;t disappoint, especially withdrawals.<\/p>\n\n\n\n<p>Daily free incentives and prizes are ongoing campaigns., use the code &#8222;Radar30.&#8221; For a more exclusive experience, choose a Silver, Gold, or Diamond Premium membership.<\/p>\n\n\n\n<h2 class=\"wp-block-heading\"><span class=\"ez-toc-section\" id=\"Frequently_Asked_Questions\"><\/span>Frequently Asked Questions<span class=\"ez-toc-section-end\"><\/span><\/h2>\n\n\n\n<p>Je\u015bli nadal masz w\u0105tpliwo\u015bci co do kodu promocyjnego Hellcase, to ten dzia\u0142 si\u0119 przyda. W celu uzyskania wi\u0119kszej pomocy zapraszamy do kontaktu z nami.<\/p>\n\n\n<div id=\"rank-math-faq\" class=\"rank-math-block\">\n<div class=\"rank-math-list \">\n<div id=\"faq-question-1655750238282\" class=\"rank-math-list-item\">\n<h3 class=\"rank-math-question \"><strong>Czy mog\u0119 wycofa\u0107 sk\u00f3ry z Hellcase?<\/strong><\/h3>\n<div class=\"rank-math-answer \">\n\n<p>Tak, mo\u017cesz. Hellcase w pe\u0142ni wspiera wyp\u0142at\u0119 skin\u00f3w CSGO, wi\u0119c mo\u017cesz je dosta\u0107 prosto do swojego ekwipunku w dowolnym momencie.<\/p>\n\n<\/div>\n<\/div>\n<div id=\"faq-question-1655750268567\" class=\"rank-math-list-item\">\n<h3 class=\"rank-math-question \"><strong>Czy mo\u017cna otworzy\u0107 sprawy w Hellcase?<\/strong><\/h3>\n<div class=\"rank-math-answer \">\n\n<p>Tak, Hellcase to r\u00f3wnie\u017c strona otwieraj\u0105ca walizki CSGO, kt\u00f3ra ma wiele mo\u017cliwo\u015bci. Mo\u017cna na przyk\u0142ad otworzy\u0107 skrzynie wysokiego ryzyka, w kt\u00f3rych znajduj\u0105 si\u0119 r\u00f3wnie\u017c bardzo cenne sk\u00f3ry i przedmioty, albo zdecydowa\u0107 si\u0119 na ta\u0144sze i bezpieczniejsze skrzynie. Jest tu mn\u00f3stwo ka\u017cdego typu u\u017cytkownika CSGO.<\/p>\n\n<\/div>\n<\/div>\n<div id=\"faq-question-1655750286634\" class=\"rank-math-list-item\">\n<h3 class=\"rank-math-question \"><strong>Dlaczego kod promocyjny Hellcase nie dzia\u0142a?<\/strong><\/h3>\n<div class=\"rank-math-answer \">\n\n<p>Kod promocyjny Hellcase mo\u017ce nie zadzia\u0142a\u0107, je\u015bli ju\u017c go u\u017cy\u0142e\u015b, lub je\u015bli nie wprowadzi\u0142e\u015b go poprawnie, lub je\u015bli twoje konta lub twoje przedmioty nie kwalifikuj\u0105 si\u0119 do wybranego kodu promocyjnego.<\/p>\n\n<\/div>\n<\/div>\n<\/div>\n<\/div>","protected":false},"excerpt":{"rendered":"<p>Despite the site&#8217;s high traffic, the network is never &#8222;overloaded,&#8221; and the user experience is always clean and fast. Hellcase offers CS:GO and Dota 2 gambling. CS:GO is the website&#8217;s focus. A quick comparison of CS:GO and Dota skins reveal it. Join this unique platform with the RADAR30 promo code. Hellcase Codes &amp; Promotions [y] &#8230; <a title=\"Hellcase Kod Promocyjny\" class=\"read-more\" href=\"https:\/\/cs2surge.com\/pl\/hellcase-promo-code\/\" aria-label=\"Dowiedz si\u0119 wi\u0119cej o Hellcase Kod Promocyjny\">Dowiedz si\u0119 wi\u0119cej<\/a><\/p>\n","protected":false},"author":36,"featured_media":4532,"parent":0,"menu_order":0,"comment_status":"closed","ping_status":"closed","template":"","meta":{"inline_featured_image":false,"two_page_speed":[],"footnotes":""},"categories":[60],"tags":[],"class_list":{"0":"post-10645","1":"page","2":"type-page","3":"status-publish","4":"has-post-thumbnail","6":"category-kody-csgo"},"acf":[],"_links":{"self":[{"href":"https:\/\/cs2surge.com\/pl\/wp-json\/wp\/v2\/pages\/10645","targetHints":{"allow":["GET"]}}],"collection":[{"href":"https:\/\/cs2surge.com\/pl\/wp-json\/wp\/v2\/pages"}],"about":[{"href":"https:\/\/cs2surge.com\/pl\/wp-json\/wp\/v2\/types\/page"}],"author":[{"embeddable":true,"href":"https:\/\/cs2surge.com\/pl\/wp-json\/wp\/v2\/users\/36"}],"replies":[{"embeddable":true,"href":"https:\/\/cs2surge.com\/pl\/wp-json\/wp\/v2\/comments?post=10645"}],"version-history":[{"count":8,"href":"https:\/\/cs2surge.com\/pl\/wp-json\/wp\/v2\/pages\/10645\/revisions"}],"predecessor-version":[{"id":23992,"href":"https:\/\/cs2surge.com\/pl\/wp-json\/wp\/v2\/pages\/10645\/revisions\/23992"}],"wp:featuredmedia":[{"embeddable":true,"href":"https:\/\/cs2surge.com\/pl\/wp-json\/wp\/v2\/media\/4532"}],"wp:attachment":[{"href":"https:\/\/cs2surge.com\/pl\/wp-json\/wp\/v2\/media?parent=10645"}],"wp:term":[{"taxonomy":"category","embeddable":true,"href":"https:\/\/cs2surge.com\/pl\/wp-json\/wp\/v2\/categories?post=10645"},{"taxonomy":"post_tag","embeddable":true,"href":"https:\/\/cs2surge.com\/pl\/wp-json\/wp\/v2\/tags?post=10645"}],"curies":[{"name":"wp","href":"https:\/\/api.w.org\/{rel}","templated":true}]}}