{"id":11075,"date":"2024-01-01T08:25:00","date_gmt":"2024-01-01T08:25:00","guid":{"rendered":"https:\/\/csgoradar.com\/csgo-roulette-sites\/"},"modified":"2024-09-11T21:41:43","modified_gmt":"2024-09-11T21:41:43","slug":"csgo-roulette-sites","status":"publish","type":"page","link":"https:\/\/cs2surge.com\/pl\/csgo-roulette-sites\/","title":{"rendered":"Strony ruletki CSGO"},"content":{"rendered":"\n<h2 class=\"wp-block-heading\"><span class=\"ez-toc-section\" id=\"Najlepsze_strony_z_ruletka_CSGO\"><\/span>Najlepsze strony z ruletk\u0105 CSGO<span class=\"ez-toc-section-end\"><\/span><\/h2>\n\n\n\n<p>Wymienili\u015bmy kilka z obecnie najlepszych stron z ruletk\u0105 CSGO [y], przy czym CSGORoll jest najlepsz\u0105 dost\u0119pn\u0105 stron\u0105.<\/p>\n\n\n\n<h2 class=\"wp-block-heading\"><span class=\"ez-toc-section\" id=\"Co_sprawia_ze_sa_to_najlepsze_strony_z_ruletka_CSGO\"><\/span>Co sprawia, \u017ce s\u0105 to najlepsze strony z ruletk\u0105 CSGO?<span class=\"ez-toc-section-end\"><\/span><\/h2>\n\n\n\n<p>By\u0107 mo\u017ce zastanawia\u0142e\u015b si\u0119, jak stworzyli\u015bmy nasz\u0105 list\u0119 najlepszych stron z ruletk\u0105 CSGO. Oto nasze kryteria ustalania ocen:<\/p>\n\n\n\n<ul class=\"wp-block-list\">\n<li><strong>Fantastyczny Bonus Powitalny \u2013 <\/strong>kto nie kocha bonus\u00f3w? Jest ma\u0142o prawdopodobne, \u017ce platforma hazardowa CSGO zyska jakikolwiek rozg\u0142os, je\u015bli nie b\u0119dzie ich mia\u0142a. Oczywi\u015bcie najlepsze kody promocyjne cz\u0119sto owocuj\u0105 fantastyczn\u0105 rozgrywk\u0105 i pozwalaj\u0105 przetestowa\u0107 platform\u0119, dlatego jest to kryterium na naszej li\u015bcie.<\/li>\n\n\n\n<li><strong>Wsparcie klienta <\/strong>\u2013 przeznaczone dla tych, kt\u00f3rzy s\u0105 nowi w hazardzie CSGO lub w konkretnych grach, takich jak ruletka. Wszyscy wiemy, jak frustruj\u0105ca jest proszenie o pomoc, dlatego obs\u0142uga klienta jest tak wa\u017cnym czynnikiem na naszej li\u015bcie najlepszych stron z Ruletk\u0105 CSGO.<\/li>\n\n\n\n<li><strong>Bezpieczne i niezawodne<\/strong> zak\u0142ady \u2013 wi\u0119kszo\u015b\u0107 bukmacher\u00f3w CSGO ma wymagania dotycz\u0105ce zak\u0142ad\u00f3w, aby uzyska\u0107 ich bonusy. Okre\u015blaj\u0105 to, jak musisz postawi\u0107 zak\u0142ad przed otrzymaniem bonusu. Nasza analiza sprawdza, czy te wymagania s\u0105 sprawiedliwe.<\/li>\n\n\n\n<li><strong>Du\u017ca<\/strong> baza graczy \u2013 im wi\u0119ksza baza graczy, tym wi\u0119ksze prawdopodobie\u0144stwo, \u017ce ca\u0142a platforma jest bezpieczna, niezawodna i ca\u0142o\u015bciowo ma wysok\u0105 jako\u015b\u0107. Posiadanie du\u017cej liczby recenzji i graczy stawia strony wy\u017cej w naszym zestawieniu.<\/li>\n\n\n\n<li><strong>Metody p\u0142atno\u015bci<\/strong> \u2013 mo\u017cemy czu\u0107 si\u0119 bezpiecznie dokonuj\u0105c wp\u0142at za pomoc\u0105 e-portfeli takich jak PayPal. Jednak niekt\u00f3rzy gracze mog\u0105 chcie\u0107 mie\u0107 wi\u0119kszy zakres opcji przy wp\u0142atach i wyp\u0142atach. Zazwyczaj na tych platformach CSGO mo\u017cna zobaczy\u0107 wi\u0119kszo\u015b\u0107 rodzaj\u00f3w e-portfela. Poniewa\u017c cz\u0119sto s\u0105 to kryptowaluty lub sk\u00f3rki CSGO, wi\u0119c r\u00f3\u017cne formy e-portfela, to zazwyczaj dobry znak.<\/li>\n\n\n\n<li><strong>Gry alternatywne<\/strong> \u2013 szeroka gama alternatywnych gier kasynowych, takich jak Coinflip, Black Jack czy nawet gry z jackpotem, daje fantastyczne mo\u017cliwo\u015bci dalszej rozgrywki i zdobycia wi\u0119kszej ilo\u015bci nagr\u00f3d.<\/li>\n<\/ul>\n\n\n\n<h2 class=\"wp-block-heading\"><span class=\"ez-toc-section\" id=\"Jak_dziala_CSGO_Roulette\"><\/span><strong>Jak dzia\u0142a CSGO Roulette?<\/strong><span class=\"ez-toc-section-end\"><\/span><\/h2>\n\n\n\n<p>Tak jak tradycyjna ruletka, ruletka CSGO jest do\u015b\u0107 prosta. Jest to tak proste, jak rejestracja, odebranie bonusu i postawienie zak\u0142adu na 2,5x, 14x lub nawet 50x, oczywi\u015bcie z mno\u017cnikiem coraz bardziej ryzykownym.<\/p>\n\n\n\n<p>Hazard w ruletce CSGO jest taki sam jak zwyk\u0142y hazard w standardowych grach w ruletk\u0119 w kasynach online, jedyn\u0105 r\u00f3\u017cnic\u0105 jest to, \u017ce obstawiasz za pomoc\u0105 monet lub token\u00f3w, kt\u00f3re otrzymujesz wp\u0142acaj\u0105c CSGO skiny.<\/p>\n\n\n\n<p>Poza tym wystarczy wybra\u0107 gr\u0119 w ruletk\u0119, dokona\u0107 zak\u0142ad\u00f3w i czeka\u0107 na ostateczne wyniki w ka\u017cdej rundzie. Je\u015bli zdarzy si\u0119, \u017ce wygrasz, to gra automatycznie zaliczy Ci odpowiedni\u0105 wygran\u0105.<\/p>\n\n\n\n<h2 class=\"wp-block-heading\"><span class=\"ez-toc-section\" id=\"Rodzaje_Gier_w_CSGO_Ruletka\"><\/span><strong>Rodzaje Gier w CSGO Ruletka<\/strong><span class=\"ez-toc-section-end\"><\/span><\/h2>\n\n\n\n<p>Strony z ruletk\u0105 CSGO daj\u0105 szeroki wyb\u00f3r gier, wi\u0119c mo\u017cesz doda\u0107 wiele zabawy i nowo\u015bci do swoich sesji gier. Oto co znajdziesz:<\/p>\n\n\n\n<h3 class=\"wp-block-heading\"><strong>Klasyczne gry w ruletk\u0119<\/strong><\/h3>\n\n\n\n<p>Znajdziesz tu standardowe gry w ruletk\u0119, w kt\u00f3re mo\u017cesz gra\u0107 w ka\u017cdym kasynie online na \u015bwiecie, takie jak:<\/p>\n\n\n\n<ul class=\"wp-block-list\">\n<li>ameryka\u0144ska ruletka<\/li>\n\n\n\n<li>francuska ruletka<\/li>\n\n\n\n<li>ruletka europejska<\/li>\n\n\n\n<li>ruletka z podw\u00f3jnym zerem<\/li>\n\n\n\n<li>speed ruletka<\/li>\n\n\n\n<li>ruletka z jackpotem<\/li>\n\n\n\n<li>ruletka z podw\u00f3jnym ko\u0142em<\/li>\n<\/ul>\n\n\n\n<p>Dlatego je\u015bli masz ju\u017c dzia\u0142aj\u0105c\u0105 strategi\u0119 dla kt\u00f3rej\u015b z tych klasycznych gier, to ucieszy Ci\u0119 wiadomo\u015b\u0107, \u017ce mo\u017cesz je znale\u017a\u0107 na polecanych przez nas stronach z zak\u0142adami CSGO.<\/p>\n\n\n\n<p>Jedyn\u0105 r\u00f3\u017cnic\u0105 tutaj jest to, \u017ce b\u0119dziesz wp\u0142aca\u0107 sk\u00f3rki, aby uzyska\u0107 coinsy i tokeny, kt\u00f3re mo\u017cna wykorzysta\u0107 do obstawiania w ruletk\u0119. Do\u0142\u0105czaj\u0105c do polecanych przez nas stron, b\u0119dziesz m\u00f3g\u0142 wymieni\u0107 swoje coinsy lub tokeny na sk\u00f3rki premium CSGO.<\/p>\n\n\n\n<h3 class=\"wp-block-heading\"><strong>CSGO Roulette Slider<\/strong><\/h3>\n\n\n\n<p>To klasyka stron z ruletk\u0105 CSGO, kt\u00f3ra r\u00f3\u017cni si\u0119 od klasycznych gier w ruletk\u0119. Tutaj b\u0119dziesz mia\u0142 zestaw 15 kolorowych kwadrat\u00f3w, kt\u00f3re b\u0119d\u0105 si\u0119 porusza\u0107, dop\u00f3ki suwak nie zatrzyma si\u0119 na jednym kolorze. Wyp\u0142ata za czerwony lub czarny kwadrat wynosi x2, podczas gdy zielony kwadrat wyp\u0142aci Ci x14 razy Tw\u00f3j oryginalny zak\u0142ad.<\/p>\n\n\n\n<h3 class=\"wp-block-heading\"><strong>X-Roulette<\/strong><\/h3>\n\n\n\n<p>Je\u015bli lubisz <a href=\"https:\/\/cs2surge.com\/pl\/najlepsze-strony-o-wypadkach-csgo\/\" target=\"_blank\" rel=\"noreferrer noopener\">gry typu crash CSGO<\/a>, to pokochasz t\u0119 specjaln\u0105 wersj\u0119 ruletki. \u0141\u0105czy w sobie koncepcj\u0119 kraksy z ruletk\u0105. Dlatego musisz postawi\u0107 na mno\u017cnik, na kt\u00f3rym Twoim zdaniem zatrzyma si\u0119 suwak, a je\u015bli masz racj\u0119, to przy odrobinie szcz\u0119\u015bcia mo\u017cesz pomno\u017cy\u0107 sw\u00f3j zak\u0142ad o tysi\u0105ce razy.<\/p>\n\n\n\n<h3 class=\"wp-block-heading\"><strong>50x Ruletka<\/strong><\/h3>\n\n\n\n<p>Ta gra jest podobna do CSGO Roulette Slider, ale zamiast 15 kolorowych kwadrat\u00f3w b\u0119dziesz gra\u0107 z 50. W zale\u017cno\u015bci od zak\u0142adu i koloru, na kt\u00f3rym zatrzyma si\u0119 suwak, mo\u017cesz zarobi\u0107 x2, x3, x5 lub 50x swojego oryginalnego zak\u0142adu.<\/p>\n\n\n\n<p>Z tak szerok\u0105 gam\u0105 gier w ruletk\u0119, mo\u017cesz zbudowa\u0107 doskona\u0142e strategie oparte na zarz\u0105dzaniu bankrollem, a tak\u017ce sekwencjami numerycznymi, takimi jak Fibonacci czy Martingale je\u015bli masz ochot\u0119.<\/p>\n\n\n\n<p>Pami\u0119taj te\u017c, \u017ce polecane przez nas strony oferuj\u0105 tak\u017ce inne rodzaje gier hazardowych i kasynowych w CSGO, dzi\u0119ki czemu mo\u017cesz jeszcze bardziej urozmaici\u0107 swoje sesje gamingowe. Czeka na Ciebie du\u017cy katalog gier: od crash and slots po pokera i blackjacka.&nbsp;<\/p>\n\n\n\n<h2 class=\"wp-block-heading\"><span class=\"ez-toc-section\" id=\"Korzysci_z_gry_w_Ruletke_CSGO\"><\/span><strong>Korzy\u015bci z gry w Ruletk\u0119 CSGO&nbsp;<\/strong><span class=\"ez-toc-section-end\"><\/span><\/h2>\n\n\n\n<p>Gry CSGO Roulette przynosz\u0105 kluczowe korzy\u015bci, a je\u015bli chcesz mo\u017cesz wygra\u0107 pieni\u0105dze w wyniku uzyskania egzotycznych sk\u00f3rek. Oto wszystko, co musisz wiedzie\u0107:<\/p>\n\n\n\n<h3 class=\"wp-block-heading\"><strong>Zabawny spos\u00f3b na zdobycie cennych sk\u00f3rek<\/strong><\/h3>\n\n\n\n<p>Poniewa\u017c polecane przez nas strony zapewniaj\u0105 dost\u0119p do rynk\u00f3w z du\u017c\u0105 ilo\u015bci\u0105 sk\u00f3rek, jest to fajny spos\u00f3b na uzupe\u0142nienie zapas\u00f3w. Niewa\u017cne czy chcesz podnie\u015b\u0107 poziom swojego do\u015bwiadczenia w CSGO, czy zebra\u0107 cenne sk\u00f3rki, kt\u00f3re mo\u017cesz sprzeda\u0107 za du\u017ce pieni\u0105dze, nasze polecane strony pomog\u0105 Ci osi\u0105gn\u0105\u0107 Twoje cele.<\/p>\n\n\n\n<h3 class=\"wp-block-heading\"><strong>Ogromna r\u00f3\u017cnorodno\u015b\u0107 gier<\/strong><\/h3>\n\n\n\n<p>Je\u015bli lubisz gra\u0107 w ruletk\u0119 online, to ucieszy Ci\u0119 wiadomo\u015b\u0107, \u017ce strony hazardowe CSGO oferuj\u0105 Ci szeroki wyb\u00f3r gier. Czy to klasyczne wersje, takie jak europejska, francuska i ameryka\u0144ska, czy te\u017c wersje egzotyczne, takie jak ruletka x50 i X-Roulette, b\u0119dziesz mie\u0107 wiele opcji do wyboru.<\/p>\n\n\n\n<h3 class=\"wp-block-heading\"><strong>Dost\u0119p do egzotycznych sk\u00f3rek do CSGO<\/strong><\/h3>\n\n\n\n<p>Jest pow\u00f3d, dla kt\u00f3rego strony z ruletk\u0105 CSGO s\u0105 teraz tak na topie \u2013 maj\u0105 mn\u00f3stwo sk\u00f3rek egzotycznych, premium i warto\u015bciowych. Je\u015bli chcesz przenie\u015b\u0107 swoje przedmioty na wy\u017cszy poziom, to zarejestruj si\u0119 w kt\u00f3rym\u015b z polecanych przez nas serwis\u00f3w.<\/p>\n\n\n\n<h2 class=\"wp-block-heading\"><span class=\"ez-toc-section\" id=\"CSGO_Roulette_Strategie\"><\/span><strong>CSGO Roulette Strategie<\/strong><span class=\"ez-toc-section-end\"><\/span><\/h2>\n\n\n\n<p><strong>Martingale<\/strong><\/p>\n\n\n\n<p>Strategia ta polega na postawieniu zak\u0142adu na kolor, kt\u00f3ry nagradza 2x, podwajaj\u0105c poprzedni zak\u0142ad na ten sam kolor, je\u015bli przegra. Kontynuuj to, a\u017c wygrasz i odzyskasz wszystkie straty.<\/p>\n\n\n\n<p><strong>Odwr\u00f3cony Martingale<\/strong><\/p>\n\n\n\n<p>Podobny do standardowego Martingale, ale wykorzystuje przeciwn\u0105 strategi\u0119. Postaw zak\u0142ad na wybrany przez siebie kolor i podw\u00f3j zak\u0142ad w przypadku wygranej. Kontynuuj to, a\u017c b\u0119dziesz zadowolony, a je\u015bli przegrasz wr\u00f3\u0107 do oryginalnego zak\u0142adu.<\/p>\n\n\n\n<h2 class=\"wp-block-heading\"><span class=\"ez-toc-section\" id=\"Jak_mozna_wygrac_w_ruletce_CSGO\"><\/span><strong>Jak mo\u017cna wygra\u0107 w ruletce CSGO?<\/strong><span class=\"ez-toc-section-end\"><\/span><\/h2>\n\n\n\n<p>Nasz\u0105 g\u0142\u00f3wn\u0105 rad\u0105 jest skupienie si\u0119 na zarz\u0105dzaniu bankrollem, aby zdecydowa\u0107, jak du\u017ce ryzyko jeste\u015b w stanie zaakceptowa\u0107, wielko\u015b\u0107 zak\u0142ad\u00f3w i kiedy b\u0119dziesz ucina\u0107 straty lub wyp\u0142aca\u0107 zyski. Ponadto, dowiedz si\u0119 o kursach ka\u017cdej gry w ruletk\u0119 przed obstawieniem zak\u0142adu, aby\u015b wiedzie\u0107, jakie masz realne szanse na wygran\u0105.<\/p>\n\n\n\n<h2 class=\"wp-block-heading\"><span class=\"ez-toc-section\" id=\"Jak_grac_w_CSGO_w_Ruletke_Online\"><\/span><strong>Jak gra\u0107 w CSGO w Ruletk\u0119 Online?<\/strong><span class=\"ez-toc-section-end\"><\/span><\/h2>\n\n\n\n<p>Je\u015bli jeste\u015b nowicjuszem w Ruletk\u0119 CSGO, to poka\u017cemy Ci jak gra\u0107 w 6 prostych krokach:<\/p>\n\n\n\n<ol class=\"wp-block-list\">\n<li>Zarejestruj si\u0119 na jednej z polecanych przez nas stron z ruletk\u0105 CSGO<\/li>\n\n\n\n<li>Aktywuj swoje konto i dokonaj pierwszego depozytu w sk\u00f3rkach (mo\u017cesz r\u00f3wnie\u017c wp\u0142aci\u0107 kryptowaluty lub pieni\u0105dze FIAT)<\/li>\n\n\n\n<li>Wybierz swoj\u0105 ulubion\u0105 gr\u0119 w ruletk\u0119 CSGO, tak\u0105 jak klasyczny Slider, 50x Roulette lub X-Roulette.<\/li>\n\n\n\n<li>Obstawiaj zak\u0142ady w oparciu o strategi\u0119 zarz\u0105dzania bankrollem (oraz strategi\u0119 sekwencji numerycznej, je\u015bli chcesz j\u0105 zastosowa\u0107)<\/li>\n\n\n\n<li>Poczekaj, a\u017c gra og\u0142osi zwyci\u0119skie zak\u0142ady<\/li>\n\n\n\n<li>Je\u015bli Tw\u00f3j zak\u0142ad wygra nagrod\u0119, gra automatycznie doda j\u0105 do stanu Twojego konta.<\/li>\n<\/ol>\n\n\n\n<p><em>Pami\u0119taj, aby przeczyta\u0107 zasady ka\u017cdej gry w Ruletk\u0119 CSGO, podobnie jak w przypadku innych gier, takich jak <\/em><a href=\"https:\/\/cs2surge.com\/csgo-jackpot-sites\/\" target=\"_blank\" rel=\"noreferrer noopener\"><em>CSGO jackpot<\/em><\/a><em>, aby zna\u0107 kursy, opcje zak\u0142ad\u00f3w, nagrody i inne przed postawieniem swoich monet lub \u017ceton\u00f3w.<\/em><\/p>\n","protected":false},"excerpt":{"rendered":"<p>Najlepsze strony z ruletk\u0105 CSGO Wymienili\u015bmy kilka z obecnie najlepszych stron z ruletk\u0105 CSGO [y], przy czym CSGORoll jest najlepsz\u0105 dost\u0119pn\u0105 stron\u0105. Co sprawia, \u017ce s\u0105 to najlepsze strony z ruletk\u0105 CSGO? By\u0107 mo\u017ce zastanawia\u0142e\u015b si\u0119, jak stworzyli\u015bmy nasz\u0105 list\u0119 najlepszych stron z ruletk\u0105 CSGO. Oto nasze kryteria ustalania ocen: Jak dzia\u0142a CSGO Roulette? Tak &#8230; <a title=\"Strony ruletki CSGO\" class=\"read-more\" href=\"https:\/\/cs2surge.com\/pl\/csgo-roulette-sites\/\" aria-label=\"Dowiedz si\u0119 wi\u0119cej o Strony ruletki CSGO\">Dowiedz si\u0119 wi\u0119cej<\/a><\/p>\n","protected":false},"author":36,"featured_media":14167,"parent":0,"menu_order":0,"comment_status":"closed","ping_status":"closed","template":"","meta":{"inline_featured_image":false,"two_page_speed":[],"footnotes":""},"categories":[19],"tags":[],"class_list":{"0":"post-11075","1":"page","2":"type-page","3":"status-publish","4":"has-post-thumbnail","6":"category-bez-kategorii"},"acf":[],"_links":{"self":[{"href":"https:\/\/cs2surge.com\/pl\/wp-json\/wp\/v2\/pages\/11075","targetHints":{"allow":["GET"]}}],"collection":[{"href":"https:\/\/cs2surge.com\/pl\/wp-json\/wp\/v2\/pages"}],"about":[{"href":"https:\/\/cs2surge.com\/pl\/wp-json\/wp\/v2\/types\/page"}],"author":[{"embeddable":true,"href":"https:\/\/cs2surge.com\/pl\/wp-json\/wp\/v2\/users\/36"}],"replies":[{"embeddable":true,"href":"https:\/\/cs2surge.com\/pl\/wp-json\/wp\/v2\/comments?post=11075"}],"version-history":[{"count":16,"href":"https:\/\/cs2surge.com\/pl\/wp-json\/wp\/v2\/pages\/11075\/revisions"}],"predecessor-version":[{"id":26134,"href":"https:\/\/cs2surge.com\/pl\/wp-json\/wp\/v2\/pages\/11075\/revisions\/26134"}],"wp:featuredmedia":[{"embeddable":true,"href":"https:\/\/cs2surge.com\/pl\/wp-json\/wp\/v2\/media\/14167"}],"wp:attachment":[{"href":"https:\/\/cs2surge.com\/pl\/wp-json\/wp\/v2\/media?parent=11075"}],"wp:term":[{"taxonomy":"category","embeddable":true,"href":"https:\/\/cs2surge.com\/pl\/wp-json\/wp\/v2\/categories?post=11075"},{"taxonomy":"post_tag","embeddable":true,"href":"https:\/\/cs2surge.com\/pl\/wp-json\/wp\/v2\/tags?post=11075"}],"curies":[{"name":"wp","href":"https:\/\/api.w.org\/{rel}","templated":true}]}}