{"id":11215,"date":"2023-05-25T03:07:00","date_gmt":"2023-05-25T03:07:00","guid":{"rendered":"https:\/\/csgoradar.com\/kod-promocyjny-key-drop\/"},"modified":"2024-05-09T09:27:48","modified_gmt":"2024-05-09T09:27:48","slug":"kod-promocyjny-key-drop","status":"publish","type":"page","link":"https:\/\/cs2surge.com\/pl\/kod-promocyjny-key-drop\/","title":{"rendered":"Kod promocyjny Key drop"},"content":{"rendered":"\n<p>The website design is eye-catching, standing out from competitors for its neat, clean, and well-structured layout with a teasing selection of tones and colors. Immediately claim a bonus at Keydrop by registering to their website and activating the <strong>&#8222;<strong>CSGORAD100<\/strong>&#8222;<\/strong> promo code.&nbsp;<\/p>\n\n\n\n<h2 class=\"wp-block-heading\"><span class=\"ez-toc-section\" id=\"Kody_i_promocje_Keydrop\"><\/span>Kody i promocje Keydrop<span class=\"ez-toc-section-end\"><\/span><\/h2>\n\n\n\n<p>Most cases available at Keydrop are CS:GO-related. Besides crates with <a href=\"https:\/\/cs2surge.com\/free-csgo-skins\/\">CS:GO items like weapons<\/a>, you can open iGaming cases with activation codes for several games available on Steam.\u00a0<\/p>\n\n\n\n<p>Going in the opposite direction of many CS:GO gambling websites, Keydrop offers features no slots or casino games &#8211; it is all about case openings. Standard case opening for CS:GO skins is the platform&#8217;s most traditional gambling option.<\/p>\n\n\n\n<p>Wystarczy, \u017ce kupicie obudowy o cenach od 0,40$ do 499,99$ i je otworzycie. Je\u015bli b\u0119dziesz mia\u0142 szcz\u0119\u015bcie, mo\u017cesz zosta\u0107 nagrodzony sk\u00f3rk\u0105 CS:GO o wysokiej warto\u015bci. Je\u015bli jednak wygrasz sk\u00f3rk\u0119 o niskiej warto\u015bci, mo\u017cliwe jest jej przehandlowanie lub wykorzystanie do sfinansowania innych zak\u0142ad\u00f3w.<\/p>\n\n\n\n<p>Keydrop pozwala na otwieranie spraw z nieco innymi nagrodami ni\u017c przeci\u0119tne. Platforma oferuje case&#8217;y z setek gier, takich jak Assassin&#8217;s Creed czy FIFA. Mo\u017cesz r\u00f3wnie\u017c ulepszy\u0107 skiny o niskiej warto\u015bci do sk\u00f3rek o wysokiej warto\u015bci poprzez gr\u0119 na nich.<\/p>\n\n\n\n<h2 class=\"wp-block-heading\"><span class=\"ez-toc-section\" id=\"Kod_Promocyjny_Key_Drop_for_Savings\"><\/span>Kod Promocyjny Key Drop for Savings<span class=\"ez-toc-section-end\"><\/span><\/h2>\n\n\n\n<figure class=\"wp-block-image size-large\"><img loading=\"lazy\" decoding=\"async\" width=\"1024\" height=\"342\" src=\"https:\/\/cs2surge.com\/wp-content\/uploads\/2022\/02\/keydrop-free-case-daily-promotions-1024x342.png\" alt=\"\" class=\"wp-image-3647\" srcset=\"https:\/\/cs2surge.com\/wp-content\/uploads\/2022\/02\/keydrop-free-case-daily-promotions-1024x342.png 1024w, https:\/\/cs2surge.com\/wp-content\/uploads\/2022\/02\/keydrop-free-case-daily-promotions-300x100.png 300w, https:\/\/cs2surge.com\/wp-content\/uploads\/2022\/02\/keydrop-free-case-daily-promotions-768x257.png 768w, https:\/\/cs2surge.com\/wp-content\/uploads\/2022\/02\/keydrop-free-case-daily-promotions-1536x514.png 1536w, https:\/\/cs2surge.com\/wp-content\/uploads\/2022\/02\/keydrop-free-case-daily-promotions-2048x685.png 2048w\" sizes=\"auto, (max-width: 1024px) 100vw, 1024px\" \/><\/figure>\n\n\n\n<p>Keydrop&#8217;s promos keep players interested and enhance the gambling experience. First, enable &#8222;CR100&#8221; while registering at Keydrop.<\/p>\n\n\n\n<p>The website&#8217;s &#8222;Daily Case&#8221; campaign has more than 8 million active users worldwide. You can open a free case to win many goods if you join this offer.<\/p>\n\n\n\n<p>Possible prizes include free <a href=\"https:\/\/cs2surge.com\/best-case-opening-sites\/\" data-type=\"page\" data-id=\"142\">case openings<\/a>, more USD cash, and the platform&#8217;s native Gold. To play Daily Case, add &#8222;KEYDROP&#8221; to your Steam login and set a platform symbol (available on the Daily Case subpage).<\/p>\n\n\n\n<p>Keydrop frequently gives free CS:GO skins. This promotion&#8217;s skins vary in value.<\/p>\n\n\n\n<p>Some skins are free, but you may win nicer ones by meeting deposit requirements. The website offers inexpensive and expensive skins in four packages.<\/p>\n\n\n\n<p>Unique blades worth $300 are common. Depending on the giveaway, it&#8217;s every six hours, every day, weekly, or monthly. Follow Keydrop on social media for the latest freebies.<\/p>\n\n\n\n<h2 class=\"wp-block-heading\"><span class=\"ez-toc-section\" id=\"Promocja_VIP_i_nagrody_w_postaci_monet_gracza\"><\/span>Promocja VIP i nagrody w postaci monet gracza<span class=\"ez-toc-section-end\"><\/span><\/h2>\n\n\n\n<p>Keydrop has no VIP programme. Instead, the website includes distinctive characteristics. The platform&#8217;s own money, Gold, may be won.<\/p>\n\n\n\n<p>Gambling and Keydrop activity earn Gold. You may earn Gold points by making deposits, opening daily cases, and other actions. Gold Area players can unlock unique cases with their Gold.<\/p>\n\n\n\n<p>The Gold Area has eight special Gold cases. Three crates include iGaming products like FIFA or GTA. You can collect $1000 Skeleton Knife Slaughter if you win a valuable case.<\/p>\n\n\n\n<p>You may earn Free Gold by enabling this option and completing 20 activities, such as following Keydrop on Facebook, Discord, TikTok, and Instagram.<\/p>\n\n\n\n<h2 class=\"wp-block-heading\"><span class=\"ez-toc-section\" id=\"Jak_legalne_sa_kody_promocyjne_Keydrop\"><\/span>Jak legalne s\u0105 kody promocyjne Keydrop?<span class=\"ez-toc-section-end\"><\/span><\/h2>\n\n\n\n<p>W\u0142a\u015bcicielem strony jest Finalta Play Technologies LLP, sp\u00f3\u0142ka z ograniczon\u0105 odpowiedzialno\u015bci\u0105 zarejestrowana w Wielkiej Brytanii. Dzi\u0119ki czterem latom istnienia w segmencie skin\u00f3w do CS:GO, Keydrop zebra\u0142 tysi\u0105ce pozytywnych recenzji od graczy.<\/p>\n\n\n\n<p>It is possible to check the platform&#8217;s Provably Fair system by signing up and clicking on the &#8222;Provably Fair&#8221; tab. This system allows them to autonomously confirm each open case, proving the odds are fair and the gambling experience is not rigged.<\/p>\n\n\n\n<h2 class=\"wp-block-heading\"><span class=\"ez-toc-section\" id=\"Wprowadzanie_kodu_promocyjnego_Keydrop\"><\/span>Wprowadzanie kodu promocyjnego Keydrop<span class=\"ez-toc-section-end\"><\/span><\/h2>\n\n\n\n<figure class=\"wp-block-image size-large\"><img loading=\"lazy\" decoding=\"async\" width=\"1024\" height=\"438\" src=\"https:\/\/cs2surge.com\/wp-content\/uploads\/2022\/06\/key-drop-promo-code-csgo-1024x438.png\" alt=\"\" class=\"wp-image-8126\" srcset=\"https:\/\/cs2surge.com\/wp-content\/uploads\/2022\/06\/key-drop-promo-code-csgo-1024x438.png 1024w, https:\/\/cs2surge.com\/wp-content\/uploads\/2022\/06\/key-drop-promo-code-csgo-300x128.png 300w, https:\/\/cs2surge.com\/wp-content\/uploads\/2022\/06\/key-drop-promo-code-csgo-768x329.png 768w, https:\/\/cs2surge.com\/wp-content\/uploads\/2022\/06\/key-drop-promo-code-csgo-1536x657.png 1536w, https:\/\/cs2surge.com\/wp-content\/uploads\/2022\/06\/key-drop-promo-code-csgo-2048x876.png 2048w\" sizes=\"auto, (max-width: 1024px) 100vw, 1024px\" \/><\/figure>\n\n\n\n<p>Przed aktywacj\u0105 <strong> kodu promocyjnego &#8222;CR100&#8221;<\/strong> nale\u017cy zarejestrowa\u0107 si\u0119 lub zapisa\u0107 w serwisie Keydrop.com. Naj\u0142atwiejszym sposobem na zalogowanie si\u0119 jest u\u017cycie konta Steam. Po zalogowaniu nale\u017cy klikn\u0105\u0107 w zak\u0142adk\u0119 &#8222;Kod promocyjny&#8221; w lewym g\u00f3rnym rogu deski rozdzielczej strony internetowej.  <\/p>\n\n\n\n<p>Wpisz <strong>kod &#8222;CR100&#8221;<\/strong> lub jakikolwiek inny wa\u017cny kod i odbierz mi\u0142y bonus, kt\u00f3ry zwi\u0119kszy Twoje do\u015bwiadczenie w grze w CS:GO.<\/p>\n\n\n\n<h2 class=\"wp-block-heading\"><span class=\"ez-toc-section\" id=\"Keydrop_Free_Code_Podsumowanie\"><\/span>Keydrop Free Code Podsumowanie<span class=\"ez-toc-section-end\"><\/span><\/h2>\n\n\n\n<p>Keydrop&#8217;s purpose is to let you unbox CS:GO instances at higher odds than in-game cases. Keydrop brought case-opening sites to a new level.<\/p>\n\n\n\n<p>The website has a nice look, great visuals, and many cases, skins, and games. Keydrop delivers simple navigation, promotions, and incentives in 15 languages.<\/p>\n\n\n\n<p>The website has had 182,000,000 opens, 2,000,000 battles, and 75,000,000 skin upgrades.<\/p>\n\n\n\n<h2 class=\"wp-block-heading\"><span class=\"ez-toc-section\" id=\"FAQ_Frequently_Asked_Questions\"><\/span>FAQ (Frequently Asked Questions)<span class=\"ez-toc-section-end\"><\/span><\/h2>\n\n\n<div id=\"rank-math-faq\" class=\"rank-math-block\">\n<div class=\"rank-math-list \">\n<div id=\"faq-question-1654973560036\" class=\"rank-math-list-item\">\n<h3 class=\"rank-math-question \"><strong>Czy mog\u0119 aktywowa\u0107 kody za pomoc\u0105 tabletu?<\/strong><\/h3>\n<div class=\"rank-math-answer \">\n\n<p>Bior\u0105c pod uwag\u0119, \u017ce Key Drop to platforma, kt\u00f3ra jest w pe\u0142ni responsywna na wszystkich urz\u0105dzeniach inteligentnych, mo\u017cemy zapewni\u0107, \u017ce wszystkie kody bonusowe Key Drop mog\u0105 by\u0107 aktywowane za po\u015brednictwem tablet\u00f3w i iPad\u00f3w.<\/p>\n\n<\/div>\n<\/div>\n<div id=\"faq-question-1654973563859\" class=\"rank-math-list-item\">\n<h3 class=\"rank-math-question \"><strong>Kiedy otrzymam bonusowe \u015brodki z kodu promocyjnego?<\/strong><\/h3>\n<div class=\"rank-math-answer \">\n\n<p>Po wprowadzeniu kodu promocyjnego Key Drop w puste miejsce, natychmiast otrzymasz wszystkie obiecane fundusze i inne aktywa.<\/p>\n\n<\/div>\n<\/div>\n<div id=\"faq-question-1654973591256\" class=\"rank-math-list-item\">\n<h3 class=\"rank-math-question \"><strong>Czy gracze poni\u017cej 18 roku \u017cycia mog\u0105 ubiega\u0107 si\u0119 o kody promocyjne Key Drop?<\/strong><\/h3>\n<div class=\"rank-math-answer \">\n\n<p>Jak stwierdzono na oficjalnej stronie Key Drop, u\u017cytkownicy poni\u017cej 18 roku \u017cycia nie mog\u0105 uczestniczy\u0107 w \u017cadnej dzia\u0142alno\u015bci hazardowej na stronie. Dlatego gracze poni\u017cej 18 roku \u017cycia nie b\u0119d\u0105 mogli aktywowa\u0107 \u017cadnego z kod\u00f3w promocyjnych.<\/p>\n\n<\/div>\n<\/div>\n<\/div>\n<\/div>","protected":false},"excerpt":{"rendered":"<p>The website design is eye-catching, standing out from competitors for its neat, clean, and well-structured layout with a teasing selection of tones and colors. Immediately claim a bonus at Keydrop by registering to their website and activating the &#8222;CSGORAD100&#8222; promo code.&nbsp; Kody i promocje Keydrop Most cases available at Keydrop are CS:GO-related. Besides crates with &#8230; <a title=\"Kod promocyjny Key drop\" class=\"read-more\" href=\"https:\/\/cs2surge.com\/pl\/kod-promocyjny-key-drop\/\" aria-label=\"Dowiedz si\u0119 wi\u0119cej o Kod promocyjny Key drop\">Dowiedz si\u0119 wi\u0119cej<\/a><\/p>\n","protected":false},"author":36,"featured_media":10231,"parent":0,"menu_order":0,"comment_status":"closed","ping_status":"closed","template":"","meta":{"inline_featured_image":false,"two_page_speed":[],"footnotes":""},"categories":[60],"tags":[],"class_list":{"0":"post-11215","1":"page","2":"type-page","3":"status-publish","4":"has-post-thumbnail","6":"category-kody-csgo"},"acf":[],"_links":{"self":[{"href":"https:\/\/cs2surge.com\/pl\/wp-json\/wp\/v2\/pages\/11215","targetHints":{"allow":["GET"]}}],"collection":[{"href":"https:\/\/cs2surge.com\/pl\/wp-json\/wp\/v2\/pages"}],"about":[{"href":"https:\/\/cs2surge.com\/pl\/wp-json\/wp\/v2\/types\/page"}],"author":[{"embeddable":true,"href":"https:\/\/cs2surge.com\/pl\/wp-json\/wp\/v2\/users\/36"}],"replies":[{"embeddable":true,"href":"https:\/\/cs2surge.com\/pl\/wp-json\/wp\/v2\/comments?post=11215"}],"version-history":[{"count":8,"href":"https:\/\/cs2surge.com\/pl\/wp-json\/wp\/v2\/pages\/11215\/revisions"}],"predecessor-version":[{"id":24769,"href":"https:\/\/cs2surge.com\/pl\/wp-json\/wp\/v2\/pages\/11215\/revisions\/24769"}],"wp:featuredmedia":[{"embeddable":true,"href":"https:\/\/cs2surge.com\/pl\/wp-json\/wp\/v2\/media\/10231"}],"wp:attachment":[{"href":"https:\/\/cs2surge.com\/pl\/wp-json\/wp\/v2\/media?parent=11215"}],"wp:term":[{"taxonomy":"category","embeddable":true,"href":"https:\/\/cs2surge.com\/pl\/wp-json\/wp\/v2\/categories?post=11215"},{"taxonomy":"post_tag","embeddable":true,"href":"https:\/\/cs2surge.com\/pl\/wp-json\/wp\/v2\/tags?post=11215"}],"curies":[{"name":"wp","href":"https:\/\/api.w.org\/{rel}","templated":true}]}}