{"id":6793,"date":"2023-05-22T06:52:00","date_gmt":"2023-05-22T06:52:00","guid":{"rendered":"https:\/\/csgoradar.com\/csgoempire-najnowsze-i-najlepsze-kody\/"},"modified":"2024-04-24T12:14:20","modified_gmt":"2024-04-24T12:14:20","slug":"kod-promocyjny-csgoempire","status":"publish","type":"page","link":"https:\/\/cs2surge.com\/pl\/kod-promocyjny-csgoempire\/","title":{"rendered":"CSGOEmpire Najnowsze i najlepsze kody"},"content":{"rendered":"\n<p>CSGOEmpire is a legend regarding CSGO gambling, <a href=\"https:\/\/cs2surge.com\/best-case-opening-sites\/\" data-type=\"page\" data-id=\"142\">case opening<\/a>, skins gambling, etc. Since 2016 it\u2019s also brought us amazing bonuses, which you can claim by using our exclusive CSGOEmpire promo code:&nbsp;&#8222;<strong>ES100<\/strong>&#8222;.<\/p>\n\n\n\n<p>If you want to learn more about the CSGOEmpire promo codes and other promotions, offers, and bonuses you can claim, then keep reading on.<\/p>\n\n\n\n<h2 class=\"wp-block-heading\"><span class=\"ez-toc-section\" id=\"How_to_Claim_The_CSGOEmpire_Code\"><\/span>How to Claim The CSGOEmpire Code<span class=\"ez-toc-section-end\"><\/span><\/h2>\n\n\n\n<figure class=\"wp-block-image size-large\"><img loading=\"lazy\" decoding=\"async\" width=\"1024\" height=\"576\" src=\"https:\/\/cs2surge.com\/wp-content\/uploads\/2022\/07\/Csgoempire-promo-code-claim-1024x576.jpg\" alt=\"Claim The CSGOEmpire Promo Code\" class=\"wp-image-10705\" srcset=\"https:\/\/cs2surge.com\/wp-content\/uploads\/2022\/07\/Csgoempire-promo-code-claim-1024x576.jpg 1024w, https:\/\/cs2surge.com\/wp-content\/uploads\/2022\/07\/Csgoempire-promo-code-claim-300x169.jpg 300w, https:\/\/cs2surge.com\/wp-content\/uploads\/2022\/07\/Csgoempire-promo-code-claim-768x432.jpg 768w, https:\/\/cs2surge.com\/wp-content\/uploads\/2022\/07\/Csgoempire-promo-code-claim.jpg 1280w\" sizes=\"auto, (max-width: 1024px) 100vw, 1024px\" \/><\/figure>\n\n\n\n<p>Now that you have the CSGOEmpire promo codes in your power, it\u2019s time to use them in only 5 steps:<\/p>\n\n\n\n<ol class=\"wp-block-list\"><li>Sign up on CSGOEmpire<\/li><li>Activate your account<\/li><li>Click on \u201cFree Case\u201d<\/li><li>Enter the &#8222;<strong>ES100<\/strong>&#8221; code <\/li><li>Click \u201cOpen Case\u201d<\/li><\/ol>\n\n\n\n<p>After that, you will open the free case to win a big prize, or you can use the other promo codes to claim free cash, credits, or coins that you can use for gambling.<\/p>\n\n\n\n<h2 class=\"wp-block-heading\"><span class=\"ez-toc-section\" id=\"Kod_Promocyjny_CS_GO_Empire_y\"><\/span>Kod Promocyjny CS:GO Empire [y]<span class=\"ez-toc-section-end\"><\/span><\/h2>\n\n\n\n<p>If you want to explore other promo codes available in [y], then be our guest. Here you have our list of the best CSGOEmpire promo codes, so you can claim them to win free coins, cases, skins, credits, and more:<\/p>\n\n\n\n<ul class=\"wp-block-list\"><li>ES100<\/li><li>Lista 100 najlepszych<\/li><li>CR10<\/li><li>TOPCSGOe<\/li><\/ul>\n\n\n\n<h2 class=\"wp-block-heading\"><span class=\"ez-toc-section\" id=\"How_Can_You_Use_the_CSGOEmpire_Free_Coins\"><\/span>How Can You Use the CSGOEmpire Free Coins?<span class=\"ez-toc-section-end\"><\/span><\/h2>\n\n\n\n<p>CSGOEmpire offers an interesting combination of standard case opening, CS:GO gambling, and tournament bets. Originally focused exclusively on CS:GO, the website also features match betting for different iGaming rockstars such as:<\/p>\n\n\n\n<ul class=\"wp-block-list\"><li>Valorant&nbsp;<\/li><li>Dota 2<\/li><li>League of Legends<\/li><li>Rocket League<\/li><li>Call of Duty<\/li><li>Rainbow Six Siege<\/li><li>Overwatch<\/li><\/ul>\n\n\n\n<p>Other games include roulette (roll) and coinflip. You can wager on Terrorist, Counter-Terrorist, or Empire in CS:GO Roll.<\/p>\n\n\n\n<p>The game has 15 slots: 7 T, 7 CT, and 1 Empire. Scoring a T or CT will quadruple your win. Matching the Empire slot pays 14 to 1.<\/p>\n\n\n\n<p>CSGOEmpire, one of the <a href=\"https:\/\/cs2surge.com\/csgo-coinflip-sites\/\">top CSGO coinflip sites<\/a>, offers a CS:GO-themed coin flip game. Bet on successive coin flips. Lucky people can win big. The dashboard&#8217;s provably fair mark verifies the game&#8217;s fairness.<\/p>\n\n\n\n<h2 class=\"wp-block-heading\"><span class=\"ez-toc-section\" id=\"Withdraw_CSGOEmpire_Referral_Code_Profits\"><\/span>Withdraw CSGOEmpire Referral Code Profits<span class=\"ez-toc-section-end\"><\/span><\/h2>\n\n\n\n<p>As expected for one of the world&#8217;s most reputable <a href=\"https:\/\/cs2surge.com\/\" data-type=\"page\" data-id=\"8\">CSGO gambling sites<\/a>, CSGOEmpire features a variety of payment methods, including:&nbsp;<\/p>\n\n\n\n<ul class=\"wp-block-list\"><li>Credit cards<\/li><li>Debit cards<\/li><li>Bitcoin<\/li><li>Litecoin<\/li><li><a href=\"https:\/\/cs2surge.com\/ethereum-casinos\/\" data-type=\"page\" data-id=\"7967\">Ethereum<\/a><\/li><li>CS:GO skins<\/li><li>E-Wallets (Skrill, JCP, CashU, and ecoPayz)<\/li><\/ul>\n\n\n\n<p>Considering the platform is not recognized by standard banking entities, bank transfers are not available. In fact, the only withdrawal method available for winners is through CS:GO skins.<\/p>\n\n\n\n<h2 class=\"wp-block-heading\"><span class=\"ez-toc-section\" id=\"Ongoing_Free_Case_Promotions\"><\/span>Ongoing Free Case Promotions<span class=\"ez-toc-section-end\"><\/span><\/h2>\n\n\n\n<figure class=\"wp-block-image size-large\"><img loading=\"lazy\" decoding=\"async\" width=\"1024\" height=\"289\" src=\"https:\/\/cs2surge.com\/wp-content\/uploads\/2021\/07\/CSGOEmpire-ongoing-promotion-free-case-1024x289.png\" alt=\"\" class=\"wp-image-1214\" srcset=\"https:\/\/cs2surge.com\/wp-content\/uploads\/2021\/07\/CSGOEmpire-ongoing-promotion-free-case-1024x289.png 1024w, https:\/\/cs2surge.com\/wp-content\/uploads\/2021\/07\/CSGOEmpire-ongoing-promotion-free-case-300x85.png 300w, https:\/\/cs2surge.com\/wp-content\/uploads\/2021\/07\/CSGOEmpire-ongoing-promotion-free-case-768x217.png 768w, https:\/\/cs2surge.com\/wp-content\/uploads\/2021\/07\/CSGOEmpire-ongoing-promotion-free-case-1536x434.png 1536w, https:\/\/cs2surge.com\/wp-content\/uploads\/2021\/07\/CSGOEmpire-ongoing-promotion-free-case-2048x578.png 2048w\" sizes=\"auto, (max-width: 1024px) 100vw, 1024px\" \/><\/figure>\n\n\n\n<p>Promotions vary by player level. As you use the website more, you&#8217;ll get promo keys for free cases. Higher-level cases are more rewarding.<\/p>\n\n\n\n<p>Jackpots are available. CSGOEmpire puts 0.4% of bets into a prize pool. When the bonus icon appears, the jackpot pool is shared proportionally among eligible players.<\/p>\n\n\n\n<h2 class=\"wp-block-heading\"><span class=\"ez-toc-section\" id=\"How_Legit_Are_CSGOEmpire_Codes\"><\/span>How Legit Are CSGOEmpire Codes?<span class=\"ez-toc-section-end\"><\/span><\/h2>\n\n\n\n<p>Moonrail Limited B.V. operates CSGOEmpire. The website has&nbsp; SSL-encrypted encryption. All casino games are&nbsp;provably&nbsp;fair.<\/p>\n\n\n\n<p>Click &#8222;Fairness&#8221; for a thorough description of the website&#8217;s gambling process, hash creation, and seed publishing. Registered players can independently verify each round&#8217;s randomness online.<\/p>\n\n\n\n<p>CSGOEmpire may request personal details for KYC. Suppose you make a large deposit, withdraw over 2000 BTC or ETH, or act suspiciously. CSGOEmpire will ask for further details.<\/p>\n\n\n\n<p>Players that don&#8217;t give required information can&#8217;t withdraw skins, gamble, or earn rewards.<\/p>\n\n\n\n<h2 class=\"wp-block-heading\"><span class=\"ez-toc-section\" id=\"VIP_Promotion_Player_Coin_Rewards\"><\/span>VIP Promotion &amp; Player Coin Rewards<span class=\"ez-toc-section-end\"><\/span><\/h2>\n\n\n\n<p>CSGOEmpire&#8217;s VIP club is absent. Instead, prizes for the most active players are available for everyone. Gamble more to get free coins.<\/p>\n\n\n\n<p>In this promotion, the finest daily, weekly, and monthly punters fight for exclusive prizes.<\/p>\n\n\n\n<p>Another interesting promotion is the &#8222;Coin Shower&#8221; function, allowing gamers to obtain free coins out of nowhere while participating in the platform&#8217;s chat. The website gives out free coins via Twitter on holidays and other events.<\/p>\n\n\n\n<h2 class=\"wp-block-heading\"><span class=\"ez-toc-section\" id=\"Final_Thoughts\"><\/span>Final Thoughts<span class=\"ez-toc-section-end\"><\/span><\/h2>\n\n\n\n<p>The CSGOEmpire promo code gives you a wonderful start on a platform with great games like <a href=\"https:\/\/cs2surge.com\/csgo-case-battle-sites\/\">Case Battles<\/a>. CSGOEmpire promo code offers free skins, coins, cases, and credits. As a real CSGO website, you can deposit skins, cash, or cryptocurrency confidently.<\/p>\n\n\n\n<p>Therefore, we recommend you use the ES100 free code because it will give you an edge over the rest.<\/p>\n\n\n\n<h2 class=\"wp-block-heading\"><span class=\"ez-toc-section\" id=\"Common_Questions\"><\/span>Common Questions <span class=\"ez-toc-section-end\"><\/span><\/h2>\n\n\n<div id=\"rank-math-faq\" class=\"rank-math-block\">\n<div class=\"rank-math-list \">\n<div id=\"faq-question-1650898595877\" class=\"rank-math-list-item\">\n<h3 class=\"rank-math-question \"><strong>Czy CSGOEmpire ma darmowe kody promocyjne?<\/strong><\/h3>\n<div class=\"rank-math-answer \">\n\n<p>Yes! All CSGOEmpire, both new and existing customers, can use the code \u2018ES100\u2019 in order to get a free case worth anything from $0.40 to $1447. There are no terms and conditions for this code so it\u2019s as simple as heading over to the \u2018Free case\u2019 section.<\/p>\n\n<\/div>\n<\/div>\n<div id=\"faq-question-1650898623046\" class=\"rank-math-list-item\">\n<h3 class=\"rank-math-question \"><strong>Jakie metody p\u0142atno\u015bci obs\u0142uguje CSGOEmpire?<\/strong><\/h3>\n<div class=\"rank-math-answer \">\n\n<p>Most CSGO gambling platforms use cryptocurrencies instead of most commonly used eWallets like PayPal. This is often about security and getting around some of the regulations around gambling, we\u2019ve tried these payment methods and they work perfectly.\u00a0<\/p>\n\n<\/div>\n<\/div>\n<div id=\"faq-question-1650898623905\" class=\"rank-math-list-item\">\n<h3 class=\"rank-math-question \"><strong>Jaki jest kod bonusowy dla CSGOEmpire? <\/strong><\/h3>\n<div class=\"rank-math-answer \">\n\n<p>The exclusive bonus code for CSGOEmpire is \u2018ES100\u2019 and gives you anything from $0.40 to $1447 worth of skins on a daily basis, be sure to claim this fantastic code for you to use and take advantage of easily.\u00a0<\/p>\n\n<\/div>\n<\/div>\n<div id=\"faq-question-1650898624949\" class=\"rank-math-list-item\">\n<h3 class=\"rank-math-question \"><strong>Zarabianie na CSGOEmpire<\/strong><\/h3>\n<div class=\"rank-math-answer \">\n\n<p>Obviously, when it comes to gambling, there\u2019s no solid strategy when it comes to making solid income, but there&#8217;re plenty of strategies to come close to it. There\u2019s these strategies online on platforms like YouTube.\u00a0\u00a0<\/p>\n\n<\/div>\n<\/div>\n<div id=\"faq-question-1655747847454\" class=\"rank-math-list-item\">\n<h3 class=\"rank-math-question \"><strong>How do you get coins in CSGOEmpire?<\/strong><\/h3>\n<div class=\"rank-math-answer \">\n\n<p>The best way to get coins in CSGOEmpire is by claiming our exclusive promo code, so you can get them for free. Furthermore, you can also win free coins by playing games and claiming the daily bonuses.<\/p>\n\n<\/div>\n<\/div>\n<\/div>\n<\/div>","protected":false},"excerpt":{"rendered":"<p>CSGOEmpire is a legend regarding CSGO gambling, case opening, skins gambling, etc. Since 2016 it\u2019s also brought us amazing bonuses, which you can claim by using our exclusive CSGOEmpire promo code:&nbsp;&#8222;ES100&#8222;. If you want to learn more about the CSGOEmpire promo codes and other promotions, offers, and bonuses you can claim, then keep reading on. &#8230; <a title=\"CSGOEmpire Najnowsze i najlepsze kody\" class=\"read-more\" href=\"https:\/\/cs2surge.com\/pl\/kod-promocyjny-csgoempire\/\" aria-label=\"Dowiedz si\u0119 wi\u0119cej o CSGOEmpire Najnowsze i najlepsze kody\">Dowiedz si\u0119 wi\u0119cej<\/a><\/p>\n","protected":false},"author":36,"featured_media":5874,"parent":0,"menu_order":0,"comment_status":"closed","ping_status":"closed","template":"","meta":{"inline_featured_image":false,"two_page_speed":[],"footnotes":""},"categories":[],"tags":[],"class_list":["post-6793","page","type-page","status-publish","has-post-thumbnail"],"acf":[],"_links":{"self":[{"href":"https:\/\/cs2surge.com\/pl\/wp-json\/wp\/v2\/pages\/6793","targetHints":{"allow":["GET"]}}],"collection":[{"href":"https:\/\/cs2surge.com\/pl\/wp-json\/wp\/v2\/pages"}],"about":[{"href":"https:\/\/cs2surge.com\/pl\/wp-json\/wp\/v2\/types\/page"}],"author":[{"embeddable":true,"href":"https:\/\/cs2surge.com\/pl\/wp-json\/wp\/v2\/users\/36"}],"replies":[{"embeddable":true,"href":"https:\/\/cs2surge.com\/pl\/wp-json\/wp\/v2\/comments?post=6793"}],"version-history":[{"count":17,"href":"https:\/\/cs2surge.com\/pl\/wp-json\/wp\/v2\/pages\/6793\/revisions"}],"predecessor-version":[{"id":23997,"href":"https:\/\/cs2surge.com\/pl\/wp-json\/wp\/v2\/pages\/6793\/revisions\/23997"}],"wp:featuredmedia":[{"embeddable":true,"href":"https:\/\/cs2surge.com\/pl\/wp-json\/wp\/v2\/media\/5874"}],"wp:attachment":[{"href":"https:\/\/cs2surge.com\/pl\/wp-json\/wp\/v2\/media?parent=6793"}],"wp:term":[{"taxonomy":"category","embeddable":true,"href":"https:\/\/cs2surge.com\/pl\/wp-json\/wp\/v2\/categories?post=6793"},{"taxonomy":"post_tag","embeddable":true,"href":"https:\/\/cs2surge.com\/pl\/wp-json\/wp\/v2\/tags?post=6793"}],"curies":[{"name":"wp","href":"https:\/\/api.w.org\/{rel}","templated":true}]}}