{"id":6872,"date":"2023-05-27T03:59:00","date_gmt":"2023-05-27T03:59:00","guid":{"rendered":"https:\/\/csgoradar.com\/wiecej-kodow-promocyjnych-csgoroll\/"},"modified":"2024-09-11T21:44:39","modified_gmt":"2024-09-11T21:44:39","slug":"kodow-promocyjnych-csgoroll","status":"publish","type":"page","link":"https:\/\/cs2surge.com\/pl\/kodow-promocyjnych-csgoroll\/","title":{"rendered":"CSGORoll Kod promocyjny &amp; 5% Bonus Code"},"content":{"rendered":"\n<p>CSGORoll jest jedn\u0105 z ulubionych platform dla graczy CSGO i hazardzist\u00f3w, dlatego te\u017c przynie\u015bli\u015bmy Ci najlepszy kod promocyjny CSGORoll w [y], a oto on: <strong>&#8222;CR30<\/strong>&#8222;.<\/p>\n\n\n\n<p>Je\u015bli chcesz dowiedzie\u0107 si\u0119, jak z niego korzysta\u0107, opr\u00f3cz innych kod\u00f3w promocyjnych, bonus\u00f3w i ofert, kt\u00f3re otrzymujesz, do\u0142\u0105czaj\u0105c do CSGORoll, to b\u0105d\u017a naszym go\u015bciem.<\/p>\n\n\n\n<h2 class=\"wp-block-heading\"><span class=\"ez-toc-section\" id=\"Kody_i_promocje_CSGORoll_w_2022_r\"><\/span>Kody i promocje CSGORoll w 2022 r.<span class=\"ez-toc-section-end\"><\/span><\/h2>\n\n\n\n<p>Je\u015bli nasz g\u0142\u00f3wny kod promocyjny CSGORoll nie jest dla Ciebie wystarczaj\u0105cy, to nie martw si\u0119, bo mamy dla Ciebie ca\u0142y zestaw innych darmowych kod\u00f3w:<\/p>\n\n\n\n<ul class=\"wp-block-list\">\n<li><strong>CR30<\/strong>(3+ darmowe skrzynie + 5% bonus od depozytu)<\/li>\n\n\n\n<li><strong>CR100<\/strong> (3+ darmowe skrzynie + 5% bonus od depozytu)<\/li>\n\n\n\n<li><strong>CSGORDR<\/strong> (1 wolny przypadek)<\/li>\n\n\n\n<li><strong>RADR5<\/strong> (Free $0.50 Coin)<\/li>\n\n\n\n<li><strong>UKCSGO<\/strong> (Codzienne darmowe skrzynie i bonus od depozytu)<\/li>\n<\/ul>\n\n\n\n<figure class=\"wp-block-table\"><table><tbody><tr><td><strong>Kod<\/strong><\/td><td><strong>Oferta<\/strong><\/td><td><strong>Data wa\u017cno\u015bci<\/strong><\/td><\/tr><tr><td>CR100<\/td><td>5% Bonus od depozytu<\/td><td>[m] [y]<\/td><\/tr><tr><td>CR30<\/td><td>5 darmowych pude\u0142ek<\/td><td>[m] [y]<\/td><\/tr><tr><td>RADAR5<\/td><td>Darmowe przedmioty + 5% Bonus od depozytu<\/td><td>[m] [y]<\/td><\/tr><tr><td>CSGORDR<\/td><td>3 DARMOWE CASY + 5% Bonus od depozytu<\/td><td>[m] [y]<\/td><\/tr><tr><td>UKCSGO<\/td><td>5% Bonus od depozytu<\/td><td>[m] [y]<\/td><\/tr><\/tbody><\/table><\/figure>\n\n\n\n<p>Maj\u0105c do dyspozycji mn\u00f3stwo darmowych monet, sk\u00f3rek i skrzynek, masz teraz pe\u0142en zestaw powod\u00f3w, by pozosta\u0107 wiernym CSGORoll, ale jest jeszcze co\u015b, co musisz wiedzie\u0107.<\/p>\n\n\n\n<h2 class=\"wp-block-heading\"><span class=\"ez-toc-section\" id=\"Jak_wejsc_i_odebrac_kod_promocyjny_CSGORoll\"><\/span>Jak wej\u015b\u0107 i odebra\u0107 kod promocyjny CSGORoll?<span class=\"ez-toc-section-end\"><\/span><\/h2>\n\n\n\n<figure class=\"wp-block-image size-large\"><img loading=\"lazy\" decoding=\"async\" width=\"1024\" height=\"576\" src=\"https:\/\/cs2surge.com\/wp-content\/uploads\/2022\/07\/csgoradar-csgoroll-promo-code-cr100-1024x576.jpeg\" alt=\"CSGORoll code CR100\" class=\"wp-image-10598\" srcset=\"https:\/\/cs2surge.com\/wp-content\/uploads\/2022\/07\/csgoradar-csgoroll-promo-code-cr100-1024x576.jpeg 1024w, https:\/\/cs2surge.com\/wp-content\/uploads\/2022\/07\/csgoradar-csgoroll-promo-code-cr100-300x169.jpeg 300w, https:\/\/cs2surge.com\/wp-content\/uploads\/2022\/07\/csgoradar-csgoroll-promo-code-cr100-768x432.jpeg 768w, https:\/\/cs2surge.com\/wp-content\/uploads\/2022\/07\/csgoradar-csgoroll-promo-code-cr100.jpeg 1280w\" sizes=\"auto, (max-width: 1024px) 100vw, 1024px\" \/><\/figure>\n\n\n\n<p>Proces jest do\u015b\u0107 prosty i mo\u017cesz go wykona\u0107 w zaledwie 5 krokach &#8211; oto jak to zrobi\u0107:<\/p>\n\n\n\n<ol class=\"wp-block-list\">\n<li>Kliknij &#8222;Claim Bonus&#8221; powy\u017cej, a otrzymasz 3 darmowe skrzynie.<\/li>\n\n\n\n<li>Po rejestracji kliknij na zak\u0142adk\u0119 &#8222;Depozyt&#8221;.<\/li>\n\n\n\n<li>Wpisz kod promocyjny <strong>&#8222;CR30&#8221;<\/strong> w polu po wybraniu kwoty depozytu.<\/li>\n\n\n\n<li>Kliknij &#8222;Zastosuj&#8221; po wpisaniu<strong>&#8222;CR30<\/strong>&#8222;<\/li>\n\n\n\n<li>Ciesz si\u0119 swoim ekskluzywnym bonusem!<\/li>\n<\/ol>\n\n\n\n<p>Jest to ten sam proces dla wszystkich kod\u00f3w promocyjnych, kt\u00f3re mo\u017cesz znale\u017a\u0107 na naszej stronie. Je\u015bli potrzebujesz dalszej pomocy, nie wahaj si\u0119 z nami skontaktowa\u0107.<\/p>\n\n\n\n<h2 class=\"wp-block-heading\"><span class=\"ez-toc-section\" id=\"Inne_promocje_CSGORoll\"><\/span>Inne promocje CSGORoll<span class=\"ez-toc-section-end\"><\/span><\/h2>\n\n\n\n<p>CSGORoll oferuje promocje na darmowe walizki w dw\u00f3ch r\u00f3\u017cnych scenariuszach:<\/p>\n\n\n\n<ul class=\"wp-block-list\">\n<li>Podczas promocji od sponsor\u00f3w, lub<\/li>\n\n\n\n<li>Aby nagradza\u0107 klient\u00f3w za wp\u0142acanie \u015brodk\u00f3w na platform\u0119<\/li>\n<\/ul>\n\n\n\n<p>Like other <a href=\"https:\/\/cs2surge.com\/csgo-roulette-sites\/\" target=\"_blank\" rel=\"noreferrer noopener\">CS:GO roulette sites<\/a>, they use social media to promote and refresh bonuses. Follow CSGORoll&#8217;s Twitter for updates.<\/p>\n\n\n\n<p>Strona zabrania oferowania kod\u00f3w promocyjnych na czacie. Polityka CSGORoll usuwa uprawnienia u\u017cytkownika do czatu, je\u015bli poprosi on o darmowy kod na czacie.<\/p>\n\n\n\n<h3 class=\"wp-block-heading\">Cz\u0119ste przypadki wolne od roszcze\u0144<\/h3>\n\n\n\n<p>Po prawid\u0142owej rejestracji, mo\u017cesz ubiega\u0107 si\u0119 o codzienne darmowe skrzynki, je\u015bli jeste\u015b konsekwentnym graczem. Tw\u00f3j poziom wzrasta, gdy sp\u0119dzasz wi\u0119cej czasu na grze. Im bardziej podnosisz poziom swojego konta, tym wi\u0119cej masz szans na zdobycie nagr\u00f3d.<\/p>\n\n\n\n<h3 class=\"wp-block-heading\">Cotygodniowe nagrody<\/h3>\n\n\n\n<p>Otwieraj\u0105c codzienne sprawy zwi\u0105zane z jackpotem otrzymasz tygodniow\u0105 nagrod\u0119 w wysoko\u015bci 10 000$. Ka\u017cda skrzynka oferuje od 5 do 10 bilet\u00f3w (je\u015bli zdeponowa\u0142e\u015b \u015brodki na platformie w ci\u0105gu ostatniego tygodnia).<\/p>\n\n\n\n<p>Je\u015bli nie wp\u0142aci\u0142e\u015b pieni\u0119dzy w ci\u0105gu ostatniego tygodnia, masz 10% szans na wygranie dziennego biletu. Wi\u0119cej bilet\u00f3w oznacza wi\u0119cej szans na wygranie $10,000.<\/p>\n\n\n\n<h2 class=\"wp-block-heading\"><span class=\"ez-toc-section\" id=\"Promocje_VIP_i_nagrody_w_postaci_monet_graczy\"><\/span>Promocje VIP i nagrody w postaci monet graczy  <span class=\"ez-toc-section-end\"><\/span><\/h2>\n\n\n\n<p>CSGORoll nie ma systemu VIP w stylu kasyna. Gracze s\u0105 nagradzani za czas sp\u0119dzony na platformie. Im wi\u0119cej postawisz, tym wi\u0119cej darmowych spraw dostaniesz.<\/p>\n\n\n\n<p>Aktywni gracze otrzymuj\u0105 Gemy, specjaln\u0105 walut\u0119 CSGORoll. Klejnoty odblokowuj\u0105 wysokowarto\u015bciowe sk\u00f3rki CS:GO w specjalnych przypadkach. Aby wygra\u0107 Klejnoty, obstawiaj w nast\u0119puj\u0105cy spos\u00f3b:<\/p>\n\n\n\n<ul class=\"wp-block-list\">\n<li>0.05% szansy na wygranie 1 Gem, gdy postawisz 0.01 Monet.<\/li>\n\n\n\n<li>5% szans na wygranie 1 klejnotu przy postawieniu 1 monety.<\/li>\n\n\n\n<li>50% szans na wygranie 1 klejnotu, gdy postawisz 10 monet.<\/li>\n\n\n\n<li>50% szans na wygranie 2 klejnot\u00f3w, gdy postawisz 20 monet.<\/li>\n\n\n\n<li>50% szansy na wygranie 1000 klejnot\u00f3w, gdy postawisz 1000 monet.<\/li>\n<\/ul>\n\n\n\n<p>Nale\u017cy pami\u0119ta\u0107, \u017ce klejnoty nie mog\u0105 by\u0107 frakcjonowane. St\u0105d, je\u015bli zdecydujesz si\u0119 postawi\u0107 tylko 19 monet, masz 50% szans na otrzymanie 1 Gem. System zawsze zaokr\u0105gla liczb\u0119 Klejnot\u00f3w w d\u00f3\u0142, co oznacza, \u017ce gracze nie mog\u0105 otrzyma\u0107 np. 1,5 Klejnotu.<\/p>\n\n\n\n<h2 class=\"wp-block-heading\"><span class=\"ez-toc-section\" id=\"Korzystanie_z_darmowych_monet_i_skorek_na_CSGORoll\"><\/span>Korzystanie z darmowych monet i sk\u00f3rek na CSGORoll<span class=\"ez-toc-section-end\"><\/span><\/h2>\n\n\n\n<p>You can use the standard case opening feature typical of <a href=\"https:\/\/cs2surge.com\/\" target=\"_blank\" rel=\"noreferrer noopener\">CSGO skin betting sites<\/a>, but the website&#8217;s catalog also offers:<\/p>\n\n\n\n<ul class=\"wp-block-list\">\n<li>CS:GO Roulette (Roll)<\/li>\n\n\n\n<li>Awaria CS:GO<\/li>\n\n\n\n<li>Plinko<\/li>\n\n\n\n<li>Ko\u015bci (plus specjalne &#8222;Pojedynki na ko\u015bci&#8221;)<\/li>\n<\/ul>\n\n\n\n<p>Dzi\u0119ki funkcji &#8222;Case Battles&#8221; gracze mog\u0105 bra\u0107 udzia\u0142 w pojedynkach head-to-head, jak r\u00f3wnie\u017c w konkursach z rzucaniem monet\u0105, z szans\u0105 na wygranie du\u017cych jackpot\u00f3w. Gracze mog\u0105 wymienia\u0107 5 dolar\u00f3w na monety.<\/p>\n\n\n\n<p>Bior\u0105c pod uwag\u0119, \u017ce jedna moneta kosztuje 0,7$, przelicznik wymiany monet na stronie nie jest najlepszy. Jedna moneta = 1$ to najlepszy stosunek monet do funduszy. W przeciwnym razie nie jest to zdrowy hazard.<\/p>\n\n\n\n<h2 class=\"wp-block-heading\"><span class=\"ez-toc-section\" id=\"Wyplac_swoje_zyski_z_kodu_promocyjnego_CSGORoll\"><\/span>Wyp\u0142a\u0107 swoje zyski z kodu promocyjnego CSGORoll<span class=\"ez-toc-section-end\"><\/span><\/h2>\n\n\n\n<figure class=\"wp-block-image size-large is-resized\"><img loading=\"lazy\" decoding=\"async\" width=\"1024\" height=\"741\" src=\"https:\/\/cs2surge.com\/wp-content\/uploads\/2022\/11\/csgoroll-promo-code-winnings-withdraw-1024x741.png\" alt=\"Wyp\u0142ata \u015brodk\u00f3w na CSGORoll kod promocyjny\" class=\"wp-image-13507\" style=\"width:1280px;height:927px\" srcset=\"https:\/\/cs2surge.com\/wp-content\/uploads\/2022\/11\/csgoroll-promo-code-winnings-withdraw-1024x741.png 1024w, https:\/\/cs2surge.com\/wp-content\/uploads\/2022\/11\/csgoroll-promo-code-winnings-withdraw-300x217.png 300w, https:\/\/cs2surge.com\/wp-content\/uploads\/2022\/11\/csgoroll-promo-code-winnings-withdraw-768x556.png 768w, https:\/\/cs2surge.com\/wp-content\/uploads\/2022\/11\/csgoroll-promo-code-winnings-withdraw.png 1383w\" sizes=\"auto, (max-width: 1024px) 100vw, 1024px\" \/><\/figure>\n\n\n\n<p>Here you have the available deposit and withdrawal methods on CSGORoll, so you can cash out all the profits you\u2019ve won thanks to the CSGORoll free code:<\/p>\n\n\n\n<ul class=\"wp-block-list\">\n<li>Karty kredytowe (Visa, Mastercard)<\/li>\n\n\n\n<li>Sk\u00f3rki CSGO (Steam)<\/li>\n\n\n\n<li>Zaufanie<\/li>\n\n\n\n<li>Kryptowaluta (BTC, ETH, LTC, BCH, DOGE, USDT, XRP)  <\/li>\n\n\n\n<li>PayPal  <\/li>\n\n\n\n<li>Skrill<\/li>\n\n\n\n<li>Neteller<\/li>\n<\/ul>\n\n\n\n<p>W przypadku wycofywania sk\u00f3ry mo\u017cna polega\u0107 na Steamie. Obecnie strona stosuje dzienny limit 1000 monet ponad warto\u015b\u0107 dziennego depozytu gracza na wyp\u0142aty.<\/p>\n\n\n\n<h2 class=\"wp-block-heading\"><span class=\"ez-toc-section\" id=\"Jak_legalne_sa_kody_promocyjne_CSGORoll\"><\/span>Jak legalne s\u0105 kody promocyjne CSGORoll?<span class=\"ez-toc-section-end\"><\/span><\/h2>\n\n\n\n<p>Feral Entertainment Limited jest w\u0142a\u015bcicielem CSGORoll. Posiadana przez stron\u0119 licencja hazardowa \u015bwiadczy o jej wiarygodno\u015bci.<\/p>\n\n\n\n<p>Wszystkie gry Provably fair mog\u0105 by\u0107 zweryfikowane. Pewne uczciwe haszowanie zapobiega wp\u0142ywowi CSGORoll, stron trzecich i innych zak\u0142\u00f3ce\u0144 na wyniki.<\/p>\n\n\n\n<h2 class=\"wp-block-heading\"><span class=\"ez-toc-section\" id=\"CSGORoll_Free_Code_Podsumowanie\"><\/span>CSGORoll Free Code Podsumowanie<span class=\"ez-toc-section-end\"><\/span><\/h2>\n\n\n\n<p>Kod darmowy CSGORoll jest cenny, poniewa\u017c zaczynasz gr\u0119 bez ryzyka. Kody promocyjne CSGO odblokowuj\u0105 darmow\u0105 got\u00f3wk\u0119, skrzynki i sk\u00f3rki.<\/p>\n\n\n\n<p>Jak wida\u0107 powy\u017cej, nawet debiutant w grze CSGO mo\u017ce odebra\u0107 kod promocyjny w 5 krokach.<\/p>\n\n\n\n<h2 class=\"wp-block-heading\"><span class=\"ez-toc-section\" id=\"Czesto_Zadawane_Pytania\"><\/span>Cz\u0119sto Zadawane Pytania<span class=\"ez-toc-section-end\"><\/span><\/h2>\n\n\n\n<p>Je\u015bli nadal masz pytania dotycz\u0105ce kodu promocyjnego CSGORoll, to ten dzia\u0142 b\u0119dzie dla Ciebie odpowiedni. Aby uzyska\u0107 wi\u0119cej pomocy, nasz zesp\u00f3\u0142 jest o jednego maila od Ciebie &#8211; skontaktuj si\u0119 z nami, a ch\u0119tnie pomo\u017cemy.<\/p>\n\n\n<div id=\"rank-math-faq\" class=\"rank-math-block\">\n<div class=\"rank-math-list \">\n<div id=\"faq-question-1655747326160\" class=\"rank-math-list-item\">\n<h3 class=\"rank-math-question \">Czy kod promocyjny CSGORoll jest legalny?<\/h3>\n<div class=\"rank-math-answer \">\n\n<p>Tak, nasze kody promocyjne CSGORoll s\u0105 legalne, poniewa\u017c zosta\u0142y przetestowane pod k\u0105tem dzia\u0142ania. Co wi\u0119cej, CSGORoll jako witryna jest w pe\u0142ni <a href=\"https:\/\/www.csgoroll.com\/en\/info\/provably-fair\" rel=\"nofollow noopener\" target=\"_blank\">uczciwa i licencjonowana<\/a>, co oznacza, \u017ce platforma jest r\u00f3wnie\u017c godna zaufania.  <\/p>\n\n<\/div>\n<\/div>\n<div id=\"faq-question-1655747330767\" class=\"rank-math-list-item\">\n<h3 class=\"rank-math-question \">Czy mo\u017cesz wykorzysta\u0107 kod promocyjny CSGORoll na wszystkie gry hazardowe?<\/h3>\n<div class=\"rank-math-answer \">\n\n<p>No, the CSGORoll promo code only allows you to use it on specific games such as CSGO Crash, CSGO Roulette, and <a href=\"https:\/\/cs2surge.com\/best-csgo-dice-sites\/\">CSGO Dice<\/a>. Games like coin flipping and the like might not be available.<\/p>\n\n<\/div>\n<\/div>\n<div id=\"faq-question-1655747341888\" class=\"rank-math-list-item\">\n<h3 class=\"rank-math-question \">Ile razy mo\u017cesz wykorzysta\u0107 darmowy kod CSGORoll?<\/h3>\n<div class=\"rank-math-answer \">\n\n<p>Mo\u017cesz wykorzysta\u0107 polecany przez nas darmowy kod CSGORoll raz w tygodniu, aby cz\u0119sto zaopatrywa\u0107 si\u0119 w darmowe monety, futera\u0142y i sk\u00f3rki.<\/p>\n\n<\/div>\n<\/div>\n<div id=\"faq-question-1657889524627\" class=\"rank-math-list-item\">\n<h3 class=\"rank-math-question \">Jaki jest kod promocyjny CSGORoll?<\/h3>\n<div class=\"rank-math-answer \">\n\n<p>Kod promocyjny CSGORoll dla [m] [y] to &#8222;CR100&#8221; &#8211; i dostaniesz 3 darmowe walizki + 5% bonus od depozytu za darmo! <\/p>\n\n<\/div>\n<\/div>\n<\/div>\n<\/div>","protected":false},"excerpt":{"rendered":"<p>CSGORoll jest jedn\u0105 z ulubionych platform dla graczy CSGO i hazardzist\u00f3w, dlatego te\u017c przynie\u015bli\u015bmy Ci najlepszy kod promocyjny CSGORoll w [y], a oto on: &#8222;CR30&#8222;. Je\u015bli chcesz dowiedzie\u0107 si\u0119, jak z niego korzysta\u0107, opr\u00f3cz innych kod\u00f3w promocyjnych, bonus\u00f3w i ofert, kt\u00f3re otrzymujesz, do\u0142\u0105czaj\u0105c do CSGORoll, to b\u0105d\u017a naszym go\u015bciem. Kody i promocje CSGORoll w 2022 &#8230; <a title=\"CSGORoll Kod promocyjny &amp; 5% Bonus Code\" class=\"read-more\" href=\"https:\/\/cs2surge.com\/pl\/kodow-promocyjnych-csgoroll\/\" aria-label=\"Dowiedz si\u0119 wi\u0119cej o CSGORoll Kod promocyjny &amp; 5% Bonus Code\">Dowiedz si\u0119 wi\u0119cej<\/a><\/p>\n","protected":false},"author":36,"featured_media":16871,"parent":0,"menu_order":0,"comment_status":"closed","ping_status":"closed","template":"","meta":{"inline_featured_image":false,"two_page_speed":[],"footnotes":""},"categories":[158],"tags":[],"class_list":{"0":"post-6872","1":"page","2":"type-page","3":"status-publish","4":"has-post-thumbnail","6":"category-csgoroll-pl"},"acf":[],"_links":{"self":[{"href":"https:\/\/cs2surge.com\/pl\/wp-json\/wp\/v2\/pages\/6872","targetHints":{"allow":["GET"]}}],"collection":[{"href":"https:\/\/cs2surge.com\/pl\/wp-json\/wp\/v2\/pages"}],"about":[{"href":"https:\/\/cs2surge.com\/pl\/wp-json\/wp\/v2\/types\/page"}],"author":[{"embeddable":true,"href":"https:\/\/cs2surge.com\/pl\/wp-json\/wp\/v2\/users\/36"}],"replies":[{"embeddable":true,"href":"https:\/\/cs2surge.com\/pl\/wp-json\/wp\/v2\/comments?post=6872"}],"version-history":[{"count":21,"href":"https:\/\/cs2surge.com\/pl\/wp-json\/wp\/v2\/pages\/6872\/revisions"}],"predecessor-version":[{"id":26135,"href":"https:\/\/cs2surge.com\/pl\/wp-json\/wp\/v2\/pages\/6872\/revisions\/26135"}],"wp:featuredmedia":[{"embeddable":true,"href":"https:\/\/cs2surge.com\/pl\/wp-json\/wp\/v2\/media\/16871"}],"wp:attachment":[{"href":"https:\/\/cs2surge.com\/pl\/wp-json\/wp\/v2\/media?parent=6872"}],"wp:term":[{"taxonomy":"category","embeddable":true,"href":"https:\/\/cs2surge.com\/pl\/wp-json\/wp\/v2\/categories?post=6872"},{"taxonomy":"post_tag","embeddable":true,"href":"https:\/\/cs2surge.com\/pl\/wp-json\/wp\/v2\/tags?post=6872"}],"curies":[{"name":"wp","href":"https:\/\/api.w.org\/{rel}","templated":true}]}}