{"id":7025,"date":"2023-05-07T08:28:00","date_gmt":"2023-05-07T08:28:00","guid":{"rendered":"https:\/\/csgoradar.com\/kod-promocyjny-gamdom\/"},"modified":"2024-09-08T20:23:41","modified_gmt":"2024-09-08T20:23:41","slug":"kod-promocyjny-gamdom","status":"publish","type":"page","link":"https:\/\/cs2surge.com\/pl\/kod-promocyjny-gamdom\/","title":{"rendered":"Kod promocyjny Gamdom"},"content":{"rendered":"\n<p>W ci\u0105gu ostatniej dekady byli\u015bmy \u015bwiadkami gwa\u0142townego wzrostu aktywno\u015bci na rynku kasyn CSGO. Gamdom przedstawia kusz\u0105ce kody promocyjne, kt\u00f3re tylko garstka konkurent\u00f3w mo\u017ce zmierzy\u0107, aby utrzyma\u0107 g\u0142ow\u0119 nad wod\u0105. U\u017cyj kodu bonusowego \u201eRAD100\u201d, aby otrzyma\u0107 darmowe monety o warto\u015bci 0,50 $ podczas rejestracji. Aby odebra\u0107 wi\u0119cej gratis\u00f3w, dotknij ikony \u201eodbierz bezp\u0142atn\u0105 nagrod\u0119\u201d pod sekcj\u0105 powi\u0105za\u0144 i wprowad\u017a kod <strong>RAD100<\/strong> . Je\u015bli chcesz do\u0142\u0105czy\u0107 do wype\u0142nionego zabaw\u0105 do\u015bwiadczenia, poni\u017cej znajduje si\u0119 lista najbardziej lukratywnych kod\u00f3w promocyjnych Gamdom.<\/p>\n\n\n\n<ul class=\"wp-block-list\">\n<li>RAD100<\/li>\n\n\n\n<li>ES100<\/li>\n\n\n\n<li>Lista 100 najlepszych<\/li>\n<\/ul>\n\n\n\n<p>Gamdom zasypuje sk\u00f3rki, got\u00f3wk\u0119 i monety na swoich platformach spo\u0142eczno\u015bciowych, w tym na Facebooku, Twitterze, Instagramie i VK. Je\u015bli te kody nie wystarcz\u0105, aby przyspieszy\u0107 bicie serca, otrzymasz jeszcze wi\u0119cej monet, sk\u00f3rek i kod\u00f3w w systemie Rainbot i Daily Reward. Nie zapomnij o codziennych nagrodach oferowanych zweryfikowanym klientom.<\/p>\n\n\n\n<h2 class=\"wp-block-heading\"><span class=\"ez-toc-section\" id=\"Trwajace_promocje_bezplatnego_kodu\"><\/span>Trwaj\u0105ce promocje bezp\u0142atnego kodu<span class=\"ez-toc-section-end\"><\/span><\/h2>\n\n\n\n<p>Je\u015bli chodzi o nowe strony hazardowe CSGO, Gamdom znacz\u0105co wp\u0142yn\u0105\u0142 na bran\u017c\u0119. Firma przekona\u0142a do\u015bwiadczonych graczy o swojej reputacji i hojnym charakterze w swoim kr\u00f3tkim okresie istnienia. Dlatego zosta\u0142 ukoronowany jedn\u0105 z <a href=\"https:\/\/cs2surge.com\/csgo-roulette-sites\/\">najlepszych witryn ruletkowych CSGO<\/a> we wsp\u00f3\u0142czesnych grach.<\/p>\n\n\n\n<p>W Gamdom zweryfikowani u\u017cytkownicy s\u0105 uprawnieni do codziennych darmowych monet, kt\u00f3re zwi\u0119kszaj\u0105 si\u0119 z ka\u017cdym poziomem. Ponadto dost\u0119pne s\u0105 bezp\u0142atne kody promocyjne spo\u0142eczno\u015bciowe dystrybuowane za po\u015brednictwem platform medi\u00f3w spo\u0142eczno\u015bciowych firmy. Jednak Rainbot jest gwiazd\u0105 wszystkich tych czaruj\u0105cych funkcji. Wyst\u0119puje w 3 kategoriach \u2013 bezp\u0142atny deszcz, normalny deszcz, tsunami\/tornado\/deszcze wulkaniczne.<\/p>\n\n\n\n<figure class=\"wp-block-image size-large is-resized\"><img loading=\"lazy\" decoding=\"async\" width=\"1024\" height=\"343\" src=\"https:\/\/cs2surge.com\/wp-content\/uploads\/2021\/07\/gamdom-promotions-promo-codes-1024x343.png\" alt=\"Kod promocyjny i oferty Gamdom \n\" class=\"wp-image-1133\" style=\"width:1060px;height:354px\" srcset=\"https:\/\/cs2surge.com\/wp-content\/uploads\/2021\/07\/gamdom-promotions-promo-codes-1024x343.png 1024w, https:\/\/cs2surge.com\/wp-content\/uploads\/2021\/07\/gamdom-promotions-promo-codes-300x101.png 300w, https:\/\/cs2surge.com\/wp-content\/uploads\/2021\/07\/gamdom-promotions-promo-codes-768x258.png 768w, https:\/\/cs2surge.com\/wp-content\/uploads\/2021\/07\/gamdom-promotions-promo-codes.png 1300w\" sizes=\"auto, (max-width: 1024px) 100vw, 1024px\" \/><\/figure>\n\n\n\n<p>Rainbot zasypuje swoich u\u017cytkownik\u00f3w ogromnymi nagrodami pieni\u0119\u017cnymi ze swoich unikalnych motyw\u00f3w, jak prawdopodobnie zgad\u0142e\u015b. Przyjrzyjmy si\u0119 szczeg\u00f3\u0142owo tym opcjom.<\/p>\n\n\n\n<ul class=\"wp-block-list\">\n<li>Darmowy deszcz: przyznaje monety bez wymogu obrotu.<\/li>\n\n\n\n<li>Normalny deszcz: Monety s\u0105 przyznawane po spe\u0142nieniu okre\u015blonego wymogu obrotu.<\/li>\n\n\n\n<li>Tsunami\/Tornado\/Wulkaniczne deszcze: Oferuje ogromny kupon sk\u0142adaj\u0105cy si\u0119 z darmowych banknot\u00f3w.<\/li>\n<\/ul>\n\n\n\n\t\t<!-- <h2><span class=\"ez-toc-section\" id=\"Brand_Information\"><\/span>Brand Information<span class=\"ez-toc-section-end\"><\/span><\/h2> -->\n\t\t<table class=\"bookmaker_stats_table; bgcolor: #887DFF\u201d\">\n      <tr>\n        <td>&#128377;&#65039; Brand<\/td>\n        <td>Gamdom<\/td>\n      <\/tr>\n      <tr>\n        <td>&#127873; Bonus<\/td>\n        <td>Free Coins <\/td>\n      <\/tr>\n      <tr>\n        <td>&#9989; Licensed<\/td>\n        <td>Yes<\/td>\n      <\/tr>\n      <tr>\n        <td>&#129489; Provably Fair<\/td>\n        <td>Yes<\/td>\n      <\/tr>\n      <tr>\n        <td>&#127922; Game Modes<\/td>\n        <td>Crash, Roulette, Hilo, Slots, Match Betting, Slots<\/td>\n      <\/tr>\n      <tr>\n        <td>&#128205; Website<\/td>\n        <td>gamdom.com<\/td>\n      <\/tr>\n      <tr>\n        <td>&#128197; Founded<\/td>\n        <td>2018<\/td>\n      <\/tr>\n            <tr>\n        <td>&#129309; Similar Sites<\/td>\n        <td><a href=\"https:\/\/cs2surge.com\/duelbits-review\/\">DuelBits<\/a> & <a href=\"https:\/\/cs2surge.com\/bc-game-review\/\">BC.Game<\/a><\/td>\n      <\/tr>\n                  <tr>\n        <td>&#x1F4B5; Minimum Deposit<\/td>\n        <td>$1<\/td>\n      <\/tr>\n                  <tr>\n        <td>&#x1F4CD; Address<\/td>\n        <td>Ateities g. 31B-101, LT-06326 Vilnius, Lithuania<\/td>\n      <\/tr>\n                  <tr>\n        <td>&#x1F4BB; Software<\/td>\n        <td>Pragmatic Play, Quickspin, Blueprint Gaming, NetEnt, Play'n Go & Relax Gaming<\/td>\n      <\/tr>\n                  <tr>\n        <td>&#x1F4D8; Socials<\/td>\n        <td><a href=\"https:\/\/twitter.com\/gamdom\" rel=\"nofollow noopener\" target=\"_blank\">Twitter<\/a> <\/td>\n      <\/tr>\n            <tr>\n        <td>&#128176; Deposit Methods<\/td>\n        <td>Visa, Mastercard, EcoPayz <\/td>\n      <\/tr>\n            <tr>\n        <td>&#9742;&#65039; Contact<\/td>\n        <td>support@gamdom.com<\/td>\n      <\/tr>\n      \t\t<\/table>\n\t\t\n\n\n\n<h2 class=\"wp-block-heading\"><span class=\"ez-toc-section\" id=\"Kod_Promocyjny_Gamdom_%E2%80%93_CSGORadar_PL\"><\/span>Kod Promocyjny Gamdom &#8211; CSGORadar PL<span class=\"ez-toc-section-end\"><\/span><\/h2>\n\n\n\n<p>Kiedy wszystko sprowadza si\u0119 do promocji i nagr\u00f3d VIP, spo\u0142eczno\u015b\u0107 Gamdom wszczyna burz\u0119. Po osi\u0105gni\u0119ciu statusu VIP zapaleni gracze otrzymuj\u0105 nagrody i bonusy. Jako cz\u0142onek rodziny kr\u00f3lewskiej otrzymasz swojego kr\u00f3lewskiego asystenta, kt\u00f3rego rol\u0105 jest oferowanie bezpo\u015bredniej pomocy i dostosowanych nagr\u00f3d. Opr\u00f3cz statusu rodziny kr\u00f3lewskiej i spersonalizowanych nagr\u00f3d otrzymasz r\u00f3wnie\u017c natychmiastowy zwrot got\u00f3wki w wysoko\u015bci do 13%.<\/p>\n\n\n\n<p>Imponuj\u0105ce, hojno\u015b\u0107 firmy rozci\u0105ga si\u0119 na twoj\u0105 rodzin\u0119 i przyjaci\u00f3\u0142. Dzi\u0119ki kodom polecaj\u0105cym i kodom partnerskim otrzymasz r\u00f3\u017cne prezenty dla ka\u017cdego znajomego, kt\u00f3ry otworzy nowe konto. W zale\u017cno\u015bci od szcz\u0119\u015bcia dost\u0119pne s\u0105 darmowe sk\u00f3rki, bezp\u0142atne skrzynki i monety. \u015aled\u017a firm\u0119 na Twitterze, Facebooku, Instagramie lub VK, aby otrzymywa\u0107 kody promocyjne spo\u0142eczno\u015bciowe, kt\u00f3re zapewni\u0105 dodatkow\u0105 zabaw\u0119.<\/p>\n\n\n\n<h2 class=\"wp-block-heading\"><span class=\"ez-toc-section\" id=\"Jak_legalne_sa_kody_promocyjne_Gamdom\"><\/span>Jak legalne s\u0105 kody promocyjne Gamdom?<span class=\"ez-toc-section-end\"><\/span><\/h2>\n\n\n\n<p>Kwestia licencjonowania jest cz\u0119sto przeoczeniem w\u015br\u00f3d witryn hazardowych CSGO. Nie sprzyja to ju\u017c i tak podejrzanej nowej fali obstawiaj\u0105cych. Bior\u0105c pod uwag\u0119 miliony graczy, kt\u00f3rzy codziennie s\u0105 oszukiwani przez nielegalne strony, zawsze dobrym pomys\u0142em jest przeprowadzenie dok\u0142adnej inspekcji instytucji. Na szcz\u0119\u015bcie Gamdom wydaje si\u0119 piskliwie czysty, nieskalany nawet odrobin\u0105 kurzu. Firma stosuje unikalny, uczciwy system, kt\u00f3ry usuwa wszelkie \u015blady oszustwa. Wszystkie gry s\u0105 ustalane za pomoc\u0105 oblicze\u0144 matematycznych.<\/p>\n\n\n\n<p><p><\/p><div>What&#8217;s more, Gamdom does not violate any industry laws. Instead, the team goes above and beyond to ensure a safe gambling environment. So, dip your toes into the popular Gamdom CSGO website.<\/div><\/p>\n\n\n\n<h2 class=\"wp-block-heading\"><span class=\"ez-toc-section\" id=\"Jak_odebrac_kod_promocyjny_Gamdom\"><\/span>Jak odebra\u0107 kod promocyjny Gamdom<span class=\"ez-toc-section-end\"><\/span><\/h2>\n\n\n\n<p>B\u0119d\u0105c witryn\u0105 hazardow\u0105 CSGO stworzon\u0105 przez zesp\u00f3\u0142 do\u015bwiadczonych technicznie m\u0142odych profesjonalist\u00f3w, Gamdom s\u0142u\u017cy jako stacja komfortu dla \u0142owc\u00f3w nagr\u00f3d. Firma z dum\u0105 oferuje wygodny system aktywacji, kt\u00f3rego uko\u0144czenie zajmuje nieco ponad 3 minuty. Rozpocz\u0119cie procesu jest nie tylko proste, ale nawigacja w witrynie jest bezproblemowa. Aby zdoby\u0107 kusz\u0105c\u0105 ofert\u0119, wpisz <strong>kod promocyjny \u201eRAD100\u201d<\/strong> , a otrzymasz darmowe sk\u00f3rki do 0,50 $. Kliknij ikon\u0119 \u201e+\u201d dla graczy po raz pierwszy, wybierz zak\u0142adk\u0119 \u201eWykorzystaj kart\u0119 podarunkow\u0105\u201d i jeste\u015b gotowy do startu!<\/p>\n\n\n\n<h2 class=\"wp-block-heading\"><span class=\"ez-toc-section\" id=\"Podsumowanie_bezplatnego_kodu_Gamdom\"><\/span>Podsumowanie bezp\u0142atnego kodu Gamdom<span class=\"ez-toc-section-end\"><\/span><\/h2>\n\n\n\n<p>Koncepcja <a href=\"https:\/\/cs2surge.com\/pl\/\">witryn CSGO z hazardem skin<\/a> jest cz\u0119sto mieczem obosiecznym. Chocia\u017c idea tej innowacji jest genialna i bardzo satysfakcjonuj\u0105ca, rynek jest zalewany oszustwami. Okazuj\u0105c si\u0119 doskona\u0142\u0105 opcj\u0105 dla ka\u017cdego, kto chce osi\u0105gn\u0105\u0107 sukces, Gamdom mieni si\u0119 wygod\u0105, m\u0142odo\u015bci\u0105 i ogromnymi prezentami. Na stronie znajduj\u0105 si\u0119 kody promocyjne, od darmowych zak\u0142ad\u00f3w, codziennych ofert, VIP i nagr\u00f3d oraz charakterystycznego Rainbota. Gdy postawisz r\u00f3\u017cne zak\u0142ady na stronie, gracze mog\u0105 awansowa\u0107, aby sta\u0107 si\u0119 cz\u0119\u015bci\u0105 rodziny kr\u00f3lewskiej. Bior\u0105c pod uwag\u0119, \u017ce Gamdom jest tak dobry, jak to tylko mo\u017cliwe, nie mo\u017cemy si\u0119 doczeka\u0107, aby zobaczy\u0107, co jeszcze zesp\u00f3\u0142 wymy\u015bli w przysz\u0142o\u015bci.<\/p>\n\n\n\n<h2 class=\"wp-block-heading\"><span class=\"ez-toc-section\" id=\"Czesto_zadawane_pytania_dotyczace_kodow_Gamdom\"><\/span>Cz\u0119sto zadawane pytania dotycz\u0105ce kod\u00f3w Gamdom<span class=\"ez-toc-section-end\"><\/span><\/h2>\n\n\n\n<p><strong>Jak zdoby\u0107 darmowe monety w Gamdom?<\/strong><\/p>\n\n\n\n<p>Aby otrzyma\u0107 sprawiedliwy udzia\u0142 w gratisach, przejd\u017a do przycisku plusa i wpisz odpowiedni kod w zak\u0142adce \u201ezrealizuj kart\u0119 podarunkow\u0105\u201d. Kliknij Odbierz, a bonus natychmiast pojawi si\u0119 w Twoim portfelu.<\/p>\n\n\n\n<p><strong>Czy Gamdom jest legalny?<\/strong><\/p>\n\n\n\n<p>Podczas naszego przegl\u0105du stwierdzili\u015bmy, \u017ce strona internetowa jest wysoce renomowana i przejrzysta. Firma wykorzystuje najwy\u017cszej klasy technologie oprogramowania, aby zapewni\u0107 bezpiecze\u0144stwo swoim cenionym klientom. Ponadto jest zgodny z przepisami bran\u017cowymi.<\/p>\n\n\n\n<p><strong>Czy istnieje kod promocyjny na Gamdom?<\/strong><\/p>\n\n\n\n<p>Gamdom mo\u017ce pochwali\u0107 si\u0119 lukratywnymi kodami promocyjnymi, kt\u00f3re nagradzaj\u0105 ogromnymi prezentami. Witryna dystrybuuje seri\u0119 sk\u00f3rek i monet, w tym codzienne nagrody. Gracze mog\u0105 u\u017cy\u0107 kodu bonusowego \u201eRAD100\u201d, aby otrzyma\u0107 darmowe sk\u00f3rki o warto\u015bci do 1000 $. Oto g\u0142\u00f3wne kody promocyjne do wykorzystania.<\/p>\n\n\n\n<ul class=\"wp-block-list\">\n<li>RAD100<\/li>\n\n\n\n<li>ES100<\/li>\n\n\n\n<li>Lista 100 najlepszych<\/li>\n\n\n\n<li><\/li>\n<\/ul>\n","protected":false},"excerpt":{"rendered":"<p>W ci\u0105gu ostatniej dekady byli\u015bmy \u015bwiadkami gwa\u0142townego wzrostu aktywno\u015bci na rynku kasyn CSGO. Gamdom przedstawia kusz\u0105ce kody promocyjne, kt\u00f3re tylko garstka konkurent\u00f3w mo\u017ce zmierzy\u0107, aby utrzyma\u0107 g\u0142ow\u0119 nad wod\u0105. U\u017cyj kodu bonusowego \u201eRAD100\u201d, aby otrzyma\u0107 darmowe monety o warto\u015bci 0,50 $ podczas rejestracji. Aby odebra\u0107 wi\u0119cej gratis\u00f3w, dotknij ikony \u201eodbierz bezp\u0142atn\u0105 nagrod\u0119\u201d pod sekcj\u0105 powi\u0105za\u0144 &#8230; <a title=\"Kod promocyjny Gamdom\" class=\"read-more\" href=\"https:\/\/cs2surge.com\/pl\/kod-promocyjny-gamdom\/\" aria-label=\"Dowiedz si\u0119 wi\u0119cej o Kod promocyjny Gamdom\">Dowiedz si\u0119 wi\u0119cej<\/a><\/p>\n","protected":false},"author":36,"featured_media":4286,"parent":0,"menu_order":0,"comment_status":"closed","ping_status":"closed","template":"","meta":{"inline_featured_image":false,"two_page_speed":[],"footnotes":""},"categories":[60],"tags":[],"class_list":{"0":"post-7025","1":"page","2":"type-page","3":"status-publish","4":"has-post-thumbnail","6":"category-kody-csgo"},"acf":[],"_links":{"self":[{"href":"https:\/\/cs2surge.com\/pl\/wp-json\/wp\/v2\/pages\/7025","targetHints":{"allow":["GET"]}}],"collection":[{"href":"https:\/\/cs2surge.com\/pl\/wp-json\/wp\/v2\/pages"}],"about":[{"href":"https:\/\/cs2surge.com\/pl\/wp-json\/wp\/v2\/types\/page"}],"author":[{"embeddable":true,"href":"https:\/\/cs2surge.com\/pl\/wp-json\/wp\/v2\/users\/36"}],"replies":[{"embeddable":true,"href":"https:\/\/cs2surge.com\/pl\/wp-json\/wp\/v2\/comments?post=7025"}],"version-history":[{"count":8,"href":"https:\/\/cs2surge.com\/pl\/wp-json\/wp\/v2\/pages\/7025\/revisions"}],"predecessor-version":[{"id":25775,"href":"https:\/\/cs2surge.com\/pl\/wp-json\/wp\/v2\/pages\/7025\/revisions\/25775"}],"wp:featuredmedia":[{"embeddable":true,"href":"https:\/\/cs2surge.com\/pl\/wp-json\/wp\/v2\/media\/4286"}],"wp:attachment":[{"href":"https:\/\/cs2surge.com\/pl\/wp-json\/wp\/v2\/media?parent=7025"}],"wp:term":[{"taxonomy":"category","embeddable":true,"href":"https:\/\/cs2surge.com\/pl\/wp-json\/wp\/v2\/categories?post=7025"},{"taxonomy":"post_tag","embeddable":true,"href":"https:\/\/cs2surge.com\/pl\/wp-json\/wp\/v2\/tags?post=7025"}],"curies":[{"name":"wp","href":"https:\/\/api.w.org\/{rel}","templated":true}]}}