{"id":7081,"date":"2022-01-10T13:05:05","date_gmt":"2022-01-10T13:05:05","guid":{"rendered":"https:\/\/csgoradar.com\/kod-promocyjny-bitstarz\/"},"modified":"2023-10-18T17:36:51","modified_gmt":"2023-10-18T17:36:51","slug":"kod-promocyjny-bitstarz","status":"publish","type":"page","link":"https:\/\/cs2surge.com\/pl\/kod-promocyjny-bitstarz\/","title":{"rendered":"Kod promocyjny BitStarz"},"content":{"rendered":"\n<h1 class=\"wp-block-heading\"><span class=\"ez-toc-section\" id=\"Kod_Promocyjny_BitStarz\"><\/span>Kod Promocyjny BitStarz<span class=\"ez-toc-section-end\"><\/span><\/h1>\n\n\n\n<p>Ale co wa\u017cniejsze, BitStarz oferuje bardzo hojny bonus powitalny. Mo\u017cesz odebra\u0107 do 0,0005 Bitcoina plus 180 darmowych spin\u00f3w. Kasyno czasami zapewnia r\u00f3wnie\u017c bonus bez depozytu. BitStarz ma jeden z najbardziej p\u0142odnych program\u00f3w lojalno\u015bciowych i VIP w bran\u017cy. Oznacza to, \u017ce nawet po zrealizowaniu bonusu powitalnego za pomoc\u0105 kodu promocyjnego CR100 nadal b\u0119dziesz cieszy\u0107 si\u0119 wspania\u0142ymi gratisami. Czytaj dalej, aby dowiedzie\u0107 si\u0119, z jakich korzy\u015bci skorzystasz tutaj.<\/p>\n\n\n\n<h2 class=\"wp-block-heading\"><span class=\"ez-toc-section\" id=\"Wiecej_kodow_BitStarz\"><\/span>Wi\u0119cej kod\u00f3w BitStarz<span class=\"ez-toc-section-end\"><\/span><\/h2>\n\n\n\n<p>Sza\u0142 kod\u00f3w promocyjnych zawsze by\u0142 zwi\u0105zany z hazardem online. Zazwyczaj kod pomaga odblokowa\u0107 wi\u0119kszy bonus. Je\u015bli przeprowadzisz proste wyszukiwanie, znajdziesz wiele najbardziej atrakcyjnych reklamowanych kod\u00f3w promocyjnych. Jednak dla BitStarz zalecili\u015bmy kod CR100. I, jak wspomnieli\u015bmy, daje to do 0,0005 BTC plus 180 darmowych spin\u00f3w. Wiemy, \u017ce ch\u0119tni gracze b\u0119d\u0105 domaga\u0107 si\u0119 wi\u0119cej kod\u00f3w promocyjnych. Oto lista kilku wybranych kod\u00f3w promocyjnych, kt\u00f3re uznali\u015bmy za wiarygodne.<\/p>\n\n\n\n<ul class=\"wp-block-list\"><li>CR100<\/li><li>Lista 100 najlepszych<\/li><li>ES100<\/li><\/ul>\n\n\n\n<div id=\"ez-toc-container\" class=\"ez-toc-v2_0_82_2 ez-toc-wrap-right counter-hierarchy ez-toc-counter ez-toc-white ez-toc-container-direction\">\n<div class=\"ez-toc-title-container\">\n<p class=\"ez-toc-title\" style=\"cursor:inherit\">Table of Contents<\/p>\n<span class=\"ez-toc-title-toggle\"><\/span><\/div>\n<nav><ul class='ez-toc-list ez-toc-list-level-1 ' ><li class='ez-toc-page-1 ez-toc-heading-level-1'><a class=\"ez-toc-link ez-toc-heading-1\" href=\"https:\/\/cs2surge.com\/pl\/kod-promocyjny-bitstarz\/#Kod_Promocyjny_BitStarz\" >Kod Promocyjny BitStarz<\/a><ul class='ez-toc-list-level-2' ><li class='ez-toc-heading-level-2'><a class=\"ez-toc-link ez-toc-heading-2\" href=\"https:\/\/cs2surge.com\/pl\/kod-promocyjny-bitstarz\/#Wiecej_kodow_BitStarz\" >Wi\u0119cej kod\u00f3w BitStarz<\/a><\/li><li class='ez-toc-page-1 ez-toc-heading-level-2'><a class=\"ez-toc-link ez-toc-heading-3\" href=\"https:\/\/cs2surge.com\/pl\/kod-promocyjny-bitstarz\/#Kod_Promocyjny_Bitstarz_Bonusy_i_Oferty_Specjalne\" >Kod Promocyjny Bitstarz: Bonusy i Oferty Specjalne<\/a><\/li><li class='ez-toc-page-1 ez-toc-heading-level-2'><a class=\"ez-toc-link ez-toc-heading-4\" href=\"https:\/\/cs2surge.com\/pl\/kod-promocyjny-bitstarz\/#Promocja_VIP_i_nagrody_w_postaci_monet_gracza\" >Promocja VIP i nagrody w postaci monet gracza<\/a><\/li><li class='ez-toc-page-1 ez-toc-heading-level-2'><a class=\"ez-toc-link ez-toc-heading-5\" href=\"https:\/\/cs2surge.com\/pl\/kod-promocyjny-bitstarz\/#Jak_legalne_sa_kody_promocyjne_BitStarz\" >Jak legalne s\u0105 kody promocyjne BitStarz?<\/a><\/li><li class='ez-toc-page-1 ez-toc-heading-level-2'><a class=\"ez-toc-link ez-toc-heading-6\" href=\"https:\/\/cs2surge.com\/pl\/kod-promocyjny-bitstarz\/#Wprowadzanie_kodu_BitStarz\" >Wprowadzanie kodu BitStarz<\/a><\/li><li class='ez-toc-page-1 ez-toc-heading-level-2'><a class=\"ez-toc-link ez-toc-heading-7\" href=\"https:\/\/cs2surge.com\/pl\/kod-promocyjny-bitstarz\/#Podsumowanie_bezplatnego_kodu_BitStarz\" >Podsumowanie bezp\u0142atnego kodu BitStarz<\/a><\/li><li class='ez-toc-page-1 ez-toc-heading-level-2'><a class=\"ez-toc-link ez-toc-heading-8\" href=\"https:\/\/cs2surge.com\/pl\/kod-promocyjny-bitstarz\/#Czesto_zadawane_pytania_dotyczace_kodow_BitStarz\" >Cz\u0119sto zadawane pytania dotycz\u0105ce kod\u00f3w BitStarz<\/a><\/li><\/ul><\/li><\/ul><\/nav><\/div>\n\n\n\n\n<h2 class=\"wp-block-heading\"><span class=\"ez-toc-section\" id=\"Kod_Promocyjny_Bitstarz_Bonusy_i_Oferty_Specjalne\"><\/span>Kod Promocyjny Bitstarz: Bonusy i Oferty Specjalne<span class=\"ez-toc-section-end\"><\/span><\/h2>\n\n\n\n<p>BitStarz jest wa\u017cnym miejscem gier online z wielu powod\u00f3w. Ale g\u0142\u00f3wnym powodem ich s\u0142awy s\u0105 cz\u0119ste promocje i nagrody specjalne. Jako sta\u0142y klient zawsze znajdziesz pow\u00f3d do u\u015bmiechu, poniewa\u017c strona kasyna nadal zasypuje Ci\u0119 doskona\u0142ymi ofertami.<\/p>\n\n\n\n<p>W poniedzia\u0142ki zesp\u00f3\u0142 BitStarz rzuca fantastyczny bonus tylko po to, by wywo\u0142a\u0107 u\u015bmiech na Twojej twarzy i pom\u00f3c Ci rozpocz\u0105\u0107 tydzie\u0144 od wspania\u0142ej nuty. Otrzymasz 50% podbicia przy pierwszym depozycie tego dnia. Ta kwota bonusu jest ograniczona do 300 $.<\/p>\n\n\n\n<p>W samym \u015brodku twojego gor\u0105czkowego tygodnia BitStarz zn\u00f3w przyniesie rado\u015b\u0107. Kolejn\u0105 fajn\u0105 promocj\u0105 s\u0105 \u015brodowe darmowe spiny. Tutaj mo\u017cesz odebra\u0107 20 darmowych spin\u00f3w przy wp\u0142acie 30 $, 80 darmowych spin\u00f3w przy wp\u0142acie 80 $ i 200 darmowych spin\u00f3w przy wp\u0142acie 160 $. \u015awietne oferty ze wspania\u0142ej strony internetowej.<\/p>\n\n\n\n<h2 class=\"wp-block-heading\"><span class=\"ez-toc-section\" id=\"Promocja_VIP_i_nagrody_w_postaci_monet_gracza\"><\/span>Promocja VIP i nagrody w postaci monet gracza<span class=\"ez-toc-section-end\"><\/span><\/h2>\n\n\n\n<p>Opr\u00f3cz doskona\u0142ych bonus\u00f3w depozytowych BitStarz nagradza lojalnych graczy za wszystkie ich dzia\u0142ania. Dzi\u0119ki Level Up Adventure kasyno nagradza Ci\u0119 za ka\u017cd\u0105 gr\u0119, w kt\u00f3r\u0105 grasz. Oznacza to, \u017ce im wi\u0119cej grasz lub bierzesz udzia\u0142 w turniejach, tym szybciej zdobywasz punkty. W miar\u0119 zdobywania punkt\u00f3w b\u0119dziesz przechodzi\u0107 na wy\u017cszy poziom.<\/p>\n\n\n\n<p>Teraz dla tych z g\u0142\u0119bokimi kasami wypr\u00f3buj klub VIP. Przede wszystkim BitStarz ma ekskluzywny pakiet powitalny dla VIP-\u00f3w. Po dokonaniu wp\u0142aty w wysoko\u015bci 2500 $ mo\u017cesz cieszy\u0107 si\u0119 bonusem 125%. Nast\u0119pnie kasyno zaprosi Ci\u0119 do do\u0142\u0105czenia do Klubu VIP, gdzie otrzymasz w\u0142asnego mened\u017cera konta, kt\u00f3ry zawsze zapewnia, \u017ce czujesz si\u0119 komfortowo. Otrzymasz r\u00f3wnie\u017c nieograniczony dost\u0119p do ekskluzywnych promocji.<\/p>\n\n\n\n<h2 class=\"wp-block-heading\"><span class=\"ez-toc-section\" id=\"Jak_legalne_sa_kody_promocyjne_BitStarz\"><\/span>Jak legalne s\u0105 kody promocyjne BitStarz?<span class=\"ez-toc-section-end\"><\/span><\/h2>\n\n\n\n<p>Zrozumia\u0142e jest, \u017ce niekt\u00f3rzy gracze mog\u0105 w\u0105tpi\u0107, \u017ce BitStarz b\u0119dzie posiada\u0142 swoje kody promocyjne. Jednak ta strona internetowa ma doskona\u0142\u0105 reputacj\u0119 w ca\u0142ym tek\u015bcie. Po dok\u0142adnych badaniach odkryli\u015bmy, \u017ce ten operator otrzyma\u0142 w wi\u0119kszo\u015bci pozytywne recenzje na forach u\u017cytkownik\u00f3w. Kilka negatywnych komentarzy nie by\u0142o na tyle znacz\u0105cych, by zmieni\u0107 nasze postrzeganie.<\/p>\n\n\n\n<p>BitStarz to kasyno dzia\u0142aj\u0105ce na bardzo profesjonalnym poziomie. Wprowadzi\u0142a pewne funkcje bezpiecze\u0144stwa, kt\u00f3re sprawiaj\u0105, \u017ce jest to wiarygodna witryna. Platforma licencjonowana przez Curacao jest kontrolowana przez strony trzecie, aby wykaza\u0107, \u017ce wszystkie jej gry s\u0105 uczciwe. Dlatego jest to strona, kt\u00f3rej mo\u017cesz zaufa\u0107, a te kody promocyjne b\u0119d\u0105 dzia\u0142a\u0107.<\/p>\n\n\n\n<h2 class=\"wp-block-heading\"><span class=\"ez-toc-section\" id=\"Wprowadzanie_kodu_BitStarz\"><\/span>Wprowadzanie kodu BitStarz<span class=\"ez-toc-section-end\"><\/span><\/h2>\n\n\n\n<p>Skoro masz ju\u017c kod, w jaki spos\u00f3b mo\u017cesz otrzyma\u0107 bonus? Jedyny. Po prostu za\u0142\u00f3\u017c nowe konto w BitStarz. Po utworzeniu konta w kasynie musisz teraz dokona\u0107 pierwszego depozytu. Jest to minimum 0,00008 BTC, ale strona dopasuje Tw\u00f3j depozyt do 0,0005 BTC.<\/p>\n\n\n\n<p>Kolejnym krokiem jest przej\u015bcie do strony z promocjami i wyszukanie wybranej przez siebie oferty powitalnej. Musisz poprawnie wpisa\u0107 kod promocyjny i przes\u0142a\u0107 go. Nast\u0119pnie BitStarz wy\u015ble Ci potwierdzenie. Twoje saldo bonusowe pojawi si\u0119 natychmiast na Twoim profilu i b\u0119dziesz gotowy do rozpocz\u0119cia gry.<\/p>\n\n\n\n<h2 class=\"wp-block-heading\"><span class=\"ez-toc-section\" id=\"Podsumowanie_bezplatnego_kodu_BitStarz\"><\/span>Podsumowanie bezp\u0142atnego kodu BitStarz<span class=\"ez-toc-section-end\"><\/span><\/h2>\n\n\n\n<p>BitStarz to strona kasynowa zorientowana na bitcoin, co oznacza, \u017ce transakcje s\u0105 szybkie i niezawodne. Kasyno jest r\u00f3wnie\u017c najwy\u017cej oceniane za oferowanie hojnych bonus\u00f3w dla nowych i sta\u0142ych graczy. W Internecie dost\u0119pnych jest wiele kod\u00f3w promocyjnych na oferty tej witryny, ale stworzyli\u015bmy kr\u00f3tk\u0105 list\u0119 najlepszych kod\u00f3w, w tym CR100, ES100 i Top100list.<\/p>\n\n\n\n<h2 class=\"wp-block-heading\"><span class=\"ez-toc-section\" id=\"Czesto_zadawane_pytania_dotyczace_kodow_BitStarz\"><\/span>Cz\u0119sto zadawane pytania dotycz\u0105ce kod\u00f3w BitStarz<span class=\"ez-toc-section-end\"><\/span><\/h2>\n\n\n\n<p><strong><em>Co to jest bonus powitalny BitStarz?<\/em><\/strong><\/p>\n\n\n\n<p>Witryna kasyna Bitcoin oferuje atrakcyjny bonus od depozytu w wysoko\u015bci 100% do 0,0005 BTC przy minimalnym depozycie w wysoko\u015bci zaledwie 0,00008 BTC. Mo\u017cesz u\u017cy\u0107 kodu promocyjnego CR100 i otrzyma\u0107 180 darmowych spin\u00f3w. Ta oferta jest dost\u0119pna tylko dla deponuj\u0105cych po raz pierwszy.<\/p>\n\n\n\n<p><strong><em>Jak wpisa\u0107 kod promocyjny na bonus powitalny BitStarz?<\/em><\/strong><\/p>\n\n\n\n<p>Aby wprowadzi\u0107 kod promocyjny i skorzysta\u0107 z oferty powitalnej, musisz najpierw utworzy\u0107 konto w BitStarz, a nast\u0119pnie dokona\u0107 pierwszego bonusu depozytowego. Odwied\u017a stron\u0119 promocji i wybierz bonus powitalny. Wpisz kod poprawnie w podanym polu i wybierz opcj\u0119 \u201eWniosk\u201d.<\/p>\n\n\n\n<p><strong><em>Z jakich opcji p\u0142atno\u015bci mog\u0119 korzysta\u0107 na BitStarz?<\/em><\/strong><\/p>\n\n\n\n<p>To jest <a href=\"https:\/\/cs2surge.com\/crypto-gambling-sites\/\" data-type=\"page\" data-id=\"2406\">strona z kryptowalutami<\/a> , a Bitcoin jest podstawow\u0105 opcj\u0105 p\u0142atno\u015bci. Jednak kasyno akceptuje r\u00f3wnie\u017c wiele walut, takich jak USD, AUD, EUR i inne. Gracze mog\u0105 r\u00f3wnie\u017c korzysta\u0107 z innych opcji kryptowalut, takich jak Ethereum i Dogecoin.<\/p>\n","protected":false},"excerpt":{"rendered":"<p>Kod Promocyjny BitStarz Ale co wa\u017cniejsze, BitStarz oferuje bardzo hojny bonus powitalny. Mo\u017cesz odebra\u0107 do 0,0005 Bitcoina plus 180 darmowych spin\u00f3w. Kasyno czasami zapewnia r\u00f3wnie\u017c bonus bez depozytu. BitStarz ma jeden z najbardziej p\u0142odnych program\u00f3w lojalno\u015bciowych i VIP w bran\u017cy. Oznacza to, \u017ce nawet po zrealizowaniu bonusu powitalnego za pomoc\u0105 kodu promocyjnego CR100 nadal b\u0119dziesz &#8230; <a title=\"Kod promocyjny BitStarz\" class=\"read-more\" href=\"https:\/\/cs2surge.com\/pl\/kod-promocyjny-bitstarz\/\" aria-label=\"Dowiedz si\u0119 wi\u0119cej o Kod promocyjny BitStarz\">Dowiedz si\u0119 wi\u0119cej<\/a><\/p>\n","protected":false},"author":36,"featured_media":6224,"parent":0,"menu_order":0,"comment_status":"closed","ping_status":"closed","template":"","meta":{"inline_featured_image":false,"two_page_speed":[],"footnotes":""},"categories":[60],"tags":[],"class_list":{"0":"post-7081","1":"page","2":"type-page","3":"status-publish","4":"has-post-thumbnail","6":"category-kody-csgo"},"acf":[],"_links":{"self":[{"href":"https:\/\/cs2surge.com\/pl\/wp-json\/wp\/v2\/pages\/7081","targetHints":{"allow":["GET"]}}],"collection":[{"href":"https:\/\/cs2surge.com\/pl\/wp-json\/wp\/v2\/pages"}],"about":[{"href":"https:\/\/cs2surge.com\/pl\/wp-json\/wp\/v2\/types\/page"}],"author":[{"embeddable":true,"href":"https:\/\/cs2surge.com\/pl\/wp-json\/wp\/v2\/users\/36"}],"replies":[{"embeddable":true,"href":"https:\/\/cs2surge.com\/pl\/wp-json\/wp\/v2\/comments?post=7081"}],"version-history":[{"count":3,"href":"https:\/\/cs2surge.com\/pl\/wp-json\/wp\/v2\/pages\/7081\/revisions"}],"predecessor-version":[{"id":24064,"href":"https:\/\/cs2surge.com\/pl\/wp-json\/wp\/v2\/pages\/7081\/revisions\/24064"}],"wp:featuredmedia":[{"embeddable":true,"href":"https:\/\/cs2surge.com\/pl\/wp-json\/wp\/v2\/media\/6224"}],"wp:attachment":[{"href":"https:\/\/cs2surge.com\/pl\/wp-json\/wp\/v2\/media?parent=7081"}],"wp:term":[{"taxonomy":"category","embeddable":true,"href":"https:\/\/cs2surge.com\/pl\/wp-json\/wp\/v2\/categories?post=7081"},{"taxonomy":"post_tag","embeddable":true,"href":"https:\/\/cs2surge.com\/pl\/wp-json\/wp\/v2\/tags?post=7081"}],"curies":[{"name":"wp","href":"https:\/\/api.w.org\/{rel}","templated":true}]}}