{"id":7090,"date":"2023-04-24T06:17:00","date_gmt":"2023-04-24T06:17:00","guid":{"rendered":"https:\/\/csgoradar.com\/kody-polecajace-csgo500\/"},"modified":"2024-09-08T20:37:25","modified_gmt":"2024-09-08T20:37:25","slug":"kody-polecajace-csgo500","status":"publish","type":"page","link":"https:\/\/cs2surge.com\/pl\/kody-polecajace-csgo500\/","title":{"rendered":"Kody polecaj\u0105ce CSGO500"},"content":{"rendered":"\n<p>Nowi klienci mog\u0105 znale\u017a\u0107 wyb\u00f3r kod\u00f3w, kt\u00f3re s\u0105 obecnie dost\u0119pne w wi\u0119kszo\u015bci kraj\u00f3w. W tej chwili tylko &#8217; <strong>CR30<\/strong> &#8217; b\u0119dzie dzia\u0142a\u0107 w ich g\u0142\u00f3wnych grach platformowych, takich jak CSGO coinflip , a nawet ruletka. <\/p>\n\n\n\n<p>Oto lista przedmiot\u00f3w, kt\u00f3re mo\u017cesz zdoby\u0107, zatrzyma\u0107 lub sprzeda\u0107 bezpo\u015brednio za wirtualne monety: <\/p>\n\n\n\n<ul class=\"wp-block-list\">\n<li>P90<\/li>\n\n\n\n<li>AWP ze sk\u00f3rk\u0105 Dragon Lore (o warto\u015bci ponad 1400 USD)<\/li>\n\n\n\n<li>N\u00f3\u017c do jelita (doppler)<\/li>\n\n\n\n<li>Klucz Prisma<\/li>\n<\/ul>\n\n\n\n<p>Pami\u0119taj, \u017ce nie ma nic do stracenia na tym kodzie bonusowym, mo\u017cesz wygra\u0107 0,1 $ lub nawet 2000 $ w kosmetycznych sk\u00f3rkach, aby postawi\u0107 zak\u0142ady lub skorzysta\u0107 z funkcji wyp\u0142aty za pomoc\u0105 jednej z naszych rekomendowanych witryn wyp\u0142at CSGO , kt\u00f3re s\u0105 godne zaufania. <\/p>\n\n\n\n<h2 class=\"wp-block-heading\"><span class=\"ez-toc-section\" id=\"Trwajace_promocje_bezplatnego_kodu\"><\/span>Trwaj\u0105ce promocje bezp\u0142atnego kodu<span class=\"ez-toc-section-end\"><\/span><\/h2>\n\n\n\n<p>CSGO500 oferuje r\u00f3wnie\u017c szereg ekskluzywnych promocji dla lojalnych i oddanych graczy. B\u0119dziesz m\u00f3g\u0142 znale\u017a\u0107 cz\u0119ste prezenty niekt\u00f3rych sk\u00f3rek, kt\u00f3re mo\u017cna wykorzysta\u0107 do obstawiania zak\u0142ad\u00f3w lub alternatywnie przenie\u015b\u0107 z powrotem do portfela Steam. Nie tylko to, ale mo\u017cesz uda\u0107 si\u0119 na stron\u0119 CSGO500 na Twitterze, aby zdoby\u0107 kody bonusowe, aby otworzy\u0107 bezp\u0142atne promocje. <\/p>\n\n\n\n<p>Premie sezonowe s\u0105 cz\u0119sto powszechne, z wy\u017cszymi premiami depozytowymi oraz kodami dziennymi, tygodniowymi i miesi\u0119cznymi dla darmowych kod\u00f3w wysokiego poziomu, w kt\u00f3rych mo\u017cna wygra\u0107 sk\u00f3rki o warto\u015bci tysi\u0119cy dolar\u00f3w. <\/p>\n\n\n\n<p>Mo\u017cesz sprawdzi\u0107 tutaj na CSGORadar lub alternatywnie na stronie promocji na stronie CSGO500. <\/p>\n\n\n\n<h2 class=\"wp-block-heading\"><span class=\"ez-toc-section\" id=\"Kody_Polecajace_CSGO500_%E2%80%93_CSGORadar_PL\"><\/span>Kody Polecaj\u0105ce CSGO500 &#8211; CSGORadar PL<span class=\"ez-toc-section-end\"><\/span><\/h2>\n\n\n\n<p>Wi\u0119kszo\u015b\u0107 witryn hazardowych CSGO oferuje jak\u0105\u015b form\u0119 kodu polecaj\u0105cego, kodu bonusowego lub oferty promocyjnej w formie \u201ekredytu\u201d na stawianie zak\u0142ad\u00f3w na stronie. Rejestruj\u0105c si\u0119 jako nowy klient, cz\u0119sto b\u0119dziesz musia\u0142 dokona\u0107 wp\u0142aty, aby si\u0119 zakwalifikowa\u0107, jednak witryny takie jak <a href=\"https:\/\/cs2surge.com\/csgolive-promo-code\/\">CSGOLive<\/a> nie wymagaj\u0105 tego.<\/p>\n\n\n\n<p>Darmowe promocje s\u0105 cz\u0119sto najpopularniejsz\u0105 form\u0105 promocji i s\u0105 natychmiast przelewane na Twoje konto w wirtualnej walucie po warto\u015bci sk\u00f3rki znalezionej w darmowych ofertach. <\/p>\n\n\n\n<h2 class=\"wp-block-heading\"><span class=\"ez-toc-section\" id=\"Jak_korzystac_z_kodu_polecajacego_CSGO500\"><\/span>Jak korzysta\u0107 z kodu polecaj\u0105cego CSGO500?<span class=\"ez-toc-section-end\"><\/span><\/h2>\n\n\n<div class=\"wp-block-image\">\n<figure class=\"aligncenter size-large is-resized\"><img loading=\"lazy\" decoding=\"async\" width=\"1024\" height=\"576\" src=\"https:\/\/cs2surge.com\/wp-content\/uploads\/2021\/06\/csgo500-referral-codes-and-promos-1024x576.jpeg\" alt=\"\" class=\"wp-image-539\" style=\"width:1008px;height:567px\" srcset=\"https:\/\/cs2surge.com\/wp-content\/uploads\/2021\/06\/csgo500-referral-codes-and-promos-1024x576.jpeg 1024w, https:\/\/cs2surge.com\/wp-content\/uploads\/2021\/06\/csgo500-referral-codes-and-promos-300x169.jpeg 300w, https:\/\/cs2surge.com\/wp-content\/uploads\/2021\/06\/csgo500-referral-codes-and-promos-768x432.jpeg 768w, https:\/\/cs2surge.com\/wp-content\/uploads\/2021\/06\/csgo500-referral-codes-and-promos-1200x675.jpeg 1200w, https:\/\/cs2surge.com\/wp-content\/uploads\/2021\/06\/csgo500-referral-codes-and-promos.jpeg 1280w\" sizes=\"auto, (max-width: 1024px) 100vw, 1024px\" \/><\/figure>\n<\/div>\n\n\n<p>Poni\u017cej znajdziesz proste zadanie aktywacji kodu polecaj\u0105cego na CSGO500 i jego alternatywnych kod\u00f3w. Mo\u017cesz sprawdzi\u0107, czy mo\u017cna skorzysta\u0107 z promocji CSGO500 <\/p>\n\n\n\n<ul class=\"wp-block-list\">\n<li>Uda\u0142em si\u0119 do CSGO500, zalogowa\u0142em si\u0119 przy u\u017cyciu nazwy u\u017cytkownika, adresu e-mail i dalszych szczeg\u00f3\u0142\u00f3w, a nast\u0119pnie uda\u0142em si\u0119 do \u201eNagr\u00f3d\u201d<\/li>\n\n\n\n<li>Zdecydowali\u015bmy si\u0119 u\u017cy\u0107 kodu \u201eCR30\u201d z powy\u017cszej listy i klikn\u0119li\u015bmy kopiuj, a nast\u0119pnie wklejali\u015bmy w sekcji promocji na CSGO500<\/li>\n\n\n\n<li>To podsumowa\u0142o ca\u0142kowit\u0105 rejestracj\u0119 i aktywacj\u0119 kodu polecaj\u0105cego, kt\u00f3ry z \u0142atwo\u015bci\u0105 pozwoli\u0142 mi nast\u0119pnie dokonywa\u0107 depozyt\u00f3w, stawia\u0107 zak\u0142ady i ogl\u0105da\u0107 mecze na \u017cywo.<\/li>\n<\/ul>\n\n\n\n<p>Je\u015bli potrzebujesz dalszej pomocy z kodami bonusowymi lub jak\u0105kolwiek form\u0105 rejestracji, mo\u017cesz uda\u0107 si\u0119 do ich pomocy na \u017cywo lub skontaktowa\u0107 si\u0119 z ich adresem e-mail obs\u0142ugi klienta. <\/p>\n\n\n\n<h2 class=\"wp-block-heading\"><span class=\"ez-toc-section\" id=\"Promocje_CSGO500\"><\/span>Promocje CSGO500<span class=\"ez-toc-section-end\"><\/span><\/h2>\n\n\n\n<p>CSGO500 generalnie nie oferuje du\u017cej listy promocji, aby uzyska\u0107 darmow\u0105 got\u00f3wk\u0119, ale z jednej, kt\u00f3r\u0105 oferuj\u0105, mo\u017cna skorzysta\u0107 wiele razy, a dok\u0142adniej co 24 godziny. Jednak CSGO500 cz\u0119sto anga\u017cuje si\u0119 w <a href=\"https:\/\/cs2surge.com\/csgo-christmas-promotions\/\">sezonowe promocje \u015bwi\u0105teczne<\/a> , kt\u00f3re om\u00f3wili\u015bmy, na przyk\u0142ad ich rozdanie w wysoko\u015bci 100 000 $ na Bo\u017ce Narodzenie w\u015br\u00f3d innych promocji.<\/p>\n\n\n\n<p>Gdy w CSGO500 dost\u0119pnych jest wiele promocji, mo\u017cesz zajrze\u0107 tutaj, a my poinformujemy Ci\u0119 o tym. <\/p>\n\n\n\n<h2 class=\"wp-block-heading\"><span class=\"ez-toc-section\" id=\"Promocje_dla_obecnych_klientow_w_CSGO500\"><\/span>Promocje dla obecnych klient\u00f3w w CSGO500<span class=\"ez-toc-section-end\"><\/span><\/h2>\n\n\n\n<p>Obecni klienci mog\u0105 r\u00f3wnie\u017c skorzysta\u0107 z kodu bonusowego wymienionego powy\u017cej i otrzyma\u0107 z niego dok\u0142adnie te same nagrody. Pami\u0119taj, aby regularnie sprawdza\u0107 CSGO500, a tak\u017ce na naszej stronie, aby uzyska\u0107 aktualizacje dotycz\u0105ce promocji opartych na lojalno\u015bci. <\/p>\n\n\n\n<h2 class=\"wp-block-heading\"><span class=\"ez-toc-section\" id=\"Alternatywy_kodu_CSGO500\"><\/span>Alternatywy kodu CSGO500<span class=\"ez-toc-section-end\"><\/span><\/h2>\n\n\n\n<p>Poniewa\u017c wiele witryn hazardowych CSGO oferuje obecnie wiele kod\u00f3w, znajdziesz r\u00f3\u017cne alternatywy, kt\u00f3rych mo\u017cesz u\u017cy\u0107 w dowolnej z poni\u017cszych alternatyw dla CSGO500. <\/p>\n\n\n\n<p>Zar\u00f3wno r\u00f3\u017cnorodno\u015b\u0107 gier, jak i wyb\u00f3r kodu mog\u0105 odegra\u0107 ogromn\u0105 rol\u0119, je\u015bli polecimy Ci witryn\u0119 hazardow\u0105 CSGO, a CSGO500 mo\u017ce poprawi\u0107 kilka czynnik\u00f3w. Zalecamy sprawdzenie kodu FarmSkins, a tak\u017ce por\u00f3wnanie go z CSGOLive, Daddy Skins, <a href=\"https:\/\/cs2surge.com\/skinhub-promo-code\/\" data-type=\"page\" data-id=\"1137\">SkinHub<\/a> , a tak\u017ce popularnymi DuelBits, kt\u00f3ry oferuje r\u00f3wnie\u017c wiele funkcji hazardowych CSGO. <\/p>\n\n\n\n<h2 class=\"wp-block-heading\"><span class=\"ez-toc-section\" id=\"Czesto_zadawane_pytania_dotyczace_kodu_polecajacego_CSGO500\"><\/span>Cz\u0119sto zadawane pytania dotycz\u0105ce kodu polecaj\u0105cego CSGO500<span class=\"ez-toc-section-end\"><\/span><\/h2>\n\n\n<div id=\"rank-math-faq\" class=\"rank-math-block\">\n<div class=\"rank-math-list \">\n<div id=\"faq-question-1651141458154\" class=\"rank-math-list-item\">\n<h3 class=\"rank-math-question \">Jaki jest kod polecaj\u0105cy dla CSGO500?<\/h3>\n<div class=\"rank-math-answer \">\n\n<p>Jako jedna z najbardziej legalnych witryn hazardowych CSGO, mo\u017cesz \u0142atwo odebra\u0107 kod polecaj\u0105cy CSGO500, po prostu kopiuj\u0105c i wklejaj\u0105c kod \u201eCR30\u201d w polu kodu bonusowego na CSG0500.com. Dzi\u0119ki temu mo\u017cesz otrzyma\u0107 mn\u00f3stwo sk\u00f3rek za darmo.<\/p>\n\n<\/div>\n<\/div>\n<div id=\"faq-question-1651141463461\" class=\"rank-math-list-item\">\n<h3 class=\"rank-math-question \"><em>Czy kod polecaj\u0105cy CSGO500 jest zgodny z prawem?<\/em><\/h3>\n<div class=\"rank-math-answer \">\n\n<p>Promocje oferowane przez CSGO500 s\u0105 ca\u0142kowicie legalne i mog\u0105 by\u0107 u\u017cywane co 24 godziny i mog\u0105 z \u0142atwo\u015bci\u0105 przynie\u015b\u0107 korzy\u015bci graczom.<\/p>\n\n<\/div>\n<\/div>\n<div id=\"faq-question-1651141464212\" class=\"rank-math-list-item\">\n<h3 class=\"rank-math-question \"><em>W jakich krajach zezwala CSGO500<\/em> ?<\/h3>\n<div class=\"rank-math-answer \">\n\n<p>CSGO500 generalnie blokuje u\u017cytkownik\u00f3w pochodz\u0105cych z kraj\u00f3w takich jak USA, Wielka Brytania i Kanada, ale wydaje si\u0119, \u017ce ostatnio si\u0119 to zatrzyma\u0142o.<\/p>\n\n<\/div>\n<\/div>\n<\/div>\n<\/div>","protected":false},"excerpt":{"rendered":"<p>Nowi klienci mog\u0105 znale\u017a\u0107 wyb\u00f3r kod\u00f3w, kt\u00f3re s\u0105 obecnie dost\u0119pne w wi\u0119kszo\u015bci kraj\u00f3w. W tej chwili tylko &#8217; CR30 &#8217; b\u0119dzie dzia\u0142a\u0107 w ich g\u0142\u00f3wnych grach platformowych, takich jak CSGO coinflip , a nawet ruletka. Oto lista przedmiot\u00f3w, kt\u00f3re mo\u017cesz zdoby\u0107, zatrzyma\u0107 lub sprzeda\u0107 bezpo\u015brednio za wirtualne monety: Pami\u0119taj, \u017ce nie ma nic do stracenia &#8230; <a title=\"Kody polecaj\u0105ce CSGO500\" class=\"read-more\" href=\"https:\/\/cs2surge.com\/pl\/kody-polecajace-csgo500\/\" aria-label=\"Dowiedz si\u0119 wi\u0119cej o Kody polecaj\u0105ce CSGO500\">Dowiedz si\u0119 wi\u0119cej<\/a><\/p>\n","protected":false},"author":36,"featured_media":5094,"parent":0,"menu_order":0,"comment_status":"closed","ping_status":"closed","template":"","meta":{"inline_featured_image":false,"two_page_speed":[],"footnotes":""},"categories":[60],"tags":[],"class_list":{"0":"post-7090","1":"page","2":"type-page","3":"status-publish","4":"has-post-thumbnail","6":"category-kody-csgo"},"acf":[],"_links":{"self":[{"href":"https:\/\/cs2surge.com\/pl\/wp-json\/wp\/v2\/pages\/7090","targetHints":{"allow":["GET"]}}],"collection":[{"href":"https:\/\/cs2surge.com\/pl\/wp-json\/wp\/v2\/pages"}],"about":[{"href":"https:\/\/cs2surge.com\/pl\/wp-json\/wp\/v2\/types\/page"}],"author":[{"embeddable":true,"href":"https:\/\/cs2surge.com\/pl\/wp-json\/wp\/v2\/users\/36"}],"replies":[{"embeddable":true,"href":"https:\/\/cs2surge.com\/pl\/wp-json\/wp\/v2\/comments?post=7090"}],"version-history":[{"count":13,"href":"https:\/\/cs2surge.com\/pl\/wp-json\/wp\/v2\/pages\/7090\/revisions"}],"predecessor-version":[{"id":25779,"href":"https:\/\/cs2surge.com\/pl\/wp-json\/wp\/v2\/pages\/7090\/revisions\/25779"}],"wp:featuredmedia":[{"embeddable":true,"href":"https:\/\/cs2surge.com\/pl\/wp-json\/wp\/v2\/media\/5094"}],"wp:attachment":[{"href":"https:\/\/cs2surge.com\/pl\/wp-json\/wp\/v2\/media?parent=7090"}],"wp:term":[{"taxonomy":"category","embeddable":true,"href":"https:\/\/cs2surge.com\/pl\/wp-json\/wp\/v2\/categories?post=7090"},{"taxonomy":"post_tag","embeddable":true,"href":"https:\/\/cs2surge.com\/pl\/wp-json\/wp\/v2\/tags?post=7090"}],"curies":[{"name":"wp","href":"https:\/\/api.w.org\/{rel}","templated":true}]}}