{"id":7103,"date":"2021-06-27T11:35:31","date_gmt":"2021-06-27T11:35:31","guid":{"rendered":"https:\/\/csgoradar.com\/kod-polecajacy-wtfskins\/"},"modified":"2023-10-18T17:27:28","modified_gmt":"2023-10-18T17:27:28","slug":"kod-polecajacy-wtfskins","status":"publish","type":"page","link":"https:\/\/cs2surge.com\/pl\/kod-polecajacy-wtfskins\/","title":{"rendered":"Kod polecaj\u0105cy WTFSkins"},"content":{"rendered":"\n<p>Obecnie WTFSkins oferuje szereg promocji i ofert dla nowych klient\u00f3w, kt\u00f3rzy mog\u0105 u\u017cy\u0107 <strong>kodu bonusowego \u201eRADAR30\u201d<\/strong> , aby w pe\u0142ni uzyska\u0107 dost\u0119p do szeregu wspania\u0142ych korzy\u015bci dla nowych klient\u00f3w. <\/p>\n\n\n\n<p>Je\u015bli masz jakiekolwiek problemy z odebraniem kodu WTFSkins, mo\u017cesz \u0142atwo skontaktowa\u0107 si\u0119 z Czatem na \u017cywo, kt\u00f3ry mo\u017ce Ci pom\u00f3c w dalszej cz\u0119\u015bci kodu promocyjnego. <\/p>\n\n\n\n<p>Podsumowuj\u0105c, powiedzieliby\u015bmy, \u017ce je\u015bli lubisz gra\u0107 na tych platformach hazardowych CSGO, a zw\u0142aszcza na stronach z automatami CSGO , warto sprawdzi\u0107 WTFSkins online i skorzysta\u0107 z kodu promocyjnego, kt\u00f3ry wymienili\u015bmy, a tak\u017ce z bie\u017c\u0105cych promocji skrzynek dla obecnych klient\u00f3w. Jako jedna z najlepszych platform hazardowych CSGO, spodziewasz si\u0119, \u017ce b\u0119dziesz w stanie zdoby\u0107 \u015bwietn\u0105 ofert\u0119 powitaln\u0105, wi\u0119c sprawd\u017a je! <\/p>\n\n\n\n<h2 class=\"wp-block-heading\"><span class=\"ez-toc-section\" id=\"Trwajace_promocje_na_bezplatne_skrzynki\"><\/span>Trwaj\u0105ce promocje na bezp\u0142atne skrzynki<span class=\"ez-toc-section-end\"><\/span><\/h2>\n\n\n\n<p>WTFSkins sta\u0142y si\u0119 niezwykle popularne dzi\u0119ki fantastycznym trwaj\u0105cym promocjom i ofertom wy\u0142\u0105cznie dla obecnych klient\u00f3w. Niekt\u00f3re trwaj\u0105ce promocje, takie jak gry z jackpotami o warto\u015bci ponad 5000 $ i interaktywne gry z zak\u0142adami meczowymi. <\/p>\n\n\n\n<p>Mo\u017cesz \u0142atwo uda\u0107 si\u0119 na stron\u0119 WTFSkins na Twitterze, kt\u00f3ra zawiera wiele opcji prezent\u00f3w rzadkich sk\u00f3rek, a tak\u017ce kod\u00f3w do wykorzystania w darmowych skrzynkach lub wirtualnych monetach. <\/p>\n\n\n\n<p>Codzienne, cotygodniowe i comiesi\u0119czne promocje darmowych skrzynek s\u0105 powszechne na WTFSkins i zdecydowanie maj\u0105 opcj\u0119 dalszego rozszerzenia wykorzystania kod\u00f3w polecaj\u0105cych. <\/p>\n\n\n\n<h2 class=\"wp-block-heading\"><span class=\"ez-toc-section\" id=\"Kod_Polecajacy_WTFSkins_%E2%80%93_CSGORadar_PL\"><\/span>Kod Polecaj\u0105cy WTFSkins &#8211; CSGORadar PL<span class=\"ez-toc-section-end\"><\/span><\/h2>\n\n\n\n<p>WTFSkins zdecydowanie uznaje lojalnych i oddanych graczy nagrodami i prezentami dla swoich sta\u0142ych klient\u00f3w, gdy spojrzymy na nasz\u0105 <a href=\"https:\/\/cs2surge.com\/csgo-raffle-sites\/\" data-type=\"page\" data-id=\"248\">list\u0119 witryn z loteri\u0105 CSGO<\/a> , stwierdzili\u015bmy, \u017ce WTFSkins jest najlepszym dostawc\u0105 zar\u00f3wno bezp\u0142atnych loterii, jak i prezent\u00f3w. Od fantastycznych rzadkich prezent\u00f3w czerwonych AK47 po ekskluzywne kody dla niekt\u00f3rych lojalnych graczy. <\/p>\n\n\n\n<p>Ich sekcja \u201eWTF Legends\u201d nagradza 50 najlepszych graczy, kt\u00f3rzy grali w dzienne, tygodniowe i miesi\u0119czne nagrody w wysoko\u015bci do 2000 $, a pierwsze miejsce zdoby\u0142o AWP Dragon Lore (FN)<\/p>\n\n\n\n<p>WTFSkins s\u0105 g\u0142\u0119boko znane ze swoich fantastycznych nagr\u00f3d i prezent\u00f3w dla graczy, aby rozszerzy\u0107 dalsz\u0105 rozgrywk\u0119 o gry takie jak crash, ruletka, a nawet jackpot. <\/p>\n\n\n\n<h2 class=\"wp-block-heading\"><span class=\"ez-toc-section\" id=\"Wiecej_kodow_polecajacych_WTFSkins\"><\/span>Wi\u0119cej kod\u00f3w polecaj\u0105cych WTFSkins<span class=\"ez-toc-section-end\"><\/span><\/h2>\n\n\n\n<p>W tej chwili WTFSkins zawiera tylko \u201eoficjalny\u201d kod promocyjny dla nowych klient\u00f3w, a tak\u017ce zapewnia sta\u0142e zach\u0119ty dla lojalnych i oddanych graczy. <\/p>\n\n\n\n<p>Ale w rzeczywisto\u015bci, je\u015bli WTFSkins wyda jakiekolwiek nowe kody polecaj\u0105ce, wymienimy je poni\u017cej:<\/p>\n\n\n\n<ul class=\"wp-block-list\"><li>TOPCSGO1<\/li><li>CSGOWTF<\/li><\/ul>\n\n\n\n<p>Nie zapomnij, \u017ce nowi gracze mog\u0105 u\u017cy\u0107 <strong>kodu bonusowego \u201eRADAR30\u201d<\/strong> , aby otrzyma\u0107 nawet 1000 DARMOWYCH monet! <\/p>\n\n\n\n<h2 class=\"wp-block-heading\"><span class=\"ez-toc-section\" id=\"Wprowadzanie_kodu_polecajacego_WTFSkins\"><\/span>Wprowadzanie kodu polecaj\u0105cego WTFSkins<span class=\"ez-toc-section-end\"><\/span><\/h2>\n\n\n\n<p>Podobnie jak wi\u0119kszo\u015b\u0107 witryn hazardowych CSGO, kt\u00f3re wymieniamy, rejestracja w WTFSkins i skorzystanie z podanego przez nas kodu bonusowego jest niezwykle \u0142atwym zadaniem do wykonania. <\/p>\n\n\n\n<p>Proces rejestracji jest prosty i b\u0119dziesz gotowy w mgnieniu oka. Wszystko, co musisz zrobi\u0107, to klikn\u0105\u0107 opcj\u0119 \u201eZaloguj si\u0119 przez STEAM\u201d, dzi\u0119ki kt\u00f3rej b\u0119dziesz m\u00f3g\u0142 \u0142atwo po\u0142\u0105czy\u0107 swoje konto Steam. R\u00f3\u017cne inne szczeg\u00f3\u0142y musz\u0105 zosta\u0107 wprowadzone przed uruchomieniem. <\/p>\n\n\n\n<p>Mo\u017cesz to u\u0142atwi\u0107, klikaj\u0105c powy\u017cszy link do WTFSkins, kt\u00f3ry automatycznie umieszcza kod na Twoim koncie! <\/p>\n\n\n\n<h2 class=\"wp-block-heading\"><span class=\"ez-toc-section\" id=\"Czesto_zadawane_pytania\"><\/span>Cz\u0119sto zadawane pytania<span class=\"ez-toc-section-end\"><\/span><\/h2>\n\n\n<div id=\"rank-math-faq\" class=\"rank-math-block\">\n<div class=\"rank-math-list \">\n<div id=\"faq-question-1650898211117\" class=\"rank-math-list-item\">\n<h3 class=\"rank-math-question \">Czy istnieje kod polecaj\u0105cy WTFSkins?<\/h3>\n<div class=\"rank-math-answer \">\n\n<p><em>Tak! wystarczy wpisa\u0107 kod promocyjny \u201eRADAR30\u201d na stronie WTFSkins, kt\u00f3ry zostanie aktywowany po zarejestrowaniu konta po raz pierwszy. Mo\u017cesz \u0142atwo skorzysta\u0107 z naszego linku na tej stronie, aby \u0142atwo upewni\u0107 si\u0119, \u017ce kod zosta\u0142 wprowadzony poprawnie.<\/em><\/p>\n\n<\/div>\n<\/div>\n<div id=\"faq-question-1650898218152\" class=\"rank-math-list-item\">\n<h3 class=\"rank-math-question \">Co to jest oferta powitalna WTFSkins?<\/h3>\n<div class=\"rank-math-answer \">\n\n<p>Jak ju\u017c powiedzieli\u015bmy, aktualna oferta powitalna WTFSkins pozwala zdoby\u0107 sk\u00f3rki o warto\u015bci do 1000 $ i \u0142atwo skorzysta\u0107 z trwaj\u0105cych promocji po do\u0142\u0105czeniu i rozpocz\u0119ciu gry, a tak\u017ce fantastycznych prezent\u00f3w na Twitterze.<\/p>\n\n<\/div>\n<\/div>\n<div id=\"faq-question-1650898219081\" class=\"rank-math-list-item\">\n<h3 class=\"rank-math-question \">Kto mo\u017ce odebra\u0107 kod polecaj\u0105cy WTFSkins?<\/h3>\n<div class=\"rank-math-answer \">\n\n<p>Wszyscy nowi klienci mog\u0105 ubiega\u0107 si\u0119 o pocz\u0105tkowy kod polecaj\u0105cy, kt\u00f3ry mo\u017ce z \u0142atwo\u015bci\u0105 poprawi\u0107 rozgrywk\u0119 w WTFSkins w grach takich jak ruletka, a nawet jackpot, kt\u00f3re mo\u017cesz sprawdzi\u0107 na naszej li\u015bcie polecanych witryn z jackpotami CSGO , kt\u00f3re pomog\u0105 Ci zacz\u0105\u0107 od nich.<\/p>\n\n<\/div>\n<\/div>\n<div id=\"faq-question-1650898219915\" class=\"rank-math-list-item\">\n<h3 class=\"rank-math-question \"><strong>Jakie metody wp\u0142at oferuje WTFSkins?<\/strong><\/h3>\n<div class=\"rank-math-answer \">\n\n<p>WTFSkins maj\u0105 przyzwoit\u0105 ilo\u015b\u0107 popularnych opcji dla zainteresowanych. Posiadaj\u0105 g\u0142\u00f3wnie sk\u00f3rki jako metody p\u0142atno\u015bci, kt\u00f3re nie s\u0105 tak dobre, jak niekt\u00f3re platformy, takie jak CSGO500 itp.<\/p>\n\n<\/div>\n<\/div>\n<\/div>\n<\/div>","protected":false},"excerpt":{"rendered":"<p>Obecnie WTFSkins oferuje szereg promocji i ofert dla nowych klient\u00f3w, kt\u00f3rzy mog\u0105 u\u017cy\u0107 kodu bonusowego \u201eRADAR30\u201d , aby w pe\u0142ni uzyska\u0107 dost\u0119p do szeregu wspania\u0142ych korzy\u015bci dla nowych klient\u00f3w. Je\u015bli masz jakiekolwiek problemy z odebraniem kodu WTFSkins, mo\u017cesz \u0142atwo skontaktowa\u0107 si\u0119 z Czatem na \u017cywo, kt\u00f3ry mo\u017ce Ci pom\u00f3c w dalszej cz\u0119\u015bci kodu promocyjnego. Podsumowuj\u0105c, &#8230; <a title=\"Kod polecaj\u0105cy WTFSkins\" class=\"read-more\" href=\"https:\/\/cs2surge.com\/pl\/kod-polecajacy-wtfskins\/\" aria-label=\"Dowiedz si\u0119 wi\u0119cej o Kod polecaj\u0105cy WTFSkins\">Dowiedz si\u0119 wi\u0119cej<\/a><\/p>\n","protected":false},"author":36,"featured_media":4332,"parent":0,"menu_order":0,"comment_status":"closed","ping_status":"closed","template":"","meta":{"inline_featured_image":false,"two_page_speed":[],"footnotes":""},"categories":[60],"tags":[],"class_list":{"0":"post-7103","1":"page","2":"type-page","3":"status-publish","4":"has-post-thumbnail","6":"category-kody-csgo"},"acf":[],"_links":{"self":[{"href":"https:\/\/cs2surge.com\/pl\/wp-json\/wp\/v2\/pages\/7103","targetHints":{"allow":["GET"]}}],"collection":[{"href":"https:\/\/cs2surge.com\/pl\/wp-json\/wp\/v2\/pages"}],"about":[{"href":"https:\/\/cs2surge.com\/pl\/wp-json\/wp\/v2\/types\/page"}],"author":[{"embeddable":true,"href":"https:\/\/cs2surge.com\/pl\/wp-json\/wp\/v2\/users\/36"}],"replies":[{"embeddable":true,"href":"https:\/\/cs2surge.com\/pl\/wp-json\/wp\/v2\/comments?post=7103"}],"version-history":[{"count":8,"href":"https:\/\/cs2surge.com\/pl\/wp-json\/wp\/v2\/pages\/7103\/revisions"}],"predecessor-version":[{"id":24047,"href":"https:\/\/cs2surge.com\/pl\/wp-json\/wp\/v2\/pages\/7103\/revisions\/24047"}],"wp:featuredmedia":[{"embeddable":true,"href":"https:\/\/cs2surge.com\/pl\/wp-json\/wp\/v2\/media\/4332"}],"wp:attachment":[{"href":"https:\/\/cs2surge.com\/pl\/wp-json\/wp\/v2\/media?parent=7103"}],"wp:term":[{"taxonomy":"category","embeddable":true,"href":"https:\/\/cs2surge.com\/pl\/wp-json\/wp\/v2\/categories?post=7103"},{"taxonomy":"post_tag","embeddable":true,"href":"https:\/\/cs2surge.com\/pl\/wp-json\/wp\/v2\/tags?post=7103"}],"curies":[{"name":"wp","href":"https:\/\/api.w.org\/{rel}","templated":true}]}}